{"id":1283,"date":"2023-10-10T12:28:26","date_gmt":"2023-10-10T10:28:26","guid":{"rendered":"https:\/\/europeum-hotel.ms2.decms.eu\/pokoje\/dwuosobowy-classic\/"},"modified":"2024-09-04T13:50:31","modified_gmt":"2024-09-04T11:50:31","slug":"dvouluzkovy-pokoj-classic","status":"publish","type":"page","link":"https:\/\/europeum.pl\/cs\/pokoje\/dvouluzkovy-pokoj-classic\/","title":{"rendered":"Dvoul\u016f\u017ekov\u00fd Pokoj Classic"},"content":{"rendered":"<p>Tento pohodln\u00fd a z\u00e1rove\u0148 elegantn\u00ed pokoj poskytne p\u0159\u00edjemn\u00fd pobyt pro jednu nebo dv\u011b osoby. V\u00e1\u0161 pokoj je vybaven zvukot\u011bsn\u00fdmi okny, kter\u00e1 se nedaj\u00ed otev\u0159\u00edt.<\/p>\n<p>Sametov\u00e9 povle\u010den\u00ed a pol\u0161t\u00e1\u0159e, stejn\u011b jako v\u0161udyp\u0159\u00edtomn\u00e1 um\u011bleck\u00e1 d\u00edla, vytv\u00e1\u0159ej\u00ed okouzluj\u00edc\u00ed a intimn\u00ed prost\u0159ed\u00ed. Vychutnejte si v\u00fdhled z oken na historick\u00e9 pam\u00e1tky Star\u00e9ho M\u011bsta nebo na klidn\u00fd dv\u016fr.<br \/>\nSoust\u0159e\u010fte se na pr\u00e1ci ve vyhrazen\u00e9m prostoru a vyu\u017eijte bezdr\u00e1tov\u00e9 vysokorychlostn\u00ed p\u0159ipojen\u00ed k internetu. Po dlouh\u00e9m dni si m\u016f\u017eete odpo\u010dinout u televize s p\u0159\u00edstupem k \u0159ad\u011b kan\u00e1l\u016f, uva\u0159it si k\u00e1vu nebo \u010daj a c\u00edtit se jako doma.<\/p>\n","protected":false},"excerpt":{"rendered":"<p>Tento pohodln\u00fd a z\u00e1rove\u0148 elegantn\u00ed pokoj poskytne p\u0159\u00edjemn\u00fd pobyt pro jednu nebo dv\u011b osoby. V\u00e1\u0161 pokoj je vybaven zvukot\u011bsn\u00fdmi okny, kter\u00e1 se nedaj\u00ed otev\u0159\u00edt. Sametov\u00e9 povle\u010den\u00ed a pol\u0161t\u00e1\u0159e, stejn\u011b jako v\u0161udyp\u0159\u00edtomn\u00e1 um\u011bleck\u00e1 d\u00edla, vytv\u00e1\u0159ej\u00ed okouzluj\u00edc\u00ed a intimn\u00ed prost\u0159ed\u00ed. Vychutnejte si v\u00fdhled z oken na historick\u00e9 pam\u00e1tky Star\u00e9ho M\u011bsta nebo na klidn\u00fd dv\u016fr. Soust\u0159e\u010fte se na [&hellip;]<\/p>\n","protected":false},"author":12,"featured_media":0,"parent":1281,"menu_order":12,"comment_status":"closed","ping_status":"closed","template":"template-single-room.php","meta":{"footnotes":""},"yoast_head":"<!-- This site is optimized with the Yoast SEO plugin v22.3 - https:\/\/yoast.com\/wordpress\/plugins\/seo\/ -->\n<title>Dvoul\u016f\u017ekov\u00fd Pokoj Classic &#8211; Europeum Hotel<\/title>\n<meta name=\"description\" content=\"Tento pohodln\u00fd a z\u00e1rove\u0148 elegantn\u00ed pokoj poskytne p\u0159\u00edjemn\u00fd pobyt pro jednu nebo dv\u011b osoby. V\u00e1\u0161 pokoj je vybaven zvukot\u011bsn\u00fdmi okny, kter\u00e1 se nedaj\u00ed otev\u0159\u00edt.  Sametov\u00e9 povle\u010den\u00ed a pol\u0161t\u00e1\u0159e, stejn\u011b jako v\u0161udyp\u0159\u00edtomn\u00e1 um\u011bleck\u00e1 d\u00edla, vytv\u00e1\u0159ej\u00ed okouzluj\u00edc\u00ed a intimn\u00ed prost\u0159ed\u00ed\" \/>\n<meta name=\"robots\" content=\"index, follow, max-snippet:-1, max-image-preview:large, max-video-preview:-1\" \/>\n<link rel=\"canonical\" href=\"https:\/\/europeum.pl\/cs\/pokoje\/dvouluzkovy-pokoj-classic\/\" \/>\n<meta property=\"og:locale\" content=\"cs_CZ\" \/>\n<meta property=\"og:type\" content=\"article\" \/>\n<meta property=\"og:title\" content=\"Dvoul\u016f\u017ekov\u00fd Pokoj Classic &#8211; Europeum Hotel\" \/>\n<meta property=\"og:description\" content=\"Tento pohodln\u00fd a z\u00e1rove\u0148 elegantn\u00ed pokoj poskytne p\u0159\u00edjemn\u00fd pobyt pro jednu nebo dv\u011b osoby. V\u00e1\u0161 pokoj je vybaven zvukot\u011bsn\u00fdmi okny, kter\u00e1 se nedaj\u00ed otev\u0159\u00edt.  Sametov\u00e9 povle\u010den\u00ed a pol\u0161t\u00e1\u0159e, stejn\u011b jako v\u0161udyp\u0159\u00edtomn\u00e1 um\u011bleck\u00e1 d\u00edla, vytv\u00e1\u0159ej\u00ed okouzluj\u00edc\u00ed a intimn\u00ed prost\u0159ed\u00ed\" \/>\n<meta property=\"og:url\" content=\"https:\/\/europeum.pl\/cs\/pokoje\/dvouluzkovy-pokoj-classic\/\" \/>\n<meta property=\"og:site_name\" content=\"Europeum Hotel\" \/>\n<meta property=\"article:publisher\" content=\"https:\/\/www.facebook.com\/europeum\" \/>\n<meta property=\"article:modified_time\" content=\"2024-09-04T11:50:31+00:00\" \/>\n<meta property=\"og:image\" content=\"https:\/\/europeum.pl\/wp-content\/uploads\/sites\/68\/2024\/06\/5.jpg\" \/>\n\t<meta property=\"og:image:width\" content=\"1920\" \/>\n\t<meta property=\"og:image:height\" content=\"1080\" \/>\n\t<meta property=\"og:image:type\" content=\"image\/jpeg\" \/>\n<meta name=\"twitter:card\" content=\"summary_large_image\" \/>\n<meta name=\"twitter:label1\" content=\"Odhadovan\u00e1 doba \u010dten\u00ed\" \/>\n\t<meta name=\"twitter:data1\" content=\"1 minuta\" \/>\n<script type=\"application\/ld+json\" class=\"yoast-schema-graph\">{\"@context\":\"https:\/\/schema.org\",\"@graph\":[{\"@type\":\"WebPage\",\"@id\":\"https:\/\/europeum.pl\/cs\/pokoje\/dvouluzkovy-pokoj-classic\/\",\"url\":\"https:\/\/europeum.pl\/cs\/pokoje\/dvouluzkovy-pokoj-classic\/\",\"name\":\"Dvoul\u016f\u017ekov\u00fd Pokoj Classic &#8211; Europeum Hotel\",\"isPartOf\":{\"@id\":\"https:\/\/europeum.pl\/cs\/#website\"},\"datePublished\":\"2023-10-10T10:28:26+00:00\",\"dateModified\":\"2024-09-04T11:50:31+00:00\",\"description\":\"Tento pohodln\u00fd a z\u00e1rove\u0148 elegantn\u00ed pokoj poskytne p\u0159\u00edjemn\u00fd pobyt pro jednu nebo dv\u011b osoby. V\u00e1\u0161 pokoj je vybaven zvukot\u011bsn\u00fdmi okny, kter\u00e1 se nedaj\u00ed otev\u0159\u00edt. Sametov\u00e9 povle\u010den\u00ed a pol\u0161t\u00e1\u0159e, stejn\u011b jako v\u0161udyp\u0159\u00edtomn\u00e1 um\u011bleck\u00e1 d\u00edla, vytv\u00e1\u0159ej\u00ed okouzluj\u00edc\u00ed a intimn\u00ed prost\u0159ed\u00ed\",\"breadcrumb\":{\"@id\":\"https:\/\/europeum.pl\/cs\/pokoje\/dvouluzkovy-pokoj-classic\/#breadcrumb\"},\"inLanguage\":\"cs\",\"potentialAction\":[{\"@type\":\"ReadAction\",\"target\":[\"https:\/\/europeum.pl\/cs\/pokoje\/dvouluzkovy-pokoj-classic\/\"]}]},{\"@type\":\"BreadcrumbList\",\"@id\":\"https:\/\/europeum.pl\/cs\/pokoje\/dvouluzkovy-pokoj-classic\/#breadcrumb\",\"itemListElement\":[{\"@type\":\"ListItem\",\"position\":1,\"name\":\"Home\",\"item\":\"https:\/\/europeum.pl\/cs\/\"},{\"@type\":\"ListItem\",\"position\":2,\"name\":\"Pokoje\",\"item\":\"https:\/\/europeum.pl\/cs\/pokoje\/\"},{\"@type\":\"ListItem\",\"position\":3,\"name\":\"Dvoul\u016f\u017ekov\u00fd Pokoj Classic\"}]},{\"@type\":\"WebSite\",\"@id\":\"https:\/\/europeum.pl\/cs\/#website\",\"url\":\"https:\/\/europeum.pl\/cs\/\",\"name\":\"Europeum Hotel\",\"description\":\"\",\"publisher\":{\"@id\":\"https:\/\/europeum.pl\/cs\/#organization\"},\"alternateName\":\"Europeum Hotel\",\"potentialAction\":[{\"@type\":\"SearchAction\",\"target\":{\"@type\":\"EntryPoint\",\"urlTemplate\":\"https:\/\/europeum.pl\/cs\/?s={search_term_string}\"},\"query-input\":\"required name=search_term_string\"}],\"inLanguage\":\"cs\"},{\"@type\":\"Organization\",\"@id\":\"https:\/\/europeum.pl\/cs\/#organization\",\"name\":\"Europeum Hotel\",\"alternateName\":\"Europeum Hotel\",\"url\":\"https:\/\/europeum.pl\/cs\/\",\"logo\":{\"@type\":\"ImageObject\",\"inLanguage\":\"cs\",\"@id\":\"https:\/\/europeum.pl\/cs\/#\/schema\/logo\/image\/\",\"url\":\"https:\/\/europeum.pl\/wp-content\/uploads\/sites\/68\/2023\/10\/logo_europeum_short_version_grey.png\",\"contentUrl\":\"https:\/\/europeum.pl\/wp-content\/uploads\/sites\/68\/2023\/10\/logo_europeum_short_version_grey.png\",\"width\":3508,\"height\":2480,\"caption\":\"Europeum Hotel\"},\"image\":{\"@id\":\"https:\/\/europeum.pl\/cs\/#\/schema\/logo\/image\/\"},\"sameAs\":[\"https:\/\/www.facebook.com\/europeum\",\"https:\/\/www.instagram.com\/europeumhotel\/\"]}]}<\/script>\n<!-- \/ Yoast SEO plugin. -->","yoast_head_json":{"title":"Dvoul\u016f\u017ekov\u00fd Pokoj Classic &#8211; Europeum Hotel","description":"Tento pohodln\u00fd a z\u00e1rove\u0148 elegantn\u00ed pokoj poskytne p\u0159\u00edjemn\u00fd pobyt pro jednu nebo dv\u011b osoby. V\u00e1\u0161 pokoj je vybaven zvukot\u011bsn\u00fdmi okny, kter\u00e1 se nedaj\u00ed otev\u0159\u00edt.  Sametov\u00e9 povle\u010den\u00ed a pol\u0161t\u00e1\u0159e, stejn\u011b jako v\u0161udyp\u0159\u00edtomn\u00e1 um\u011bleck\u00e1 d\u00edla, vytv\u00e1\u0159ej\u00ed okouzluj\u00edc\u00ed a intimn\u00ed prost\u0159ed\u00ed","robots":{"index":"index","follow":"follow","max-snippet":"max-snippet:-1","max-image-preview":"max-image-preview:large","max-video-preview":"max-video-preview:-1"},"canonical":"https:\/\/europeum.pl\/cs\/pokoje\/dvouluzkovy-pokoj-classic\/","og_locale":"cs_CZ","og_type":"article","og_title":"Dvoul\u016f\u017ekov\u00fd Pokoj Classic &#8211; Europeum Hotel","og_description":"Tento pohodln\u00fd a z\u00e1rove\u0148 elegantn\u00ed pokoj poskytne p\u0159\u00edjemn\u00fd pobyt pro jednu nebo dv\u011b osoby. V\u00e1\u0161 pokoj je vybaven zvukot\u011bsn\u00fdmi okny, kter\u00e1 se nedaj\u00ed otev\u0159\u00edt.  Sametov\u00e9 povle\u010den\u00ed a pol\u0161t\u00e1\u0159e, stejn\u011b jako v\u0161udyp\u0159\u00edtomn\u00e1 um\u011bleck\u00e1 d\u00edla, vytv\u00e1\u0159ej\u00ed okouzluj\u00edc\u00ed a intimn\u00ed prost\u0159ed\u00ed","og_url":"https:\/\/europeum.pl\/cs\/pokoje\/dvouluzkovy-pokoj-classic\/","og_site_name":"Europeum Hotel","article_publisher":"https:\/\/www.facebook.com\/europeum","article_modified_time":"2024-09-04T11:50:31+00:00","og_image":[{"width":1920,"height":1080,"url":"https:\/\/europeum.pl\/wp-content\/uploads\/sites\/68\/2024\/06\/5.jpg","type":"image\/jpeg"}],"twitter_card":"summary_large_image","twitter_misc":{"Odhadovan\u00e1 doba \u010dten\u00ed":"1 minuta"},"schema":{"@context":"https:\/\/schema.org","@graph":[{"@type":"WebPage","@id":"https:\/\/europeum.pl\/cs\/pokoje\/dvouluzkovy-pokoj-classic\/","url":"https:\/\/europeum.pl\/cs\/pokoje\/dvouluzkovy-pokoj-classic\/","name":"Dvoul\u016f\u017ekov\u00fd Pokoj Classic &#8211; Europeum Hotel","isPartOf":{"@id":"https:\/\/europeum.pl\/cs\/#website"},"datePublished":"2023-10-10T10:28:26+00:00","dateModified":"2024-09-04T11:50:31+00:00","description":"Tento pohodln\u00fd a z\u00e1rove\u0148 elegantn\u00ed pokoj poskytne p\u0159\u00edjemn\u00fd pobyt pro jednu nebo dv\u011b osoby. V\u00e1\u0161 pokoj je vybaven zvukot\u011bsn\u00fdmi okny, kter\u00e1 se nedaj\u00ed otev\u0159\u00edt. Sametov\u00e9 povle\u010den\u00ed a pol\u0161t\u00e1\u0159e, stejn\u011b jako v\u0161udyp\u0159\u00edtomn\u00e1 um\u011bleck\u00e1 d\u00edla, vytv\u00e1\u0159ej\u00ed okouzluj\u00edc\u00ed a intimn\u00ed prost\u0159ed\u00ed","breadcrumb":{"@id":"https:\/\/europeum.pl\/cs\/pokoje\/dvouluzkovy-pokoj-classic\/#breadcrumb"},"inLanguage":"cs","potentialAction":[{"@type":"ReadAction","target":["https:\/\/europeum.pl\/cs\/pokoje\/dvouluzkovy-pokoj-classic\/"]}]},{"@type":"BreadcrumbList","@id":"https:\/\/europeum.pl\/cs\/pokoje\/dvouluzkovy-pokoj-classic\/#breadcrumb","itemListElement":[{"@type":"ListItem","position":1,"name":"Home","item":"https:\/\/europeum.pl\/cs\/"},{"@type":"ListItem","position":2,"name":"Pokoje","item":"https:\/\/europeum.pl\/cs\/pokoje\/"},{"@type":"ListItem","position":3,"name":"Dvoul\u016f\u017ekov\u00fd Pokoj Classic"}]},{"@type":"WebSite","@id":"https:\/\/europeum.pl\/cs\/#website","url":"https:\/\/europeum.pl\/cs\/","name":"Europeum Hotel","description":"","publisher":{"@id":"https:\/\/europeum.pl\/cs\/#organization"},"alternateName":"Europeum Hotel","potentialAction":[{"@type":"SearchAction","target":{"@type":"EntryPoint","urlTemplate":"https:\/\/europeum.pl\/cs\/?s={search_term_string}"},"query-input":"required name=search_term_string"}],"inLanguage":"cs"},{"@type":"Organization","@id":"https:\/\/europeum.pl\/cs\/#organization","name":"Europeum Hotel","alternateName":"Europeum Hotel","url":"https:\/\/europeum.pl\/cs\/","logo":{"@type":"ImageObject","inLanguage":"cs","@id":"https:\/\/europeum.pl\/cs\/#\/schema\/logo\/image\/","url":"https:\/\/europeum.pl\/wp-content\/uploads\/sites\/68\/2023\/10\/logo_europeum_short_version_grey.png","contentUrl":"https:\/\/europeum.pl\/wp-content\/uploads\/sites\/68\/2023\/10\/logo_europeum_short_version_grey.png","width":3508,"height":2480,"caption":"Europeum Hotel"},"image":{"@id":"https:\/\/europeum.pl\/cs\/#\/schema\/logo\/image\/"},"sameAs":["https:\/\/www.facebook.com\/europeum","https:\/\/www.instagram.com\/europeumhotel\/"]}]}},"acf":[],"_links":{"self":[{"href":"https:\/\/europeum.pl\/cs\/wp-json\/wp\/v2\/pages\/1283"}],"collection":[{"href":"https:\/\/europeum.pl\/cs\/wp-json\/wp\/v2\/pages"}],"about":[{"href":"https:\/\/europeum.pl\/cs\/wp-json\/wp\/v2\/types\/page"}],"author":[{"embeddable":true,"href":"https:\/\/europeum.pl\/cs\/wp-json\/wp\/v2\/users\/12"}],"replies":[{"embeddable":true,"href":"https:\/\/europeum.pl\/cs\/wp-json\/wp\/v2\/comments?post=1283"}],"version-history":[{"count":0,"href":"https:\/\/europeum.pl\/cs\/wp-json\/wp\/v2\/pages\/1283\/revisions"}],"up":[{"embeddable":true,"href":"https:\/\/europeum.pl\/cs\/wp-json\/wp\/v2\/pages\/1281"}],"wp:attachment":[{"href":"https:\/\/europeum.pl\/cs\/wp-json\/wp\/v2\/media?parent=1283"}],"curies":[{"name":"wp","href":"https:\/\/api.w.org\/{rel}","templated":true}]}}