{"id":1285,"date":"2023-10-10T14:07:15","date_gmt":"2023-10-10T12:07:15","guid":{"rendered":"https:\/\/europeum-hotel.ms2.decms.eu\/pokoje\/twin-classic\/"},"modified":"2024-09-04T13:56:28","modified_gmt":"2024-09-04T11:56:28","slug":"twin-classic","status":"publish","type":"page","link":"https:\/\/europeum.pl\/cs\/pokoje\/twin-classic\/","title":{"rendered":"Pok\u00f3j Classic Twin"},"content":{"rendered":"<p>U\u017eijte si pohodln\u00fd pobyt v Europeum rezervac\u00ed na\u0161eho dvoul\u016f\u017ekov\u00e9ho pokoje Classic s odd\u011blen\u00fdmi postelemi.<\/p>\n<p>Kr\u00e1sn\u011b za\u0159\u00edzen\u00fd pokoj se dv\u011bma odd\u011blen\u00fdmi postelemi a prostornou koupelnou ud\u011bl\u00e1 v\u00e1\u0161 pobyt v hotelu Europeum v\u00fdjime\u010dn\u00fdm. Interi\u00e9r p\u016fsob\u00ed modern\u00edm dojmem d\u00edky tepl\u00fdm barv\u00e1m a um\u011bleck\u00e9 keramice na st\u011bn\u00e1ch, kter\u00e9 vytv\u00e1\u0159ej\u00ed stylovou atmosf\u00e9ru. Z oken si m\u016f\u017eete vychutnat v\u00fdhled na Star\u00e9 M\u011bsto nebo na klidn\u00fd dv\u016fr.<\/p>\n<p>U\u017e\u00edvejte si vyhrazen\u00fd pracovn\u00ed prostor a bezdr\u00e1tov\u00e9 vysokorychlostn\u00ed p\u0159ipojen\u00ed k internetu. Relaxujte u \u010daje nebo k\u00e1vy a u\u017e\u00edvejte si televizi s p\u0159\u00edstupem k r\u016fzn\u00fdm kan\u00e1l\u016fm. Krom\u011b toho v\u00e1m zvukot\u011bsn\u00e1 neotev\u00edrateln\u00e1 okna zajist\u00ed klidn\u00fd a tich\u00fd sp\u00e1nek.<\/p>\n","protected":false},"excerpt":{"rendered":"<p>U\u017eijte si pohodln\u00fd pobyt v Europeum rezervac\u00ed na\u0161eho dvoul\u016f\u017ekov\u00e9ho pokoje Classic s odd\u011blen\u00fdmi postelemi. Kr\u00e1sn\u011b za\u0159\u00edzen\u00fd pokoj se dv\u011bma odd\u011blen\u00fdmi postelemi a prostornou koupelnou ud\u011bl\u00e1 v\u00e1\u0161 pobyt v hotelu Europeum v\u00fdjime\u010dn\u00fdm. Interi\u00e9r p\u016fsob\u00ed modern\u00edm dojmem d\u00edky tepl\u00fdm barv\u00e1m a um\u011bleck\u00e9 keramice na st\u011bn\u00e1ch, kter\u00e9 vytv\u00e1\u0159ej\u00ed stylovou atmosf\u00e9ru. Z oken si m\u016f\u017eete vychutnat v\u00fdhled na Star\u00e9 [&hellip;]<\/p>\n","protected":false},"author":12,"featured_media":0,"parent":1281,"menu_order":13,"comment_status":"closed","ping_status":"closed","template":"template-single-room.php","meta":{"footnotes":""},"yoast_head":"<!-- This site is optimized with the Yoast SEO plugin v22.3 - https:\/\/yoast.com\/wordpress\/plugins\/seo\/ -->\n<title>Pok\u00f3j Classic Twin &#8211; Europeum Hotel<\/title>\n<meta name=\"description\" content=\"U\u017eijte si pohodln\u00fd pobyt v Europeum rezervac\u00ed na\u0161eho dvoul\u016f\u017ekov\u00e9ho pokoje Classic s odd\u011blen\u00fdmi postelemi.  Kr\u00e1sn\u011b za\u0159\u00edzen\u00fd pokoj se dv\u011bma odd\u011blen\u00fdmi postelemi a prostornou koupelnou ud\u011bl\u00e1 v\u00e1\u0161 pobyt v hotelu Europeum v\u00fdjime\u010dn\u00fdm. Interi\u00e9r p\u016fsob\u00ed modern\u00edm dojmem d\u00edky tepl\u00fdm barv\u00e1m a um\u011bleck\u00e9 keramice na st\u011bn\u00e1ch, kter\u00e9 vytv\u00e1\u0159ej\u00ed stylovou atmosf\u00e9ru\" \/>\n<meta name=\"robots\" content=\"index, follow, max-snippet:-1, max-image-preview:large, max-video-preview:-1\" \/>\n<link rel=\"canonical\" href=\"https:\/\/europeum.pl\/cs\/pokoje\/twin-classic\/\" \/>\n<meta property=\"og:locale\" content=\"cs_CZ\" \/>\n<meta property=\"og:type\" content=\"article\" \/>\n<meta property=\"og:title\" content=\"Pok\u00f3j Classic Twin &#8211; Europeum Hotel\" \/>\n<meta property=\"og:description\" content=\"U\u017eijte si pohodln\u00fd pobyt v Europeum rezervac\u00ed na\u0161eho dvoul\u016f\u017ekov\u00e9ho pokoje Classic s odd\u011blen\u00fdmi postelemi.  Kr\u00e1sn\u011b za\u0159\u00edzen\u00fd pokoj se dv\u011bma odd\u011blen\u00fdmi postelemi a prostornou koupelnou ud\u011bl\u00e1 v\u00e1\u0161 pobyt v hotelu Europeum v\u00fdjime\u010dn\u00fdm. Interi\u00e9r p\u016fsob\u00ed modern\u00edm dojmem d\u00edky tepl\u00fdm barv\u00e1m a um\u011bleck\u00e9 keramice na st\u011bn\u00e1ch, kter\u00e9 vytv\u00e1\u0159ej\u00ed stylovou atmosf\u00e9ru\" \/>\n<meta property=\"og:url\" content=\"https:\/\/europeum.pl\/cs\/pokoje\/twin-classic\/\" \/>\n<meta property=\"og:site_name\" content=\"Europeum Hotel\" \/>\n<meta property=\"article:publisher\" content=\"https:\/\/www.facebook.com\/europeum\" \/>\n<meta property=\"article:modified_time\" content=\"2024-09-04T11:56:28+00:00\" \/>\n<meta property=\"og:image\" content=\"https:\/\/europeum.pl\/wp-content\/uploads\/sites\/68\/2024\/06\/5.jpg\" \/>\n\t<meta property=\"og:image:width\" content=\"1920\" \/>\n\t<meta property=\"og:image:height\" content=\"1080\" \/>\n\t<meta property=\"og:image:type\" content=\"image\/jpeg\" \/>\n<meta name=\"twitter:card\" content=\"summary_large_image\" \/>\n<meta name=\"twitter:label1\" content=\"Odhadovan\u00e1 doba \u010dten\u00ed\" \/>\n\t<meta name=\"twitter:data1\" content=\"1 minuta\" \/>\n<script type=\"application\/ld+json\" class=\"yoast-schema-graph\">{\"@context\":\"https:\/\/schema.org\",\"@graph\":[{\"@type\":\"WebPage\",\"@id\":\"https:\/\/europeum.pl\/cs\/pokoje\/twin-classic\/\",\"url\":\"https:\/\/europeum.pl\/cs\/pokoje\/twin-classic\/\",\"name\":\"Pok\u00f3j Classic Twin &#8211; Europeum Hotel\",\"isPartOf\":{\"@id\":\"https:\/\/europeum.pl\/cs\/#website\"},\"datePublished\":\"2023-10-10T12:07:15+00:00\",\"dateModified\":\"2024-09-04T11:56:28+00:00\",\"description\":\"U\u017eijte si pohodln\u00fd pobyt v Europeum rezervac\u00ed na\u0161eho dvoul\u016f\u017ekov\u00e9ho pokoje Classic s odd\u011blen\u00fdmi postelemi. Kr\u00e1sn\u011b za\u0159\u00edzen\u00fd pokoj se dv\u011bma odd\u011blen\u00fdmi postelemi a prostornou koupelnou ud\u011bl\u00e1 v\u00e1\u0161 pobyt v hotelu Europeum v\u00fdjime\u010dn\u00fdm. Interi\u00e9r p\u016fsob\u00ed modern\u00edm dojmem d\u00edky tepl\u00fdm barv\u00e1m a um\u011bleck\u00e9 keramice na st\u011bn\u00e1ch, kter\u00e9 vytv\u00e1\u0159ej\u00ed stylovou atmosf\u00e9ru\",\"breadcrumb\":{\"@id\":\"https:\/\/europeum.pl\/cs\/pokoje\/twin-classic\/#breadcrumb\"},\"inLanguage\":\"cs\",\"potentialAction\":[{\"@type\":\"ReadAction\",\"target\":[\"https:\/\/europeum.pl\/cs\/pokoje\/twin-classic\/\"]}]},{\"@type\":\"BreadcrumbList\",\"@id\":\"https:\/\/europeum.pl\/cs\/pokoje\/twin-classic\/#breadcrumb\",\"itemListElement\":[{\"@type\":\"ListItem\",\"position\":1,\"name\":\"Home\",\"item\":\"https:\/\/europeum.pl\/cs\/\"},{\"@type\":\"ListItem\",\"position\":2,\"name\":\"Pokoje\",\"item\":\"https:\/\/europeum.pl\/cs\/pokoje\/\"},{\"@type\":\"ListItem\",\"position\":3,\"name\":\"Pok\u00f3j Classic Twin\"}]},{\"@type\":\"WebSite\",\"@id\":\"https:\/\/europeum.pl\/cs\/#website\",\"url\":\"https:\/\/europeum.pl\/cs\/\",\"name\":\"Europeum Hotel\",\"description\":\"\",\"publisher\":{\"@id\":\"https:\/\/europeum.pl\/cs\/#organization\"},\"alternateName\":\"Europeum Hotel\",\"potentialAction\":[{\"@type\":\"SearchAction\",\"target\":{\"@type\":\"EntryPoint\",\"urlTemplate\":\"https:\/\/europeum.pl\/cs\/?s={search_term_string}\"},\"query-input\":\"required name=search_term_string\"}],\"inLanguage\":\"cs\"},{\"@type\":\"Organization\",\"@id\":\"https:\/\/europeum.pl\/cs\/#organization\",\"name\":\"Europeum Hotel\",\"alternateName\":\"Europeum Hotel\",\"url\":\"https:\/\/europeum.pl\/cs\/\",\"logo\":{\"@type\":\"ImageObject\",\"inLanguage\":\"cs\",\"@id\":\"https:\/\/europeum.pl\/cs\/#\/schema\/logo\/image\/\",\"url\":\"https:\/\/europeum.pl\/wp-content\/uploads\/sites\/68\/2023\/10\/logo_europeum_short_version_grey.png\",\"contentUrl\":\"https:\/\/europeum.pl\/wp-content\/uploads\/sites\/68\/2023\/10\/logo_europeum_short_version_grey.png\",\"width\":3508,\"height\":2480,\"caption\":\"Europeum Hotel\"},\"image\":{\"@id\":\"https:\/\/europeum.pl\/cs\/#\/schema\/logo\/image\/\"},\"sameAs\":[\"https:\/\/www.facebook.com\/europeum\",\"https:\/\/www.instagram.com\/europeumhotel\/\"]}]}<\/script>\n<!-- \/ Yoast SEO plugin. -->","yoast_head_json":{"title":"Pok\u00f3j Classic Twin &#8211; Europeum Hotel","description":"U\u017eijte si pohodln\u00fd pobyt v Europeum rezervac\u00ed na\u0161eho dvoul\u016f\u017ekov\u00e9ho pokoje Classic s odd\u011blen\u00fdmi postelemi.  Kr\u00e1sn\u011b za\u0159\u00edzen\u00fd pokoj se dv\u011bma odd\u011blen\u00fdmi postelemi a prostornou koupelnou ud\u011bl\u00e1 v\u00e1\u0161 pobyt v hotelu Europeum v\u00fdjime\u010dn\u00fdm. Interi\u00e9r p\u016fsob\u00ed modern\u00edm dojmem d\u00edky tepl\u00fdm barv\u00e1m a um\u011bleck\u00e9 keramice na st\u011bn\u00e1ch, kter\u00e9 vytv\u00e1\u0159ej\u00ed stylovou atmosf\u00e9ru","robots":{"index":"index","follow":"follow","max-snippet":"max-snippet:-1","max-image-preview":"max-image-preview:large","max-video-preview":"max-video-preview:-1"},"canonical":"https:\/\/europeum.pl\/cs\/pokoje\/twin-classic\/","og_locale":"cs_CZ","og_type":"article","og_title":"Pok\u00f3j Classic Twin &#8211; Europeum Hotel","og_description":"U\u017eijte si pohodln\u00fd pobyt v Europeum rezervac\u00ed na\u0161eho dvoul\u016f\u017ekov\u00e9ho pokoje Classic s odd\u011blen\u00fdmi postelemi.  Kr\u00e1sn\u011b za\u0159\u00edzen\u00fd pokoj se dv\u011bma odd\u011blen\u00fdmi postelemi a prostornou koupelnou ud\u011bl\u00e1 v\u00e1\u0161 pobyt v hotelu Europeum v\u00fdjime\u010dn\u00fdm. Interi\u00e9r p\u016fsob\u00ed modern\u00edm dojmem d\u00edky tepl\u00fdm barv\u00e1m a um\u011bleck\u00e9 keramice na st\u011bn\u00e1ch, kter\u00e9 vytv\u00e1\u0159ej\u00ed stylovou atmosf\u00e9ru","og_url":"https:\/\/europeum.pl\/cs\/pokoje\/twin-classic\/","og_site_name":"Europeum Hotel","article_publisher":"https:\/\/www.facebook.com\/europeum","article_modified_time":"2024-09-04T11:56:28+00:00","og_image":[{"width":1920,"height":1080,"url":"https:\/\/europeum.pl\/wp-content\/uploads\/sites\/68\/2024\/06\/5.jpg","type":"image\/jpeg"}],"twitter_card":"summary_large_image","twitter_misc":{"Odhadovan\u00e1 doba \u010dten\u00ed":"1 minuta"},"schema":{"@context":"https:\/\/schema.org","@graph":[{"@type":"WebPage","@id":"https:\/\/europeum.pl\/cs\/pokoje\/twin-classic\/","url":"https:\/\/europeum.pl\/cs\/pokoje\/twin-classic\/","name":"Pok\u00f3j Classic Twin &#8211; Europeum Hotel","isPartOf":{"@id":"https:\/\/europeum.pl\/cs\/#website"},"datePublished":"2023-10-10T12:07:15+00:00","dateModified":"2024-09-04T11:56:28+00:00","description":"U\u017eijte si pohodln\u00fd pobyt v Europeum rezervac\u00ed na\u0161eho dvoul\u016f\u017ekov\u00e9ho pokoje Classic s odd\u011blen\u00fdmi postelemi. Kr\u00e1sn\u011b za\u0159\u00edzen\u00fd pokoj se dv\u011bma odd\u011blen\u00fdmi postelemi a prostornou koupelnou ud\u011bl\u00e1 v\u00e1\u0161 pobyt v hotelu Europeum v\u00fdjime\u010dn\u00fdm. Interi\u00e9r p\u016fsob\u00ed modern\u00edm dojmem d\u00edky tepl\u00fdm barv\u00e1m a um\u011bleck\u00e9 keramice na st\u011bn\u00e1ch, kter\u00e9 vytv\u00e1\u0159ej\u00ed stylovou atmosf\u00e9ru","breadcrumb":{"@id":"https:\/\/europeum.pl\/cs\/pokoje\/twin-classic\/#breadcrumb"},"inLanguage":"cs","potentialAction":[{"@type":"ReadAction","target":["https:\/\/europeum.pl\/cs\/pokoje\/twin-classic\/"]}]},{"@type":"BreadcrumbList","@id":"https:\/\/europeum.pl\/cs\/pokoje\/twin-classic\/#breadcrumb","itemListElement":[{"@type":"ListItem","position":1,"name":"Home","item":"https:\/\/europeum.pl\/cs\/"},{"@type":"ListItem","position":2,"name":"Pokoje","item":"https:\/\/europeum.pl\/cs\/pokoje\/"},{"@type":"ListItem","position":3,"name":"Pok\u00f3j Classic Twin"}]},{"@type":"WebSite","@id":"https:\/\/europeum.pl\/cs\/#website","url":"https:\/\/europeum.pl\/cs\/","name":"Europeum Hotel","description":"","publisher":{"@id":"https:\/\/europeum.pl\/cs\/#organization"},"alternateName":"Europeum Hotel","potentialAction":[{"@type":"SearchAction","target":{"@type":"EntryPoint","urlTemplate":"https:\/\/europeum.pl\/cs\/?s={search_term_string}"},"query-input":"required name=search_term_string"}],"inLanguage":"cs"},{"@type":"Organization","@id":"https:\/\/europeum.pl\/cs\/#organization","name":"Europeum Hotel","alternateName":"Europeum Hotel","url":"https:\/\/europeum.pl\/cs\/","logo":{"@type":"ImageObject","inLanguage":"cs","@id":"https:\/\/europeum.pl\/cs\/#\/schema\/logo\/image\/","url":"https:\/\/europeum.pl\/wp-content\/uploads\/sites\/68\/2023\/10\/logo_europeum_short_version_grey.png","contentUrl":"https:\/\/europeum.pl\/wp-content\/uploads\/sites\/68\/2023\/10\/logo_europeum_short_version_grey.png","width":3508,"height":2480,"caption":"Europeum Hotel"},"image":{"@id":"https:\/\/europeum.pl\/cs\/#\/schema\/logo\/image\/"},"sameAs":["https:\/\/www.facebook.com\/europeum","https:\/\/www.instagram.com\/europeumhotel\/"]}]}},"acf":[],"_links":{"self":[{"href":"https:\/\/europeum.pl\/cs\/wp-json\/wp\/v2\/pages\/1285"}],"collection":[{"href":"https:\/\/europeum.pl\/cs\/wp-json\/wp\/v2\/pages"}],"about":[{"href":"https:\/\/europeum.pl\/cs\/wp-json\/wp\/v2\/types\/page"}],"author":[{"embeddable":true,"href":"https:\/\/europeum.pl\/cs\/wp-json\/wp\/v2\/users\/12"}],"replies":[{"embeddable":true,"href":"https:\/\/europeum.pl\/cs\/wp-json\/wp\/v2\/comments?post=1285"}],"version-history":[{"count":0,"href":"https:\/\/europeum.pl\/cs\/wp-json\/wp\/v2\/pages\/1285\/revisions"}],"up":[{"embeddable":true,"href":"https:\/\/europeum.pl\/cs\/wp-json\/wp\/v2\/pages\/1281"}],"wp:attachment":[{"href":"https:\/\/europeum.pl\/cs\/wp-json\/wp\/v2\/media?parent=1285"}],"curies":[{"name":"wp","href":"https:\/\/api.w.org\/{rel}","templated":true}]}}