{"id":1289,"date":"2023-10-10T14:07:35","date_gmt":"2023-10-10T12:07:35","guid":{"rendered":"https:\/\/europeum-hotel.ms2.decms.eu\/pokoje\/dwuosobowy-superior\/"},"modified":"2025-02-13T15:47:06","modified_gmt":"2025-02-13T14:47:06","slug":"dvouluzkovy-pokoj-superior","status":"publish","type":"page","link":"https:\/\/europeum.pl\/cs\/pokoje\/dvouluzkovy-pokoj-superior\/","title":{"rendered":"Dvoul\u016f\u017ekov\u00fd Pokoj Superior"},"content":{"rendered":"<p>Tento okouzluj\u00edc\u00ed a elegantn\u00ed pokoj s v\u00fdhledem do klidn\u00e9ho dvora m\u00e1 pohodlnou postel velikosti king-size a pohovku.<\/p>\n<p>Je to o\u00e1za odpo\u010dinku a pohodl\u00ed, kterou pot\u0159ebujete. Design interi\u00e9ru, dopln\u011bn\u00fd um\u011bleck\u00fdmi d\u00edly, jedine\u010dn\u00fdm zp\u016fsobem spojuje d\u011bdictv\u00ed vratislavsk\u00fdch budov s modern\u00edm stylem hotelu.<\/p>\n<p>Pokoj je prostorn\u00fd a sv\u011btl\u00fd a p\u0159es zvukot\u011bsn\u00e1 neotv\u00edrateln\u00e1 okna do n\u011bj proud\u00ed dostatek p\u0159irozen\u00e9ho sv\u011btla. Je dob\u0159e vybaven mimo jin\u00e9 samostatn\u011b ovl\u00e1danou klimatizac\u00ed a velkou koupelnou se sprchou. K dispozici je tak\u00e9 k\u00e1vov\u00fd koutek, vysokorychlostn\u00ed Wi-Fi, velk\u00e1 \u0161atn\u00ed sk\u0159\u00ed\u0148 a spousta \u00falo\u017en\u00fdch prostor. \u0160iroko\u00fahl\u00e1 TV nab\u00edz\u00ed p\u0159\u00edstup k mnoha kan\u00e1l\u016fm.<\/p>\n","protected":false},"excerpt":{"rendered":"<p>Tento okouzluj\u00edc\u00ed a elegantn\u00ed pokoj s v\u00fdhledem do klidn\u00e9ho dvora m\u00e1 pohodlnou postel velikosti king-size a pohovku. Je to o\u00e1za odpo\u010dinku a pohodl\u00ed, kterou pot\u0159ebujete. Design interi\u00e9ru, dopln\u011bn\u00fd um\u011bleck\u00fdmi d\u00edly, jedine\u010dn\u00fdm zp\u016fsobem spojuje d\u011bdictv\u00ed vratislavsk\u00fdch budov s modern\u00edm stylem hotelu. Pokoj je prostorn\u00fd a sv\u011btl\u00fd a p\u0159es zvukot\u011bsn\u00e1 neotv\u00edrateln\u00e1 okna do n\u011bj proud\u00ed dostatek p\u0159irozen\u00e9ho [&hellip;]<\/p>\n","protected":false},"author":12,"featured_media":0,"parent":1281,"menu_order":15,"comment_status":"closed","ping_status":"closed","template":"template-single-room.php","meta":{"footnotes":""},"yoast_head":"<!-- This site is optimized with the Yoast SEO plugin v22.3 - https:\/\/yoast.com\/wordpress\/plugins\/seo\/ -->\n<title>Dvoul\u016f\u017ekov\u00fd Pokoj Superior &#8211; Europeum Hotel<\/title>\n<meta name=\"description\" content=\"Tento okouzluj\u00edc\u00ed a elegantn\u00ed pokoj s v\u00fdhledem do klidn\u00e9ho dvora m\u00e1 pohodlnou postel velikosti king-size a pohovku.  Je to o\u00e1za odpo\u010dinku a pohodl\u00ed, kterou pot\u0159ebujete. Design interi\u00e9ru, dopln\u011bn\u00fd um\u011bleck\u00fdmi d\u00edly, jedine\u010dn\u00fdm zp\u016fsobem spojuje d\u011bdictv\u00ed vratislavsk\u00fdch budov s modern\u00edm stylem hotelu.  Pokoj je prostorn\u00fd a sv\u011btl\u00fd a p\u0159es zvukot\u011bsn\u00e1 neotv\u00edrateln\u00e1 okna do n\u011bj proud\u00ed dostatek p\u0159irozen\u00e9ho sv\u011btla\" \/>\n<meta name=\"robots\" content=\"index, follow, max-snippet:-1, max-image-preview:large, max-video-preview:-1\" \/>\n<link rel=\"canonical\" href=\"https:\/\/europeum.pl\/cs\/pokoje\/dvouluzkovy-pokoj-superior\/\" \/>\n<meta property=\"og:locale\" content=\"cs_CZ\" \/>\n<meta property=\"og:type\" content=\"article\" \/>\n<meta property=\"og:title\" content=\"Dvoul\u016f\u017ekov\u00fd Pokoj Superior &#8211; Europeum Hotel\" \/>\n<meta property=\"og:description\" content=\"Tento okouzluj\u00edc\u00ed a elegantn\u00ed pokoj s v\u00fdhledem do klidn\u00e9ho dvora m\u00e1 pohodlnou postel velikosti king-size a pohovku.  Je to o\u00e1za odpo\u010dinku a pohodl\u00ed, kterou pot\u0159ebujete. Design interi\u00e9ru, dopln\u011bn\u00fd um\u011bleck\u00fdmi d\u00edly, jedine\u010dn\u00fdm zp\u016fsobem spojuje d\u011bdictv\u00ed vratislavsk\u00fdch budov s modern\u00edm stylem hotelu.  Pokoj je prostorn\u00fd a sv\u011btl\u00fd a p\u0159es zvukot\u011bsn\u00e1 neotv\u00edrateln\u00e1 okna do n\u011bj proud\u00ed dostatek p\u0159irozen\u00e9ho sv\u011btla\" \/>\n<meta property=\"og:url\" content=\"https:\/\/europeum.pl\/cs\/pokoje\/dvouluzkovy-pokoj-superior\/\" \/>\n<meta property=\"og:site_name\" content=\"Europeum Hotel\" \/>\n<meta property=\"article:publisher\" content=\"https:\/\/www.facebook.com\/europeum\" \/>\n<meta property=\"article:modified_time\" content=\"2025-02-13T14:47:06+00:00\" \/>\n<meta property=\"og:image\" content=\"https:\/\/europeum.pl\/wp-content\/uploads\/sites\/68\/2024\/06\/5.jpg\" \/>\n\t<meta property=\"og:image:width\" content=\"1920\" \/>\n\t<meta property=\"og:image:height\" content=\"1080\" \/>\n\t<meta property=\"og:image:type\" content=\"image\/jpeg\" \/>\n<meta name=\"twitter:card\" content=\"summary_large_image\" \/>\n<meta name=\"twitter:label1\" content=\"Odhadovan\u00e1 doba \u010dten\u00ed\" \/>\n\t<meta name=\"twitter:data1\" content=\"1 minuta\" \/>\n<script type=\"application\/ld+json\" class=\"yoast-schema-graph\">{\"@context\":\"https:\/\/schema.org\",\"@graph\":[{\"@type\":\"WebPage\",\"@id\":\"https:\/\/europeum.pl\/cs\/pokoje\/dvouluzkovy-pokoj-superior\/\",\"url\":\"https:\/\/europeum.pl\/cs\/pokoje\/dvouluzkovy-pokoj-superior\/\",\"name\":\"Dvoul\u016f\u017ekov\u00fd Pokoj Superior &#8211; Europeum Hotel\",\"isPartOf\":{\"@id\":\"https:\/\/europeum.pl\/cs\/#website\"},\"datePublished\":\"2023-10-10T12:07:35+00:00\",\"dateModified\":\"2025-02-13T14:47:06+00:00\",\"description\":\"Tento okouzluj\u00edc\u00ed a elegantn\u00ed pokoj s v\u00fdhledem do klidn\u00e9ho dvora m\u00e1 pohodlnou postel velikosti king-size a pohovku. Je to o\u00e1za odpo\u010dinku a pohodl\u00ed, kterou pot\u0159ebujete. Design interi\u00e9ru, dopln\u011bn\u00fd um\u011bleck\u00fdmi d\u00edly, jedine\u010dn\u00fdm zp\u016fsobem spojuje d\u011bdictv\u00ed vratislavsk\u00fdch budov s modern\u00edm stylem hotelu. Pokoj je prostorn\u00fd a sv\u011btl\u00fd a p\u0159es zvukot\u011bsn\u00e1 neotv\u00edrateln\u00e1 okna do n\u011bj proud\u00ed dostatek p\u0159irozen\u00e9ho sv\u011btla\",\"breadcrumb\":{\"@id\":\"https:\/\/europeum.pl\/cs\/pokoje\/dvouluzkovy-pokoj-superior\/#breadcrumb\"},\"inLanguage\":\"cs\",\"potentialAction\":[{\"@type\":\"ReadAction\",\"target\":[\"https:\/\/europeum.pl\/cs\/pokoje\/dvouluzkovy-pokoj-superior\/\"]}]},{\"@type\":\"BreadcrumbList\",\"@id\":\"https:\/\/europeum.pl\/cs\/pokoje\/dvouluzkovy-pokoj-superior\/#breadcrumb\",\"itemListElement\":[{\"@type\":\"ListItem\",\"position\":1,\"name\":\"Home\",\"item\":\"https:\/\/europeum.pl\/cs\/\"},{\"@type\":\"ListItem\",\"position\":2,\"name\":\"Pokoje\",\"item\":\"https:\/\/europeum.pl\/cs\/pokoje\/\"},{\"@type\":\"ListItem\",\"position\":3,\"name\":\"Dvoul\u016f\u017ekov\u00fd Pokoj Superior\"}]},{\"@type\":\"WebSite\",\"@id\":\"https:\/\/europeum.pl\/cs\/#website\",\"url\":\"https:\/\/europeum.pl\/cs\/\",\"name\":\"Europeum Hotel\",\"description\":\"\",\"publisher\":{\"@id\":\"https:\/\/europeum.pl\/cs\/#organization\"},\"alternateName\":\"Europeum Hotel\",\"potentialAction\":[{\"@type\":\"SearchAction\",\"target\":{\"@type\":\"EntryPoint\",\"urlTemplate\":\"https:\/\/europeum.pl\/cs\/?s={search_term_string}\"},\"query-input\":\"required name=search_term_string\"}],\"inLanguage\":\"cs\"},{\"@type\":\"Organization\",\"@id\":\"https:\/\/europeum.pl\/cs\/#organization\",\"name\":\"Europeum Hotel\",\"alternateName\":\"Europeum Hotel\",\"url\":\"https:\/\/europeum.pl\/cs\/\",\"logo\":{\"@type\":\"ImageObject\",\"inLanguage\":\"cs\",\"@id\":\"https:\/\/europeum.pl\/cs\/#\/schema\/logo\/image\/\",\"url\":\"https:\/\/europeum.pl\/wp-content\/uploads\/sites\/68\/2023\/10\/logo_europeum_short_version_grey.png\",\"contentUrl\":\"https:\/\/europeum.pl\/wp-content\/uploads\/sites\/68\/2023\/10\/logo_europeum_short_version_grey.png\",\"width\":3508,\"height\":2480,\"caption\":\"Europeum Hotel\"},\"image\":{\"@id\":\"https:\/\/europeum.pl\/cs\/#\/schema\/logo\/image\/\"},\"sameAs\":[\"https:\/\/www.facebook.com\/europeum\",\"https:\/\/www.instagram.com\/europeumhotel\/\"]}]}<\/script>\n<!-- \/ Yoast SEO plugin. -->","yoast_head_json":{"title":"Dvoul\u016f\u017ekov\u00fd Pokoj Superior &#8211; Europeum Hotel","description":"Tento okouzluj\u00edc\u00ed a elegantn\u00ed pokoj s v\u00fdhledem do klidn\u00e9ho dvora m\u00e1 pohodlnou postel velikosti king-size a pohovku.  Je to o\u00e1za odpo\u010dinku a pohodl\u00ed, kterou pot\u0159ebujete. Design interi\u00e9ru, dopln\u011bn\u00fd um\u011bleck\u00fdmi d\u00edly, jedine\u010dn\u00fdm zp\u016fsobem spojuje d\u011bdictv\u00ed vratislavsk\u00fdch budov s modern\u00edm stylem hotelu.  Pokoj je prostorn\u00fd a sv\u011btl\u00fd a p\u0159es zvukot\u011bsn\u00e1 neotv\u00edrateln\u00e1 okna do n\u011bj proud\u00ed dostatek p\u0159irozen\u00e9ho sv\u011btla","robots":{"index":"index","follow":"follow","max-snippet":"max-snippet:-1","max-image-preview":"max-image-preview:large","max-video-preview":"max-video-preview:-1"},"canonical":"https:\/\/europeum.pl\/cs\/pokoje\/dvouluzkovy-pokoj-superior\/","og_locale":"cs_CZ","og_type":"article","og_title":"Dvoul\u016f\u017ekov\u00fd Pokoj Superior &#8211; Europeum Hotel","og_description":"Tento okouzluj\u00edc\u00ed a elegantn\u00ed pokoj s v\u00fdhledem do klidn\u00e9ho dvora m\u00e1 pohodlnou postel velikosti king-size a pohovku.  Je to o\u00e1za odpo\u010dinku a pohodl\u00ed, kterou pot\u0159ebujete. Design interi\u00e9ru, dopln\u011bn\u00fd um\u011bleck\u00fdmi d\u00edly, jedine\u010dn\u00fdm zp\u016fsobem spojuje d\u011bdictv\u00ed vratislavsk\u00fdch budov s modern\u00edm stylem hotelu.  Pokoj je prostorn\u00fd a sv\u011btl\u00fd a p\u0159es zvukot\u011bsn\u00e1 neotv\u00edrateln\u00e1 okna do n\u011bj proud\u00ed dostatek p\u0159irozen\u00e9ho sv\u011btla","og_url":"https:\/\/europeum.pl\/cs\/pokoje\/dvouluzkovy-pokoj-superior\/","og_site_name":"Europeum Hotel","article_publisher":"https:\/\/www.facebook.com\/europeum","article_modified_time":"2025-02-13T14:47:06+00:00","og_image":[{"width":1920,"height":1080,"url":"https:\/\/europeum.pl\/wp-content\/uploads\/sites\/68\/2024\/06\/5.jpg","type":"image\/jpeg"}],"twitter_card":"summary_large_image","twitter_misc":{"Odhadovan\u00e1 doba \u010dten\u00ed":"1 minuta"},"schema":{"@context":"https:\/\/schema.org","@graph":[{"@type":"WebPage","@id":"https:\/\/europeum.pl\/cs\/pokoje\/dvouluzkovy-pokoj-superior\/","url":"https:\/\/europeum.pl\/cs\/pokoje\/dvouluzkovy-pokoj-superior\/","name":"Dvoul\u016f\u017ekov\u00fd Pokoj Superior &#8211; Europeum Hotel","isPartOf":{"@id":"https:\/\/europeum.pl\/cs\/#website"},"datePublished":"2023-10-10T12:07:35+00:00","dateModified":"2025-02-13T14:47:06+00:00","description":"Tento okouzluj\u00edc\u00ed a elegantn\u00ed pokoj s v\u00fdhledem do klidn\u00e9ho dvora m\u00e1 pohodlnou postel velikosti king-size a pohovku. Je to o\u00e1za odpo\u010dinku a pohodl\u00ed, kterou pot\u0159ebujete. Design interi\u00e9ru, dopln\u011bn\u00fd um\u011bleck\u00fdmi d\u00edly, jedine\u010dn\u00fdm zp\u016fsobem spojuje d\u011bdictv\u00ed vratislavsk\u00fdch budov s modern\u00edm stylem hotelu. Pokoj je prostorn\u00fd a sv\u011btl\u00fd a p\u0159es zvukot\u011bsn\u00e1 neotv\u00edrateln\u00e1 okna do n\u011bj proud\u00ed dostatek p\u0159irozen\u00e9ho sv\u011btla","breadcrumb":{"@id":"https:\/\/europeum.pl\/cs\/pokoje\/dvouluzkovy-pokoj-superior\/#breadcrumb"},"inLanguage":"cs","potentialAction":[{"@type":"ReadAction","target":["https:\/\/europeum.pl\/cs\/pokoje\/dvouluzkovy-pokoj-superior\/"]}]},{"@type":"BreadcrumbList","@id":"https:\/\/europeum.pl\/cs\/pokoje\/dvouluzkovy-pokoj-superior\/#breadcrumb","itemListElement":[{"@type":"ListItem","position":1,"name":"Home","item":"https:\/\/europeum.pl\/cs\/"},{"@type":"ListItem","position":2,"name":"Pokoje","item":"https:\/\/europeum.pl\/cs\/pokoje\/"},{"@type":"ListItem","position":3,"name":"Dvoul\u016f\u017ekov\u00fd Pokoj Superior"}]},{"@type":"WebSite","@id":"https:\/\/europeum.pl\/cs\/#website","url":"https:\/\/europeum.pl\/cs\/","name":"Europeum Hotel","description":"","publisher":{"@id":"https:\/\/europeum.pl\/cs\/#organization"},"alternateName":"Europeum Hotel","potentialAction":[{"@type":"SearchAction","target":{"@type":"EntryPoint","urlTemplate":"https:\/\/europeum.pl\/cs\/?s={search_term_string}"},"query-input":"required name=search_term_string"}],"inLanguage":"cs"},{"@type":"Organization","@id":"https:\/\/europeum.pl\/cs\/#organization","name":"Europeum Hotel","alternateName":"Europeum Hotel","url":"https:\/\/europeum.pl\/cs\/","logo":{"@type":"ImageObject","inLanguage":"cs","@id":"https:\/\/europeum.pl\/cs\/#\/schema\/logo\/image\/","url":"https:\/\/europeum.pl\/wp-content\/uploads\/sites\/68\/2023\/10\/logo_europeum_short_version_grey.png","contentUrl":"https:\/\/europeum.pl\/wp-content\/uploads\/sites\/68\/2023\/10\/logo_europeum_short_version_grey.png","width":3508,"height":2480,"caption":"Europeum Hotel"},"image":{"@id":"https:\/\/europeum.pl\/cs\/#\/schema\/logo\/image\/"},"sameAs":["https:\/\/www.facebook.com\/europeum","https:\/\/www.instagram.com\/europeumhotel\/"]}]}},"acf":[],"_links":{"self":[{"href":"https:\/\/europeum.pl\/cs\/wp-json\/wp\/v2\/pages\/1289"}],"collection":[{"href":"https:\/\/europeum.pl\/cs\/wp-json\/wp\/v2\/pages"}],"about":[{"href":"https:\/\/europeum.pl\/cs\/wp-json\/wp\/v2\/types\/page"}],"author":[{"embeddable":true,"href":"https:\/\/europeum.pl\/cs\/wp-json\/wp\/v2\/users\/12"}],"replies":[{"embeddable":true,"href":"https:\/\/europeum.pl\/cs\/wp-json\/wp\/v2\/comments?post=1289"}],"version-history":[{"count":0,"href":"https:\/\/europeum.pl\/cs\/wp-json\/wp\/v2\/pages\/1289\/revisions"}],"up":[{"embeddable":true,"href":"https:\/\/europeum.pl\/cs\/wp-json\/wp\/v2\/pages\/1281"}],"wp:attachment":[{"href":"https:\/\/europeum.pl\/cs\/wp-json\/wp\/v2\/media?parent=1289"}],"curies":[{"name":"wp","href":"https:\/\/api.w.org\/{rel}","templated":true}]}}