{"id":1291,"date":"2023-10-10T14:07:49","date_gmt":"2023-10-10T12:07:49","guid":{"rendered":"https:\/\/europeum-hotel.ms2.decms.eu\/pokoje\/junior-suite\/"},"modified":"2024-09-06T11:59:27","modified_gmt":"2024-09-06T09:59:27","slug":"junior-suite","status":"publish","type":"page","link":"https:\/\/europeum.pl\/cs\/pokoje\/junior-suite\/","title":{"rendered":"Junior Suite"},"content":{"rendered":"<p>Objevte podstatu pohodl\u00ed a elegance v na\u0161ich p\u0159epychov\u00fdch apartm\u00e1 junior suite. Prostorn\u00e9 pokoje s klidn\u00fdm v\u00fdhledem do dvora vn\u00e1\u0161ej\u00ed do sv\u00fdch sv\u011btl\u00fdch prostor majest\u00e1tnost historick\u00e9 Vratislavi v podob\u011b pe\u010dliv\u011b vybran\u00fdch detail\u016f a n\u00e1bytku ve stylu vintage.<\/p>\n<p>V ob\u00fdvac\u00ed \u010d\u00e1sti na v\u00e1s \u010dek\u00e1 pohovka, dv\u011b ko\u017een\u00e1 k\u0159esla, st\u016fl a TV. V prostorn\u00e9 koupeln\u011b je k va\u0161\u00ed dispozici vana nebo sprchov\u00fd kout, toaletn\u00ed pot\u0159eby a ply\u0161ov\u00fd \u017eupan.<\/p>\n<p>T\u011b\u0161it se m\u016f\u017eete na vybaven\u00ed, jako je klimatizace, \u0161iroko\u00fahl\u00e1 TV s mnoha programy, k\u00e1vov\u00fd koutek a bezdr\u00e1tov\u00e9 p\u0159ipojen\u00ed k internetu v cel\u00e9m objektu. Dva stoly a \u0161atn\u00ed sk\u0159\u00ed\u0148 v\u00e1m poskytnou dostatek \u00falo\u017en\u00e9ho prostoru.<\/p>\n<p>Pro zaji\u0161t\u011bn\u00ed klidu a ticha b\u011bhem pobytu jsou v\u0161echna okna zvukot\u011bsn\u00e1, ale nelze je otev\u00edrat.<\/p>\n","protected":false},"excerpt":{"rendered":"<p>Objevte podstatu pohodl\u00ed a elegance v na\u0161ich p\u0159epychov\u00fdch apartm\u00e1 junior suite. Prostorn\u00e9 pokoje s klidn\u00fdm v\u00fdhledem do dvora vn\u00e1\u0161ej\u00ed do sv\u00fdch sv\u011btl\u00fdch prostor majest\u00e1tnost historick\u00e9 Vratislavi v podob\u011b pe\u010dliv\u011b vybran\u00fdch detail\u016f a n\u00e1bytku ve stylu vintage. V ob\u00fdvac\u00ed \u010d\u00e1sti na v\u00e1s \u010dek\u00e1 pohovka, dv\u011b ko\u017een\u00e1 k\u0159esla, st\u016fl a TV. V prostorn\u00e9 koupeln\u011b je k va\u0161\u00ed [&hellip;]<\/p>\n","protected":false},"author":12,"featured_media":0,"parent":1281,"menu_order":16,"comment_status":"closed","ping_status":"closed","template":"template-single-room.php","meta":{"footnotes":""},"yoast_head":"<!-- This site is optimized with the Yoast SEO plugin v22.3 - https:\/\/yoast.com\/wordpress\/plugins\/seo\/ -->\n<title>Junior Suite &#8211; Europeum Hotel<\/title>\n<meta name=\"description\" content=\"Objevte podstatu pohodl\u00ed a elegance v na\u0161ich p\u0159epychov\u00fdch apartm\u00e1 junior suite. Prostorn\u00e9 pokoje s klidn\u00fdm v\u00fdhledem do dvora vn\u00e1\u0161ej\u00ed do sv\u00fdch sv\u011btl\u00fdch prostor majest\u00e1tnost historick\u00e9 Vratislavi v podob\u011b pe\u010dliv\u011b vybran\u00fdch detail\u016f a n\u00e1bytku ve stylu vintage.  V ob\u00fdvac\u00ed \u010d\u00e1sti na v\u00e1s \u010dek\u00e1 pohovka, dv\u011b ko\u017een\u00e1 k\u0159esla, st\u016fl a TV\" \/>\n<meta name=\"robots\" content=\"index, follow, max-snippet:-1, max-image-preview:large, max-video-preview:-1\" \/>\n<link rel=\"canonical\" href=\"https:\/\/europeum.pl\/cs\/pokoje\/junior-suite\/\" \/>\n<meta property=\"og:locale\" content=\"cs_CZ\" \/>\n<meta property=\"og:type\" content=\"article\" \/>\n<meta property=\"og:title\" content=\"Junior Suite &#8211; Europeum Hotel\" \/>\n<meta property=\"og:description\" content=\"Objevte podstatu pohodl\u00ed a elegance v na\u0161ich p\u0159epychov\u00fdch apartm\u00e1 junior suite. Prostorn\u00e9 pokoje s klidn\u00fdm v\u00fdhledem do dvora vn\u00e1\u0161ej\u00ed do sv\u00fdch sv\u011btl\u00fdch prostor majest\u00e1tnost historick\u00e9 Vratislavi v podob\u011b pe\u010dliv\u011b vybran\u00fdch detail\u016f a n\u00e1bytku ve stylu vintage.  V ob\u00fdvac\u00ed \u010d\u00e1sti na v\u00e1s \u010dek\u00e1 pohovka, dv\u011b ko\u017een\u00e1 k\u0159esla, st\u016fl a TV\" \/>\n<meta property=\"og:url\" content=\"https:\/\/europeum.pl\/cs\/pokoje\/junior-suite\/\" \/>\n<meta property=\"og:site_name\" content=\"Europeum Hotel\" \/>\n<meta property=\"article:publisher\" content=\"https:\/\/www.facebook.com\/europeum\" \/>\n<meta property=\"article:modified_time\" content=\"2024-09-06T09:59:27+00:00\" \/>\n<meta property=\"og:image\" content=\"https:\/\/europeum.pl\/wp-content\/uploads\/sites\/68\/2024\/06\/5.jpg\" \/>\n\t<meta property=\"og:image:width\" content=\"1920\" \/>\n\t<meta property=\"og:image:height\" content=\"1080\" \/>\n\t<meta property=\"og:image:type\" content=\"image\/jpeg\" \/>\n<meta name=\"twitter:card\" content=\"summary_large_image\" \/>\n<meta name=\"twitter:label1\" content=\"Odhadovan\u00e1 doba \u010dten\u00ed\" \/>\n\t<meta name=\"twitter:data1\" content=\"1 minuta\" \/>\n<script type=\"application\/ld+json\" class=\"yoast-schema-graph\">{\"@context\":\"https:\/\/schema.org\",\"@graph\":[{\"@type\":\"WebPage\",\"@id\":\"https:\/\/europeum.pl\/cs\/pokoje\/junior-suite\/\",\"url\":\"https:\/\/europeum.pl\/cs\/pokoje\/junior-suite\/\",\"name\":\"Junior Suite &#8211; Europeum Hotel\",\"isPartOf\":{\"@id\":\"https:\/\/europeum.pl\/cs\/#website\"},\"datePublished\":\"2023-10-10T12:07:49+00:00\",\"dateModified\":\"2024-09-06T09:59:27+00:00\",\"description\":\"Objevte podstatu pohodl\u00ed a elegance v na\u0161ich p\u0159epychov\u00fdch apartm\u00e1 junior suite. Prostorn\u00e9 pokoje s klidn\u00fdm v\u00fdhledem do dvora vn\u00e1\u0161ej\u00ed do sv\u00fdch sv\u011btl\u00fdch prostor majest\u00e1tnost historick\u00e9 Vratislavi v podob\u011b pe\u010dliv\u011b vybran\u00fdch detail\u016f a n\u00e1bytku ve stylu vintage. V ob\u00fdvac\u00ed \u010d\u00e1sti na v\u00e1s \u010dek\u00e1 pohovka, dv\u011b ko\u017een\u00e1 k\u0159esla, st\u016fl a TV\",\"breadcrumb\":{\"@id\":\"https:\/\/europeum.pl\/cs\/pokoje\/junior-suite\/#breadcrumb\"},\"inLanguage\":\"cs\",\"potentialAction\":[{\"@type\":\"ReadAction\",\"target\":[\"https:\/\/europeum.pl\/cs\/pokoje\/junior-suite\/\"]}]},{\"@type\":\"BreadcrumbList\",\"@id\":\"https:\/\/europeum.pl\/cs\/pokoje\/junior-suite\/#breadcrumb\",\"itemListElement\":[{\"@type\":\"ListItem\",\"position\":1,\"name\":\"Home\",\"item\":\"https:\/\/europeum.pl\/cs\/\"},{\"@type\":\"ListItem\",\"position\":2,\"name\":\"Pokoje\",\"item\":\"https:\/\/europeum.pl\/cs\/pokoje\/\"},{\"@type\":\"ListItem\",\"position\":3,\"name\":\"Junior Suite\"}]},{\"@type\":\"WebSite\",\"@id\":\"https:\/\/europeum.pl\/cs\/#website\",\"url\":\"https:\/\/europeum.pl\/cs\/\",\"name\":\"Europeum Hotel\",\"description\":\"\",\"publisher\":{\"@id\":\"https:\/\/europeum.pl\/cs\/#organization\"},\"alternateName\":\"Europeum Hotel\",\"potentialAction\":[{\"@type\":\"SearchAction\",\"target\":{\"@type\":\"EntryPoint\",\"urlTemplate\":\"https:\/\/europeum.pl\/cs\/?s={search_term_string}\"},\"query-input\":\"required name=search_term_string\"}],\"inLanguage\":\"cs\"},{\"@type\":\"Organization\",\"@id\":\"https:\/\/europeum.pl\/cs\/#organization\",\"name\":\"Europeum Hotel\",\"alternateName\":\"Europeum Hotel\",\"url\":\"https:\/\/europeum.pl\/cs\/\",\"logo\":{\"@type\":\"ImageObject\",\"inLanguage\":\"cs\",\"@id\":\"https:\/\/europeum.pl\/cs\/#\/schema\/logo\/image\/\",\"url\":\"https:\/\/europeum.pl\/wp-content\/uploads\/sites\/68\/2023\/10\/logo_europeum_short_version_grey.png\",\"contentUrl\":\"https:\/\/europeum.pl\/wp-content\/uploads\/sites\/68\/2023\/10\/logo_europeum_short_version_grey.png\",\"width\":3508,\"height\":2480,\"caption\":\"Europeum Hotel\"},\"image\":{\"@id\":\"https:\/\/europeum.pl\/cs\/#\/schema\/logo\/image\/\"},\"sameAs\":[\"https:\/\/www.facebook.com\/europeum\",\"https:\/\/www.instagram.com\/europeumhotel\/\"]}]}<\/script>\n<!-- \/ Yoast SEO plugin. -->","yoast_head_json":{"title":"Junior Suite &#8211; Europeum Hotel","description":"Objevte podstatu pohodl\u00ed a elegance v na\u0161ich p\u0159epychov\u00fdch apartm\u00e1 junior suite. Prostorn\u00e9 pokoje s klidn\u00fdm v\u00fdhledem do dvora vn\u00e1\u0161ej\u00ed do sv\u00fdch sv\u011btl\u00fdch prostor majest\u00e1tnost historick\u00e9 Vratislavi v podob\u011b pe\u010dliv\u011b vybran\u00fdch detail\u016f a n\u00e1bytku ve stylu vintage.  V ob\u00fdvac\u00ed \u010d\u00e1sti na v\u00e1s \u010dek\u00e1 pohovka, dv\u011b ko\u017een\u00e1 k\u0159esla, st\u016fl a TV","robots":{"index":"index","follow":"follow","max-snippet":"max-snippet:-1","max-image-preview":"max-image-preview:large","max-video-preview":"max-video-preview:-1"},"canonical":"https:\/\/europeum.pl\/cs\/pokoje\/junior-suite\/","og_locale":"cs_CZ","og_type":"article","og_title":"Junior Suite &#8211; Europeum Hotel","og_description":"Objevte podstatu pohodl\u00ed a elegance v na\u0161ich p\u0159epychov\u00fdch apartm\u00e1 junior suite. Prostorn\u00e9 pokoje s klidn\u00fdm v\u00fdhledem do dvora vn\u00e1\u0161ej\u00ed do sv\u00fdch sv\u011btl\u00fdch prostor majest\u00e1tnost historick\u00e9 Vratislavi v podob\u011b pe\u010dliv\u011b vybran\u00fdch detail\u016f a n\u00e1bytku ve stylu vintage.  V ob\u00fdvac\u00ed \u010d\u00e1sti na v\u00e1s \u010dek\u00e1 pohovka, dv\u011b ko\u017een\u00e1 k\u0159esla, st\u016fl a TV","og_url":"https:\/\/europeum.pl\/cs\/pokoje\/junior-suite\/","og_site_name":"Europeum Hotel","article_publisher":"https:\/\/www.facebook.com\/europeum","article_modified_time":"2024-09-06T09:59:27+00:00","og_image":[{"width":1920,"height":1080,"url":"https:\/\/europeum.pl\/wp-content\/uploads\/sites\/68\/2024\/06\/5.jpg","type":"image\/jpeg"}],"twitter_card":"summary_large_image","twitter_misc":{"Odhadovan\u00e1 doba \u010dten\u00ed":"1 minuta"},"schema":{"@context":"https:\/\/schema.org","@graph":[{"@type":"WebPage","@id":"https:\/\/europeum.pl\/cs\/pokoje\/junior-suite\/","url":"https:\/\/europeum.pl\/cs\/pokoje\/junior-suite\/","name":"Junior Suite &#8211; Europeum Hotel","isPartOf":{"@id":"https:\/\/europeum.pl\/cs\/#website"},"datePublished":"2023-10-10T12:07:49+00:00","dateModified":"2024-09-06T09:59:27+00:00","description":"Objevte podstatu pohodl\u00ed a elegance v na\u0161ich p\u0159epychov\u00fdch apartm\u00e1 junior suite. Prostorn\u00e9 pokoje s klidn\u00fdm v\u00fdhledem do dvora vn\u00e1\u0161ej\u00ed do sv\u00fdch sv\u011btl\u00fdch prostor majest\u00e1tnost historick\u00e9 Vratislavi v podob\u011b pe\u010dliv\u011b vybran\u00fdch detail\u016f a n\u00e1bytku ve stylu vintage. V ob\u00fdvac\u00ed \u010d\u00e1sti na v\u00e1s \u010dek\u00e1 pohovka, dv\u011b ko\u017een\u00e1 k\u0159esla, st\u016fl a TV","breadcrumb":{"@id":"https:\/\/europeum.pl\/cs\/pokoje\/junior-suite\/#breadcrumb"},"inLanguage":"cs","potentialAction":[{"@type":"ReadAction","target":["https:\/\/europeum.pl\/cs\/pokoje\/junior-suite\/"]}]},{"@type":"BreadcrumbList","@id":"https:\/\/europeum.pl\/cs\/pokoje\/junior-suite\/#breadcrumb","itemListElement":[{"@type":"ListItem","position":1,"name":"Home","item":"https:\/\/europeum.pl\/cs\/"},{"@type":"ListItem","position":2,"name":"Pokoje","item":"https:\/\/europeum.pl\/cs\/pokoje\/"},{"@type":"ListItem","position":3,"name":"Junior Suite"}]},{"@type":"WebSite","@id":"https:\/\/europeum.pl\/cs\/#website","url":"https:\/\/europeum.pl\/cs\/","name":"Europeum Hotel","description":"","publisher":{"@id":"https:\/\/europeum.pl\/cs\/#organization"},"alternateName":"Europeum Hotel","potentialAction":[{"@type":"SearchAction","target":{"@type":"EntryPoint","urlTemplate":"https:\/\/europeum.pl\/cs\/?s={search_term_string}"},"query-input":"required name=search_term_string"}],"inLanguage":"cs"},{"@type":"Organization","@id":"https:\/\/europeum.pl\/cs\/#organization","name":"Europeum Hotel","alternateName":"Europeum Hotel","url":"https:\/\/europeum.pl\/cs\/","logo":{"@type":"ImageObject","inLanguage":"cs","@id":"https:\/\/europeum.pl\/cs\/#\/schema\/logo\/image\/","url":"https:\/\/europeum.pl\/wp-content\/uploads\/sites\/68\/2023\/10\/logo_europeum_short_version_grey.png","contentUrl":"https:\/\/europeum.pl\/wp-content\/uploads\/sites\/68\/2023\/10\/logo_europeum_short_version_grey.png","width":3508,"height":2480,"caption":"Europeum Hotel"},"image":{"@id":"https:\/\/europeum.pl\/cs\/#\/schema\/logo\/image\/"},"sameAs":["https:\/\/www.facebook.com\/europeum","https:\/\/www.instagram.com\/europeumhotel\/"]}]}},"acf":[],"_links":{"self":[{"href":"https:\/\/europeum.pl\/cs\/wp-json\/wp\/v2\/pages\/1291"}],"collection":[{"href":"https:\/\/europeum.pl\/cs\/wp-json\/wp\/v2\/pages"}],"about":[{"href":"https:\/\/europeum.pl\/cs\/wp-json\/wp\/v2\/types\/page"}],"author":[{"embeddable":true,"href":"https:\/\/europeum.pl\/cs\/wp-json\/wp\/v2\/users\/12"}],"replies":[{"embeddable":true,"href":"https:\/\/europeum.pl\/cs\/wp-json\/wp\/v2\/comments?post=1291"}],"version-history":[{"count":0,"href":"https:\/\/europeum.pl\/cs\/wp-json\/wp\/v2\/pages\/1291\/revisions"}],"up":[{"embeddable":true,"href":"https:\/\/europeum.pl\/cs\/wp-json\/wp\/v2\/pages\/1281"}],"wp:attachment":[{"href":"https:\/\/europeum.pl\/cs\/wp-json\/wp\/v2\/media?parent=1291"}],"curies":[{"name":"wp","href":"https:\/\/api.w.org\/{rel}","templated":true}]}}