{"id":1298,"date":"2023-10-05T09:57:12","date_gmt":"2023-10-05T07:57:12","guid":{"rendered":"https:\/\/europeum-hotel.ms2.decms.eu\/regulamin-hotelowy\/"},"modified":"2024-08-22T18:19:59","modified_gmt":"2024-08-22T16:19:59","slug":"hotelovy-predpis","status":"publish","type":"page","link":"https:\/\/europeum.pl\/cs\/hotelovy-predpis\/","title":{"rendered":"Hotelov\u00fd p\u0159edpis"},"content":{"rendered":"<p><b>HOTEL EUROPEUM Kazimierz Wielki street 27A; 50-077 Wroc\u0142aw<\/b><\/p>\n<p>&nbsp;<\/p>\n<ol>\n<li style=\"font-weight: 400;\" aria-level=\"1\"><span style=\"font-weight: 400;\">With a view to providing the Guests of the Europeum Hotel with top quality services, the hotel rooms undergo quality, condition and cleanliness inspection on a daily basis.<\/span><\/li>\n<\/ol>\n<p>&nbsp;<\/p>\n<p><span style=\"font-weight: 400;\">We kindly request our Guests to cooperate with us in this area.<\/span><\/p>\n<p><span style=\"font-weight: 400;\">Further to the above, the Guest should report to Hotel reception any issues concerning the quality, condition or cleanliness of a hotel room \u2013 in particular any damage, destruction or deficiency \u2013 immediately after checking in, this way enabling the Hotel to respond instantly.<\/span><\/p>\n<p>&nbsp;<\/p>\n<ol>\n<li><span style=\"font-weight: 400;\">The hotel room is rented and charged for minimum 1-day long stays. Check-in hours on the first day of your stay begin from 2.00 pm. Guest are kindly asked to check out by 11.00 am on the last day of the stay.<\/span><\/li>\n<li><span style=\"font-weight: 400;\">The Hotel renders services which agree with its categorized standard. In the event of a complaint on the quality of Hotel services, the Guest shall as promptly as possible (immediately, no later however than by the end of the charging day during which such a complaint arises) report it to the Hotel reception, this way enabling the Hotel to respond instantly.<\/span><\/li>\n<li><span style=\"font-weight: 400;\">The Hotel reception desk is opened from 7.00 am to 12.00 pm and settling payment for services rendered by the Hotel and reporting complaints may be undertaken only during that time. The Hotel is available 24 hours a day, seven days a week.<\/span><\/li>\n<li><span style=\"font-weight: 400;\">The price per night includes or not includes buffet breakfast-it depends of offer what the Guest will choose. However, if fewer than 10 Guests are staying at the Hotel, breakfast is served to the table by the waiting staff.<\/span><\/li>\n<\/ol>\n<p>&nbsp;<\/p>\n<p><span style=\"font-weight: 400;\">The Hotel is obliged to provide its Guests:<\/span><\/p>\n<ol>\n<li style=\"list-style-type: none;\">\n<ol>\n<li style=\"font-weight: 400;\" aria-level=\"2\"><span style=\"font-weight: 400;\">comfortable and undisturbed stay at the Hotel,<\/span><\/li>\n<li style=\"font-weight: 400;\" aria-level=\"2\"><span style=\"font-weight: 400;\">safety and confidentiality,<\/span><\/li>\n<li style=\"font-weight: 400;\" aria-level=\"2\"><span style=\"font-weight: 400;\">professional and polite services,<\/span><\/li>\n<li style=\"font-weight: 400;\" aria-level=\"2\"><span style=\"font-weight: 400;\">room cleaning services and repairs during the Guests` absence. If the Guests are present in their rooms the above services may be rendered only at the Guests` request and upon obtaining the Guests` consent<\/span><\/li>\n<\/ol>\n<\/li>\n<\/ol>\n<p>&nbsp;<\/p>\n<p><span style=\"font-weight: 400;\">At the Guest\u2019s request, the Hotel provides the following additional services:<\/span><\/p>\n<p><span style=\"font-weight: 400;\">7.1. free services:<\/span><\/p>\n<p><span style=\"font-weight: 400;\">7.1.1. provide information regarding journey and the stay at the hotel as well as ordering taxi for a hotel Guests,<\/span><\/p>\n<p><span style=\"font-weight: 400;\">7.1.2. wake-up service,<\/span><\/p>\n<p><span style=\"font-weight: 400;\">7.1.3. Depositing the Guest\u2019s money and valuables in the Hotel safe deposit during his\/her stay (subject to the provisions of point 12 of these Regulations and the provisions of the \u201cHotel Safe Deposit Procedure,\u201d once the \u201cHotel Safe Deposit Form\u201d has been filled in and signed by the Guest. The contents of the abovementioned procedure and the form constitute one document which is available, at the Guest\u2019s request, in the Hotel reception,<\/span><\/p>\n<p><span style=\"font-weight: 400;\">7.1.4. keeping the luggage of the Guests staying at the Hotel,<\/span><\/p>\n<p><span style=\"font-weight: 400;\">7.1.5. Wi-Fi,<\/span><\/p>\n<p><span style=\"font-weight: 400;\">7.1.6. gym, sauna, room-service,<\/span><\/p>\n<p><span style=\"font-weight: 400;\">7.1.7. Providing the Guests with the following devices and accessories, e.g.: a hairdryer, an iron, an ironing board, and umbrellas.<\/span><\/p>\n<p>&nbsp;<\/p>\n<p><span style=\"font-weight: 400;\">7.2. Paid services (on the Guest\u2019s extra order placed at the Hotel reception, and for an extra charge). The list of additional paid services (including laundry and ironing) is available to the Guest at the Hotel reception,<\/span><\/p>\n<p>&nbsp;<\/p>\n<p><span style=\"font-weight: 400;\">The Hotel is to be held responsible for loss or damage of belongings brought therein by the Guests subject to art. 846-849 of the Polish Civil Code.<\/span><\/p>\n<p>&nbsp;<\/p>\n<ol>\n<li style=\"font-weight: 400;\" aria-level=\"1\"><span style=\"font-weight: 400;\">The Guest should notify the Hotel reception of a damage instantly after it has been detected, not later however than by the end of the charging day during which the damage occurred.<\/span><\/li>\n<li style=\"font-weight: 400;\" aria-level=\"1\"><span style=\"font-weight: 400;\">The Guest may not bring into the Hotel any items which can affect the safety, or which have been obtained through the commission of a criminal offence, or the items the possession of which by the Guest is unlawful.<\/span><\/li>\n<li style=\"font-weight: 400;\" aria-level=\"1\"><span style=\"font-weight: 400;\">The Hotel\u2019s responsibility for the loss of or damage to the money, securities, valuables or items of scientific or artistic value shall be limited pursuant to art. 849 of the Polish Civil Code, unless they have been deposited at the Hotel reception.<\/span><\/li>\n<li style=\"font-weight: 400;\" aria-level=\"1\"><span style=\"font-weight: 400;\">The Hotel shall be entitled to refuse to store in the Hotel safe deposit any items which can affect the Hotel safety, or which have been obtained through the commission of a criminal offence, or the items the possession of which by the Guest is unlawful, as well as the money, securities or other valuables, in particular the valuables or items of scientific or artistic value, if they may affect the safety, or if, with regard to their size or standard, their value is too high (i.e. over PLN 20,000.00 \/in words: twenty thousand\/ zlotys), or if they are excessively space-consuming.<\/span><\/li>\n<\/ol>\n<p>&nbsp;<\/p>\n<p><span style=\"font-weight: 400;\">The Hotel shall not be held responsible for loss or damage done to the Guests\u2019 cars or other vehicles belonging to the Guests.<\/span><\/p>\n<p>&nbsp;<\/p>\n<ol>\n<li style=\"font-weight: 400;\" aria-level=\"1\"><span style=\"font-weight: 400;\">The Hotel owns an underground monitored car parking plots, which are not guarded by a security staff.<\/span><\/li>\n<li style=\"font-weight: 400;\" aria-level=\"1\"><span style=\"font-weight: 400;\">The Hotel Guest shall be responsible for any damage, destruction or the loss of Hotel accessories and devices pursuant to the document \u201cPrinciples of Hotel Guests\u2019 responsibility\u201d which are available on request at the Hotel reception.<\/span><\/li>\n<li style=\"font-weight: 400;\" aria-level=\"1\"><span style=\"font-weight: 400;\">The Hotel Guest shall be obliged to pay for the products in the mini-bar located in the Hotel room, which he\/she has used during the stay, and to pay for the telephone in the Hotel room in accordance with the relevant price lists available in the room. The charges given above must be paid by the Guest in cash or by card upon checking out at the latest in order to fully settle the costs of his\/her stay.<\/span><\/li>\n<\/ol>\n<p>&nbsp;<\/p>\n<p><span style=\"font-weight: 400;\">Smoking is forbidden in all Hotel rooms and Hotel premises. Incompliance with the non-smoking regulation is subject to 500 PLN fee for cleaning, which must be paid by the Guest in cash or by card upon checking out at the latest in order to fully settle the costs of his\/her stay.<\/span><\/p>\n<p>&nbsp;<\/p>\n<p><span style=\"font-weight: 400;\">The Guests are kindly asked to ensure that the hotel room doors are always locked when they leave their room. The Guests are also asked to protect their room swipe cards against unauthorized usage of third parties. It is possible to leave the room swipe cards at the reception when leaving the Hotel.<\/span><\/p>\n<p>&nbsp;<\/p>\n<p><span style=\"font-weight: 400;\">Loss or failure to return room swipe card during checking-out is subject to 30 PLN fee which must be paid by the Guest in cash or by card upon checking out at the latest in order to fully settle the costs of his\/her stay.<\/span><\/p>\n<p>&nbsp;<\/p>\n<p><span style=\"font-weight: 400;\">The Guests are kindly asked never to hand over their hotel rooms to third parties even after expiry of their accommodation period.<\/span><\/p>\n<ol>\n<li style=\"font-weight: 400;\" aria-level=\"1\"><span style=\"font-weight: 400;\">Persons visiting the Hotel Guests but who have not been checked-in are allowed to stay in the Hotel from 7.00 am to 10.00 pm. All visitors who stay at the Hotel past 10.00 pm are to be considered as Hotel Guests which are obliged to pay fees for the stay at the Hotel.<\/span><\/li>\n<li style=\"font-weight: 400;\" aria-level=\"1\"><span style=\"font-weight: 400;\">The Hotel Guests are kindly asked to keep silence from 10.00 pm to 7.00 am.<\/span><\/li>\n<\/ol>\n<p>&nbsp;<\/p>\n<p><span style=\"font-weight: 400;\">The Hotel may refuse to provide services to a person who had previously violated the Hotel regulation, didn\u2019t pay for Hotel services or disturbed stay of other Guests or operation of the Hotel.<\/span><\/p>\n<p>&nbsp;<\/p>\n<p><span style=\"font-weight: 400;\">The Hotel shall charge the Guest the price of his\/her stay including the ordered extra paid services in advance, i.e. upon checking in at the Hotel (payable in cash or by card), subject to the sentence hereinbelow, and in the circumstances specified in the present Regulations, where the Guest may pay for the services provided by the Hotel upon checking out.<\/span><\/p>\n<p><span style=\"font-weight: 400;\">The Hotel may accept that the Guest pays for his\/her stay and the extra paid services upon checking out. In such case, the Hotel shall \u2013 upon checking in \u2013 preauthorise the Guest\u2019s credit card for an amount equal to the charge specified hereinabove.<\/span><\/p>\n<p>&nbsp;<\/p>\n<p><span style=\"font-weight: 400;\">The personal belongings which have been left by the Guest in the Hotel room will be posted at the Guest\u2019s request to the address indicated by the Guest in such a request, and at the expense of the Guest.<\/span><\/p>\n<p><span style=\"font-weight: 400;\">If no request has been submitted by the Guest, the Hotel shall keep the belongings for 3 months starting on the day when they were left in the room, and after the lapse of that period the Hotel shall deem those belongings to have been abandoned by the Guest with the intent to relinquish the ownership thereof, and consequently such belongings shall be subject to forfeiture.<\/span><\/p>\n<p>&nbsp;<\/p>\n<p><span style=\"font-weight: 400;\">Pets are not allowed in the Hotel.<\/span><\/p>\n","protected":false},"excerpt":{"rendered":"<p>HOTEL EUROPEUM Kazimierz Wielki street 27A; 50-077 Wroc\u0142aw &nbsp; With a view to providing the Guests of the Europeum Hotel with top quality services, the hotel rooms undergo quality, condition and cleanliness inspection on a daily basis. &nbsp; We kindly request our Guests to cooperate with us in this area. Further to the above, the [&hellip;]<\/p>\n","protected":false},"author":12,"featured_media":0,"parent":0,"menu_order":220,"comment_status":"closed","ping_status":"closed","template":"template-default-4.php","meta":{"footnotes":""},"yoast_head":"<!-- This site is optimized with the Yoast SEO plugin v22.3 - https:\/\/yoast.com\/wordpress\/plugins\/seo\/ -->\n<title>Hotelov\u00fd p\u0159edpis &#8211; Europeum Hotel<\/title>\n<meta name=\"description\" content=\"HOTEL EUROPEUM Kazimierz Wielki street 27A; 50-077 Wroc\u0142aw  &nbsp;   With a view to providing the Guests of the Europeum Hotel with top quality services, the hotel rooms undergo quality, condition and cleanliness inspection on a daily basis.  &nbsp;  We kindly request our Guests to cooperate with us in this area.  Further to the above, the Guest should report to Hotel reception any issues concerning the quality, condition or cleanliness of a hotel room \u2013 in particular any damage, destruction or deficiency \u2013 immediately after checking in, this way enabling the Hotel to respond instantly.  &nbsp;   The hotel room is rented and charged for minimum 1-day long stays. Check-in hours on the first day of your stay begin from 2.00 pm\" \/>\n<meta name=\"robots\" content=\"index, follow, max-snippet:-1, max-image-preview:large, max-video-preview:-1\" \/>\n<link rel=\"canonical\" href=\"https:\/\/europeum.pl\/cs\/hotelovy-predpis\/\" \/>\n<meta property=\"og:locale\" content=\"cs_CZ\" \/>\n<meta property=\"og:type\" content=\"article\" \/>\n<meta property=\"og:title\" content=\"Hotelov\u00fd p\u0159edpis &#8211; Europeum Hotel\" \/>\n<meta property=\"og:description\" content=\"HOTEL EUROPEUM Kazimierz Wielki street 27A; 50-077 Wroc\u0142aw  &nbsp;   With a view to providing the Guests of the Europeum Hotel with top quality services, the hotel rooms undergo quality, condition and cleanliness inspection on a daily basis.  &nbsp;  We kindly request our Guests to cooperate with us in this area.  Further to the above, the Guest should report to Hotel reception any issues concerning the quality, condition or cleanliness of a hotel room \u2013 in particular any damage, destruction or deficiency \u2013 immediately after checking in, this way enabling the Hotel to respond instantly.  &nbsp;   The hotel room is rented and charged for minimum 1-day long stays. Check-in hours on the first day of your stay begin from 2.00 pm\" \/>\n<meta property=\"og:url\" content=\"https:\/\/europeum.pl\/cs\/hotelovy-predpis\/\" \/>\n<meta property=\"og:site_name\" content=\"Europeum Hotel\" \/>\n<meta property=\"article:publisher\" content=\"https:\/\/www.facebook.com\/europeum\" \/>\n<meta property=\"article:modified_time\" content=\"2024-08-22T16:19:59+00:00\" \/>\n<meta property=\"og:image\" content=\"https:\/\/europeum.pl\/wp-content\/uploads\/sites\/68\/2024\/06\/5.jpg\" \/>\n\t<meta property=\"og:image:width\" content=\"1920\" \/>\n\t<meta property=\"og:image:height\" content=\"1080\" \/>\n\t<meta property=\"og:image:type\" content=\"image\/jpeg\" \/>\n<meta name=\"twitter:card\" content=\"summary_large_image\" \/>\n<meta name=\"twitter:label1\" content=\"Odhadovan\u00e1 doba \u010dten\u00ed\" \/>\n\t<meta name=\"twitter:data1\" content=\"7 minut\" \/>\n<script type=\"application\/ld+json\" class=\"yoast-schema-graph\">{\"@context\":\"https:\/\/schema.org\",\"@graph\":[{\"@type\":\"WebPage\",\"@id\":\"https:\/\/europeum.pl\/cs\/hotelovy-predpis\/\",\"url\":\"https:\/\/europeum.pl\/cs\/hotelovy-predpis\/\",\"name\":\"Hotelov\u00fd p\u0159edpis &#8211; Europeum Hotel\",\"isPartOf\":{\"@id\":\"https:\/\/europeum.pl\/cs\/#website\"},\"datePublished\":\"2023-10-05T07:57:12+00:00\",\"dateModified\":\"2024-08-22T16:19:59+00:00\",\"description\":\"HOTEL EUROPEUM Kazimierz Wielki street 27A; 50-077 Wroc\u0142aw &nbsp; \u2022 With a view to providing the Guests of the Europeum Hotel with top quality services, the hotel rooms undergo quality, condition and cleanliness inspection on a daily basis. &nbsp; We kindly request our Guests to cooperate with us in this area. Further to the above, the Guest should report to Hotel reception any issues concerning the quality, condition or cleanliness of a hotel room \u2013 in particular any damage, destruction or deficiency \u2013 immediately after checking in, this way enabling the Hotel to respond instantly. &nbsp; \u2022 The hotel room is rented and charged for minimum 1-day long stays. Check-in hours on the first day of your stay begin from 2.00 pm\",\"breadcrumb\":{\"@id\":\"https:\/\/europeum.pl\/cs\/hotelovy-predpis\/#breadcrumb\"},\"inLanguage\":\"cs\",\"potentialAction\":[{\"@type\":\"ReadAction\",\"target\":[\"https:\/\/europeum.pl\/cs\/hotelovy-predpis\/\"]}]},{\"@type\":\"BreadcrumbList\",\"@id\":\"https:\/\/europeum.pl\/cs\/hotelovy-predpis\/#breadcrumb\",\"itemListElement\":[{\"@type\":\"ListItem\",\"position\":1,\"name\":\"Home\",\"item\":\"https:\/\/europeum.pl\/cs\/\"},{\"@type\":\"ListItem\",\"position\":2,\"name\":\"Hotelov\u00fd p\u0159edpis\"}]},{\"@type\":\"WebSite\",\"@id\":\"https:\/\/europeum.pl\/cs\/#website\",\"url\":\"https:\/\/europeum.pl\/cs\/\",\"name\":\"Europeum Hotel\",\"description\":\"\",\"publisher\":{\"@id\":\"https:\/\/europeum.pl\/cs\/#organization\"},\"alternateName\":\"Europeum Hotel\",\"potentialAction\":[{\"@type\":\"SearchAction\",\"target\":{\"@type\":\"EntryPoint\",\"urlTemplate\":\"https:\/\/europeum.pl\/cs\/?s={search_term_string}\"},\"query-input\":\"required name=search_term_string\"}],\"inLanguage\":\"cs\"},{\"@type\":\"Organization\",\"@id\":\"https:\/\/europeum.pl\/cs\/#organization\",\"name\":\"Europeum Hotel\",\"alternateName\":\"Europeum Hotel\",\"url\":\"https:\/\/europeum.pl\/cs\/\",\"logo\":{\"@type\":\"ImageObject\",\"inLanguage\":\"cs\",\"@id\":\"https:\/\/europeum.pl\/cs\/#\/schema\/logo\/image\/\",\"url\":\"https:\/\/europeum.pl\/wp-content\/uploads\/sites\/68\/2023\/10\/logo_europeum_short_version_grey.png\",\"contentUrl\":\"https:\/\/europeum.pl\/wp-content\/uploads\/sites\/68\/2023\/10\/logo_europeum_short_version_grey.png\",\"width\":3508,\"height\":2480,\"caption\":\"Europeum Hotel\"},\"image\":{\"@id\":\"https:\/\/europeum.pl\/cs\/#\/schema\/logo\/image\/\"},\"sameAs\":[\"https:\/\/www.facebook.com\/europeum\",\"https:\/\/www.instagram.com\/europeumhotel\/\"]}]}<\/script>\n<!-- \/ Yoast SEO plugin. -->","yoast_head_json":{"title":"Hotelov\u00fd p\u0159edpis &#8211; Europeum Hotel","description":"HOTEL EUROPEUM Kazimierz Wielki street 27A; 50-077 Wroc\u0142aw  &nbsp;   With a view to providing the Guests of the Europeum Hotel with top quality services, the hotel rooms undergo quality, condition and cleanliness inspection on a daily basis.  &nbsp;  We kindly request our Guests to cooperate with us in this area.  Further to the above, the Guest should report to Hotel reception any issues concerning the quality, condition or cleanliness of a hotel room \u2013 in particular any damage, destruction or deficiency \u2013 immediately after checking in, this way enabling the Hotel to respond instantly.  &nbsp;   The hotel room is rented and charged for minimum 1-day long stays. Check-in hours on the first day of your stay begin from 2.00 pm","robots":{"index":"index","follow":"follow","max-snippet":"max-snippet:-1","max-image-preview":"max-image-preview:large","max-video-preview":"max-video-preview:-1"},"canonical":"https:\/\/europeum.pl\/cs\/hotelovy-predpis\/","og_locale":"cs_CZ","og_type":"article","og_title":"Hotelov\u00fd p\u0159edpis &#8211; Europeum Hotel","og_description":"HOTEL EUROPEUM Kazimierz Wielki street 27A; 50-077 Wroc\u0142aw  &nbsp;   With a view to providing the Guests of the Europeum Hotel with top quality services, the hotel rooms undergo quality, condition and cleanliness inspection on a daily basis.  &nbsp;  We kindly request our Guests to cooperate with us in this area.  Further to the above, the Guest should report to Hotel reception any issues concerning the quality, condition or cleanliness of a hotel room \u2013 in particular any damage, destruction or deficiency \u2013 immediately after checking in, this way enabling the Hotel to respond instantly.  &nbsp;   The hotel room is rented and charged for minimum 1-day long stays. Check-in hours on the first day of your stay begin from 2.00 pm","og_url":"https:\/\/europeum.pl\/cs\/hotelovy-predpis\/","og_site_name":"Europeum Hotel","article_publisher":"https:\/\/www.facebook.com\/europeum","article_modified_time":"2024-08-22T16:19:59+00:00","og_image":[{"width":1920,"height":1080,"url":"https:\/\/europeum.pl\/wp-content\/uploads\/sites\/68\/2024\/06\/5.jpg","type":"image\/jpeg"}],"twitter_card":"summary_large_image","twitter_misc":{"Odhadovan\u00e1 doba \u010dten\u00ed":"7 minut"},"schema":{"@context":"https:\/\/schema.org","@graph":[{"@type":"WebPage","@id":"https:\/\/europeum.pl\/cs\/hotelovy-predpis\/","url":"https:\/\/europeum.pl\/cs\/hotelovy-predpis\/","name":"Hotelov\u00fd p\u0159edpis &#8211; Europeum Hotel","isPartOf":{"@id":"https:\/\/europeum.pl\/cs\/#website"},"datePublished":"2023-10-05T07:57:12+00:00","dateModified":"2024-08-22T16:19:59+00:00","description":"HOTEL EUROPEUM Kazimierz Wielki street 27A; 50-077 Wroc\u0142aw &nbsp; \u2022 With a view to providing the Guests of the Europeum Hotel with top quality services, the hotel rooms undergo quality, condition and cleanliness inspection on a daily basis. &nbsp; We kindly request our Guests to cooperate with us in this area. Further to the above, the Guest should report to Hotel reception any issues concerning the quality, condition or cleanliness of a hotel room \u2013 in particular any damage, destruction or deficiency \u2013 immediately after checking in, this way enabling the Hotel to respond instantly. &nbsp; \u2022 The hotel room is rented and charged for minimum 1-day long stays. Check-in hours on the first day of your stay begin from 2.00 pm","breadcrumb":{"@id":"https:\/\/europeum.pl\/cs\/hotelovy-predpis\/#breadcrumb"},"inLanguage":"cs","potentialAction":[{"@type":"ReadAction","target":["https:\/\/europeum.pl\/cs\/hotelovy-predpis\/"]}]},{"@type":"BreadcrumbList","@id":"https:\/\/europeum.pl\/cs\/hotelovy-predpis\/#breadcrumb","itemListElement":[{"@type":"ListItem","position":1,"name":"Home","item":"https:\/\/europeum.pl\/cs\/"},{"@type":"ListItem","position":2,"name":"Hotelov\u00fd p\u0159edpis"}]},{"@type":"WebSite","@id":"https:\/\/europeum.pl\/cs\/#website","url":"https:\/\/europeum.pl\/cs\/","name":"Europeum Hotel","description":"","publisher":{"@id":"https:\/\/europeum.pl\/cs\/#organization"},"alternateName":"Europeum Hotel","potentialAction":[{"@type":"SearchAction","target":{"@type":"EntryPoint","urlTemplate":"https:\/\/europeum.pl\/cs\/?s={search_term_string}"},"query-input":"required name=search_term_string"}],"inLanguage":"cs"},{"@type":"Organization","@id":"https:\/\/europeum.pl\/cs\/#organization","name":"Europeum Hotel","alternateName":"Europeum Hotel","url":"https:\/\/europeum.pl\/cs\/","logo":{"@type":"ImageObject","inLanguage":"cs","@id":"https:\/\/europeum.pl\/cs\/#\/schema\/logo\/image\/","url":"https:\/\/europeum.pl\/wp-content\/uploads\/sites\/68\/2023\/10\/logo_europeum_short_version_grey.png","contentUrl":"https:\/\/europeum.pl\/wp-content\/uploads\/sites\/68\/2023\/10\/logo_europeum_short_version_grey.png","width":3508,"height":2480,"caption":"Europeum Hotel"},"image":{"@id":"https:\/\/europeum.pl\/cs\/#\/schema\/logo\/image\/"},"sameAs":["https:\/\/www.facebook.com\/europeum","https:\/\/www.instagram.com\/europeumhotel\/"]}]}},"acf":[],"_links":{"self":[{"href":"https:\/\/europeum.pl\/cs\/wp-json\/wp\/v2\/pages\/1298"}],"collection":[{"href":"https:\/\/europeum.pl\/cs\/wp-json\/wp\/v2\/pages"}],"about":[{"href":"https:\/\/europeum.pl\/cs\/wp-json\/wp\/v2\/types\/page"}],"author":[{"embeddable":true,"href":"https:\/\/europeum.pl\/cs\/wp-json\/wp\/v2\/users\/12"}],"replies":[{"embeddable":true,"href":"https:\/\/europeum.pl\/cs\/wp-json\/wp\/v2\/comments?post=1298"}],"version-history":[{"count":0,"href":"https:\/\/europeum.pl\/cs\/wp-json\/wp\/v2\/pages\/1298\/revisions"}],"wp:attachment":[{"href":"https:\/\/europeum.pl\/cs\/wp-json\/wp\/v2\/media?parent=1298"}],"curies":[{"name":"wp","href":"https:\/\/api.w.org\/{rel}","templated":true}]}}