{"id":1301,"date":"2024-08-08T11:21:19","date_gmt":"2024-08-08T09:21:19","guid":{"rendered":"https:\/\/europeum-hotel.ms2.decms.eu\/polska-szkola-plakatu\/"},"modified":"2024-08-22T18:27:11","modified_gmt":"2024-08-22T16:27:11","slug":"polska-skola-plakatu","status":"publish","type":"page","link":"https:\/\/europeum.pl\/cs\/polska-skola-plakatu\/","title":{"rendered":"Polsk\u00e1 \u0161kola plak\u00e1tu"},"content":{"rendered":"<p>Pokud se ocitnete p\u0159i proch\u00e1zce chodbami hotelu Europeum, nezapome\u0148te si vyhradit chv\u00edli na obdivov\u00e1n\u00ed vynikaj\u00edc\u00edch d\u011bl Polsk\u00e9 \u0161koly plak\u00e1tu.<\/p>\n<p>Term\u00edn byl vytvo\u0159en v 60. letech 20. stolet\u00ed k popisu skupiny polsk\u00fdch plak\u00e1tov\u00fdch um\u011blc\u016f, kte\u0159\u00ed vytv\u00e1\u0159eli jedine\u010dn\u00e9, stylov\u011b rozmanit\u00e9 plak\u00e1ty na politick\u00e1, kulturn\u00ed a soci\u00e1ln\u00ed t\u00e9mata a byli \u0161iroce oce\u0148ov\u00e1ni po cel\u00e9m sv\u011bt\u011b.<\/p>\n<p>Polsk\u00fd um\u011bleck\u00fd plak\u00e1t za\u010dal vznikat ji\u017e v roce 1899, nap\u0159\u00edklad speci\u00e1ln\u00edmi tisky jako &#8222;Interi\u00e9r&#8220; od Stanis\u0142awa Wyspia\u0144sk\u00e9ho. Tyto plak\u00e1ty spojovala stru\u010dnost, ironie, ekonomie formy a inovativn\u00ed p\u00edsmo.<\/p>\n<p>Plak\u00e1ty jsou zaj\u00edmav\u00e9 t\u00edm, \u017ee odr\u00e1\u017eej\u00ed politick\u00e9 a soci\u00e1ln\u00ed ot\u00e1zky doby, ve kter\u00e9 byly vytvo\u0159eny, a jsou st\u00e1le aktu\u00e1ln\u00ed i dnes.<\/p>\n<p>D\u011bdictv\u00ed Polsk\u00e9 \u0161koly plak\u00e1tu p\u0159etrv\u00e1v\u00e1 jako sv\u011bdectv\u00ed s\u00edly estetick\u00e9ho, origin\u00e1ln\u00edho designu a jeho schopnosti p\u0159ed\u00e1vat d\u016fle\u017eit\u00e1 poselstv\u00ed.<\/p>\n","protected":false},"excerpt":{"rendered":"<p>Pokud se ocitnete p\u0159i proch\u00e1zce chodbami hotelu Europeum, nezapome\u0148te si vyhradit chv\u00edli na obdivov\u00e1n\u00ed vynikaj\u00edc\u00edch d\u011bl Polsk\u00e9 \u0161koly plak\u00e1tu. Term\u00edn byl vytvo\u0159en v 60. letech 20. stolet\u00ed k popisu skupiny polsk\u00fdch plak\u00e1tov\u00fdch um\u011blc\u016f, kte\u0159\u00ed vytv\u00e1\u0159eli jedine\u010dn\u00e9, stylov\u011b rozmanit\u00e9 plak\u00e1ty na politick\u00e1, kulturn\u00ed a soci\u00e1ln\u00ed t\u00e9mata a byli \u0161iroce oce\u0148ov\u00e1ni po cel\u00e9m sv\u011bt\u011b. Polsk\u00fd um\u011bleck\u00fd plak\u00e1t [&hellip;]<\/p>\n","protected":false},"author":12,"featured_media":0,"parent":0,"menu_order":6,"comment_status":"closed","ping_status":"closed","template":"template-default-4.php","meta":{"footnotes":""},"yoast_head":"<!-- This site is optimized with the Yoast SEO plugin v22.3 - https:\/\/yoast.com\/wordpress\/plugins\/seo\/ -->\n<title>Polsk\u00e1 \u0161kola plak\u00e1tu &#8211; Europeum Hotel<\/title>\n<meta name=\"description\" content=\"Pokud se ocitnete p\u0159i proch\u00e1zce chodbami hotelu Europeum, nezapome\u0148te si vyhradit chv\u00edli na obdivov\u00e1n\u00ed vynikaj\u00edc\u00edch d\u011bl Polsk\u00e9 \u0161koly plak\u00e1tu.  Term\u00edn byl vytvo\u0159en v 60. letech 20\" \/>\n<meta name=\"robots\" content=\"index, follow, max-snippet:-1, max-image-preview:large, max-video-preview:-1\" \/>\n<link rel=\"canonical\" href=\"https:\/\/europeum.pl\/cs\/polska-skola-plakatu\/\" \/>\n<meta property=\"og:locale\" content=\"cs_CZ\" \/>\n<meta property=\"og:type\" content=\"article\" \/>\n<meta property=\"og:title\" content=\"Polsk\u00e1 \u0161kola plak\u00e1tu &#8211; Europeum Hotel\" \/>\n<meta property=\"og:description\" content=\"Pokud se ocitnete p\u0159i proch\u00e1zce chodbami hotelu Europeum, nezapome\u0148te si vyhradit chv\u00edli na obdivov\u00e1n\u00ed vynikaj\u00edc\u00edch d\u011bl Polsk\u00e9 \u0161koly plak\u00e1tu.  Term\u00edn byl vytvo\u0159en v 60. letech 20\" \/>\n<meta property=\"og:url\" content=\"https:\/\/europeum.pl\/cs\/polska-skola-plakatu\/\" \/>\n<meta property=\"og:site_name\" content=\"Europeum Hotel\" \/>\n<meta property=\"article:publisher\" content=\"https:\/\/www.facebook.com\/europeum\" \/>\n<meta property=\"article:modified_time\" content=\"2024-08-22T16:27:11+00:00\" \/>\n<meta property=\"og:image\" content=\"https:\/\/europeum.pl\/wp-content\/uploads\/sites\/68\/2024\/06\/5.jpg\" \/>\n\t<meta property=\"og:image:width\" content=\"1920\" \/>\n\t<meta property=\"og:image:height\" content=\"1080\" \/>\n\t<meta property=\"og:image:type\" content=\"image\/jpeg\" \/>\n<meta name=\"twitter:card\" content=\"summary_large_image\" \/>\n<meta name=\"twitter:label1\" content=\"Odhadovan\u00e1 doba \u010dten\u00ed\" \/>\n\t<meta name=\"twitter:data1\" content=\"1 minuta\" \/>\n<script type=\"application\/ld+json\" class=\"yoast-schema-graph\">{\"@context\":\"https:\/\/schema.org\",\"@graph\":[{\"@type\":\"WebPage\",\"@id\":\"https:\/\/europeum.pl\/cs\/polska-skola-plakatu\/\",\"url\":\"https:\/\/europeum.pl\/cs\/polska-skola-plakatu\/\",\"name\":\"Polsk\u00e1 \u0161kola plak\u00e1tu &#8211; Europeum Hotel\",\"isPartOf\":{\"@id\":\"https:\/\/europeum.pl\/cs\/#website\"},\"datePublished\":\"2024-08-08T09:21:19+00:00\",\"dateModified\":\"2024-08-22T16:27:11+00:00\",\"description\":\"Pokud se ocitnete p\u0159i proch\u00e1zce chodbami hotelu Europeum, nezapome\u0148te si vyhradit chv\u00edli na obdivov\u00e1n\u00ed vynikaj\u00edc\u00edch d\u011bl Polsk\u00e9 \u0161koly plak\u00e1tu. Term\u00edn byl vytvo\u0159en v 60. letech 20\",\"breadcrumb\":{\"@id\":\"https:\/\/europeum.pl\/cs\/polska-skola-plakatu\/#breadcrumb\"},\"inLanguage\":\"cs\",\"potentialAction\":[{\"@type\":\"ReadAction\",\"target\":[\"https:\/\/europeum.pl\/cs\/polska-skola-plakatu\/\"]}]},{\"@type\":\"BreadcrumbList\",\"@id\":\"https:\/\/europeum.pl\/cs\/polska-skola-plakatu\/#breadcrumb\",\"itemListElement\":[{\"@type\":\"ListItem\",\"position\":1,\"name\":\"Home\",\"item\":\"https:\/\/europeum.pl\/cs\/\"},{\"@type\":\"ListItem\",\"position\":2,\"name\":\"Polsk\u00e1 \u0161kola plak\u00e1tu\"}]},{\"@type\":\"WebSite\",\"@id\":\"https:\/\/europeum.pl\/cs\/#website\",\"url\":\"https:\/\/europeum.pl\/cs\/\",\"name\":\"Europeum Hotel\",\"description\":\"\",\"publisher\":{\"@id\":\"https:\/\/europeum.pl\/cs\/#organization\"},\"alternateName\":\"Europeum Hotel\",\"potentialAction\":[{\"@type\":\"SearchAction\",\"target\":{\"@type\":\"EntryPoint\",\"urlTemplate\":\"https:\/\/europeum.pl\/cs\/?s={search_term_string}\"},\"query-input\":\"required name=search_term_string\"}],\"inLanguage\":\"cs\"},{\"@type\":\"Organization\",\"@id\":\"https:\/\/europeum.pl\/cs\/#organization\",\"name\":\"Europeum Hotel\",\"alternateName\":\"Europeum Hotel\",\"url\":\"https:\/\/europeum.pl\/cs\/\",\"logo\":{\"@type\":\"ImageObject\",\"inLanguage\":\"cs\",\"@id\":\"https:\/\/europeum.pl\/cs\/#\/schema\/logo\/image\/\",\"url\":\"https:\/\/europeum.pl\/wp-content\/uploads\/sites\/68\/2023\/10\/logo_europeum_short_version_grey.png\",\"contentUrl\":\"https:\/\/europeum.pl\/wp-content\/uploads\/sites\/68\/2023\/10\/logo_europeum_short_version_grey.png\",\"width\":3508,\"height\":2480,\"caption\":\"Europeum Hotel\"},\"image\":{\"@id\":\"https:\/\/europeum.pl\/cs\/#\/schema\/logo\/image\/\"},\"sameAs\":[\"https:\/\/www.facebook.com\/europeum\",\"https:\/\/www.instagram.com\/europeumhotel\/\"]}]}<\/script>\n<!-- \/ Yoast SEO plugin. -->","yoast_head_json":{"title":"Polsk\u00e1 \u0161kola plak\u00e1tu &#8211; Europeum Hotel","description":"Pokud se ocitnete p\u0159i proch\u00e1zce chodbami hotelu Europeum, nezapome\u0148te si vyhradit chv\u00edli na obdivov\u00e1n\u00ed vynikaj\u00edc\u00edch d\u011bl Polsk\u00e9 \u0161koly plak\u00e1tu.  Term\u00edn byl vytvo\u0159en v 60. letech 20","robots":{"index":"index","follow":"follow","max-snippet":"max-snippet:-1","max-image-preview":"max-image-preview:large","max-video-preview":"max-video-preview:-1"},"canonical":"https:\/\/europeum.pl\/cs\/polska-skola-plakatu\/","og_locale":"cs_CZ","og_type":"article","og_title":"Polsk\u00e1 \u0161kola plak\u00e1tu &#8211; Europeum Hotel","og_description":"Pokud se ocitnete p\u0159i proch\u00e1zce chodbami hotelu Europeum, nezapome\u0148te si vyhradit chv\u00edli na obdivov\u00e1n\u00ed vynikaj\u00edc\u00edch d\u011bl Polsk\u00e9 \u0161koly plak\u00e1tu.  Term\u00edn byl vytvo\u0159en v 60. letech 20","og_url":"https:\/\/europeum.pl\/cs\/polska-skola-plakatu\/","og_site_name":"Europeum Hotel","article_publisher":"https:\/\/www.facebook.com\/europeum","article_modified_time":"2024-08-22T16:27:11+00:00","og_image":[{"width":1920,"height":1080,"url":"https:\/\/europeum.pl\/wp-content\/uploads\/sites\/68\/2024\/06\/5.jpg","type":"image\/jpeg"}],"twitter_card":"summary_large_image","twitter_misc":{"Odhadovan\u00e1 doba \u010dten\u00ed":"1 minuta"},"schema":{"@context":"https:\/\/schema.org","@graph":[{"@type":"WebPage","@id":"https:\/\/europeum.pl\/cs\/polska-skola-plakatu\/","url":"https:\/\/europeum.pl\/cs\/polska-skola-plakatu\/","name":"Polsk\u00e1 \u0161kola plak\u00e1tu &#8211; Europeum Hotel","isPartOf":{"@id":"https:\/\/europeum.pl\/cs\/#website"},"datePublished":"2024-08-08T09:21:19+00:00","dateModified":"2024-08-22T16:27:11+00:00","description":"Pokud se ocitnete p\u0159i proch\u00e1zce chodbami hotelu Europeum, nezapome\u0148te si vyhradit chv\u00edli na obdivov\u00e1n\u00ed vynikaj\u00edc\u00edch d\u011bl Polsk\u00e9 \u0161koly plak\u00e1tu. Term\u00edn byl vytvo\u0159en v 60. letech 20","breadcrumb":{"@id":"https:\/\/europeum.pl\/cs\/polska-skola-plakatu\/#breadcrumb"},"inLanguage":"cs","potentialAction":[{"@type":"ReadAction","target":["https:\/\/europeum.pl\/cs\/polska-skola-plakatu\/"]}]},{"@type":"BreadcrumbList","@id":"https:\/\/europeum.pl\/cs\/polska-skola-plakatu\/#breadcrumb","itemListElement":[{"@type":"ListItem","position":1,"name":"Home","item":"https:\/\/europeum.pl\/cs\/"},{"@type":"ListItem","position":2,"name":"Polsk\u00e1 \u0161kola plak\u00e1tu"}]},{"@type":"WebSite","@id":"https:\/\/europeum.pl\/cs\/#website","url":"https:\/\/europeum.pl\/cs\/","name":"Europeum Hotel","description":"","publisher":{"@id":"https:\/\/europeum.pl\/cs\/#organization"},"alternateName":"Europeum Hotel","potentialAction":[{"@type":"SearchAction","target":{"@type":"EntryPoint","urlTemplate":"https:\/\/europeum.pl\/cs\/?s={search_term_string}"},"query-input":"required name=search_term_string"}],"inLanguage":"cs"},{"@type":"Organization","@id":"https:\/\/europeum.pl\/cs\/#organization","name":"Europeum Hotel","alternateName":"Europeum Hotel","url":"https:\/\/europeum.pl\/cs\/","logo":{"@type":"ImageObject","inLanguage":"cs","@id":"https:\/\/europeum.pl\/cs\/#\/schema\/logo\/image\/","url":"https:\/\/europeum.pl\/wp-content\/uploads\/sites\/68\/2023\/10\/logo_europeum_short_version_grey.png","contentUrl":"https:\/\/europeum.pl\/wp-content\/uploads\/sites\/68\/2023\/10\/logo_europeum_short_version_grey.png","width":3508,"height":2480,"caption":"Europeum Hotel"},"image":{"@id":"https:\/\/europeum.pl\/cs\/#\/schema\/logo\/image\/"},"sameAs":["https:\/\/www.facebook.com\/europeum","https:\/\/www.instagram.com\/europeumhotel\/"]}]}},"acf":[],"_links":{"self":[{"href":"https:\/\/europeum.pl\/cs\/wp-json\/wp\/v2\/pages\/1301"}],"collection":[{"href":"https:\/\/europeum.pl\/cs\/wp-json\/wp\/v2\/pages"}],"about":[{"href":"https:\/\/europeum.pl\/cs\/wp-json\/wp\/v2\/types\/page"}],"author":[{"embeddable":true,"href":"https:\/\/europeum.pl\/cs\/wp-json\/wp\/v2\/users\/12"}],"replies":[{"embeddable":true,"href":"https:\/\/europeum.pl\/cs\/wp-json\/wp\/v2\/comments?post=1301"}],"version-history":[{"count":0,"href":"https:\/\/europeum.pl\/cs\/wp-json\/wp\/v2\/pages\/1301\/revisions"}],"wp:attachment":[{"href":"https:\/\/europeum.pl\/cs\/wp-json\/wp\/v2\/media?parent=1301"}],"curies":[{"name":"wp","href":"https:\/\/api.w.org\/{rel}","templated":true}]}}