{"id":1351,"date":"2023-10-13T11:19:00","date_gmt":"2023-10-13T09:19:00","guid":{"rendered":"https:\/\/europeum-hotel.ms2.decms.eu\/lokalizacja\/"},"modified":"2024-08-23T16:51:50","modified_gmt":"2024-08-23T14:51:50","slug":"lokalizace","status":"publish","type":"page","link":"https:\/\/europeum.pl\/cs\/lokalizace\/","title":{"rendered":"Lokalizace"},"content":{"rendered":"<h5>Jsme r\u00e1di v centru d\u011bn\u00ed, a proto se n\u00e1\u0161 hotel nach\u00e1z\u00ed v srdci Vratislavi, pouh\u00fdch 300 metr\u016f od \u017eivotem pulzuj\u00edc\u00edho Rynku.<\/h5>\n<p>Nach\u00e1z\u00edme se v okol\u00ed \u010ctvrti \u010dty\u0159 chr\u00e1m\u016f, historick\u00e9 a malebn\u00e9 \u010d\u00e1sti m\u011bsta, kter\u00e1 osl\u0148uje historick\u00fdmi kostely, operou, divadly a N\u00e1rodn\u00edm hudebn\u00edm f\u00f3rem. V okol\u00ed najdete \u00fatuln\u00e9 kav\u00e1rny, bary a restaurace, ale tak\u00e9 mnoho turistick\u00fdch atrakc\u00ed nebo n\u00e1kupn\u00edch center. Pr\u00e1v\u011b zde se rozv\u00edj\u00ed kulturn\u00ed a spole\u010densk\u00fd \u017eivot Vratislavi.<\/p>\n<p>Vratislav nen\u00ed jen kouzeln\u00fd Tumsk\u00fd ostrov, ZOO nebo Rynek, ale tak\u00e9 m\u011bsto, kter\u00e9 nikdy nesp\u00ed. Svatoj\u00e1nsk\u00e9 a v\u00e1no\u010dn\u00ed trhy, filmov\u00e9 festivaly, Europa Na Widelcu, Jazz na Od\u0159e, Kytarov\u00fd Guinness\u016fv rekord a mnoho dal\u0161\u00edch akc\u00ed p\u0159itahuje do Vratislavi davy turist\u016f. N\u00e1\u0161 pe\u010dliv\u00fd a kvalifikovan\u00fd person\u00e1l v\u00e1m r\u00e1d pom\u016f\u017ee napl\u00e1novat ubytov\u00e1n\u00ed i voln\u00fd \u010das a porad\u00ed v\u00e1m s jedine\u010dn\u00fdmi turistick\u00fdmi zaj\u00edmavostmi.<\/p>\n","protected":false},"excerpt":{"rendered":"<p>Jsme r\u00e1di v centru d\u011bn\u00ed, a proto se n\u00e1\u0161 hotel nach\u00e1z\u00ed v srdci Vratislavi, pouh\u00fdch 300 metr\u016f od \u017eivotem pulzuj\u00edc\u00edho Rynku. Nach\u00e1z\u00edme se v okol\u00ed \u010ctvrti \u010dty\u0159 chr\u00e1m\u016f, historick\u00e9 a malebn\u00e9 \u010d\u00e1sti m\u011bsta, kter\u00e1 osl\u0148uje historick\u00fdmi kostely, operou, divadly a N\u00e1rodn\u00edm hudebn\u00edm f\u00f3rem. V okol\u00ed najdete \u00fatuln\u00e9 kav\u00e1rny, bary a restaurace, ale tak\u00e9 mnoho turistick\u00fdch [&hellip;]<\/p>\n","protected":false},"author":12,"featured_media":0,"parent":0,"menu_order":100,"comment_status":"closed","ping_status":"closed","template":"template-location.php","meta":{"footnotes":""},"yoast_head":"<!-- This site is optimized with the Yoast SEO plugin v22.3 - https:\/\/yoast.com\/wordpress\/plugins\/seo\/ -->\n<title>Lokalizace &#8211; Europeum Hotel<\/title>\n<meta name=\"description\" content=\"Jsme r\u00e1di v centru d\u011bn\u00ed, a proto se n\u00e1\u0161 hotel nach\u00e1z\u00ed v srdci Vratislavi, pouh\u00fdch 300 metr\u016f od \u017eivotem pulzuj\u00edc\u00edho Rynku. Nach\u00e1z\u00edme se v okol\u00ed \u010ctvrti \u010dty\u0159 chr\u00e1m\u016f, historick\u00e9 a malebn\u00e9 \u010d\u00e1sti m\u011bsta, kter\u00e1 osl\u0148uje historick\u00fdmi kostely, operou, divadly a N\u00e1rodn\u00edm hudebn\u00edm f\u00f3rem. V okol\u00ed najdete \u00fatuln\u00e9 kav\u00e1rny, bary a restaurace, ale tak\u00e9 mnoho turistick\u00fdch atrakc\u00ed nebo n\u00e1kupn\u00edch center\" \/>\n<meta name=\"robots\" content=\"index, follow, max-snippet:-1, max-image-preview:large, max-video-preview:-1\" \/>\n<link rel=\"canonical\" href=\"https:\/\/europeum.pl\/cs\/lokalizace\/\" \/>\n<meta property=\"og:locale\" content=\"cs_CZ\" \/>\n<meta property=\"og:type\" content=\"article\" \/>\n<meta property=\"og:title\" content=\"Lokalizace &#8211; Europeum Hotel\" \/>\n<meta property=\"og:description\" content=\"Jsme r\u00e1di v centru d\u011bn\u00ed, a proto se n\u00e1\u0161 hotel nach\u00e1z\u00ed v srdci Vratislavi, pouh\u00fdch 300 metr\u016f od \u017eivotem pulzuj\u00edc\u00edho Rynku. Nach\u00e1z\u00edme se v okol\u00ed \u010ctvrti \u010dty\u0159 chr\u00e1m\u016f, historick\u00e9 a malebn\u00e9 \u010d\u00e1sti m\u011bsta, kter\u00e1 osl\u0148uje historick\u00fdmi kostely, operou, divadly a N\u00e1rodn\u00edm hudebn\u00edm f\u00f3rem. V okol\u00ed najdete \u00fatuln\u00e9 kav\u00e1rny, bary a restaurace, ale tak\u00e9 mnoho turistick\u00fdch atrakc\u00ed nebo n\u00e1kupn\u00edch center\" \/>\n<meta property=\"og:url\" content=\"https:\/\/europeum.pl\/cs\/lokalizace\/\" \/>\n<meta property=\"og:site_name\" content=\"Europeum Hotel\" \/>\n<meta property=\"article:publisher\" content=\"https:\/\/www.facebook.com\/europeum\" \/>\n<meta property=\"article:modified_time\" content=\"2024-08-23T14:51:50+00:00\" \/>\n<meta property=\"og:image\" content=\"https:\/\/europeum.pl\/wp-content\/uploads\/sites\/68\/2024\/06\/5.jpg\" \/>\n\t<meta property=\"og:image:width\" content=\"1920\" \/>\n\t<meta property=\"og:image:height\" content=\"1080\" \/>\n\t<meta property=\"og:image:type\" content=\"image\/jpeg\" \/>\n<meta name=\"twitter:card\" content=\"summary_large_image\" \/>\n<meta name=\"twitter:label1\" content=\"Odhadovan\u00e1 doba \u010dten\u00ed\" \/>\n\t<meta name=\"twitter:data1\" content=\"1 minuta\" \/>\n<script type=\"application\/ld+json\" class=\"yoast-schema-graph\">{\"@context\":\"https:\/\/schema.org\",\"@graph\":[{\"@type\":\"WebPage\",\"@id\":\"https:\/\/europeum.pl\/cs\/lokalizace\/\",\"url\":\"https:\/\/europeum.pl\/cs\/lokalizace\/\",\"name\":\"Lokalizace &#8211; Europeum Hotel\",\"isPartOf\":{\"@id\":\"https:\/\/europeum.pl\/cs\/#website\"},\"datePublished\":\"2023-10-13T09:19:00+00:00\",\"dateModified\":\"2024-08-23T14:51:50+00:00\",\"description\":\"Jsme r\u00e1di v centru d\u011bn\u00ed, a proto se n\u00e1\u0161 hotel nach\u00e1z\u00ed v srdci Vratislavi, pouh\u00fdch 300 metr\u016f od \u017eivotem pulzuj\u00edc\u00edho Rynku. Nach\u00e1z\u00edme se v okol\u00ed \u010ctvrti \u010dty\u0159 chr\u00e1m\u016f, historick\u00e9 a malebn\u00e9 \u010d\u00e1sti m\u011bsta, kter\u00e1 osl\u0148uje historick\u00fdmi kostely, operou, divadly a N\u00e1rodn\u00edm hudebn\u00edm f\u00f3rem. V okol\u00ed najdete \u00fatuln\u00e9 kav\u00e1rny, bary a restaurace, ale tak\u00e9 mnoho turistick\u00fdch atrakc\u00ed nebo n\u00e1kupn\u00edch center\",\"breadcrumb\":{\"@id\":\"https:\/\/europeum.pl\/cs\/lokalizace\/#breadcrumb\"},\"inLanguage\":\"cs\",\"potentialAction\":[{\"@type\":\"ReadAction\",\"target\":[\"https:\/\/europeum.pl\/cs\/lokalizace\/\"]}]},{\"@type\":\"BreadcrumbList\",\"@id\":\"https:\/\/europeum.pl\/cs\/lokalizace\/#breadcrumb\",\"itemListElement\":[{\"@type\":\"ListItem\",\"position\":1,\"name\":\"Home\",\"item\":\"https:\/\/europeum.pl\/cs\/\"},{\"@type\":\"ListItem\",\"position\":2,\"name\":\"Lokalizace\"}]},{\"@type\":\"WebSite\",\"@id\":\"https:\/\/europeum.pl\/cs\/#website\",\"url\":\"https:\/\/europeum.pl\/cs\/\",\"name\":\"Europeum Hotel\",\"description\":\"\",\"publisher\":{\"@id\":\"https:\/\/europeum.pl\/cs\/#organization\"},\"alternateName\":\"Europeum Hotel\",\"potentialAction\":[{\"@type\":\"SearchAction\",\"target\":{\"@type\":\"EntryPoint\",\"urlTemplate\":\"https:\/\/europeum.pl\/cs\/?s={search_term_string}\"},\"query-input\":\"required name=search_term_string\"}],\"inLanguage\":\"cs\"},{\"@type\":\"Organization\",\"@id\":\"https:\/\/europeum.pl\/cs\/#organization\",\"name\":\"Europeum Hotel\",\"alternateName\":\"Europeum Hotel\",\"url\":\"https:\/\/europeum.pl\/cs\/\",\"logo\":{\"@type\":\"ImageObject\",\"inLanguage\":\"cs\",\"@id\":\"https:\/\/europeum.pl\/cs\/#\/schema\/logo\/image\/\",\"url\":\"https:\/\/europeum.pl\/wp-content\/uploads\/sites\/68\/2023\/10\/logo_europeum_short_version_grey.png\",\"contentUrl\":\"https:\/\/europeum.pl\/wp-content\/uploads\/sites\/68\/2023\/10\/logo_europeum_short_version_grey.png\",\"width\":3508,\"height\":2480,\"caption\":\"Europeum Hotel\"},\"image\":{\"@id\":\"https:\/\/europeum.pl\/cs\/#\/schema\/logo\/image\/\"},\"sameAs\":[\"https:\/\/www.facebook.com\/europeum\",\"https:\/\/www.instagram.com\/europeumhotel\/\"]}]}<\/script>\n<!-- \/ Yoast SEO plugin. -->","yoast_head_json":{"title":"Lokalizace &#8211; Europeum Hotel","description":"Jsme r\u00e1di v centru d\u011bn\u00ed, a proto se n\u00e1\u0161 hotel nach\u00e1z\u00ed v srdci Vratislavi, pouh\u00fdch 300 metr\u016f od \u017eivotem pulzuj\u00edc\u00edho Rynku. Nach\u00e1z\u00edme se v okol\u00ed \u010ctvrti \u010dty\u0159 chr\u00e1m\u016f, historick\u00e9 a malebn\u00e9 \u010d\u00e1sti m\u011bsta, kter\u00e1 osl\u0148uje historick\u00fdmi kostely, operou, divadly a N\u00e1rodn\u00edm hudebn\u00edm f\u00f3rem. V okol\u00ed najdete \u00fatuln\u00e9 kav\u00e1rny, bary a restaurace, ale tak\u00e9 mnoho turistick\u00fdch atrakc\u00ed nebo n\u00e1kupn\u00edch center","robots":{"index":"index","follow":"follow","max-snippet":"max-snippet:-1","max-image-preview":"max-image-preview:large","max-video-preview":"max-video-preview:-1"},"canonical":"https:\/\/europeum.pl\/cs\/lokalizace\/","og_locale":"cs_CZ","og_type":"article","og_title":"Lokalizace &#8211; Europeum Hotel","og_description":"Jsme r\u00e1di v centru d\u011bn\u00ed, a proto se n\u00e1\u0161 hotel nach\u00e1z\u00ed v srdci Vratislavi, pouh\u00fdch 300 metr\u016f od \u017eivotem pulzuj\u00edc\u00edho Rynku. Nach\u00e1z\u00edme se v okol\u00ed \u010ctvrti \u010dty\u0159 chr\u00e1m\u016f, historick\u00e9 a malebn\u00e9 \u010d\u00e1sti m\u011bsta, kter\u00e1 osl\u0148uje historick\u00fdmi kostely, operou, divadly a N\u00e1rodn\u00edm hudebn\u00edm f\u00f3rem. V okol\u00ed najdete \u00fatuln\u00e9 kav\u00e1rny, bary a restaurace, ale tak\u00e9 mnoho turistick\u00fdch atrakc\u00ed nebo n\u00e1kupn\u00edch center","og_url":"https:\/\/europeum.pl\/cs\/lokalizace\/","og_site_name":"Europeum Hotel","article_publisher":"https:\/\/www.facebook.com\/europeum","article_modified_time":"2024-08-23T14:51:50+00:00","og_image":[{"width":1920,"height":1080,"url":"https:\/\/europeum.pl\/wp-content\/uploads\/sites\/68\/2024\/06\/5.jpg","type":"image\/jpeg"}],"twitter_card":"summary_large_image","twitter_misc":{"Odhadovan\u00e1 doba \u010dten\u00ed":"1 minuta"},"schema":{"@context":"https:\/\/schema.org","@graph":[{"@type":"WebPage","@id":"https:\/\/europeum.pl\/cs\/lokalizace\/","url":"https:\/\/europeum.pl\/cs\/lokalizace\/","name":"Lokalizace &#8211; Europeum Hotel","isPartOf":{"@id":"https:\/\/europeum.pl\/cs\/#website"},"datePublished":"2023-10-13T09:19:00+00:00","dateModified":"2024-08-23T14:51:50+00:00","description":"Jsme r\u00e1di v centru d\u011bn\u00ed, a proto se n\u00e1\u0161 hotel nach\u00e1z\u00ed v srdci Vratislavi, pouh\u00fdch 300 metr\u016f od \u017eivotem pulzuj\u00edc\u00edho Rynku. Nach\u00e1z\u00edme se v okol\u00ed \u010ctvrti \u010dty\u0159 chr\u00e1m\u016f, historick\u00e9 a malebn\u00e9 \u010d\u00e1sti m\u011bsta, kter\u00e1 osl\u0148uje historick\u00fdmi kostely, operou, divadly a N\u00e1rodn\u00edm hudebn\u00edm f\u00f3rem. V okol\u00ed najdete \u00fatuln\u00e9 kav\u00e1rny, bary a restaurace, ale tak\u00e9 mnoho turistick\u00fdch atrakc\u00ed nebo n\u00e1kupn\u00edch center","breadcrumb":{"@id":"https:\/\/europeum.pl\/cs\/lokalizace\/#breadcrumb"},"inLanguage":"cs","potentialAction":[{"@type":"ReadAction","target":["https:\/\/europeum.pl\/cs\/lokalizace\/"]}]},{"@type":"BreadcrumbList","@id":"https:\/\/europeum.pl\/cs\/lokalizace\/#breadcrumb","itemListElement":[{"@type":"ListItem","position":1,"name":"Home","item":"https:\/\/europeum.pl\/cs\/"},{"@type":"ListItem","position":2,"name":"Lokalizace"}]},{"@type":"WebSite","@id":"https:\/\/europeum.pl\/cs\/#website","url":"https:\/\/europeum.pl\/cs\/","name":"Europeum Hotel","description":"","publisher":{"@id":"https:\/\/europeum.pl\/cs\/#organization"},"alternateName":"Europeum Hotel","potentialAction":[{"@type":"SearchAction","target":{"@type":"EntryPoint","urlTemplate":"https:\/\/europeum.pl\/cs\/?s={search_term_string}"},"query-input":"required name=search_term_string"}],"inLanguage":"cs"},{"@type":"Organization","@id":"https:\/\/europeum.pl\/cs\/#organization","name":"Europeum Hotel","alternateName":"Europeum Hotel","url":"https:\/\/europeum.pl\/cs\/","logo":{"@type":"ImageObject","inLanguage":"cs","@id":"https:\/\/europeum.pl\/cs\/#\/schema\/logo\/image\/","url":"https:\/\/europeum.pl\/wp-content\/uploads\/sites\/68\/2023\/10\/logo_europeum_short_version_grey.png","contentUrl":"https:\/\/europeum.pl\/wp-content\/uploads\/sites\/68\/2023\/10\/logo_europeum_short_version_grey.png","width":3508,"height":2480,"caption":"Europeum Hotel"},"image":{"@id":"https:\/\/europeum.pl\/cs\/#\/schema\/logo\/image\/"},"sameAs":["https:\/\/www.facebook.com\/europeum","https:\/\/www.instagram.com\/europeumhotel\/"]}]}},"acf":[],"_links":{"self":[{"href":"https:\/\/europeum.pl\/cs\/wp-json\/wp\/v2\/pages\/1351"}],"collection":[{"href":"https:\/\/europeum.pl\/cs\/wp-json\/wp\/v2\/pages"}],"about":[{"href":"https:\/\/europeum.pl\/cs\/wp-json\/wp\/v2\/types\/page"}],"author":[{"embeddable":true,"href":"https:\/\/europeum.pl\/cs\/wp-json\/wp\/v2\/users\/12"}],"replies":[{"embeddable":true,"href":"https:\/\/europeum.pl\/cs\/wp-json\/wp\/v2\/comments?post=1351"}],"version-history":[{"count":0,"href":"https:\/\/europeum.pl\/cs\/wp-json\/wp\/v2\/pages\/1351\/revisions"}],"wp:attachment":[{"href":"https:\/\/europeum.pl\/cs\/wp-json\/wp\/v2\/media?parent=1351"}],"curies":[{"name":"wp","href":"https:\/\/api.w.org\/{rel}","templated":true}]}}