{"id":1453,"date":"2023-10-05T12:19:32","date_gmt":"2023-10-05T10:19:32","guid":{"rendered":"https:\/\/europeum-hotel.ms2.decms.eu\/faq\/"},"modified":"2025-02-24T09:55:44","modified_gmt":"2025-02-24T08:55:44","slug":"faq","status":"publish","type":"page","link":"https:\/\/europeum.pl\/cs\/faq\/","title":{"rendered":"FAQ"},"content":{"rendered":"<p>&nbsp;<\/p>\n<h2 class=\"basic__title t-section-title\" style=\"text-align: center\">HOTEL<\/h2>\n<p><strong>Jak daleko je hotel od centra m\u011bsta?<\/strong><br \/>\nHotel se nach\u00e1z\u00ed p\u0159\u00edmo v centru m\u011bsta, 300 metr\u016f od Tr\u017en\u00edho n\u00e1m\u011bst\u00ed.<\/p>\n<p><strong>V kolik hodin se mus\u00edm p\u0159ihl\u00e1sit a odhl\u00e1sit z hotelu?<\/strong><br \/>\nCheck-in je ve 14 hodin a check-out v 11 hodin.<\/p>\n<p><strong>Jak\u00e9 jsou mo\u017enosti platby v hotelu?<\/strong><br \/>\nHost\u00e9 mohou platit kartou (p\u0159ij\u00edm\u00e1me v\u011bt\u0161inu z nich) nebo v hotovosti (p\u0159ij\u00edm\u00e1me polsk\u00e9 zlot\u00e9 a eura, ale p\u0159i platb\u011b eurem d\u00e1v\u00e1me drobn\u00e9 v polsk\u00fdch zlot\u00fdch)<\/p>\n<p><strong>Budu cestovat s mal\u00fdm d\u00edt\u011btem. Jak\u00e9 za\u0159\u00edzen\u00ed m\u016f\u017eete poskytnout?<\/strong><br \/>\nPoskytujeme d\u011btsk\u00e9 post\u00fdlky, l\u016f\u017ekoviny, deky, no\u010dn\u00edky, mal\u00e9 vani\u010dky, d\u011btsk\u00e1 toaletn\u00ed sed\u00e1tka, ko\u010d\u00e1rky a dal\u0161\u00ed. P\u0159ed proveden\u00edm rezervace se pros\u00edm informujte na recepci o dostupnosti.<\/p>\n<p><strong>Je v hotelu k dispozici pr\u00e1delna?<\/strong><br \/>\nHotel poskytuje slu\u017ebu pran\u00ed a \u017eehlen\u00ed pr\u00e1dla, kter\u00e1 je zad\u00e1v\u00e1na extern\u00ed spole\u010dnosti.<\/p>\n<p><strong>P\u0159ij\u00edm\u00e1 hotel dom\u00e1c\u00ed zv\u00ed\u0159ata?<\/strong><br \/>\nHotel nep\u0159ij\u00edm\u00e1 dom\u00e1c\u00ed zv\u00ed\u0159ata.<\/p>\n<p><strong>Je u hotelu k dispozici parkovi\u0161t\u011b? Je zpoplatn\u011bno dodate\u010dn\u011b?<\/strong><br \/>\nHotel m\u00e1 k dispozici podzemn\u00ed a venkovn\u00ed parkovi\u0161t\u011b, kter\u00e9 stoj\u00ed 50 PLN na den. Parkovi\u0161t\u011b si neobjedn\u00e1v\u00e1me.<\/p>\n<p><strong>Jak se vj\u00ed\u017ed\u00ed na parkovi\u0161t\u011b?<\/strong><br \/>\nHost\u00e9 mus\u00ed odbo\u010dit doprava hned za na\u0161\u00ed hotelovou restaurac\u00ed, pak proj\u00edt mal\u00fdm tunelem, odbo\u010dit doprava a z\u00e1rove\u0148 sledovat b\u00edlou k\u0159ivku namalovanou na zemi. P\u0159ed vjezdem do gar\u00e1\u017e\u00ed pros\u00edm v\u017edy po\u010dkejte na zelenou. V\u011bnujte pros\u00edm pozornost strmosti vjezdu na parkovi\u0161t\u011b. Vozidl\u016fm s n\u00edzk\u00fdm odpru\u017een\u00edm doporu\u010dujeme parkovat na vn\u011bj\u0161\u00edm parkovi\u0161ti.<\/p>\n<p><strong>Jsou v bl\u00edzkosti hotelu autobusov\u00e9 a tramvajov\u00e9 zast\u00e1vky?<\/strong><br \/>\nV okol\u00ed hotelu se nach\u00e1zej\u00ed 3 tramvajov\u00e9 zast\u00e1vky a autobusov\u00e1 zast\u00e1vka, v\u0161echny ve velmi kr\u00e1tk\u00e9 doch\u00e1zkov\u00e9 vzd\u00e1lenosti.<\/p>\n<p><strong>Je mo\u017en\u00e9 si v hotelu p\u016fj\u010dit j\u00edzdn\u00ed kola?<\/strong><br \/>\nJ\u00edzdn\u00ed kola je mo\u017en\u00e9 si zap\u016fj\u010dit.<\/p>\n<p><strong>Jsem alergik, je tento hotel pro m\u011b?<\/strong><br \/>\nAno, hotel je vhodn\u00fd pro hosty se zvl\u00e1\u0161tn\u00edmi pot\u0159ebami z hlediska alergick\u00e9 citlivosti. Nep\u0159ij\u00edm\u00e1n\u00ed dom\u00e1c\u00edch zv\u00ed\u0159at zabra\u0148uje \u0161\u00ed\u0159en\u00ed zv\u00ed\u0159ec\u00edch alergen\u016f. Na\u0161e lo\u017en\u00ed pr\u00e1dlo a matrace, stejn\u011b jako kosmetika dostupn\u00e1 v hotelov\u00fdch pokoj\u00edch spl\u0148uj\u00ed antialergick\u00e1 krit\u00e9ria. Na\u0161e kuchyn\u011b m\u016f\u017ee na po\u017e\u00e1d\u00e1n\u00ed p\u0159ipravit j\u00eddla, kter\u00e1 neobsahuj\u00ed ur\u010dit\u00e9 p\u0159\u00edsady\/alergeny. Sv\u00e9 preference nebo dietn\u00ed po\u017eadavky pros\u00edm v\u017edy oznamte v restauraci. Pokud to bude mo\u017en\u00e9, vyhov\u00edme jim.<\/p>\n<p><strong>Jak daleko od hotelu se nach\u00e1z\u00ed nejbli\u017e\u0161\u00ed bankomat?<\/strong><br \/>\nNejbli\u017e\u0161\u00ed bankomat se nach\u00e1z\u00ed 10 metr\u016f od hotelu a podporuje v\u0161echny platebn\u00ed karty.<\/p>\n<p><strong>Mohu si v hotelu vym\u011bnit m\u011bnu?<\/strong><br \/>\nNe, v hotelu nen\u00ed mo\u017enost sm\u011bny m\u011bn. Nejbli\u017e\u0161\u00ed sm\u011bn\u00e1rna se nach\u00e1z\u00ed 6 minut od hotelu na ulici \u015awidnicka.<\/p>\n<p><strong>Nechal jsem n\u011bco na pokoji, jak mohu z\u00edskat zp\u011bt sv\u016fj majetek?<\/strong><br \/>\nJakmile hotel najde ztracenou v\u011bc, bude host informov\u00e1n a bude stanoven zp\u016fsob vr\u00e1cen\u00ed v\u011bci. Host si objedn\u00e1 kur\u00fdra, kter\u00e9mu z\u00e1silku p\u0159ed\u00e1me.<\/p>\n<p><strong>Je recepce otev\u0159ena i v noci?<\/strong><br \/>\nRecepce je otev\u0159ena nep\u0159etr\u017eit\u011b, aby se na\u0161i host\u00e9 mohli kdykoli p\u0159ihl\u00e1sit, odhl\u00e1sit a p\u0159ij\u00edt s jak\u00fdmkoli probl\u00e9mem, kter\u00fd je t\u0159eba vy\u0159e\u0161it. Pokud chce host obdr\u017eet fakturu, je to mo\u017en\u00e9 od 7.00 do 24.00 hodin.<\/p>\n<p><strong>Je v hotelu \u00faschovna zavazadel?<\/strong><br \/>\nAno, je. Nach\u00e1z\u00ed se v prvn\u00edm pat\u0159e, hned vedle recepce konferen\u010dn\u00edho centra. Je bezplatn\u00e1 a k dispozici 24 hodin denn\u011b, 7 dn\u00ed v t\u00fddnu.<\/p>\n<p><strong>Jak se dostanu do hotelu z leti\u0161t\u011b?<\/strong><br \/>\nDo hotelu se m\u016f\u017eete z leti\u0161t\u011b dostat dv\u011bma zp\u016fsoby. Prvn\u00ed &#8211; objedn\u00e1n\u00edm taxi, druh\u00e1 &#8211; m\u016f\u017eete nastoupit do autobusu \u010d\u00edslo 106, kter\u00fd stav\u00ed 500 metr\u016f od na\u0161eho hotelu, na zast\u00e1vce Orl\u0105t Lwowskich.<\/p>\n<p><strong>Jak se dostanu do hotelu z vlakov\u00e9ho n\u00e1dra\u017e\u00ed?<\/strong><br \/>\nZ vlakov\u00e9ho n\u00e1dra\u017e\u00ed se do hotelu m\u016f\u017eete dostat dv\u011bma zp\u016fsoby. Prvn\u00ed &#8211; objedn\u00e1n\u00edm taxi, druh\u00e1 &#8211; m\u016f\u017eete nasednout na tramvaj nebo autobus jedouc\u00ed na Tr\u017en\u00ed n\u00e1m\u011bst\u00ed nebo do ulice \u015awidnicka.<\/p>\n<p><strong>Jak se dostanu do hotelu z autobusov\u00e9ho n\u00e1dra\u017e\u00ed?<\/strong><br \/>\nExistuj\u00ed dv\u011b mo\u017enosti, jak se do hotelu dostat z autobusov\u00e9ho n\u00e1dra\u017e\u00ed. Prvn\u00ed &#8211; objedn\u00e1n\u00edm taxi, druh\u00e1 &#8211; m\u016f\u017eete nastoupit na tramvaj nebo autobus sm\u011b\u0159uj\u00edc\u00ed na Rynek nebo do ulice \u015awidnicka.<\/p>\n<p><strong>Je mo\u017en\u00e9 si z hotelu objednat taxi?<\/strong><br \/>\nJe mo\u017en\u00e9 si objednat taxi. Informujte n\u00e1s pros\u00edm o sv\u00e9m po\u017eadavku p\u0159edem.<\/p>\n<p><strong>Je v hotelu SPA?<\/strong><br \/>\nV hotelu nen\u00ed SPA. Na\u0161i host\u00e9 v\u0161ak mohou vyu\u017e\u00edt finskou saunu a posilovnu. Sauna je otev\u0159ena denn\u011b od 8 do 22 hodin, zat\u00edmco posilovna je otev\u0159ena od pond\u011bl\u00ed do p\u00e1tku &#8211; od 8 do 22 hodin a o v\u00edkendech &#8211; od 9 do 22 hodin. Host\u00e9 si mohou objednat tak\u00e9 mas\u00e1\u017ee.<\/p>\n<p><strong>Mohu si v hotelu vytisknout j\u00edzdenky na letadlo\/vlak?<\/strong><br \/>\nAno. Na\u0161i host\u00e9 mohou poslat e-mailem sv\u00e9 letenky na recepci, kter\u00e1 je vytiskne.<\/p>\n<p><strong>Je v bl\u00edzkosti hotelu l\u00e9k\u00e1rna?<\/strong><br \/>\nAno, nejbli\u017e\u0161\u00ed l\u00e9k\u00e1rna se nach\u00e1z\u00ed 270 metr\u016f od hotelu.<\/p>\n<p>&nbsp;<\/p>\n<h2 class=\"basic__title t-section-title\" style=\"text-align: center\">REZERVACE<\/h2>\n<p><strong>Bude hotel po zaplacen\u00ed rezervace po\u017eadovat dal\u0161\u00ed platby?<\/strong><br \/>\nP\u0159\u00edpadn\u00e9 dal\u0161\u00ed poplatky mohou vypl\u00fdvat z vyu\u017eit\u00ed dopl\u0148kov\u00fdch slu\u017eeb, jako je pran\u00ed pr\u00e1dla, sn\u00eddan\u011b (pokud nen\u00ed zahrnuta v cen\u011b pokoje), objedn\u00e1vky v restauraci, parkov\u00e1n\u00ed. Pro v\u011bt\u0161\u00ed pohodl\u00ed na\u0161ich host\u016f m\u016f\u017eeme prov\u00e9st p\u0159edb\u011b\u017enou autorizaci p\u0159i check-inu a vy m\u016f\u017eete platbu uhradit p\u0159i odjezdu.<\/p>\n<p><strong>Do hotelu p\u0159ijedu v pozdn\u00edch odpoledn\u00edch hodin\u00e1ch. Jak si mohu zajistit rezervaci?<\/strong><br \/>\nJako hotel doporu\u010dujeme pro zaji\u0161t\u011bn\u00ed rezervace zanechat \u00fadaje o sv\u00e9 platebn\u00ed kart\u011b. Dal\u0161\u00ed mo\u017enost\u00ed je spl\u00e1tka na z\u00e1klad\u011b z\u00e1lohov\u00e9 faktury.<\/p>\n<p><strong>Existuje mo\u017enost d\u0159\u00edv\u011bj\u0161\u00edho p\u0159ihl\u00e1\u0161en\u00ed?<\/strong><br \/>\nAno, z\u00e1le\u017e\u00ed v\u0161ak na obsazenosti. Poplatek za p\u0159ed\u010dasn\u00fd check-in \u010din\u00ed 100 PLN.<\/p>\n<p><strong>Existuje mo\u017enost pozdn\u00edho odhl\u00e1\u0161en\u00ed?<\/strong><br \/>\nAno, z\u00e1le\u017e\u00ed v\u0161ak na dostupnosti. Poplatek za pozdn\u00ed check-out \u010din\u00ed 100 PLN.<\/p>\n<p>&nbsp;<\/p>\n<h2 class=\"basic__title t-section-title\" style=\"text-align: center\">RESTAURACE<\/h2>\n<p><strong>Jak\u00e1 je doba pod\u00e1v\u00e1n\u00ed sn\u00eddan\u011b v restauraci?<\/strong><br \/>\nSn\u00eddan\u011b se pod\u00e1vaj\u00ed ve v\u0161edn\u00ed dny od 7:00 do 10:00 hodin a o v\u00edkendech od 7:00 do 11:00 hodin. Na\u0161i host\u00e9 si mohou objednat pokojovou slu\u017ebu na telefonn\u00edm \u010d\u00edsle 4471.<\/p>\n<p><strong>Jak\u00e1 je doba pod\u00e1v\u00e1n\u00ed j\u00eddel v restauraci?<\/strong><br \/>\nHotelov\u00e1 restaurace je a\u017e do odvol\u00e1n\u00ed uzav\u0159ena.<\/p>\n<p><strong>Odj\u00ed\u017ed\u00edm velmi brzy r\u00e1no a nebudu moci sn\u00eddat v restauraci. Co mi m\u016f\u017ee hotel nab\u00eddnout?<\/strong><br \/>\nPro hosty, kte\u0159\u00ed se nemohou z\u00fa\u010dastnit na\u0161\u00ed sn\u00eddan\u011b, p\u0159ipravujeme speci\u00e1ln\u00ed bal\u00ed\u010dek \u201eSn\u00eddan\u011b s sebou\u201c. O takov\u00e9m po\u017eadavku pros\u00edm p\u0159edem informujte recepci.<\/p>\n<p>&nbsp;<\/p>\n<h2 class=\"basic__title t-section-title\" style=\"text-align: center\">POK\u00d3J<\/h2>\n<p><strong>Cestuji s cenn\u00fdmi p\u0159edm\u011bty &#8211; mohu je bezpe\u010dn\u011b ulo\u017eit na pokoji?<\/strong><br \/>\nKa\u017ed\u00fd pokoj je vybaven uzamykateln\u00fdm trezorem, ke kter\u00e9mu si host\u00e9 nastav\u00ed p\u0159\u00edstupov\u00fd k\u00f3d. Cenn\u00e9 p\u0159edm\u011bty je tak\u00e9 mo\u017en\u00e9 nechat v trezoru na recepci.<\/p>\n<p><strong>Je v pokoj\u00edch mo\u017enost otev\u0159\u00edt okna?<\/strong><br \/>\nNe, v pokoj\u00edch nen\u00ed mo\u017enost otev\u0159\u00edt okna.<\/p>\n<p><strong>Je mo\u017en\u00e9 v pokoj\u00edch kou\u0159it?<\/strong><br \/>\nV hotelu plat\u00ed p\u0159\u00edsn\u00fd z\u00e1kaz kou\u0159en\u00ed (tab\u00e1kov\u00fdch v\u00fdrobk\u016f a elektronick\u00fdch cigaret). Za poru\u0161en\u00ed tohoto pravidla hroz\u00ed finan\u010dn\u00ed pokuta ve v\u00fd\u0161i 500 PLN.<\/p>\n<p><strong>Jsou pokoje p\u0159izp\u016fsobeny pot\u0159eb\u00e1m osob se zdravotn\u00edm posti\u017een\u00edm?<\/strong><br \/>\nHotel m\u00e1 jeden pokoj pln\u011b p\u0159izp\u016fsoben\u00fd pro voz\u00ed\u010dk\u00e1\u0159e. M\u00e1 velk\u00fd pohybliv\u00fd prostor v pokoji a prostornou koupelnu se speci\u00e1ln\u00edm sprchov\u00fdm sed\u00e1tkem. Umyvadlo a toaleta jsou rovn\u011b\u017e odpov\u00eddaj\u00edc\u00edm zp\u016fsobem upraveny.<\/p>\n<p><strong>Je na pokoji k dispozici minibar?<\/strong><br \/>\nNe, v pokoji je pouze ledni\u010dka typu minibar. Nen\u00ed v\u0161ak z\u00e1sobena produkty ur\u010den\u00fdmi ke konzumaci.<\/p>\n<p><strong>Je na pokoji k dispozici ledni\u010dka?<\/strong><br \/>\nNa pokoji je k dispozici ledni\u010dka typu minibar.<\/p>\n<p><strong>Je na pokoji \u017eehli\u010dka?<\/strong><br \/>\nApartm\u00e1ny a pokoje Superior jsou vybaveny \u017eehli\u010dkou a \u017eehlic\u00edm prknem. Do ostatn\u00edch pokoj\u016f poskytujeme \u017eehli\u010dku a \u017eehlic\u00ed prkno na vy\u017e\u00e1d\u00e1n\u00ed.<\/p>\n<p><strong>Je na pokoji k dispozici internet?<\/strong><br \/>\nV ka\u017ed\u00e9m pokoji je k dispozici Wi-Fi p\u0159ipojen\u00ed k internetu.<\/p>\n","protected":false},"excerpt":{"rendered":"<p>&nbsp; HOTEL Jak daleko je hotel od centra m\u011bsta? Hotel se nach\u00e1z\u00ed p\u0159\u00edmo v centru m\u011bsta, 300 metr\u016f od Tr\u017en\u00edho n\u00e1m\u011bst\u00ed. V kolik hodin se mus\u00edm p\u0159ihl\u00e1sit a odhl\u00e1sit z hotelu? Check-in je ve 14 hodin a check-out v 11 hodin. Jak\u00e9 jsou mo\u017enosti platby v hotelu? Host\u00e9 mohou platit kartou (p\u0159ij\u00edm\u00e1me v\u011bt\u0161inu z nich) [&hellip;]<\/p>\n","protected":false},"author":12,"featured_media":0,"parent":0,"menu_order":250,"comment_status":"closed","ping_status":"closed","template":"template-faq.php","meta":{"footnotes":""},"yoast_head":"<!-- This site is optimized with the Yoast SEO plugin v22.3 - https:\/\/yoast.com\/wordpress\/plugins\/seo\/ -->\n<title>FAQ &#8211; Europeum Hotel<\/title>\n<meta name=\"description\" content=\"&nbsp; HOTEL Jak daleko je hotel od centra m\u011bsta? Hotel se nach\u00e1z\u00ed p\u0159\u00edmo v centru m\u011bsta, 300 metr\u016f od Tr\u017en\u00edho n\u00e1m\u011bst\u00ed.  V kolik hodin se mus\u00edm p\u0159ihl\u00e1sit a odhl\u00e1sit z hotelu? Check-in je ve 14 hodin a check-out v 11 hodin.  Jak\u00e9 jsou mo\u017enosti platby v hotelu? Host\u00e9 mohou platit kartou (p\u0159ij\u00edm\u00e1me v\u011bt\u0161inu z nich) nebo v hotovosti (p\u0159ij\u00edm\u00e1me polsk\u00e9 zlot\u00e9 a eura, ale p\u0159i platb\u011b eurem d\u00e1v\u00e1me drobn\u00e9 v polsk\u00fdch zlot\u00fdch)  Budu cestovat s mal\u00fdm d\u00edt\u011btem. Jak\u00e9 za\u0159\u00edzen\u00ed m\u016f\u017eete poskytnout? Poskytujeme d\u011btsk\u00e9 post\u00fdlky, l\u016f\u017ekoviny, deky, no\u010dn\u00edky, mal\u00e9 vani\u010dky, d\u011btsk\u00e1 toaletn\u00ed sed\u00e1tka, ko\u010d\u00e1rky a dal\u0161\u00ed\" \/>\n<meta name=\"robots\" content=\"index, follow, max-snippet:-1, max-image-preview:large, max-video-preview:-1\" \/>\n<link rel=\"canonical\" href=\"https:\/\/europeum.pl\/cs\/faq\/\" \/>\n<meta property=\"og:locale\" content=\"cs_CZ\" \/>\n<meta property=\"og:type\" content=\"article\" \/>\n<meta property=\"og:title\" content=\"FAQ &#8211; Europeum Hotel\" \/>\n<meta property=\"og:description\" content=\"&nbsp; HOTEL Jak daleko je hotel od centra m\u011bsta? Hotel se nach\u00e1z\u00ed p\u0159\u00edmo v centru m\u011bsta, 300 metr\u016f od Tr\u017en\u00edho n\u00e1m\u011bst\u00ed.  V kolik hodin se mus\u00edm p\u0159ihl\u00e1sit a odhl\u00e1sit z hotelu? Check-in je ve 14 hodin a check-out v 11 hodin.  Jak\u00e9 jsou mo\u017enosti platby v hotelu? Host\u00e9 mohou platit kartou (p\u0159ij\u00edm\u00e1me v\u011bt\u0161inu z nich) nebo v hotovosti (p\u0159ij\u00edm\u00e1me polsk\u00e9 zlot\u00e9 a eura, ale p\u0159i platb\u011b eurem d\u00e1v\u00e1me drobn\u00e9 v polsk\u00fdch zlot\u00fdch)  Budu cestovat s mal\u00fdm d\u00edt\u011btem. Jak\u00e9 za\u0159\u00edzen\u00ed m\u016f\u017eete poskytnout? Poskytujeme d\u011btsk\u00e9 post\u00fdlky, l\u016f\u017ekoviny, deky, no\u010dn\u00edky, mal\u00e9 vani\u010dky, d\u011btsk\u00e1 toaletn\u00ed sed\u00e1tka, ko\u010d\u00e1rky a dal\u0161\u00ed\" \/>\n<meta property=\"og:url\" content=\"https:\/\/europeum.pl\/cs\/faq\/\" \/>\n<meta property=\"og:site_name\" content=\"Europeum Hotel\" \/>\n<meta property=\"article:publisher\" content=\"https:\/\/www.facebook.com\/europeum\" \/>\n<meta property=\"article:modified_time\" content=\"2025-02-24T08:55:44+00:00\" \/>\n<meta property=\"og:image\" content=\"https:\/\/europeum.pl\/wp-content\/uploads\/sites\/68\/2024\/06\/5.jpg\" \/>\n\t<meta property=\"og:image:width\" content=\"1920\" \/>\n\t<meta property=\"og:image:height\" content=\"1080\" \/>\n\t<meta property=\"og:image:type\" content=\"image\/jpeg\" \/>\n<meta name=\"twitter:card\" content=\"summary_large_image\" \/>\n<meta name=\"twitter:label1\" content=\"Odhadovan\u00e1 doba \u010dten\u00ed\" \/>\n\t<meta name=\"twitter:data1\" content=\"5 minut\" \/>\n<script type=\"application\/ld+json\" class=\"yoast-schema-graph\">{\"@context\":\"https:\/\/schema.org\",\"@graph\":[{\"@type\":\"WebPage\",\"@id\":\"https:\/\/europeum.pl\/cs\/faq\/\",\"url\":\"https:\/\/europeum.pl\/cs\/faq\/\",\"name\":\"FAQ &#8211; Europeum Hotel\",\"isPartOf\":{\"@id\":\"https:\/\/europeum.pl\/cs\/#website\"},\"datePublished\":\"2023-10-05T10:19:32+00:00\",\"dateModified\":\"2025-02-24T08:55:44+00:00\",\"description\":\"&nbsp; HOTEL Jak daleko je hotel od centra m\u011bsta? Hotel se nach\u00e1z\u00ed p\u0159\u00edmo v centru m\u011bsta, 300 metr\u016f od Tr\u017en\u00edho n\u00e1m\u011bst\u00ed. V kolik hodin se mus\u00edm p\u0159ihl\u00e1sit a odhl\u00e1sit z hotelu? Check-in je ve 14 hodin a check-out v 11 hodin. Jak\u00e9 jsou mo\u017enosti platby v hotelu? Host\u00e9 mohou platit kartou (p\u0159ij\u00edm\u00e1me v\u011bt\u0161inu z nich) nebo v hotovosti (p\u0159ij\u00edm\u00e1me polsk\u00e9 zlot\u00e9 a eura, ale p\u0159i platb\u011b eurem d\u00e1v\u00e1me drobn\u00e9 v polsk\u00fdch zlot\u00fdch) Budu cestovat s mal\u00fdm d\u00edt\u011btem. Jak\u00e9 za\u0159\u00edzen\u00ed m\u016f\u017eete poskytnout? Poskytujeme d\u011btsk\u00e9 post\u00fdlky, l\u016f\u017ekoviny, deky, no\u010dn\u00edky, mal\u00e9 vani\u010dky, d\u011btsk\u00e1 toaletn\u00ed sed\u00e1tka, ko\u010d\u00e1rky a dal\u0161\u00ed\",\"breadcrumb\":{\"@id\":\"https:\/\/europeum.pl\/cs\/faq\/#breadcrumb\"},\"inLanguage\":\"cs\",\"potentialAction\":[{\"@type\":\"ReadAction\",\"target\":[\"https:\/\/europeum.pl\/cs\/faq\/\"]}]},{\"@type\":\"BreadcrumbList\",\"@id\":\"https:\/\/europeum.pl\/cs\/faq\/#breadcrumb\",\"itemListElement\":[{\"@type\":\"ListItem\",\"position\":1,\"name\":\"Home\",\"item\":\"https:\/\/europeum.pl\/cs\/\"},{\"@type\":\"ListItem\",\"position\":2,\"name\":\"FAQ\"}]},{\"@type\":\"WebSite\",\"@id\":\"https:\/\/europeum.pl\/cs\/#website\",\"url\":\"https:\/\/europeum.pl\/cs\/\",\"name\":\"Europeum Hotel\",\"description\":\"\",\"publisher\":{\"@id\":\"https:\/\/europeum.pl\/cs\/#organization\"},\"alternateName\":\"Europeum Hotel\",\"potentialAction\":[{\"@type\":\"SearchAction\",\"target\":{\"@type\":\"EntryPoint\",\"urlTemplate\":\"https:\/\/europeum.pl\/cs\/?s={search_term_string}\"},\"query-input\":\"required name=search_term_string\"}],\"inLanguage\":\"cs\"},{\"@type\":\"Organization\",\"@id\":\"https:\/\/europeum.pl\/cs\/#organization\",\"name\":\"Europeum Hotel\",\"alternateName\":\"Europeum Hotel\",\"url\":\"https:\/\/europeum.pl\/cs\/\",\"logo\":{\"@type\":\"ImageObject\",\"inLanguage\":\"cs\",\"@id\":\"https:\/\/europeum.pl\/cs\/#\/schema\/logo\/image\/\",\"url\":\"https:\/\/europeum.pl\/wp-content\/uploads\/sites\/68\/2023\/10\/logo_europeum_short_version_grey.png\",\"contentUrl\":\"https:\/\/europeum.pl\/wp-content\/uploads\/sites\/68\/2023\/10\/logo_europeum_short_version_grey.png\",\"width\":3508,\"height\":2480,\"caption\":\"Europeum Hotel\"},\"image\":{\"@id\":\"https:\/\/europeum.pl\/cs\/#\/schema\/logo\/image\/\"},\"sameAs\":[\"https:\/\/www.facebook.com\/europeum\",\"https:\/\/www.instagram.com\/europeumhotel\/\"]}]}<\/script>\n<!-- \/ Yoast SEO plugin. -->","yoast_head_json":{"title":"FAQ &#8211; Europeum Hotel","description":"&nbsp; HOTEL Jak daleko je hotel od centra m\u011bsta? Hotel se nach\u00e1z\u00ed p\u0159\u00edmo v centru m\u011bsta, 300 metr\u016f od Tr\u017en\u00edho n\u00e1m\u011bst\u00ed.  V kolik hodin se mus\u00edm p\u0159ihl\u00e1sit a odhl\u00e1sit z hotelu? Check-in je ve 14 hodin a check-out v 11 hodin.  Jak\u00e9 jsou mo\u017enosti platby v hotelu? Host\u00e9 mohou platit kartou (p\u0159ij\u00edm\u00e1me v\u011bt\u0161inu z nich) nebo v hotovosti (p\u0159ij\u00edm\u00e1me polsk\u00e9 zlot\u00e9 a eura, ale p\u0159i platb\u011b eurem d\u00e1v\u00e1me drobn\u00e9 v polsk\u00fdch zlot\u00fdch)  Budu cestovat s mal\u00fdm d\u00edt\u011btem. Jak\u00e9 za\u0159\u00edzen\u00ed m\u016f\u017eete poskytnout? Poskytujeme d\u011btsk\u00e9 post\u00fdlky, l\u016f\u017ekoviny, deky, no\u010dn\u00edky, mal\u00e9 vani\u010dky, d\u011btsk\u00e1 toaletn\u00ed sed\u00e1tka, ko\u010d\u00e1rky a dal\u0161\u00ed","robots":{"index":"index","follow":"follow","max-snippet":"max-snippet:-1","max-image-preview":"max-image-preview:large","max-video-preview":"max-video-preview:-1"},"canonical":"https:\/\/europeum.pl\/cs\/faq\/","og_locale":"cs_CZ","og_type":"article","og_title":"FAQ &#8211; Europeum Hotel","og_description":"&nbsp; HOTEL Jak daleko je hotel od centra m\u011bsta? Hotel se nach\u00e1z\u00ed p\u0159\u00edmo v centru m\u011bsta, 300 metr\u016f od Tr\u017en\u00edho n\u00e1m\u011bst\u00ed.  V kolik hodin se mus\u00edm p\u0159ihl\u00e1sit a odhl\u00e1sit z hotelu? Check-in je ve 14 hodin a check-out v 11 hodin.  Jak\u00e9 jsou mo\u017enosti platby v hotelu? Host\u00e9 mohou platit kartou (p\u0159ij\u00edm\u00e1me v\u011bt\u0161inu z nich) nebo v hotovosti (p\u0159ij\u00edm\u00e1me polsk\u00e9 zlot\u00e9 a eura, ale p\u0159i platb\u011b eurem d\u00e1v\u00e1me drobn\u00e9 v polsk\u00fdch zlot\u00fdch)  Budu cestovat s mal\u00fdm d\u00edt\u011btem. Jak\u00e9 za\u0159\u00edzen\u00ed m\u016f\u017eete poskytnout? Poskytujeme d\u011btsk\u00e9 post\u00fdlky, l\u016f\u017ekoviny, deky, no\u010dn\u00edky, mal\u00e9 vani\u010dky, d\u011btsk\u00e1 toaletn\u00ed sed\u00e1tka, ko\u010d\u00e1rky a dal\u0161\u00ed","og_url":"https:\/\/europeum.pl\/cs\/faq\/","og_site_name":"Europeum Hotel","article_publisher":"https:\/\/www.facebook.com\/europeum","article_modified_time":"2025-02-24T08:55:44+00:00","og_image":[{"width":1920,"height":1080,"url":"https:\/\/europeum.pl\/wp-content\/uploads\/sites\/68\/2024\/06\/5.jpg","type":"image\/jpeg"}],"twitter_card":"summary_large_image","twitter_misc":{"Odhadovan\u00e1 doba \u010dten\u00ed":"5 minut"},"schema":{"@context":"https:\/\/schema.org","@graph":[{"@type":"WebPage","@id":"https:\/\/europeum.pl\/cs\/faq\/","url":"https:\/\/europeum.pl\/cs\/faq\/","name":"FAQ &#8211; Europeum Hotel","isPartOf":{"@id":"https:\/\/europeum.pl\/cs\/#website"},"datePublished":"2023-10-05T10:19:32+00:00","dateModified":"2025-02-24T08:55:44+00:00","description":"&nbsp; HOTEL Jak daleko je hotel od centra m\u011bsta? Hotel se nach\u00e1z\u00ed p\u0159\u00edmo v centru m\u011bsta, 300 metr\u016f od Tr\u017en\u00edho n\u00e1m\u011bst\u00ed. V kolik hodin se mus\u00edm p\u0159ihl\u00e1sit a odhl\u00e1sit z hotelu? Check-in je ve 14 hodin a check-out v 11 hodin. Jak\u00e9 jsou mo\u017enosti platby v hotelu? Host\u00e9 mohou platit kartou (p\u0159ij\u00edm\u00e1me v\u011bt\u0161inu z nich) nebo v hotovosti (p\u0159ij\u00edm\u00e1me polsk\u00e9 zlot\u00e9 a eura, ale p\u0159i platb\u011b eurem d\u00e1v\u00e1me drobn\u00e9 v polsk\u00fdch zlot\u00fdch) Budu cestovat s mal\u00fdm d\u00edt\u011btem. Jak\u00e9 za\u0159\u00edzen\u00ed m\u016f\u017eete poskytnout? Poskytujeme d\u011btsk\u00e9 post\u00fdlky, l\u016f\u017ekoviny, deky, no\u010dn\u00edky, mal\u00e9 vani\u010dky, d\u011btsk\u00e1 toaletn\u00ed sed\u00e1tka, ko\u010d\u00e1rky a dal\u0161\u00ed","breadcrumb":{"@id":"https:\/\/europeum.pl\/cs\/faq\/#breadcrumb"},"inLanguage":"cs","potentialAction":[{"@type":"ReadAction","target":["https:\/\/europeum.pl\/cs\/faq\/"]}]},{"@type":"BreadcrumbList","@id":"https:\/\/europeum.pl\/cs\/faq\/#breadcrumb","itemListElement":[{"@type":"ListItem","position":1,"name":"Home","item":"https:\/\/europeum.pl\/cs\/"},{"@type":"ListItem","position":2,"name":"FAQ"}]},{"@type":"WebSite","@id":"https:\/\/europeum.pl\/cs\/#website","url":"https:\/\/europeum.pl\/cs\/","name":"Europeum Hotel","description":"","publisher":{"@id":"https:\/\/europeum.pl\/cs\/#organization"},"alternateName":"Europeum Hotel","potentialAction":[{"@type":"SearchAction","target":{"@type":"EntryPoint","urlTemplate":"https:\/\/europeum.pl\/cs\/?s={search_term_string}"},"query-input":"required name=search_term_string"}],"inLanguage":"cs"},{"@type":"Organization","@id":"https:\/\/europeum.pl\/cs\/#organization","name":"Europeum Hotel","alternateName":"Europeum Hotel","url":"https:\/\/europeum.pl\/cs\/","logo":{"@type":"ImageObject","inLanguage":"cs","@id":"https:\/\/europeum.pl\/cs\/#\/schema\/logo\/image\/","url":"https:\/\/europeum.pl\/wp-content\/uploads\/sites\/68\/2023\/10\/logo_europeum_short_version_grey.png","contentUrl":"https:\/\/europeum.pl\/wp-content\/uploads\/sites\/68\/2023\/10\/logo_europeum_short_version_grey.png","width":3508,"height":2480,"caption":"Europeum Hotel"},"image":{"@id":"https:\/\/europeum.pl\/cs\/#\/schema\/logo\/image\/"},"sameAs":["https:\/\/www.facebook.com\/europeum","https:\/\/www.instagram.com\/europeumhotel\/"]}]}},"acf":[],"_links":{"self":[{"href":"https:\/\/europeum.pl\/cs\/wp-json\/wp\/v2\/pages\/1453"}],"collection":[{"href":"https:\/\/europeum.pl\/cs\/wp-json\/wp\/v2\/pages"}],"about":[{"href":"https:\/\/europeum.pl\/cs\/wp-json\/wp\/v2\/types\/page"}],"author":[{"embeddable":true,"href":"https:\/\/europeum.pl\/cs\/wp-json\/wp\/v2\/users\/12"}],"replies":[{"embeddable":true,"href":"https:\/\/europeum.pl\/cs\/wp-json\/wp\/v2\/comments?post=1453"}],"version-history":[{"count":0,"href":"https:\/\/europeum.pl\/cs\/wp-json\/wp\/v2\/pages\/1453\/revisions"}],"wp:attachment":[{"href":"https:\/\/europeum.pl\/cs\/wp-json\/wp\/v2\/media?parent=1453"}],"curies":[{"name":"wp","href":"https:\/\/api.w.org\/{rel}","templated":true}]}}