{"id":1662,"date":"2025-03-12T14:40:41","date_gmt":"2025-03-12T13:40:41","guid":{"rendered":"https:\/\/europeum.pl\/nabidky\/oferta-standardowa\/"},"modified":"2025-03-13T14:47:21","modified_gmt":"2025-03-13T13:47:21","slug":"oferta-standardowa","status":"publish","type":"page","link":"https:\/\/europeum.pl\/cs\/nabidky\/oferta-standardowa\/","title":{"rendered":"Standardn\u00ed nab\u00eddka"},"content":{"rendered":"<p>Flexibiln\u00ed nab\u00eddka s bezplatn\u00fdm zru\u0161en\u00edm. Cestujete do Vratislavi? Hotel v centru m\u011bsta je ide\u00e1ln\u00edm v\u00fdchoz\u00edm bodem pro turisty cestuj\u00edc\u00ed za pam\u00e1tkami i na slu\u017eebn\u00ed cesty. P\u0159izp\u016fsob\u00edme se v\u00e1m a va\u0161im pl\u00e1n\u016fm.<\/p>\n<p>Nav\u00edc v nab\u00eddce:<\/p>\n<ul>\n<li>Voln\u00fd vstup do finsk\u00e9 sauny a fitness centra.<\/li>\n<li>Bezplatn\u00e9 zap\u016fj\u010den\u00ed j\u00edzdn\u00edch kol<\/li>\n<li>\u0160irokop\u00e1smov\u00e9 p\u0159ipojen\u00ed k internetu v cel\u00e9 budov\u011b<\/li>\n<\/ul>\n<h2>K dispozici od 260 PLN<\/h2>\n","protected":false},"excerpt":{"rendered":"<p>Flexibiln\u00ed nab\u00eddka s bezplatn\u00fdm zru\u0161en\u00edm. Cestujete do Vratislavi? Hotel v centru m\u011bsta je ide\u00e1ln\u00edm v\u00fdchoz\u00edm bodem pro turisty cestuj\u00edc\u00ed za pam\u00e1tkami i na slu\u017eebn\u00ed cesty. P\u0159izp\u016fsob\u00edme se v\u00e1m a va\u0161im pl\u00e1n\u016fm. Nav\u00edc v nab\u00eddce: Voln\u00fd vstup do finsk\u00e9 sauny a fitness centra. Bezplatn\u00e9 zap\u016fj\u010den\u00ed j\u00edzdn\u00edch kol \u0160irokop\u00e1smov\u00e9 p\u0159ipojen\u00ed k internetu v cel\u00e9 budov\u011b K dispozici [&hellip;]<\/p>\n","protected":false},"author":199,"featured_media":1642,"parent":1300,"menu_order":57,"comment_status":"closed","ping_status":"closed","template":"template-default-2.php","meta":{"footnotes":""},"yoast_head":"<!-- This site is optimized with the Yoast SEO plugin v22.3 - https:\/\/yoast.com\/wordpress\/plugins\/seo\/ -->\n<title>Standardn\u00ed nab\u00eddka &#8211; Europeum Hotel<\/title>\n<meta name=\"description\" content=\"Flexibiln\u00ed nab\u00eddka s bezplatn\u00fdm zru\u0161en\u00edm. Cestujete do Vratislavi? Hotel v centru m\u011bsta je ide\u00e1ln\u00edm v\u00fdchoz\u00edm bodem pro turisty cestuj\u00edc\u00ed za pam\u00e1tkami i na slu\u017eebn\u00ed cesty\" \/>\n<meta name=\"robots\" content=\"index, follow, max-snippet:-1, max-image-preview:large, max-video-preview:-1\" \/>\n<link rel=\"canonical\" href=\"https:\/\/europeum.pl\/cs\/nabidky\/oferta-standardowa\/\" \/>\n<meta property=\"og:locale\" content=\"cs_CZ\" \/>\n<meta property=\"og:type\" content=\"article\" \/>\n<meta property=\"og:title\" content=\"Standardn\u00ed nab\u00eddka &#8211; Europeum Hotel\" \/>\n<meta property=\"og:description\" content=\"Flexibiln\u00ed nab\u00eddka s bezplatn\u00fdm zru\u0161en\u00edm. Cestujete do Vratislavi? Hotel v centru m\u011bsta je ide\u00e1ln\u00edm v\u00fdchoz\u00edm bodem pro turisty cestuj\u00edc\u00ed za pam\u00e1tkami i na slu\u017eebn\u00ed cesty\" \/>\n<meta property=\"og:url\" content=\"https:\/\/europeum.pl\/cs\/nabidky\/oferta-standardowa\/\" \/>\n<meta property=\"og:site_name\" content=\"Europeum Hotel\" \/>\n<meta property=\"article:publisher\" content=\"https:\/\/www.facebook.com\/europeum\" \/>\n<meta property=\"article:modified_time\" content=\"2025-03-13T13:47:21+00:00\" \/>\n<meta property=\"og:image\" content=\"https:\/\/europeum.pl\/wp-content\/uploads\/sites\/68\/2025\/03\/e1215c9e-c41b-4f6f-99fa-d783bd1414d4.jpg\" \/>\n\t<meta property=\"og:image:width\" content=\"735\" \/>\n\t<meta property=\"og:image:height\" content=\"400\" \/>\n\t<meta property=\"og:image:type\" content=\"image\/jpeg\" \/>\n<meta name=\"twitter:card\" content=\"summary_large_image\" \/>\n<meta name=\"twitter:label1\" content=\"Odhadovan\u00e1 doba \u010dten\u00ed\" \/>\n\t<meta name=\"twitter:data1\" content=\"1 minuta\" \/>\n<script type=\"application\/ld+json\" class=\"yoast-schema-graph\">{\"@context\":\"https:\/\/schema.org\",\"@graph\":[{\"@type\":\"WebPage\",\"@id\":\"https:\/\/europeum.pl\/cs\/nabidky\/oferta-standardowa\/\",\"url\":\"https:\/\/europeum.pl\/cs\/nabidky\/oferta-standardowa\/\",\"name\":\"Standardn\u00ed nab\u00eddka &#8211; Europeum Hotel\",\"isPartOf\":{\"@id\":\"https:\/\/europeum.pl\/cs\/#website\"},\"primaryImageOfPage\":{\"@id\":\"https:\/\/europeum.pl\/cs\/nabidky\/oferta-standardowa\/#primaryimage\"},\"image\":{\"@id\":\"https:\/\/europeum.pl\/cs\/nabidky\/oferta-standardowa\/#primaryimage\"},\"thumbnailUrl\":\"https:\/\/europeum.pl\/wp-content\/uploads\/sites\/68\/2025\/03\/e1215c9e-c41b-4f6f-99fa-d783bd1414d4.jpg\",\"datePublished\":\"2025-03-12T13:40:41+00:00\",\"dateModified\":\"2025-03-13T13:47:21+00:00\",\"description\":\"Flexibiln\u00ed nab\u00eddka s bezplatn\u00fdm zru\u0161en\u00edm. Cestujete do Vratislavi? Hotel v centru m\u011bsta je ide\u00e1ln\u00edm v\u00fdchoz\u00edm bodem pro turisty cestuj\u00edc\u00ed za pam\u00e1tkami i na slu\u017eebn\u00ed cesty\",\"breadcrumb\":{\"@id\":\"https:\/\/europeum.pl\/cs\/nabidky\/oferta-standardowa\/#breadcrumb\"},\"inLanguage\":\"cs\",\"potentialAction\":[{\"@type\":\"ReadAction\",\"target\":[\"https:\/\/europeum.pl\/cs\/nabidky\/oferta-standardowa\/\"]}]},{\"@type\":\"ImageObject\",\"inLanguage\":\"cs\",\"@id\":\"https:\/\/europeum.pl\/cs\/nabidky\/oferta-standardowa\/#primaryimage\",\"url\":\"https:\/\/europeum.pl\/wp-content\/uploads\/sites\/68\/2025\/03\/e1215c9e-c41b-4f6f-99fa-d783bd1414d4.jpg\",\"contentUrl\":\"https:\/\/europeum.pl\/wp-content\/uploads\/sites\/68\/2025\/03\/e1215c9e-c41b-4f6f-99fa-d783bd1414d4.jpg\",\"width\":735,\"height\":400},{\"@type\":\"BreadcrumbList\",\"@id\":\"https:\/\/europeum.pl\/cs\/nabidky\/oferta-standardowa\/#breadcrumb\",\"itemListElement\":[{\"@type\":\"ListItem\",\"position\":1,\"name\":\"Home\",\"item\":\"https:\/\/europeum.pl\/cs\/\"},{\"@type\":\"ListItem\",\"position\":2,\"name\":\"Nab\u00eddky\",\"item\":\"https:\/\/europeum.pl\/cs\/nabidky\/\"},{\"@type\":\"ListItem\",\"position\":3,\"name\":\"Standardn\u00ed nab\u00eddka\"}]},{\"@type\":\"WebSite\",\"@id\":\"https:\/\/europeum.pl\/cs\/#website\",\"url\":\"https:\/\/europeum.pl\/cs\/\",\"name\":\"Europeum Hotel\",\"description\":\"\",\"publisher\":{\"@id\":\"https:\/\/europeum.pl\/cs\/#organization\"},\"alternateName\":\"Europeum Hotel\",\"potentialAction\":[{\"@type\":\"SearchAction\",\"target\":{\"@type\":\"EntryPoint\",\"urlTemplate\":\"https:\/\/europeum.pl\/cs\/?s={search_term_string}\"},\"query-input\":\"required name=search_term_string\"}],\"inLanguage\":\"cs\"},{\"@type\":\"Organization\",\"@id\":\"https:\/\/europeum.pl\/cs\/#organization\",\"name\":\"Europeum Hotel\",\"alternateName\":\"Europeum Hotel\",\"url\":\"https:\/\/europeum.pl\/cs\/\",\"logo\":{\"@type\":\"ImageObject\",\"inLanguage\":\"cs\",\"@id\":\"https:\/\/europeum.pl\/cs\/#\/schema\/logo\/image\/\",\"url\":\"https:\/\/europeum.pl\/wp-content\/uploads\/sites\/68\/2023\/10\/logo_europeum_short_version_grey.png\",\"contentUrl\":\"https:\/\/europeum.pl\/wp-content\/uploads\/sites\/68\/2023\/10\/logo_europeum_short_version_grey.png\",\"width\":3508,\"height\":2480,\"caption\":\"Europeum Hotel\"},\"image\":{\"@id\":\"https:\/\/europeum.pl\/cs\/#\/schema\/logo\/image\/\"},\"sameAs\":[\"https:\/\/www.facebook.com\/europeum\",\"https:\/\/www.instagram.com\/europeumhotel\/\"]}]}<\/script>\n<!-- \/ Yoast SEO plugin. -->","yoast_head_json":{"title":"Standardn\u00ed nab\u00eddka &#8211; Europeum Hotel","description":"Flexibiln\u00ed nab\u00eddka s bezplatn\u00fdm zru\u0161en\u00edm. Cestujete do Vratislavi? Hotel v centru m\u011bsta je ide\u00e1ln\u00edm v\u00fdchoz\u00edm bodem pro turisty cestuj\u00edc\u00ed za pam\u00e1tkami i na slu\u017eebn\u00ed cesty","robots":{"index":"index","follow":"follow","max-snippet":"max-snippet:-1","max-image-preview":"max-image-preview:large","max-video-preview":"max-video-preview:-1"},"canonical":"https:\/\/europeum.pl\/cs\/nabidky\/oferta-standardowa\/","og_locale":"cs_CZ","og_type":"article","og_title":"Standardn\u00ed nab\u00eddka &#8211; Europeum Hotel","og_description":"Flexibiln\u00ed nab\u00eddka s bezplatn\u00fdm zru\u0161en\u00edm. Cestujete do Vratislavi? Hotel v centru m\u011bsta je ide\u00e1ln\u00edm v\u00fdchoz\u00edm bodem pro turisty cestuj\u00edc\u00ed za pam\u00e1tkami i na slu\u017eebn\u00ed cesty","og_url":"https:\/\/europeum.pl\/cs\/nabidky\/oferta-standardowa\/","og_site_name":"Europeum Hotel","article_publisher":"https:\/\/www.facebook.com\/europeum","article_modified_time":"2025-03-13T13:47:21+00:00","og_image":[{"width":735,"height":400,"url":"https:\/\/europeum.pl\/wp-content\/uploads\/sites\/68\/2025\/03\/e1215c9e-c41b-4f6f-99fa-d783bd1414d4.jpg","type":"image\/jpeg"}],"twitter_card":"summary_large_image","twitter_misc":{"Odhadovan\u00e1 doba \u010dten\u00ed":"1 minuta"},"schema":{"@context":"https:\/\/schema.org","@graph":[{"@type":"WebPage","@id":"https:\/\/europeum.pl\/cs\/nabidky\/oferta-standardowa\/","url":"https:\/\/europeum.pl\/cs\/nabidky\/oferta-standardowa\/","name":"Standardn\u00ed nab\u00eddka &#8211; Europeum Hotel","isPartOf":{"@id":"https:\/\/europeum.pl\/cs\/#website"},"primaryImageOfPage":{"@id":"https:\/\/europeum.pl\/cs\/nabidky\/oferta-standardowa\/#primaryimage"},"image":{"@id":"https:\/\/europeum.pl\/cs\/nabidky\/oferta-standardowa\/#primaryimage"},"thumbnailUrl":"https:\/\/europeum.pl\/wp-content\/uploads\/sites\/68\/2025\/03\/e1215c9e-c41b-4f6f-99fa-d783bd1414d4.jpg","datePublished":"2025-03-12T13:40:41+00:00","dateModified":"2025-03-13T13:47:21+00:00","description":"Flexibiln\u00ed nab\u00eddka s bezplatn\u00fdm zru\u0161en\u00edm. Cestujete do Vratislavi? Hotel v centru m\u011bsta je ide\u00e1ln\u00edm v\u00fdchoz\u00edm bodem pro turisty cestuj\u00edc\u00ed za pam\u00e1tkami i na slu\u017eebn\u00ed cesty","breadcrumb":{"@id":"https:\/\/europeum.pl\/cs\/nabidky\/oferta-standardowa\/#breadcrumb"},"inLanguage":"cs","potentialAction":[{"@type":"ReadAction","target":["https:\/\/europeum.pl\/cs\/nabidky\/oferta-standardowa\/"]}]},{"@type":"ImageObject","inLanguage":"cs","@id":"https:\/\/europeum.pl\/cs\/nabidky\/oferta-standardowa\/#primaryimage","url":"https:\/\/europeum.pl\/wp-content\/uploads\/sites\/68\/2025\/03\/e1215c9e-c41b-4f6f-99fa-d783bd1414d4.jpg","contentUrl":"https:\/\/europeum.pl\/wp-content\/uploads\/sites\/68\/2025\/03\/e1215c9e-c41b-4f6f-99fa-d783bd1414d4.jpg","width":735,"height":400},{"@type":"BreadcrumbList","@id":"https:\/\/europeum.pl\/cs\/nabidky\/oferta-standardowa\/#breadcrumb","itemListElement":[{"@type":"ListItem","position":1,"name":"Home","item":"https:\/\/europeum.pl\/cs\/"},{"@type":"ListItem","position":2,"name":"Nab\u00eddky","item":"https:\/\/europeum.pl\/cs\/nabidky\/"},{"@type":"ListItem","position":3,"name":"Standardn\u00ed nab\u00eddka"}]},{"@type":"WebSite","@id":"https:\/\/europeum.pl\/cs\/#website","url":"https:\/\/europeum.pl\/cs\/","name":"Europeum Hotel","description":"","publisher":{"@id":"https:\/\/europeum.pl\/cs\/#organization"},"alternateName":"Europeum Hotel","potentialAction":[{"@type":"SearchAction","target":{"@type":"EntryPoint","urlTemplate":"https:\/\/europeum.pl\/cs\/?s={search_term_string}"},"query-input":"required name=search_term_string"}],"inLanguage":"cs"},{"@type":"Organization","@id":"https:\/\/europeum.pl\/cs\/#organization","name":"Europeum Hotel","alternateName":"Europeum Hotel","url":"https:\/\/europeum.pl\/cs\/","logo":{"@type":"ImageObject","inLanguage":"cs","@id":"https:\/\/europeum.pl\/cs\/#\/schema\/logo\/image\/","url":"https:\/\/europeum.pl\/wp-content\/uploads\/sites\/68\/2023\/10\/logo_europeum_short_version_grey.png","contentUrl":"https:\/\/europeum.pl\/wp-content\/uploads\/sites\/68\/2023\/10\/logo_europeum_short_version_grey.png","width":3508,"height":2480,"caption":"Europeum Hotel"},"image":{"@id":"https:\/\/europeum.pl\/cs\/#\/schema\/logo\/image\/"},"sameAs":["https:\/\/www.facebook.com\/europeum","https:\/\/www.instagram.com\/europeumhotel\/"]}]}},"acf":[],"_links":{"self":[{"href":"https:\/\/europeum.pl\/cs\/wp-json\/wp\/v2\/pages\/1662"}],"collection":[{"href":"https:\/\/europeum.pl\/cs\/wp-json\/wp\/v2\/pages"}],"about":[{"href":"https:\/\/europeum.pl\/cs\/wp-json\/wp\/v2\/types\/page"}],"author":[{"embeddable":true,"href":"https:\/\/europeum.pl\/cs\/wp-json\/wp\/v2\/users\/199"}],"replies":[{"embeddable":true,"href":"https:\/\/europeum.pl\/cs\/wp-json\/wp\/v2\/comments?post=1662"}],"version-history":[{"count":0,"href":"https:\/\/europeum.pl\/cs\/wp-json\/wp\/v2\/pages\/1662\/revisions"}],"up":[{"embeddable":true,"href":"https:\/\/europeum.pl\/cs\/wp-json\/wp\/v2\/pages\/1300"}],"wp:featuredmedia":[{"embeddable":true,"href":"https:\/\/europeum.pl\/cs\/wp-json\/wp\/v2\/media\/1642"}],"wp:attachment":[{"href":"https:\/\/europeum.pl\/cs\/wp-json\/wp\/v2\/media?parent=1662"}],"curies":[{"name":"wp","href":"https:\/\/api.w.org\/{rel}","templated":true}]}}