{"id":1688,"date":"2025-03-12T14:50:55","date_gmt":"2025-03-12T13:50:55","guid":{"rendered":"https:\/\/europeum.pl\/nabidky\/oferta-business-time-ze-sniadaniem\/"},"modified":"2025-03-13T14:56:38","modified_gmt":"2025-03-13T13:56:38","slug":"oferta-business-time-ze-sniadaniem","status":"publish","type":"page","link":"https:\/\/europeum.pl\/cs\/nabidky\/oferta-business-time-ze-sniadaniem\/","title":{"rendered":"Nab\u00eddka Business Time se sn\u00eddan\u00ed"},"content":{"rendered":"<p>Nab\u00eddka vytvo\u0159en\u00e1 s ohledem na zanepr\u00e1zdn\u011bn\u00e9 osoby! P\u0159i slu\u017eebn\u00edch cest\u00e1ch od ned\u011ble do p\u00e1tku*, bez ohledu na d\u00e9lku pobytu, vyu\u017eijte bal\u00ed\u010dek Business Time, kter\u00fd v\u00e1s jist\u011b oslov\u00ed. Pro dobr\u00fd za\u010d\u00e1tek v\u00e1m nab\u00edz\u00edme 13% slevu na ubytov\u00e1n\u00ed. Nab\u00eddka zahrnuje chutnou sn\u00eddani, kterou si m\u016f\u017eete vz\u00edt s sebou do kancel\u00e1\u0159e. Po n\u00e1ro\u010dn\u00e9m pracovn\u00edm dni si m\u016f\u017eete odpo\u010dinout v na\u0161em fitness centru nebo se uvolnit ve finsk\u00e9 saun\u011b.<\/p>\n<p>Nav\u00edc v nab\u00eddce:<\/p>\n<ul>\n<li>Mo\u017enost zap\u016fj\u010den\u00ed j\u00edzdn\u00edch kol zdarma<\/li>\n<li>\u0161irokop\u00e1smov\u00e9 p\u0159ipojen\u00ed k internetu v cel\u00e9m objektu<\/li>\n<\/ul>\n<p>Dopl\u0148kov\u00e9 slu\u017eby:<\/p>\n<ul>\n<li>Mo\u017enost vyu\u017eit\u00ed konferen\u010dn\u00ed m\u00edstnosti**.<\/li>\n<li>Mo\u017enost vyu\u017eit\u00ed parkovi\u0161t\u011b***<\/li>\n<li>Slu\u017eba pran\u00ed a \u017eehlen\u00ed pr\u00e1dla***<\/li>\n<li>Mo\u017enost d\u0159\u00edv\u011bj\u0161\u00edho p\u0159ihl\u00e1\u0161en\u00ed** ***<\/li>\n<li>Mo\u017enost pozdn\u00edho odhl\u00e1\u0161en\u00ed**<\/li>\n<\/ul>\n<p>*Na rezervace na p\u00e1tek\/sobotu a sobotu\/ned\u011bli se nevztahuje akce<br \/>\n**Slu\u017eby jsou k dispozici v z\u00e1vislosti na dostupnosti<br \/>\n***Slu\u017eby za p\u0159\u00edplatek<\/p>\n<h2>K dispozici od 346 PLN<\/h2>\n","protected":false},"excerpt":{"rendered":"<p>Nab\u00eddka vytvo\u0159en\u00e1 s ohledem na zanepr\u00e1zdn\u011bn\u00e9 osoby! P\u0159i slu\u017eebn\u00edch cest\u00e1ch od ned\u011ble do p\u00e1tku*, bez ohledu na d\u00e9lku pobytu, vyu\u017eijte bal\u00ed\u010dek Business Time, kter\u00fd v\u00e1s jist\u011b oslov\u00ed. Pro dobr\u00fd za\u010d\u00e1tek v\u00e1m nab\u00edz\u00edme 13% slevu na ubytov\u00e1n\u00ed. Nab\u00eddka zahrnuje chutnou sn\u00eddani, kterou si m\u016f\u017eete vz\u00edt s sebou do kancel\u00e1\u0159e. Po n\u00e1ro\u010dn\u00e9m pracovn\u00edm dni si m\u016f\u017eete odpo\u010dinout [&hellip;]<\/p>\n","protected":false},"author":199,"featured_media":1648,"parent":1300,"menu_order":60,"comment_status":"closed","ping_status":"closed","template":"template-default-2.php","meta":{"footnotes":""},"yoast_head":"<!-- This site is optimized with the Yoast SEO plugin v22.3 - https:\/\/yoast.com\/wordpress\/plugins\/seo\/ -->\n<title>Nab\u00eddka Business Time se sn\u00eddan\u00ed &#8211; Europeum Hotel<\/title>\n<meta name=\"description\" content=\"Nab\u00eddka vytvo\u0159en\u00e1 s ohledem na zanepr\u00e1zdn\u011bn\u00e9 osoby! P\u0159i slu\u017eebn\u00edch cest\u00e1ch od ned\u011ble do p\u00e1tku*, bez ohledu na d\u00e9lku pobytu, vyu\u017eijte bal\u00ed\u010dek Business Time, kter\u00fd v\u00e1s jist\u011b oslov\u00ed. Pro dobr\u00fd za\u010d\u00e1tek v\u00e1m nab\u00edz\u00edme 13% slevu na ubytov\u00e1n\u00ed\" \/>\n<meta name=\"robots\" content=\"index, follow, max-snippet:-1, max-image-preview:large, max-video-preview:-1\" \/>\n<link rel=\"canonical\" href=\"https:\/\/europeum.pl\/cs\/nabidky\/oferta-business-time-ze-sniadaniem\/\" \/>\n<meta property=\"og:locale\" content=\"cs_CZ\" \/>\n<meta property=\"og:type\" content=\"article\" \/>\n<meta property=\"og:title\" content=\"Nab\u00eddka Business Time se sn\u00eddan\u00ed &#8211; Europeum Hotel\" \/>\n<meta property=\"og:description\" content=\"Nab\u00eddka vytvo\u0159en\u00e1 s ohledem na zanepr\u00e1zdn\u011bn\u00e9 osoby! P\u0159i slu\u017eebn\u00edch cest\u00e1ch od ned\u011ble do p\u00e1tku*, bez ohledu na d\u00e9lku pobytu, vyu\u017eijte bal\u00ed\u010dek Business Time, kter\u00fd v\u00e1s jist\u011b oslov\u00ed. Pro dobr\u00fd za\u010d\u00e1tek v\u00e1m nab\u00edz\u00edme 13% slevu na ubytov\u00e1n\u00ed\" \/>\n<meta property=\"og:url\" content=\"https:\/\/europeum.pl\/cs\/nabidky\/oferta-business-time-ze-sniadaniem\/\" \/>\n<meta property=\"og:site_name\" content=\"Europeum Hotel\" \/>\n<meta property=\"article:publisher\" content=\"https:\/\/www.facebook.com\/europeum\" \/>\n<meta property=\"article:modified_time\" content=\"2025-03-13T13:56:38+00:00\" \/>\n<meta property=\"og:image\" content=\"https:\/\/europeum.pl\/wp-content\/uploads\/sites\/68\/2025\/03\/5569355c-5d60-47e7-bee7-ea29af3829ce.jpg\" \/>\n\t<meta property=\"og:image:width\" content=\"735\" \/>\n\t<meta property=\"og:image:height\" content=\"400\" \/>\n\t<meta property=\"og:image:type\" content=\"image\/jpeg\" \/>\n<meta name=\"twitter:card\" content=\"summary_large_image\" \/>\n<meta name=\"twitter:label1\" content=\"Odhadovan\u00e1 doba \u010dten\u00ed\" \/>\n\t<meta name=\"twitter:data1\" content=\"1 minuta\" \/>\n<script type=\"application\/ld+json\" class=\"yoast-schema-graph\">{\"@context\":\"https:\/\/schema.org\",\"@graph\":[{\"@type\":\"WebPage\",\"@id\":\"https:\/\/europeum.pl\/cs\/nabidky\/oferta-business-time-ze-sniadaniem\/\",\"url\":\"https:\/\/europeum.pl\/cs\/nabidky\/oferta-business-time-ze-sniadaniem\/\",\"name\":\"Nab\u00eddka Business Time se sn\u00eddan\u00ed &#8211; Europeum Hotel\",\"isPartOf\":{\"@id\":\"https:\/\/europeum.pl\/cs\/#website\"},\"primaryImageOfPage\":{\"@id\":\"https:\/\/europeum.pl\/cs\/nabidky\/oferta-business-time-ze-sniadaniem\/#primaryimage\"},\"image\":{\"@id\":\"https:\/\/europeum.pl\/cs\/nabidky\/oferta-business-time-ze-sniadaniem\/#primaryimage\"},\"thumbnailUrl\":\"https:\/\/europeum.pl\/wp-content\/uploads\/sites\/68\/2025\/03\/5569355c-5d60-47e7-bee7-ea29af3829ce.jpg\",\"datePublished\":\"2025-03-12T13:50:55+00:00\",\"dateModified\":\"2025-03-13T13:56:38+00:00\",\"description\":\"Nab\u00eddka vytvo\u0159en\u00e1 s ohledem na zanepr\u00e1zdn\u011bn\u00e9 osoby! P\u0159i slu\u017eebn\u00edch cest\u00e1ch od ned\u011ble do p\u00e1tku*, bez ohledu na d\u00e9lku pobytu, vyu\u017eijte bal\u00ed\u010dek Business Time, kter\u00fd v\u00e1s jist\u011b oslov\u00ed. Pro dobr\u00fd za\u010d\u00e1tek v\u00e1m nab\u00edz\u00edme 13% slevu na ubytov\u00e1n\u00ed\",\"breadcrumb\":{\"@id\":\"https:\/\/europeum.pl\/cs\/nabidky\/oferta-business-time-ze-sniadaniem\/#breadcrumb\"},\"inLanguage\":\"cs\",\"potentialAction\":[{\"@type\":\"ReadAction\",\"target\":[\"https:\/\/europeum.pl\/cs\/nabidky\/oferta-business-time-ze-sniadaniem\/\"]}]},{\"@type\":\"ImageObject\",\"inLanguage\":\"cs\",\"@id\":\"https:\/\/europeum.pl\/cs\/nabidky\/oferta-business-time-ze-sniadaniem\/#primaryimage\",\"url\":\"https:\/\/europeum.pl\/wp-content\/uploads\/sites\/68\/2025\/03\/5569355c-5d60-47e7-bee7-ea29af3829ce.jpg\",\"contentUrl\":\"https:\/\/europeum.pl\/wp-content\/uploads\/sites\/68\/2025\/03\/5569355c-5d60-47e7-bee7-ea29af3829ce.jpg\",\"width\":735,\"height\":400},{\"@type\":\"BreadcrumbList\",\"@id\":\"https:\/\/europeum.pl\/cs\/nabidky\/oferta-business-time-ze-sniadaniem\/#breadcrumb\",\"itemListElement\":[{\"@type\":\"ListItem\",\"position\":1,\"name\":\"Home\",\"item\":\"https:\/\/europeum.pl\/cs\/\"},{\"@type\":\"ListItem\",\"position\":2,\"name\":\"Nab\u00eddky\",\"item\":\"https:\/\/europeum.pl\/cs\/nabidky\/\"},{\"@type\":\"ListItem\",\"position\":3,\"name\":\"Nab\u00eddka Business Time se sn\u00eddan\u00ed\"}]},{\"@type\":\"WebSite\",\"@id\":\"https:\/\/europeum.pl\/cs\/#website\",\"url\":\"https:\/\/europeum.pl\/cs\/\",\"name\":\"Europeum Hotel\",\"description\":\"\",\"publisher\":{\"@id\":\"https:\/\/europeum.pl\/cs\/#organization\"},\"alternateName\":\"Europeum Hotel\",\"potentialAction\":[{\"@type\":\"SearchAction\",\"target\":{\"@type\":\"EntryPoint\",\"urlTemplate\":\"https:\/\/europeum.pl\/cs\/?s={search_term_string}\"},\"query-input\":\"required name=search_term_string\"}],\"inLanguage\":\"cs\"},{\"@type\":\"Organization\",\"@id\":\"https:\/\/europeum.pl\/cs\/#organization\",\"name\":\"Europeum Hotel\",\"alternateName\":\"Europeum Hotel\",\"url\":\"https:\/\/europeum.pl\/cs\/\",\"logo\":{\"@type\":\"ImageObject\",\"inLanguage\":\"cs\",\"@id\":\"https:\/\/europeum.pl\/cs\/#\/schema\/logo\/image\/\",\"url\":\"https:\/\/europeum.pl\/wp-content\/uploads\/sites\/68\/2023\/10\/logo_europeum_short_version_grey.png\",\"contentUrl\":\"https:\/\/europeum.pl\/wp-content\/uploads\/sites\/68\/2023\/10\/logo_europeum_short_version_grey.png\",\"width\":3508,\"height\":2480,\"caption\":\"Europeum Hotel\"},\"image\":{\"@id\":\"https:\/\/europeum.pl\/cs\/#\/schema\/logo\/image\/\"},\"sameAs\":[\"https:\/\/www.facebook.com\/europeum\",\"https:\/\/www.instagram.com\/europeumhotel\/\"]}]}<\/script>\n<!-- \/ Yoast SEO plugin. -->","yoast_head_json":{"title":"Nab\u00eddka Business Time se sn\u00eddan\u00ed &#8211; Europeum Hotel","description":"Nab\u00eddka vytvo\u0159en\u00e1 s ohledem na zanepr\u00e1zdn\u011bn\u00e9 osoby! P\u0159i slu\u017eebn\u00edch cest\u00e1ch od ned\u011ble do p\u00e1tku*, bez ohledu na d\u00e9lku pobytu, vyu\u017eijte bal\u00ed\u010dek Business Time, kter\u00fd v\u00e1s jist\u011b oslov\u00ed. Pro dobr\u00fd za\u010d\u00e1tek v\u00e1m nab\u00edz\u00edme 13% slevu na ubytov\u00e1n\u00ed","robots":{"index":"index","follow":"follow","max-snippet":"max-snippet:-1","max-image-preview":"max-image-preview:large","max-video-preview":"max-video-preview:-1"},"canonical":"https:\/\/europeum.pl\/cs\/nabidky\/oferta-business-time-ze-sniadaniem\/","og_locale":"cs_CZ","og_type":"article","og_title":"Nab\u00eddka Business Time se sn\u00eddan\u00ed &#8211; Europeum Hotel","og_description":"Nab\u00eddka vytvo\u0159en\u00e1 s ohledem na zanepr\u00e1zdn\u011bn\u00e9 osoby! P\u0159i slu\u017eebn\u00edch cest\u00e1ch od ned\u011ble do p\u00e1tku*, bez ohledu na d\u00e9lku pobytu, vyu\u017eijte bal\u00ed\u010dek Business Time, kter\u00fd v\u00e1s jist\u011b oslov\u00ed. Pro dobr\u00fd za\u010d\u00e1tek v\u00e1m nab\u00edz\u00edme 13% slevu na ubytov\u00e1n\u00ed","og_url":"https:\/\/europeum.pl\/cs\/nabidky\/oferta-business-time-ze-sniadaniem\/","og_site_name":"Europeum Hotel","article_publisher":"https:\/\/www.facebook.com\/europeum","article_modified_time":"2025-03-13T13:56:38+00:00","og_image":[{"width":735,"height":400,"url":"https:\/\/europeum.pl\/wp-content\/uploads\/sites\/68\/2025\/03\/5569355c-5d60-47e7-bee7-ea29af3829ce.jpg","type":"image\/jpeg"}],"twitter_card":"summary_large_image","twitter_misc":{"Odhadovan\u00e1 doba \u010dten\u00ed":"1 minuta"},"schema":{"@context":"https:\/\/schema.org","@graph":[{"@type":"WebPage","@id":"https:\/\/europeum.pl\/cs\/nabidky\/oferta-business-time-ze-sniadaniem\/","url":"https:\/\/europeum.pl\/cs\/nabidky\/oferta-business-time-ze-sniadaniem\/","name":"Nab\u00eddka Business Time se sn\u00eddan\u00ed &#8211; Europeum Hotel","isPartOf":{"@id":"https:\/\/europeum.pl\/cs\/#website"},"primaryImageOfPage":{"@id":"https:\/\/europeum.pl\/cs\/nabidky\/oferta-business-time-ze-sniadaniem\/#primaryimage"},"image":{"@id":"https:\/\/europeum.pl\/cs\/nabidky\/oferta-business-time-ze-sniadaniem\/#primaryimage"},"thumbnailUrl":"https:\/\/europeum.pl\/wp-content\/uploads\/sites\/68\/2025\/03\/5569355c-5d60-47e7-bee7-ea29af3829ce.jpg","datePublished":"2025-03-12T13:50:55+00:00","dateModified":"2025-03-13T13:56:38+00:00","description":"Nab\u00eddka vytvo\u0159en\u00e1 s ohledem na zanepr\u00e1zdn\u011bn\u00e9 osoby! P\u0159i slu\u017eebn\u00edch cest\u00e1ch od ned\u011ble do p\u00e1tku*, bez ohledu na d\u00e9lku pobytu, vyu\u017eijte bal\u00ed\u010dek Business Time, kter\u00fd v\u00e1s jist\u011b oslov\u00ed. Pro dobr\u00fd za\u010d\u00e1tek v\u00e1m nab\u00edz\u00edme 13% slevu na ubytov\u00e1n\u00ed","breadcrumb":{"@id":"https:\/\/europeum.pl\/cs\/nabidky\/oferta-business-time-ze-sniadaniem\/#breadcrumb"},"inLanguage":"cs","potentialAction":[{"@type":"ReadAction","target":["https:\/\/europeum.pl\/cs\/nabidky\/oferta-business-time-ze-sniadaniem\/"]}]},{"@type":"ImageObject","inLanguage":"cs","@id":"https:\/\/europeum.pl\/cs\/nabidky\/oferta-business-time-ze-sniadaniem\/#primaryimage","url":"https:\/\/europeum.pl\/wp-content\/uploads\/sites\/68\/2025\/03\/5569355c-5d60-47e7-bee7-ea29af3829ce.jpg","contentUrl":"https:\/\/europeum.pl\/wp-content\/uploads\/sites\/68\/2025\/03\/5569355c-5d60-47e7-bee7-ea29af3829ce.jpg","width":735,"height":400},{"@type":"BreadcrumbList","@id":"https:\/\/europeum.pl\/cs\/nabidky\/oferta-business-time-ze-sniadaniem\/#breadcrumb","itemListElement":[{"@type":"ListItem","position":1,"name":"Home","item":"https:\/\/europeum.pl\/cs\/"},{"@type":"ListItem","position":2,"name":"Nab\u00eddky","item":"https:\/\/europeum.pl\/cs\/nabidky\/"},{"@type":"ListItem","position":3,"name":"Nab\u00eddka Business Time se sn\u00eddan\u00ed"}]},{"@type":"WebSite","@id":"https:\/\/europeum.pl\/cs\/#website","url":"https:\/\/europeum.pl\/cs\/","name":"Europeum Hotel","description":"","publisher":{"@id":"https:\/\/europeum.pl\/cs\/#organization"},"alternateName":"Europeum Hotel","potentialAction":[{"@type":"SearchAction","target":{"@type":"EntryPoint","urlTemplate":"https:\/\/europeum.pl\/cs\/?s={search_term_string}"},"query-input":"required name=search_term_string"}],"inLanguage":"cs"},{"@type":"Organization","@id":"https:\/\/europeum.pl\/cs\/#organization","name":"Europeum Hotel","alternateName":"Europeum Hotel","url":"https:\/\/europeum.pl\/cs\/","logo":{"@type":"ImageObject","inLanguage":"cs","@id":"https:\/\/europeum.pl\/cs\/#\/schema\/logo\/image\/","url":"https:\/\/europeum.pl\/wp-content\/uploads\/sites\/68\/2023\/10\/logo_europeum_short_version_grey.png","contentUrl":"https:\/\/europeum.pl\/wp-content\/uploads\/sites\/68\/2023\/10\/logo_europeum_short_version_grey.png","width":3508,"height":2480,"caption":"Europeum Hotel"},"image":{"@id":"https:\/\/europeum.pl\/cs\/#\/schema\/logo\/image\/"},"sameAs":["https:\/\/www.facebook.com\/europeum","https:\/\/www.instagram.com\/europeumhotel\/"]}]}},"acf":[],"_links":{"self":[{"href":"https:\/\/europeum.pl\/cs\/wp-json\/wp\/v2\/pages\/1688"}],"collection":[{"href":"https:\/\/europeum.pl\/cs\/wp-json\/wp\/v2\/pages"}],"about":[{"href":"https:\/\/europeum.pl\/cs\/wp-json\/wp\/v2\/types\/page"}],"author":[{"embeddable":true,"href":"https:\/\/europeum.pl\/cs\/wp-json\/wp\/v2\/users\/199"}],"replies":[{"embeddable":true,"href":"https:\/\/europeum.pl\/cs\/wp-json\/wp\/v2\/comments?post=1688"}],"version-history":[{"count":0,"href":"https:\/\/europeum.pl\/cs\/wp-json\/wp\/v2\/pages\/1688\/revisions"}],"up":[{"embeddable":true,"href":"https:\/\/europeum.pl\/cs\/wp-json\/wp\/v2\/pages\/1300"}],"wp:featuredmedia":[{"embeddable":true,"href":"https:\/\/europeum.pl\/cs\/wp-json\/wp\/v2\/media\/1648"}],"wp:attachment":[{"href":"https:\/\/europeum.pl\/cs\/wp-json\/wp\/v2\/media?parent=1688"}],"curies":[{"name":"wp","href":"https:\/\/api.w.org\/{rel}","templated":true}]}}