{"id":1696,"date":"2025-03-12T14:54:11","date_gmt":"2025-03-12T13:54:11","guid":{"rendered":"https:\/\/europeum.pl\/nabidky\/oferta-ze-sniadaniem\/"},"modified":"2025-03-13T14:59:31","modified_gmt":"2025-03-13T13:59:31","slug":"oferta-ze-sniadaniem","status":"publish","type":"page","link":"https:\/\/europeum.pl\/cs\/nabidky\/oferta-ze-sniadaniem\/","title":{"rendered":"Nab\u00eddka se sn\u00eddan\u00ed"},"content":{"rendered":"<p>\u017d\u00e1dn\u00fd \u00fasp\u011b\u0161n\u00fd v\u00fdlet se neobejde bez j\u00eddla a \u017e\u00e1dn\u00fd \u00fasp\u011b\u0161n\u00fd den bez chutn\u00e9 a v\u00fd\u017eivn\u00e9 sn\u00eddan\u011b.<br \/>\nPokud si vyberete nab\u00eddku se sn\u00eddan\u00ed od 7:00, z\u00edsk\u00e1te p\u0159\u00edstup k vysoce kvalitn\u00edm a \u010derstv\u00fdm produkt\u016fm od spolehliv\u00fdch dodavatel\u016f. Sn\u00eddan\u011b se pod\u00e1v\u00e1 formou bufetu a n\u00e1\u0161 \u0161\u00e9fkucha\u0159 db\u00e1 na to, aby byla nab\u00eddka ka\u017ed\u00fd den pestr\u00e1.<\/p>\n<p>V nab\u00eddce nav\u00edc:<\/p>\n<ul>\n<li>Voln\u00fd vstup do finsk\u00e9 sauny a fitness centra.<\/li>\n<li>Bezplatn\u00e9 zap\u016fj\u010den\u00ed j\u00edzdn\u00edch kol<\/li>\n<li>\u0161irokop\u00e1smov\u00e9 p\u0159ipojen\u00ed k internetu v cel\u00e9m objektu<\/li>\n<\/ul>\n<h2>K dispozici od 380 PLN<\/h2>\n","protected":false},"excerpt":{"rendered":"<p>\u017d\u00e1dn\u00fd \u00fasp\u011b\u0161n\u00fd v\u00fdlet se neobejde bez j\u00eddla a \u017e\u00e1dn\u00fd \u00fasp\u011b\u0161n\u00fd den bez chutn\u00e9 a v\u00fd\u017eivn\u00e9 sn\u00eddan\u011b. Pokud si vyberete nab\u00eddku se sn\u00eddan\u00ed od 7:00, z\u00edsk\u00e1te p\u0159\u00edstup k vysoce kvalitn\u00edm a \u010derstv\u00fdm produkt\u016fm od spolehliv\u00fdch dodavatel\u016f. Sn\u00eddan\u011b se pod\u00e1v\u00e1 formou bufetu a n\u00e1\u0161 \u0161\u00e9fkucha\u0159 db\u00e1 na to, aby byla nab\u00eddka ka\u017ed\u00fd den pestr\u00e1. V nab\u00eddce nav\u00edc: [&hellip;]<\/p>\n","protected":false},"author":199,"featured_media":0,"parent":1300,"menu_order":61,"comment_status":"closed","ping_status":"closed","template":"template-default-2.php","meta":{"footnotes":""},"yoast_head":"<!-- This site is optimized with the Yoast SEO plugin v22.3 - https:\/\/yoast.com\/wordpress\/plugins\/seo\/ -->\n<title>Nab\u00eddka se sn\u00eddan\u00ed &#8211; Europeum Hotel<\/title>\n<meta name=\"description\" content=\"\u017d\u00e1dn\u00fd \u00fasp\u011b\u0161n\u00fd v\u00fdlet se neobejde bez j\u00eddla a \u017e\u00e1dn\u00fd \u00fasp\u011b\u0161n\u00fd den bez chutn\u00e9 a v\u00fd\u017eivn\u00e9 sn\u00eddan\u011b. Pokud si vyberete nab\u00eddku se sn\u00eddan\u00ed od 7:00, z\u00edsk\u00e1te p\u0159\u00edstup k vysoce kvalitn\u00edm a \u010derstv\u00fdm produkt\u016fm od spolehliv\u00fdch dodavatel\u016f. Sn\u00eddan\u011b se pod\u00e1v\u00e1 formou bufetu a n\u00e1\u0161 \u0161\u00e9fkucha\u0159 db\u00e1 na to, aby byla nab\u00eddka ka\u017ed\u00fd den pestr\u00e1.  V nab\u00eddce nav\u00edc:   Voln\u00fd vstup do finsk\u00e9 sauny a fitness centra.  Bezplatn\u00e9 zap\u016fj\u010den\u00ed j\u00edzdn\u00edch kol  \u0161irokop\u00e1smov\u00e9 p\u0159ipojen\u00ed k internetu v cel\u00e9m objektu  K dispozici od 380 PLN\" \/>\n<meta name=\"robots\" content=\"index, follow, max-snippet:-1, max-image-preview:large, max-video-preview:-1\" \/>\n<link rel=\"canonical\" href=\"https:\/\/europeum.pl\/cs\/nabidky\/oferta-ze-sniadaniem\/\" \/>\n<meta property=\"og:locale\" content=\"cs_CZ\" \/>\n<meta property=\"og:type\" content=\"article\" \/>\n<meta property=\"og:title\" content=\"Nab\u00eddka se sn\u00eddan\u00ed &#8211; Europeum Hotel\" \/>\n<meta property=\"og:description\" content=\"\u017d\u00e1dn\u00fd \u00fasp\u011b\u0161n\u00fd v\u00fdlet se neobejde bez j\u00eddla a \u017e\u00e1dn\u00fd \u00fasp\u011b\u0161n\u00fd den bez chutn\u00e9 a v\u00fd\u017eivn\u00e9 sn\u00eddan\u011b. Pokud si vyberete nab\u00eddku se sn\u00eddan\u00ed od 7:00, z\u00edsk\u00e1te p\u0159\u00edstup k vysoce kvalitn\u00edm a \u010derstv\u00fdm produkt\u016fm od spolehliv\u00fdch dodavatel\u016f. Sn\u00eddan\u011b se pod\u00e1v\u00e1 formou bufetu a n\u00e1\u0161 \u0161\u00e9fkucha\u0159 db\u00e1 na to, aby byla nab\u00eddka ka\u017ed\u00fd den pestr\u00e1.  V nab\u00eddce nav\u00edc:   Voln\u00fd vstup do finsk\u00e9 sauny a fitness centra.  Bezplatn\u00e9 zap\u016fj\u010den\u00ed j\u00edzdn\u00edch kol  \u0161irokop\u00e1smov\u00e9 p\u0159ipojen\u00ed k internetu v cel\u00e9m objektu  K dispozici od 380 PLN\" \/>\n<meta property=\"og:url\" content=\"https:\/\/europeum.pl\/cs\/nabidky\/oferta-ze-sniadaniem\/\" \/>\n<meta property=\"og:site_name\" content=\"Europeum Hotel\" \/>\n<meta property=\"article:publisher\" content=\"https:\/\/www.facebook.com\/europeum\" \/>\n<meta property=\"article:modified_time\" content=\"2025-03-13T13:59:31+00:00\" \/>\n<meta property=\"og:image\" content=\"https:\/\/europeum.pl\/wp-content\/uploads\/sites\/68\/2024\/06\/5.jpg\" \/>\n\t<meta property=\"og:image:width\" content=\"1920\" \/>\n\t<meta property=\"og:image:height\" content=\"1080\" \/>\n\t<meta property=\"og:image:type\" content=\"image\/jpeg\" \/>\n<meta name=\"twitter:card\" content=\"summary_large_image\" \/>\n<meta name=\"twitter:label1\" content=\"Odhadovan\u00e1 doba \u010dten\u00ed\" \/>\n\t<meta name=\"twitter:data1\" content=\"1 minuta\" \/>\n<script type=\"application\/ld+json\" class=\"yoast-schema-graph\">{\"@context\":\"https:\/\/schema.org\",\"@graph\":[{\"@type\":\"WebPage\",\"@id\":\"https:\/\/europeum.pl\/cs\/nabidky\/oferta-ze-sniadaniem\/\",\"url\":\"https:\/\/europeum.pl\/cs\/nabidky\/oferta-ze-sniadaniem\/\",\"name\":\"Nab\u00eddka se sn\u00eddan\u00ed &#8211; Europeum Hotel\",\"isPartOf\":{\"@id\":\"https:\/\/europeum.pl\/cs\/#website\"},\"datePublished\":\"2025-03-12T13:54:11+00:00\",\"dateModified\":\"2025-03-13T13:59:31+00:00\",\"description\":\"\u017d\u00e1dn\u00fd \u00fasp\u011b\u0161n\u00fd v\u00fdlet se neobejde bez j\u00eddla a \u017e\u00e1dn\u00fd \u00fasp\u011b\u0161n\u00fd den bez chutn\u00e9 a v\u00fd\u017eivn\u00e9 sn\u00eddan\u011b. Pokud si vyberete nab\u00eddku se sn\u00eddan\u00ed od 7:00, z\u00edsk\u00e1te p\u0159\u00edstup k vysoce kvalitn\u00edm a \u010derstv\u00fdm produkt\u016fm od spolehliv\u00fdch dodavatel\u016f. Sn\u00eddan\u011b se pod\u00e1v\u00e1 formou bufetu a n\u00e1\u0161 \u0161\u00e9fkucha\u0159 db\u00e1 na to, aby byla nab\u00eddka ka\u017ed\u00fd den pestr\u00e1. V nab\u00eddce nav\u00edc: \u2022 Voln\u00fd vstup do finsk\u00e9 sauny a fitness centra. \u2022 Bezplatn\u00e9 zap\u016fj\u010den\u00ed j\u00edzdn\u00edch kol \u2022 \u0161irokop\u00e1smov\u00e9 p\u0159ipojen\u00ed k internetu v cel\u00e9m objektu K dispozici od 380 PLN\",\"breadcrumb\":{\"@id\":\"https:\/\/europeum.pl\/cs\/nabidky\/oferta-ze-sniadaniem\/#breadcrumb\"},\"inLanguage\":\"cs\",\"potentialAction\":[{\"@type\":\"ReadAction\",\"target\":[\"https:\/\/europeum.pl\/cs\/nabidky\/oferta-ze-sniadaniem\/\"]}]},{\"@type\":\"BreadcrumbList\",\"@id\":\"https:\/\/europeum.pl\/cs\/nabidky\/oferta-ze-sniadaniem\/#breadcrumb\",\"itemListElement\":[{\"@type\":\"ListItem\",\"position\":1,\"name\":\"Home\",\"item\":\"https:\/\/europeum.pl\/cs\/\"},{\"@type\":\"ListItem\",\"position\":2,\"name\":\"Nab\u00eddky\",\"item\":\"https:\/\/europeum.pl\/cs\/nabidky\/\"},{\"@type\":\"ListItem\",\"position\":3,\"name\":\"Nab\u00eddka se sn\u00eddan\u00ed\"}]},{\"@type\":\"WebSite\",\"@id\":\"https:\/\/europeum.pl\/cs\/#website\",\"url\":\"https:\/\/europeum.pl\/cs\/\",\"name\":\"Europeum Hotel\",\"description\":\"\",\"publisher\":{\"@id\":\"https:\/\/europeum.pl\/cs\/#organization\"},\"alternateName\":\"Europeum Hotel\",\"potentialAction\":[{\"@type\":\"SearchAction\",\"target\":{\"@type\":\"EntryPoint\",\"urlTemplate\":\"https:\/\/europeum.pl\/cs\/?s={search_term_string}\"},\"query-input\":\"required name=search_term_string\"}],\"inLanguage\":\"cs\"},{\"@type\":\"Organization\",\"@id\":\"https:\/\/europeum.pl\/cs\/#organization\",\"name\":\"Europeum Hotel\",\"alternateName\":\"Europeum Hotel\",\"url\":\"https:\/\/europeum.pl\/cs\/\",\"logo\":{\"@type\":\"ImageObject\",\"inLanguage\":\"cs\",\"@id\":\"https:\/\/europeum.pl\/cs\/#\/schema\/logo\/image\/\",\"url\":\"https:\/\/europeum.pl\/wp-content\/uploads\/sites\/68\/2023\/10\/logo_europeum_short_version_grey.png\",\"contentUrl\":\"https:\/\/europeum.pl\/wp-content\/uploads\/sites\/68\/2023\/10\/logo_europeum_short_version_grey.png\",\"width\":3508,\"height\":2480,\"caption\":\"Europeum Hotel\"},\"image\":{\"@id\":\"https:\/\/europeum.pl\/cs\/#\/schema\/logo\/image\/\"},\"sameAs\":[\"https:\/\/www.facebook.com\/europeum\",\"https:\/\/www.instagram.com\/europeumhotel\/\"]}]}<\/script>\n<!-- \/ Yoast SEO plugin. -->","yoast_head_json":{"title":"Nab\u00eddka se sn\u00eddan\u00ed &#8211; Europeum Hotel","description":"\u017d\u00e1dn\u00fd \u00fasp\u011b\u0161n\u00fd v\u00fdlet se neobejde bez j\u00eddla a \u017e\u00e1dn\u00fd \u00fasp\u011b\u0161n\u00fd den bez chutn\u00e9 a v\u00fd\u017eivn\u00e9 sn\u00eddan\u011b. Pokud si vyberete nab\u00eddku se sn\u00eddan\u00ed od 7:00, z\u00edsk\u00e1te p\u0159\u00edstup k vysoce kvalitn\u00edm a \u010derstv\u00fdm produkt\u016fm od spolehliv\u00fdch dodavatel\u016f. Sn\u00eddan\u011b se pod\u00e1v\u00e1 formou bufetu a n\u00e1\u0161 \u0161\u00e9fkucha\u0159 db\u00e1 na to, aby byla nab\u00eddka ka\u017ed\u00fd den pestr\u00e1.  V nab\u00eddce nav\u00edc:   Voln\u00fd vstup do finsk\u00e9 sauny a fitness centra.  Bezplatn\u00e9 zap\u016fj\u010den\u00ed j\u00edzdn\u00edch kol  \u0161irokop\u00e1smov\u00e9 p\u0159ipojen\u00ed k internetu v cel\u00e9m objektu  K dispozici od 380 PLN","robots":{"index":"index","follow":"follow","max-snippet":"max-snippet:-1","max-image-preview":"max-image-preview:large","max-video-preview":"max-video-preview:-1"},"canonical":"https:\/\/europeum.pl\/cs\/nabidky\/oferta-ze-sniadaniem\/","og_locale":"cs_CZ","og_type":"article","og_title":"Nab\u00eddka se sn\u00eddan\u00ed &#8211; Europeum Hotel","og_description":"\u017d\u00e1dn\u00fd \u00fasp\u011b\u0161n\u00fd v\u00fdlet se neobejde bez j\u00eddla a \u017e\u00e1dn\u00fd \u00fasp\u011b\u0161n\u00fd den bez chutn\u00e9 a v\u00fd\u017eivn\u00e9 sn\u00eddan\u011b. Pokud si vyberete nab\u00eddku se sn\u00eddan\u00ed od 7:00, z\u00edsk\u00e1te p\u0159\u00edstup k vysoce kvalitn\u00edm a \u010derstv\u00fdm produkt\u016fm od spolehliv\u00fdch dodavatel\u016f. Sn\u00eddan\u011b se pod\u00e1v\u00e1 formou bufetu a n\u00e1\u0161 \u0161\u00e9fkucha\u0159 db\u00e1 na to, aby byla nab\u00eddka ka\u017ed\u00fd den pestr\u00e1.  V nab\u00eddce nav\u00edc:   Voln\u00fd vstup do finsk\u00e9 sauny a fitness centra.  Bezplatn\u00e9 zap\u016fj\u010den\u00ed j\u00edzdn\u00edch kol  \u0161irokop\u00e1smov\u00e9 p\u0159ipojen\u00ed k internetu v cel\u00e9m objektu  K dispozici od 380 PLN","og_url":"https:\/\/europeum.pl\/cs\/nabidky\/oferta-ze-sniadaniem\/","og_site_name":"Europeum Hotel","article_publisher":"https:\/\/www.facebook.com\/europeum","article_modified_time":"2025-03-13T13:59:31+00:00","og_image":[{"width":1920,"height":1080,"url":"https:\/\/europeum.pl\/wp-content\/uploads\/sites\/68\/2024\/06\/5.jpg","type":"image\/jpeg"}],"twitter_card":"summary_large_image","twitter_misc":{"Odhadovan\u00e1 doba \u010dten\u00ed":"1 minuta"},"schema":{"@context":"https:\/\/schema.org","@graph":[{"@type":"WebPage","@id":"https:\/\/europeum.pl\/cs\/nabidky\/oferta-ze-sniadaniem\/","url":"https:\/\/europeum.pl\/cs\/nabidky\/oferta-ze-sniadaniem\/","name":"Nab\u00eddka se sn\u00eddan\u00ed &#8211; Europeum Hotel","isPartOf":{"@id":"https:\/\/europeum.pl\/cs\/#website"},"datePublished":"2025-03-12T13:54:11+00:00","dateModified":"2025-03-13T13:59:31+00:00","description":"\u017d\u00e1dn\u00fd \u00fasp\u011b\u0161n\u00fd v\u00fdlet se neobejde bez j\u00eddla a \u017e\u00e1dn\u00fd \u00fasp\u011b\u0161n\u00fd den bez chutn\u00e9 a v\u00fd\u017eivn\u00e9 sn\u00eddan\u011b. Pokud si vyberete nab\u00eddku se sn\u00eddan\u00ed od 7:00, z\u00edsk\u00e1te p\u0159\u00edstup k vysoce kvalitn\u00edm a \u010derstv\u00fdm produkt\u016fm od spolehliv\u00fdch dodavatel\u016f. Sn\u00eddan\u011b se pod\u00e1v\u00e1 formou bufetu a n\u00e1\u0161 \u0161\u00e9fkucha\u0159 db\u00e1 na to, aby byla nab\u00eddka ka\u017ed\u00fd den pestr\u00e1. V nab\u00eddce nav\u00edc: \u2022 Voln\u00fd vstup do finsk\u00e9 sauny a fitness centra. \u2022 Bezplatn\u00e9 zap\u016fj\u010den\u00ed j\u00edzdn\u00edch kol \u2022 \u0161irokop\u00e1smov\u00e9 p\u0159ipojen\u00ed k internetu v cel\u00e9m objektu K dispozici od 380 PLN","breadcrumb":{"@id":"https:\/\/europeum.pl\/cs\/nabidky\/oferta-ze-sniadaniem\/#breadcrumb"},"inLanguage":"cs","potentialAction":[{"@type":"ReadAction","target":["https:\/\/europeum.pl\/cs\/nabidky\/oferta-ze-sniadaniem\/"]}]},{"@type":"BreadcrumbList","@id":"https:\/\/europeum.pl\/cs\/nabidky\/oferta-ze-sniadaniem\/#breadcrumb","itemListElement":[{"@type":"ListItem","position":1,"name":"Home","item":"https:\/\/europeum.pl\/cs\/"},{"@type":"ListItem","position":2,"name":"Nab\u00eddky","item":"https:\/\/europeum.pl\/cs\/nabidky\/"},{"@type":"ListItem","position":3,"name":"Nab\u00eddka se sn\u00eddan\u00ed"}]},{"@type":"WebSite","@id":"https:\/\/europeum.pl\/cs\/#website","url":"https:\/\/europeum.pl\/cs\/","name":"Europeum Hotel","description":"","publisher":{"@id":"https:\/\/europeum.pl\/cs\/#organization"},"alternateName":"Europeum Hotel","potentialAction":[{"@type":"SearchAction","target":{"@type":"EntryPoint","urlTemplate":"https:\/\/europeum.pl\/cs\/?s={search_term_string}"},"query-input":"required name=search_term_string"}],"inLanguage":"cs"},{"@type":"Organization","@id":"https:\/\/europeum.pl\/cs\/#organization","name":"Europeum Hotel","alternateName":"Europeum Hotel","url":"https:\/\/europeum.pl\/cs\/","logo":{"@type":"ImageObject","inLanguage":"cs","@id":"https:\/\/europeum.pl\/cs\/#\/schema\/logo\/image\/","url":"https:\/\/europeum.pl\/wp-content\/uploads\/sites\/68\/2023\/10\/logo_europeum_short_version_grey.png","contentUrl":"https:\/\/europeum.pl\/wp-content\/uploads\/sites\/68\/2023\/10\/logo_europeum_short_version_grey.png","width":3508,"height":2480,"caption":"Europeum Hotel"},"image":{"@id":"https:\/\/europeum.pl\/cs\/#\/schema\/logo\/image\/"},"sameAs":["https:\/\/www.facebook.com\/europeum","https:\/\/www.instagram.com\/europeumhotel\/"]}]}},"acf":[],"_links":{"self":[{"href":"https:\/\/europeum.pl\/cs\/wp-json\/wp\/v2\/pages\/1696"}],"collection":[{"href":"https:\/\/europeum.pl\/cs\/wp-json\/wp\/v2\/pages"}],"about":[{"href":"https:\/\/europeum.pl\/cs\/wp-json\/wp\/v2\/types\/page"}],"author":[{"embeddable":true,"href":"https:\/\/europeum.pl\/cs\/wp-json\/wp\/v2\/users\/199"}],"replies":[{"embeddable":true,"href":"https:\/\/europeum.pl\/cs\/wp-json\/wp\/v2\/comments?post=1696"}],"version-history":[{"count":0,"href":"https:\/\/europeum.pl\/cs\/wp-json\/wp\/v2\/pages\/1696\/revisions"}],"up":[{"embeddable":true,"href":"https:\/\/europeum.pl\/cs\/wp-json\/wp\/v2\/pages\/1300"}],"wp:attachment":[{"href":"https:\/\/europeum.pl\/cs\/wp-json\/wp\/v2\/media?parent=1696"}],"curies":[{"name":"wp","href":"https:\/\/api.w.org\/{rel}","templated":true}]}}