{"id":1712,"date":"2025-03-12T14:59:28","date_gmt":"2025-03-12T13:59:28","guid":{"rendered":"https:\/\/europeum.pl\/nabidky\/dluzszy-pobyt-nizsza-cena\/"},"modified":"2025-03-13T14:57:45","modified_gmt":"2025-03-13T13:57:45","slug":"dluzszy-pobyt-nizsza-cena","status":"publish","type":"page","link":"https:\/\/europeum.pl\/cs\/nabidky\/dluzszy-pobyt-nizsza-cena\/","title":{"rendered":"Del\u0161\u00ed pobyt &#8211; ni\u017e\u0161\u00ed cena"},"content":{"rendered":"<p>P\u0159i rezervaci pobytu na minim\u00e1ln\u011b 3 noci z\u00edsk\u00e1te speci\u00e1ln\u00ed slevu 12 %. Po dnech pln\u00fdch aktivit si u\u017eijte neomezen\u00fd vstup do finsk\u00e9 sauny a fitness, kter\u00e9 jsou k dispozici pouze na\u0161im host\u016fm.<\/p>\n<p>Nav\u00edc v nab\u00eddce:<\/p>\n<ul>\n<li>Mo\u017enost zap\u016fj\u010den\u00ed j\u00edzdn\u00edch kol zdarma<\/li>\n<li>\u0161irokop\u00e1smov\u00e9 p\u0159ipojen\u00ed k internetu v cel\u00e9m objektu<\/li>\n<\/ul>\n<h2>K dispozici od 238 PLN<\/h2>\n","protected":false},"excerpt":{"rendered":"<p>P\u0159i rezervaci pobytu na minim\u00e1ln\u011b 3 noci z\u00edsk\u00e1te speci\u00e1ln\u00ed slevu 12 %. Po dnech pln\u00fdch aktivit si u\u017eijte neomezen\u00fd vstup do finsk\u00e9 sauny a fitness, kter\u00e9 jsou k dispozici pouze na\u0161im host\u016fm. Nav\u00edc v nab\u00eddce: Mo\u017enost zap\u016fj\u010den\u00ed j\u00edzdn\u00edch kol zdarma \u0161irokop\u00e1smov\u00e9 p\u0159ipojen\u00ed k internetu v cel\u00e9m objektu K dispozici od 238 PLN<\/p>\n","protected":false},"author":199,"featured_media":1653,"parent":1300,"menu_order":63,"comment_status":"closed","ping_status":"closed","template":"template-default-2.php","meta":{"footnotes":""},"yoast_head":"<!-- This site is optimized with the Yoast SEO plugin v22.3 - https:\/\/yoast.com\/wordpress\/plugins\/seo\/ -->\n<title>Del\u0161\u00ed pobyt - ni\u017e\u0161\u00ed cena &#8211; Europeum Hotel<\/title>\n<meta name=\"description\" content=\"P\u0159i rezervaci pobytu na minim\u00e1ln\u011b 3 noci z\u00edsk\u00e1te speci\u00e1ln\u00ed slevu 12 %. Po dnech pln\u00fdch aktivit si u\u017eijte neomezen\u00fd vstup do finsk\u00e9 sauny a fitness, kter\u00e9 jsou k dispozici pouze na\u0161im host\u016fm.  Nav\u00edc v nab\u00eddce:   Mo\u017enost zap\u016fj\u010den\u00ed j\u00edzdn\u00edch kol zdarma  \u0161irokop\u00e1smov\u00e9 p\u0159ipojen\u00ed k internetu v cel\u00e9m objektu  K dispozici od 238 PLN\" \/>\n<meta name=\"robots\" content=\"index, follow, max-snippet:-1, max-image-preview:large, max-video-preview:-1\" \/>\n<link rel=\"canonical\" href=\"https:\/\/europeum.pl\/cs\/nabidky\/dluzszy-pobyt-nizsza-cena\/\" \/>\n<meta property=\"og:locale\" content=\"cs_CZ\" \/>\n<meta property=\"og:type\" content=\"article\" \/>\n<meta property=\"og:title\" content=\"Del\u0161\u00ed pobyt - ni\u017e\u0161\u00ed cena &#8211; Europeum Hotel\" \/>\n<meta property=\"og:description\" content=\"P\u0159i rezervaci pobytu na minim\u00e1ln\u011b 3 noci z\u00edsk\u00e1te speci\u00e1ln\u00ed slevu 12 %. Po dnech pln\u00fdch aktivit si u\u017eijte neomezen\u00fd vstup do finsk\u00e9 sauny a fitness, kter\u00e9 jsou k dispozici pouze na\u0161im host\u016fm.  Nav\u00edc v nab\u00eddce:   Mo\u017enost zap\u016fj\u010den\u00ed j\u00edzdn\u00edch kol zdarma  \u0161irokop\u00e1smov\u00e9 p\u0159ipojen\u00ed k internetu v cel\u00e9m objektu  K dispozici od 238 PLN\" \/>\n<meta property=\"og:url\" content=\"https:\/\/europeum.pl\/cs\/nabidky\/dluzszy-pobyt-nizsza-cena\/\" \/>\n<meta property=\"og:site_name\" content=\"Europeum Hotel\" \/>\n<meta property=\"article:publisher\" content=\"https:\/\/www.facebook.com\/europeum\" \/>\n<meta property=\"article:modified_time\" content=\"2025-03-13T13:57:45+00:00\" \/>\n<meta property=\"og:image\" content=\"https:\/\/europeum.pl\/wp-content\/uploads\/sites\/68\/2025\/03\/22113505-7d36-400c-911b-d01073982849.jpg\" \/>\n\t<meta property=\"og:image:width\" content=\"735\" \/>\n\t<meta property=\"og:image:height\" content=\"400\" \/>\n\t<meta property=\"og:image:type\" content=\"image\/jpeg\" \/>\n<meta name=\"twitter:card\" content=\"summary_large_image\" \/>\n<meta name=\"twitter:label1\" content=\"Odhadovan\u00e1 doba \u010dten\u00ed\" \/>\n\t<meta name=\"twitter:data1\" content=\"1 minuta\" \/>\n<script type=\"application\/ld+json\" class=\"yoast-schema-graph\">{\"@context\":\"https:\/\/schema.org\",\"@graph\":[{\"@type\":\"WebPage\",\"@id\":\"https:\/\/europeum.pl\/cs\/nabidky\/dluzszy-pobyt-nizsza-cena\/\",\"url\":\"https:\/\/europeum.pl\/cs\/nabidky\/dluzszy-pobyt-nizsza-cena\/\",\"name\":\"Del\u0161\u00ed pobyt - ni\u017e\u0161\u00ed cena &#8211; Europeum Hotel\",\"isPartOf\":{\"@id\":\"https:\/\/europeum.pl\/cs\/#website\"},\"primaryImageOfPage\":{\"@id\":\"https:\/\/europeum.pl\/cs\/nabidky\/dluzszy-pobyt-nizsza-cena\/#primaryimage\"},\"image\":{\"@id\":\"https:\/\/europeum.pl\/cs\/nabidky\/dluzszy-pobyt-nizsza-cena\/#primaryimage\"},\"thumbnailUrl\":\"https:\/\/europeum.pl\/wp-content\/uploads\/sites\/68\/2025\/03\/22113505-7d36-400c-911b-d01073982849.jpg\",\"datePublished\":\"2025-03-12T13:59:28+00:00\",\"dateModified\":\"2025-03-13T13:57:45+00:00\",\"description\":\"P\u0159i rezervaci pobytu na minim\u00e1ln\u011b 3 noci z\u00edsk\u00e1te speci\u00e1ln\u00ed slevu 12 %. Po dnech pln\u00fdch aktivit si u\u017eijte neomezen\u00fd vstup do finsk\u00e9 sauny a fitness, kter\u00e9 jsou k dispozici pouze na\u0161im host\u016fm. Nav\u00edc v nab\u00eddce: \u2022 Mo\u017enost zap\u016fj\u010den\u00ed j\u00edzdn\u00edch kol zdarma \u2022 \u0161irokop\u00e1smov\u00e9 p\u0159ipojen\u00ed k internetu v cel\u00e9m objektu K dispozici od 238 PLN\",\"breadcrumb\":{\"@id\":\"https:\/\/europeum.pl\/cs\/nabidky\/dluzszy-pobyt-nizsza-cena\/#breadcrumb\"},\"inLanguage\":\"cs\",\"potentialAction\":[{\"@type\":\"ReadAction\",\"target\":[\"https:\/\/europeum.pl\/cs\/nabidky\/dluzszy-pobyt-nizsza-cena\/\"]}]},{\"@type\":\"ImageObject\",\"inLanguage\":\"cs\",\"@id\":\"https:\/\/europeum.pl\/cs\/nabidky\/dluzszy-pobyt-nizsza-cena\/#primaryimage\",\"url\":\"https:\/\/europeum.pl\/wp-content\/uploads\/sites\/68\/2025\/03\/22113505-7d36-400c-911b-d01073982849.jpg\",\"contentUrl\":\"https:\/\/europeum.pl\/wp-content\/uploads\/sites\/68\/2025\/03\/22113505-7d36-400c-911b-d01073982849.jpg\",\"width\":735,\"height\":400},{\"@type\":\"BreadcrumbList\",\"@id\":\"https:\/\/europeum.pl\/cs\/nabidky\/dluzszy-pobyt-nizsza-cena\/#breadcrumb\",\"itemListElement\":[{\"@type\":\"ListItem\",\"position\":1,\"name\":\"Home\",\"item\":\"https:\/\/europeum.pl\/cs\/\"},{\"@type\":\"ListItem\",\"position\":2,\"name\":\"Nab\u00eddky\",\"item\":\"https:\/\/europeum.pl\/cs\/nabidky\/\"},{\"@type\":\"ListItem\",\"position\":3,\"name\":\"Del\u0161\u00ed pobyt &#8211; ni\u017e\u0161\u00ed cena\"}]},{\"@type\":\"WebSite\",\"@id\":\"https:\/\/europeum.pl\/cs\/#website\",\"url\":\"https:\/\/europeum.pl\/cs\/\",\"name\":\"Europeum Hotel\",\"description\":\"\",\"publisher\":{\"@id\":\"https:\/\/europeum.pl\/cs\/#organization\"},\"alternateName\":\"Europeum Hotel\",\"potentialAction\":[{\"@type\":\"SearchAction\",\"target\":{\"@type\":\"EntryPoint\",\"urlTemplate\":\"https:\/\/europeum.pl\/cs\/?s={search_term_string}\"},\"query-input\":\"required name=search_term_string\"}],\"inLanguage\":\"cs\"},{\"@type\":\"Organization\",\"@id\":\"https:\/\/europeum.pl\/cs\/#organization\",\"name\":\"Europeum Hotel\",\"alternateName\":\"Europeum Hotel\",\"url\":\"https:\/\/europeum.pl\/cs\/\",\"logo\":{\"@type\":\"ImageObject\",\"inLanguage\":\"cs\",\"@id\":\"https:\/\/europeum.pl\/cs\/#\/schema\/logo\/image\/\",\"url\":\"https:\/\/europeum.pl\/wp-content\/uploads\/sites\/68\/2023\/10\/logo_europeum_short_version_grey.png\",\"contentUrl\":\"https:\/\/europeum.pl\/wp-content\/uploads\/sites\/68\/2023\/10\/logo_europeum_short_version_grey.png\",\"width\":3508,\"height\":2480,\"caption\":\"Europeum Hotel\"},\"image\":{\"@id\":\"https:\/\/europeum.pl\/cs\/#\/schema\/logo\/image\/\"},\"sameAs\":[\"https:\/\/www.facebook.com\/europeum\",\"https:\/\/www.instagram.com\/europeumhotel\/\"]}]}<\/script>\n<!-- \/ Yoast SEO plugin. -->","yoast_head_json":{"title":"Del\u0161\u00ed pobyt - ni\u017e\u0161\u00ed cena &#8211; Europeum Hotel","description":"P\u0159i rezervaci pobytu na minim\u00e1ln\u011b 3 noci z\u00edsk\u00e1te speci\u00e1ln\u00ed slevu 12 %. Po dnech pln\u00fdch aktivit si u\u017eijte neomezen\u00fd vstup do finsk\u00e9 sauny a fitness, kter\u00e9 jsou k dispozici pouze na\u0161im host\u016fm.  Nav\u00edc v nab\u00eddce:   Mo\u017enost zap\u016fj\u010den\u00ed j\u00edzdn\u00edch kol zdarma  \u0161irokop\u00e1smov\u00e9 p\u0159ipojen\u00ed k internetu v cel\u00e9m objektu  K dispozici od 238 PLN","robots":{"index":"index","follow":"follow","max-snippet":"max-snippet:-1","max-image-preview":"max-image-preview:large","max-video-preview":"max-video-preview:-1"},"canonical":"https:\/\/europeum.pl\/cs\/nabidky\/dluzszy-pobyt-nizsza-cena\/","og_locale":"cs_CZ","og_type":"article","og_title":"Del\u0161\u00ed pobyt - ni\u017e\u0161\u00ed cena &#8211; Europeum Hotel","og_description":"P\u0159i rezervaci pobytu na minim\u00e1ln\u011b 3 noci z\u00edsk\u00e1te speci\u00e1ln\u00ed slevu 12 %. Po dnech pln\u00fdch aktivit si u\u017eijte neomezen\u00fd vstup do finsk\u00e9 sauny a fitness, kter\u00e9 jsou k dispozici pouze na\u0161im host\u016fm.  Nav\u00edc v nab\u00eddce:   Mo\u017enost zap\u016fj\u010den\u00ed j\u00edzdn\u00edch kol zdarma  \u0161irokop\u00e1smov\u00e9 p\u0159ipojen\u00ed k internetu v cel\u00e9m objektu  K dispozici od 238 PLN","og_url":"https:\/\/europeum.pl\/cs\/nabidky\/dluzszy-pobyt-nizsza-cena\/","og_site_name":"Europeum Hotel","article_publisher":"https:\/\/www.facebook.com\/europeum","article_modified_time":"2025-03-13T13:57:45+00:00","og_image":[{"width":735,"height":400,"url":"https:\/\/europeum.pl\/wp-content\/uploads\/sites\/68\/2025\/03\/22113505-7d36-400c-911b-d01073982849.jpg","type":"image\/jpeg"}],"twitter_card":"summary_large_image","twitter_misc":{"Odhadovan\u00e1 doba \u010dten\u00ed":"1 minuta"},"schema":{"@context":"https:\/\/schema.org","@graph":[{"@type":"WebPage","@id":"https:\/\/europeum.pl\/cs\/nabidky\/dluzszy-pobyt-nizsza-cena\/","url":"https:\/\/europeum.pl\/cs\/nabidky\/dluzszy-pobyt-nizsza-cena\/","name":"Del\u0161\u00ed pobyt - ni\u017e\u0161\u00ed cena &#8211; Europeum Hotel","isPartOf":{"@id":"https:\/\/europeum.pl\/cs\/#website"},"primaryImageOfPage":{"@id":"https:\/\/europeum.pl\/cs\/nabidky\/dluzszy-pobyt-nizsza-cena\/#primaryimage"},"image":{"@id":"https:\/\/europeum.pl\/cs\/nabidky\/dluzszy-pobyt-nizsza-cena\/#primaryimage"},"thumbnailUrl":"https:\/\/europeum.pl\/wp-content\/uploads\/sites\/68\/2025\/03\/22113505-7d36-400c-911b-d01073982849.jpg","datePublished":"2025-03-12T13:59:28+00:00","dateModified":"2025-03-13T13:57:45+00:00","description":"P\u0159i rezervaci pobytu na minim\u00e1ln\u011b 3 noci z\u00edsk\u00e1te speci\u00e1ln\u00ed slevu 12 %. Po dnech pln\u00fdch aktivit si u\u017eijte neomezen\u00fd vstup do finsk\u00e9 sauny a fitness, kter\u00e9 jsou k dispozici pouze na\u0161im host\u016fm. Nav\u00edc v nab\u00eddce: \u2022 Mo\u017enost zap\u016fj\u010den\u00ed j\u00edzdn\u00edch kol zdarma \u2022 \u0161irokop\u00e1smov\u00e9 p\u0159ipojen\u00ed k internetu v cel\u00e9m objektu K dispozici od 238 PLN","breadcrumb":{"@id":"https:\/\/europeum.pl\/cs\/nabidky\/dluzszy-pobyt-nizsza-cena\/#breadcrumb"},"inLanguage":"cs","potentialAction":[{"@type":"ReadAction","target":["https:\/\/europeum.pl\/cs\/nabidky\/dluzszy-pobyt-nizsza-cena\/"]}]},{"@type":"ImageObject","inLanguage":"cs","@id":"https:\/\/europeum.pl\/cs\/nabidky\/dluzszy-pobyt-nizsza-cena\/#primaryimage","url":"https:\/\/europeum.pl\/wp-content\/uploads\/sites\/68\/2025\/03\/22113505-7d36-400c-911b-d01073982849.jpg","contentUrl":"https:\/\/europeum.pl\/wp-content\/uploads\/sites\/68\/2025\/03\/22113505-7d36-400c-911b-d01073982849.jpg","width":735,"height":400},{"@type":"BreadcrumbList","@id":"https:\/\/europeum.pl\/cs\/nabidky\/dluzszy-pobyt-nizsza-cena\/#breadcrumb","itemListElement":[{"@type":"ListItem","position":1,"name":"Home","item":"https:\/\/europeum.pl\/cs\/"},{"@type":"ListItem","position":2,"name":"Nab\u00eddky","item":"https:\/\/europeum.pl\/cs\/nabidky\/"},{"@type":"ListItem","position":3,"name":"Del\u0161\u00ed pobyt &#8211; ni\u017e\u0161\u00ed cena"}]},{"@type":"WebSite","@id":"https:\/\/europeum.pl\/cs\/#website","url":"https:\/\/europeum.pl\/cs\/","name":"Europeum Hotel","description":"","publisher":{"@id":"https:\/\/europeum.pl\/cs\/#organization"},"alternateName":"Europeum Hotel","potentialAction":[{"@type":"SearchAction","target":{"@type":"EntryPoint","urlTemplate":"https:\/\/europeum.pl\/cs\/?s={search_term_string}"},"query-input":"required name=search_term_string"}],"inLanguage":"cs"},{"@type":"Organization","@id":"https:\/\/europeum.pl\/cs\/#organization","name":"Europeum Hotel","alternateName":"Europeum Hotel","url":"https:\/\/europeum.pl\/cs\/","logo":{"@type":"ImageObject","inLanguage":"cs","@id":"https:\/\/europeum.pl\/cs\/#\/schema\/logo\/image\/","url":"https:\/\/europeum.pl\/wp-content\/uploads\/sites\/68\/2023\/10\/logo_europeum_short_version_grey.png","contentUrl":"https:\/\/europeum.pl\/wp-content\/uploads\/sites\/68\/2023\/10\/logo_europeum_short_version_grey.png","width":3508,"height":2480,"caption":"Europeum Hotel"},"image":{"@id":"https:\/\/europeum.pl\/cs\/#\/schema\/logo\/image\/"},"sameAs":["https:\/\/www.facebook.com\/europeum","https:\/\/www.instagram.com\/europeumhotel\/"]}]}},"acf":[],"_links":{"self":[{"href":"https:\/\/europeum.pl\/cs\/wp-json\/wp\/v2\/pages\/1712"}],"collection":[{"href":"https:\/\/europeum.pl\/cs\/wp-json\/wp\/v2\/pages"}],"about":[{"href":"https:\/\/europeum.pl\/cs\/wp-json\/wp\/v2\/types\/page"}],"author":[{"embeddable":true,"href":"https:\/\/europeum.pl\/cs\/wp-json\/wp\/v2\/users\/199"}],"replies":[{"embeddable":true,"href":"https:\/\/europeum.pl\/cs\/wp-json\/wp\/v2\/comments?post=1712"}],"version-history":[{"count":0,"href":"https:\/\/europeum.pl\/cs\/wp-json\/wp\/v2\/pages\/1712\/revisions"}],"up":[{"embeddable":true,"href":"https:\/\/europeum.pl\/cs\/wp-json\/wp\/v2\/pages\/1300"}],"wp:featuredmedia":[{"embeddable":true,"href":"https:\/\/europeum.pl\/cs\/wp-json\/wp\/v2\/media\/1653"}],"wp:attachment":[{"href":"https:\/\/europeum.pl\/cs\/wp-json\/wp\/v2\/media?parent=1712"}],"curies":[{"name":"wp","href":"https:\/\/api.w.org\/{rel}","templated":true}]}}