{"id":1193,"date":"2023-11-16T13:49:16","date_gmt":"2023-11-16T12:49:16","guid":{"rendered":"https:\/\/europeum-hotel.ms2.decms.eu\/europeum-hotel\/"},"modified":"2025-04-28T07:47:12","modified_gmt":"2025-04-28T05:47:12","slug":"europeum-hotel","status":"publish","type":"page","link":"https:\/\/europeum.pl\/de\/","title":{"rendered":"Europeum Hotel"},"content":{"rendered":"<p>Lernen Sie ein modernes Hotel <strong>im Zentrum des historischen Wroc\u0142aw kennen<\/strong>, wo sich die Vergangenheit mit der Gegenwart verbindet und die einzigartige Atmosph\u00e4re zum Entdecken und Kennenlernen einl\u00e4dt. Das elegante Boutique-<strong>Hotel Europeum<\/strong> sorgt f\u00fcr ein unvergessliches Erlebnis w\u00e4hrend Ihres Aufenthalts \u2013 hier machen Sie nicht nur Halt w\u00e4hrend Ihrer Reise, sondern entdecken auch Einzigartiges und Wissenswertes.<\/p>\n<p>Entdecken Sie moderne dekorative und angewandte Kunst, die in unseren Innenr\u00e4umen allgegenw\u00e4rtig ist. Finden Sie Ihren Weg zur Entspannung und genie\u00dfen Sie gleichzeitig einen komfortablen Aufenthalt in ger\u00e4umigen Zimmern. Nutzen Sie abends den Spa- und Fitnessbereich im Hotel. Entdecken Sie die Aromen unserer einzigartigen Fr\u00fchst\u00fccke, die eine wahre Gaumenfreude sind und f\u00fcr den besten Start in den Tag sorgen. Genie\u00dfen Sie den aromatischen Kaffee in unserem Restaurant.<\/p>\n<p>Sp\u00fcren Sie die einzigartige, famili\u00e4re Atmosph\u00e4re. Im Hotel Europeum bieten wir aufrichtige Gastfreundschaft und schaffen warme Erinnerungen, an die Sie sich noch lange nach Ihrem Aufenthalt erinnern werden. Entdecken Sie mit uns einzigartige Orte auf der Landkarte von Wroc\u0142aw.<\/p>\n<p><strong><span style=\"color: #000000\">Lassen Sie sich inspirieren und erleben Sie unvergessliche Momente im Europeum.<\/span><\/strong><\/p>\n<p>&nbsp;<\/p>\n","protected":false},"excerpt":{"rendered":"<p>Lernen Sie ein modernes Hotel im Zentrum des historischen Wroc\u0142aw kennen, wo sich die Vergangenheit mit der Gegenwart verbindet und die einzigartige Atmosph\u00e4re zum Entdecken und Kennenlernen einl\u00e4dt. Das elegante Boutique-Hotel Europeum sorgt f\u00fcr ein unvergessliches Erlebnis w\u00e4hrend Ihres Aufenthalts \u2013 hier machen Sie nicht nur Halt w\u00e4hrend Ihrer Reise, sondern entdecken auch Einzigartiges und [&hellip;]<\/p>\n","protected":false},"author":12,"featured_media":0,"parent":0,"menu_order":0,"comment_status":"closed","ping_status":"closed","template":"","meta":{"footnotes":""},"yoast_head":"<!-- This site is optimized with the Yoast SEO plugin v22.3 - https:\/\/yoast.com\/wordpress\/plugins\/seo\/ -->\n<title>Boutique-Hotel in Breslau | Europeum Hotel<\/title>\n<meta name=\"description\" content=\"Entdecken Sie das Boutique-Hotel Europeum in Breslau. Genie\u00dfen Sie den 3-Sterne-Service unseres Luxushotels in Polen, in der N\u00e4he der touristischen Sehensw\u00fcrdigkeiten der Stadt.\" \/>\n<meta name=\"robots\" content=\"index, follow, max-snippet:-1, max-image-preview:large, max-video-preview:-1\" \/>\n<link rel=\"canonical\" href=\"https:\/\/europeum.pl\/de\/\" \/>\n<meta property=\"og:locale\" content=\"de_DE\" \/>\n<meta property=\"og:type\" content=\"article\" \/>\n<meta property=\"og:title\" content=\"Boutique-Hotel in Breslau | Europeum Hotel\" \/>\n<meta property=\"og:description\" content=\"Entdecken Sie das Boutique-Hotel Europeum in Breslau. Genie\u00dfen Sie den 3-Sterne-Service unseres Luxushotels in Polen, in der N\u00e4he der touristischen Sehensw\u00fcrdigkeiten der Stadt.\" \/>\n<meta property=\"og:url\" content=\"https:\/\/europeum.pl\/de\/\" \/>\n<meta property=\"og:site_name\" content=\"Europeum Hotel\" \/>\n<meta property=\"article:publisher\" content=\"https:\/\/www.facebook.com\/europeum\" \/>\n<meta property=\"article:modified_time\" content=\"2025-04-28T05:47:12+00:00\" \/>\n<meta property=\"og:image\" content=\"https:\/\/europeum.pl\/wp-content\/uploads\/sites\/68\/2024\/06\/5.jpg\" \/>\n\t<meta property=\"og:image:width\" content=\"1920\" \/>\n\t<meta property=\"og:image:height\" content=\"1080\" \/>\n\t<meta property=\"og:image:type\" content=\"image\/jpeg\" \/>\n<meta name=\"twitter:card\" content=\"summary_large_image\" \/>\n<meta name=\"twitter:label1\" content=\"Gesch\u00e4tzte Lesezeit\" \/>\n\t<meta name=\"twitter:data1\" content=\"1 Minute\" \/>\n<script type=\"application\/ld+json\" class=\"yoast-schema-graph\">{\"@context\":\"https:\/\/schema.org\",\"@graph\":[{\"@type\":\"WebPage\",\"@id\":\"https:\/\/europeum.pl\/de\/\",\"url\":\"https:\/\/europeum.pl\/de\/\",\"name\":\"Boutique-Hotel in Breslau | Europeum Hotel\",\"isPartOf\":{\"@id\":\"https:\/\/europeum.pl\/de\/#website\"},\"datePublished\":\"2023-11-16T12:49:16+00:00\",\"dateModified\":\"2025-04-28T05:47:12+00:00\",\"description\":\"Entdecken Sie das Boutique-Hotel Europeum in Breslau. Genie\u00dfen Sie den 3-Sterne-Service unseres Luxushotels in Polen, in der N\u00e4he der touristischen Sehensw\u00fcrdigkeiten der Stadt.\",\"breadcrumb\":{\"@id\":\"https:\/\/europeum.pl\/de\/#breadcrumb\"},\"inLanguage\":\"de-DE\",\"potentialAction\":[{\"@type\":\"ReadAction\",\"target\":[\"https:\/\/europeum.pl\/de\/\"]}]},{\"@type\":\"BreadcrumbList\",\"@id\":\"https:\/\/europeum.pl\/de\/#breadcrumb\",\"itemListElement\":[{\"@type\":\"ListItem\",\"position\":1,\"name\":\"Home\",\"item\":\"https:\/\/europeum.pl\/de\/\"},{\"@type\":\"ListItem\",\"position\":2,\"name\":\"Europeum Hotel\"}]},{\"@type\":\"WebSite\",\"@id\":\"https:\/\/europeum.pl\/de\/#website\",\"url\":\"https:\/\/europeum.pl\/de\/\",\"name\":\"Europeum Hotel\",\"description\":\"\",\"publisher\":{\"@id\":\"https:\/\/europeum.pl\/de\/#organization\"},\"alternateName\":\"Europeum Hotel\",\"potentialAction\":[{\"@type\":\"SearchAction\",\"target\":{\"@type\":\"EntryPoint\",\"urlTemplate\":\"https:\/\/europeum.pl\/de\/?s={search_term_string}\"},\"query-input\":\"required name=search_term_string\"}],\"inLanguage\":\"de-DE\"},{\"@type\":\"Organization\",\"@id\":\"https:\/\/europeum.pl\/de\/#organization\",\"name\":\"Europeum Hotel\",\"alternateName\":\"Europeum Hotel\",\"url\":\"https:\/\/europeum.pl\/de\/\",\"logo\":{\"@type\":\"ImageObject\",\"inLanguage\":\"de-DE\",\"@id\":\"https:\/\/europeum.pl\/de\/#\/schema\/logo\/image\/\",\"url\":\"https:\/\/europeum.pl\/wp-content\/uploads\/sites\/68\/2023\/10\/logo_europeum_short_version_grey.png\",\"contentUrl\":\"https:\/\/europeum.pl\/wp-content\/uploads\/sites\/68\/2023\/10\/logo_europeum_short_version_grey.png\",\"width\":3508,\"height\":2480,\"caption\":\"Europeum Hotel\"},\"image\":{\"@id\":\"https:\/\/europeum.pl\/de\/#\/schema\/logo\/image\/\"},\"sameAs\":[\"https:\/\/www.facebook.com\/europeum\",\"https:\/\/www.instagram.com\/europeumhotel\/\"]}]}<\/script>\n<!-- \/ Yoast SEO plugin. -->","yoast_head_json":{"title":"Boutique-Hotel in Breslau | Europeum Hotel","description":"Entdecken Sie das Boutique-Hotel Europeum in Breslau. Genie\u00dfen Sie den 3-Sterne-Service unseres Luxushotels in Polen, in der N\u00e4he der touristischen Sehensw\u00fcrdigkeiten der Stadt.","robots":{"index":"index","follow":"follow","max-snippet":"max-snippet:-1","max-image-preview":"max-image-preview:large","max-video-preview":"max-video-preview:-1"},"canonical":"https:\/\/europeum.pl\/de\/","og_locale":"de_DE","og_type":"article","og_title":"Boutique-Hotel in Breslau | Europeum Hotel","og_description":"Entdecken Sie das Boutique-Hotel Europeum in Breslau. Genie\u00dfen Sie den 3-Sterne-Service unseres Luxushotels in Polen, in der N\u00e4he der touristischen Sehensw\u00fcrdigkeiten der Stadt.","og_url":"https:\/\/europeum.pl\/de\/","og_site_name":"Europeum Hotel","article_publisher":"https:\/\/www.facebook.com\/europeum","article_modified_time":"2025-04-28T05:47:12+00:00","og_image":[{"width":1920,"height":1080,"url":"https:\/\/europeum.pl\/wp-content\/uploads\/sites\/68\/2024\/06\/5.jpg","type":"image\/jpeg"}],"twitter_card":"summary_large_image","twitter_misc":{"Gesch\u00e4tzte Lesezeit":"1 Minute"},"schema":{"@context":"https:\/\/schema.org","@graph":[{"@type":"WebPage","@id":"https:\/\/europeum.pl\/de\/","url":"https:\/\/europeum.pl\/de\/","name":"Boutique-Hotel in Breslau | Europeum Hotel","isPartOf":{"@id":"https:\/\/europeum.pl\/de\/#website"},"datePublished":"2023-11-16T12:49:16+00:00","dateModified":"2025-04-28T05:47:12+00:00","description":"Entdecken Sie das Boutique-Hotel Europeum in Breslau. Genie\u00dfen Sie den 3-Sterne-Service unseres Luxushotels in Polen, in der N\u00e4he der touristischen Sehensw\u00fcrdigkeiten der Stadt.","breadcrumb":{"@id":"https:\/\/europeum.pl\/de\/#breadcrumb"},"inLanguage":"de-DE","potentialAction":[{"@type":"ReadAction","target":["https:\/\/europeum.pl\/de\/"]}]},{"@type":"BreadcrumbList","@id":"https:\/\/europeum.pl\/de\/#breadcrumb","itemListElement":[{"@type":"ListItem","position":1,"name":"Home","item":"https:\/\/europeum.pl\/de\/"},{"@type":"ListItem","position":2,"name":"Europeum Hotel"}]},{"@type":"WebSite","@id":"https:\/\/europeum.pl\/de\/#website","url":"https:\/\/europeum.pl\/de\/","name":"Europeum Hotel","description":"","publisher":{"@id":"https:\/\/europeum.pl\/de\/#organization"},"alternateName":"Europeum Hotel","potentialAction":[{"@type":"SearchAction","target":{"@type":"EntryPoint","urlTemplate":"https:\/\/europeum.pl\/de\/?s={search_term_string}"},"query-input":"required name=search_term_string"}],"inLanguage":"de-DE"},{"@type":"Organization","@id":"https:\/\/europeum.pl\/de\/#organization","name":"Europeum Hotel","alternateName":"Europeum Hotel","url":"https:\/\/europeum.pl\/de\/","logo":{"@type":"ImageObject","inLanguage":"de-DE","@id":"https:\/\/europeum.pl\/de\/#\/schema\/logo\/image\/","url":"https:\/\/europeum.pl\/wp-content\/uploads\/sites\/68\/2023\/10\/logo_europeum_short_version_grey.png","contentUrl":"https:\/\/europeum.pl\/wp-content\/uploads\/sites\/68\/2023\/10\/logo_europeum_short_version_grey.png","width":3508,"height":2480,"caption":"Europeum Hotel"},"image":{"@id":"https:\/\/europeum.pl\/de\/#\/schema\/logo\/image\/"},"sameAs":["https:\/\/www.facebook.com\/europeum","https:\/\/www.instagram.com\/europeumhotel\/"]}]}},"acf":[],"_links":{"self":[{"href":"https:\/\/europeum.pl\/de\/wp-json\/wp\/v2\/pages\/1193"}],"collection":[{"href":"https:\/\/europeum.pl\/de\/wp-json\/wp\/v2\/pages"}],"about":[{"href":"https:\/\/europeum.pl\/de\/wp-json\/wp\/v2\/types\/page"}],"author":[{"embeddable":true,"href":"https:\/\/europeum.pl\/de\/wp-json\/wp\/v2\/users\/12"}],"replies":[{"embeddable":true,"href":"https:\/\/europeum.pl\/de\/wp-json\/wp\/v2\/comments?post=1193"}],"version-history":[{"count":0,"href":"https:\/\/europeum.pl\/de\/wp-json\/wp\/v2\/pages\/1193\/revisions"}],"wp:attachment":[{"href":"https:\/\/europeum.pl\/de\/wp-json\/wp\/v2\/media?parent=1193"}],"curies":[{"name":"wp","href":"https:\/\/api.w.org\/{rel}","templated":true}]}}