{"id":1197,"date":"2023-10-10T18:11:04","date_gmt":"2023-10-10T16:11:04","guid":{"rendered":"https:\/\/europeum-hotel.ms2.decms.eu\/sniadanie\/"},"modified":"2025-02-27T08:36:45","modified_gmt":"2025-02-27T07:36:45","slug":"fruehstueck","status":"publish","type":"page","link":"https:\/\/europeum.pl\/de\/fruehstueck\/","title":{"rendered":"Fr\u00fchst\u00fcck"},"content":{"rendered":"<p data-pm-slice=\"1 1 []\">Im Europeum sind wir \u00fcberzeugt, dass Fr\u00fchst\u00fcck mehr ist als nur die erste Mahlzeit des Tages \u2013 es ist ein Moment des Wohlbefindens, des Genusses und der perfekte Auftakt f\u00fcr alles, was der Tag bringen mag. Deshalb servieren wir nicht nur Essen \u2013 wir schaffen ein morgendliches Ritual voller W\u00e4rme, Geschmack und bester Zutaten.<\/p>\n","protected":false},"excerpt":{"rendered":"<p>Im Europeum sind wir \u00fcberzeugt, dass Fr\u00fchst\u00fcck mehr ist als nur die erste Mahlzeit des Tages \u2013 es ist ein Moment des Wohlbefindens, des Genusses und der perfekte Auftakt f\u00fcr alles, was der Tag bringen mag. Deshalb servieren wir nicht nur Essen \u2013 wir schaffen ein morgendliches Ritual voller W\u00e4rme, Geschmack und bester Zutaten.<\/p>\n","protected":false},"author":12,"featured_media":0,"parent":0,"menu_order":30,"comment_status":"closed","ping_status":"closed","template":"template-single-restaurant.php","meta":{"footnotes":""},"yoast_head":"<!-- This site is optimized with the Yoast SEO plugin v22.3 - https:\/\/yoast.com\/wordpress\/plugins\/seo\/ -->\n<title>\u00dcbernachtung mit Fr\u00fchst\u00fcck | Europeum Hotel<\/title>\n<meta name=\"description\" content=\"Entdecken Sie das Boutique-Hotel Europeum in Breslau und genie\u00dfen Sie das 3-Sterne-Fr\u00fchst\u00fcck unseres Luxushotels, das in einer wundersch\u00f6n gestalteten Atmosph\u00e4re serviert wird.\" \/>\n<meta name=\"robots\" content=\"index, follow, max-snippet:-1, max-image-preview:large, max-video-preview:-1\" \/>\n<link rel=\"canonical\" href=\"https:\/\/europeum.pl\/de\/fruehstueck\/\" \/>\n<meta property=\"og:locale\" content=\"de_DE\" \/>\n<meta property=\"og:type\" content=\"article\" \/>\n<meta property=\"og:title\" content=\"\u00dcbernachtung mit Fr\u00fchst\u00fcck | Europeum Hotel\" \/>\n<meta property=\"og:description\" content=\"Entdecken Sie das Boutique-Hotel Europeum in Breslau und genie\u00dfen Sie das 3-Sterne-Fr\u00fchst\u00fcck unseres Luxushotels, das in einer wundersch\u00f6n gestalteten Atmosph\u00e4re serviert wird.\" \/>\n<meta property=\"og:url\" content=\"https:\/\/europeum.pl\/de\/fruehstueck\/\" \/>\n<meta property=\"og:site_name\" content=\"Europeum Hotel\" \/>\n<meta property=\"article:publisher\" content=\"https:\/\/www.facebook.com\/europeum\" \/>\n<meta property=\"article:modified_time\" content=\"2025-02-27T07:36:45+00:00\" \/>\n<meta property=\"og:image\" content=\"https:\/\/europeum.pl\/wp-content\/uploads\/sites\/68\/2024\/06\/5.jpg\" \/>\n\t<meta property=\"og:image:width\" content=\"1920\" \/>\n\t<meta property=\"og:image:height\" content=\"1080\" \/>\n\t<meta property=\"og:image:type\" content=\"image\/jpeg\" \/>\n<meta name=\"twitter:card\" content=\"summary_large_image\" \/>\n<meta name=\"twitter:label1\" content=\"Gesch\u00e4tzte Lesezeit\" \/>\n\t<meta name=\"twitter:data1\" content=\"1 Minute\" \/>\n<script type=\"application\/ld+json\" class=\"yoast-schema-graph\">{\"@context\":\"https:\/\/schema.org\",\"@graph\":[{\"@type\":\"WebPage\",\"@id\":\"https:\/\/europeum.pl\/de\/fruehstueck\/\",\"url\":\"https:\/\/europeum.pl\/de\/fruehstueck\/\",\"name\":\"\u00dcbernachtung mit Fr\u00fchst\u00fcck | Europeum Hotel\",\"isPartOf\":{\"@id\":\"https:\/\/europeum.pl\/de\/#website\"},\"datePublished\":\"2023-10-10T16:11:04+00:00\",\"dateModified\":\"2025-02-27T07:36:45+00:00\",\"description\":\"Entdecken Sie das Boutique-Hotel Europeum in Breslau und genie\u00dfen Sie das 3-Sterne-Fr\u00fchst\u00fcck unseres Luxushotels, das in einer wundersch\u00f6n gestalteten Atmosph\u00e4re serviert wird.\",\"breadcrumb\":{\"@id\":\"https:\/\/europeum.pl\/de\/fruehstueck\/#breadcrumb\"},\"inLanguage\":\"de-DE\",\"potentialAction\":[{\"@type\":\"ReadAction\",\"target\":[\"https:\/\/europeum.pl\/de\/fruehstueck\/\"]}]},{\"@type\":\"BreadcrumbList\",\"@id\":\"https:\/\/europeum.pl\/de\/fruehstueck\/#breadcrumb\",\"itemListElement\":[{\"@type\":\"ListItem\",\"position\":1,\"name\":\"Home\",\"item\":\"https:\/\/europeum.pl\/de\/\"},{\"@type\":\"ListItem\",\"position\":2,\"name\":\"Fr\u00fchst\u00fcck\"}]},{\"@type\":\"WebSite\",\"@id\":\"https:\/\/europeum.pl\/de\/#website\",\"url\":\"https:\/\/europeum.pl\/de\/\",\"name\":\"Europeum Hotel\",\"description\":\"\",\"publisher\":{\"@id\":\"https:\/\/europeum.pl\/de\/#organization\"},\"alternateName\":\"Europeum Hotel\",\"potentialAction\":[{\"@type\":\"SearchAction\",\"target\":{\"@type\":\"EntryPoint\",\"urlTemplate\":\"https:\/\/europeum.pl\/de\/?s={search_term_string}\"},\"query-input\":\"required name=search_term_string\"}],\"inLanguage\":\"de-DE\"},{\"@type\":\"Organization\",\"@id\":\"https:\/\/europeum.pl\/de\/#organization\",\"name\":\"Europeum Hotel\",\"alternateName\":\"Europeum Hotel\",\"url\":\"https:\/\/europeum.pl\/de\/\",\"logo\":{\"@type\":\"ImageObject\",\"inLanguage\":\"de-DE\",\"@id\":\"https:\/\/europeum.pl\/de\/#\/schema\/logo\/image\/\",\"url\":\"https:\/\/europeum.pl\/wp-content\/uploads\/sites\/68\/2023\/10\/logo_europeum_short_version_grey.png\",\"contentUrl\":\"https:\/\/europeum.pl\/wp-content\/uploads\/sites\/68\/2023\/10\/logo_europeum_short_version_grey.png\",\"width\":3508,\"height\":2480,\"caption\":\"Europeum Hotel\"},\"image\":{\"@id\":\"https:\/\/europeum.pl\/de\/#\/schema\/logo\/image\/\"},\"sameAs\":[\"https:\/\/www.facebook.com\/europeum\",\"https:\/\/www.instagram.com\/europeumhotel\/\"]}]}<\/script>\n<!-- \/ Yoast SEO plugin. -->","yoast_head_json":{"title":"\u00dcbernachtung mit Fr\u00fchst\u00fcck | Europeum Hotel","description":"Entdecken Sie das Boutique-Hotel Europeum in Breslau und genie\u00dfen Sie das 3-Sterne-Fr\u00fchst\u00fcck unseres Luxushotels, das in einer wundersch\u00f6n gestalteten Atmosph\u00e4re serviert wird.","robots":{"index":"index","follow":"follow","max-snippet":"max-snippet:-1","max-image-preview":"max-image-preview:large","max-video-preview":"max-video-preview:-1"},"canonical":"https:\/\/europeum.pl\/de\/fruehstueck\/","og_locale":"de_DE","og_type":"article","og_title":"\u00dcbernachtung mit Fr\u00fchst\u00fcck | Europeum Hotel","og_description":"Entdecken Sie das Boutique-Hotel Europeum in Breslau und genie\u00dfen Sie das 3-Sterne-Fr\u00fchst\u00fcck unseres Luxushotels, das in einer wundersch\u00f6n gestalteten Atmosph\u00e4re serviert wird.","og_url":"https:\/\/europeum.pl\/de\/fruehstueck\/","og_site_name":"Europeum Hotel","article_publisher":"https:\/\/www.facebook.com\/europeum","article_modified_time":"2025-02-27T07:36:45+00:00","og_image":[{"width":1920,"height":1080,"url":"https:\/\/europeum.pl\/wp-content\/uploads\/sites\/68\/2024\/06\/5.jpg","type":"image\/jpeg"}],"twitter_card":"summary_large_image","twitter_misc":{"Gesch\u00e4tzte Lesezeit":"1 Minute"},"schema":{"@context":"https:\/\/schema.org","@graph":[{"@type":"WebPage","@id":"https:\/\/europeum.pl\/de\/fruehstueck\/","url":"https:\/\/europeum.pl\/de\/fruehstueck\/","name":"\u00dcbernachtung mit Fr\u00fchst\u00fcck | Europeum Hotel","isPartOf":{"@id":"https:\/\/europeum.pl\/de\/#website"},"datePublished":"2023-10-10T16:11:04+00:00","dateModified":"2025-02-27T07:36:45+00:00","description":"Entdecken Sie das Boutique-Hotel Europeum in Breslau und genie\u00dfen Sie das 3-Sterne-Fr\u00fchst\u00fcck unseres Luxushotels, das in einer wundersch\u00f6n gestalteten Atmosph\u00e4re serviert wird.","breadcrumb":{"@id":"https:\/\/europeum.pl\/de\/fruehstueck\/#breadcrumb"},"inLanguage":"de-DE","potentialAction":[{"@type":"ReadAction","target":["https:\/\/europeum.pl\/de\/fruehstueck\/"]}]},{"@type":"BreadcrumbList","@id":"https:\/\/europeum.pl\/de\/fruehstueck\/#breadcrumb","itemListElement":[{"@type":"ListItem","position":1,"name":"Home","item":"https:\/\/europeum.pl\/de\/"},{"@type":"ListItem","position":2,"name":"Fr\u00fchst\u00fcck"}]},{"@type":"WebSite","@id":"https:\/\/europeum.pl\/de\/#website","url":"https:\/\/europeum.pl\/de\/","name":"Europeum Hotel","description":"","publisher":{"@id":"https:\/\/europeum.pl\/de\/#organization"},"alternateName":"Europeum Hotel","potentialAction":[{"@type":"SearchAction","target":{"@type":"EntryPoint","urlTemplate":"https:\/\/europeum.pl\/de\/?s={search_term_string}"},"query-input":"required name=search_term_string"}],"inLanguage":"de-DE"},{"@type":"Organization","@id":"https:\/\/europeum.pl\/de\/#organization","name":"Europeum Hotel","alternateName":"Europeum Hotel","url":"https:\/\/europeum.pl\/de\/","logo":{"@type":"ImageObject","inLanguage":"de-DE","@id":"https:\/\/europeum.pl\/de\/#\/schema\/logo\/image\/","url":"https:\/\/europeum.pl\/wp-content\/uploads\/sites\/68\/2023\/10\/logo_europeum_short_version_grey.png","contentUrl":"https:\/\/europeum.pl\/wp-content\/uploads\/sites\/68\/2023\/10\/logo_europeum_short_version_grey.png","width":3508,"height":2480,"caption":"Europeum Hotel"},"image":{"@id":"https:\/\/europeum.pl\/de\/#\/schema\/logo\/image\/"},"sameAs":["https:\/\/www.facebook.com\/europeum","https:\/\/www.instagram.com\/europeumhotel\/"]}]}},"acf":[],"_links":{"self":[{"href":"https:\/\/europeum.pl\/de\/wp-json\/wp\/v2\/pages\/1197"}],"collection":[{"href":"https:\/\/europeum.pl\/de\/wp-json\/wp\/v2\/pages"}],"about":[{"href":"https:\/\/europeum.pl\/de\/wp-json\/wp\/v2\/types\/page"}],"author":[{"embeddable":true,"href":"https:\/\/europeum.pl\/de\/wp-json\/wp\/v2\/users\/12"}],"replies":[{"embeddable":true,"href":"https:\/\/europeum.pl\/de\/wp-json\/wp\/v2\/comments?post=1197"}],"version-history":[{"count":0,"href":"https:\/\/europeum.pl\/de\/wp-json\/wp\/v2\/pages\/1197\/revisions"}],"wp:attachment":[{"href":"https:\/\/europeum.pl\/de\/wp-json\/wp\/v2\/media?parent=1197"}],"curies":[{"name":"wp","href":"https:\/\/api.w.org\/{rel}","templated":true}]}}