{"id":1199,"date":"2023-10-09T15:13:48","date_gmt":"2023-10-09T13:13:48","guid":{"rendered":"https:\/\/europeum-hotel.ms2.decms.eu\/pokoje\/"},"modified":"2024-12-27T15:25:47","modified_gmt":"2024-12-27T14:25:47","slug":"zimmer","status":"publish","type":"page","link":"https:\/\/europeum.pl\/de\/zimmer\/","title":{"rendered":"Zimmer"},"content":{"rendered":"<p>Erkunden Sie unsere R\u00e4ume, die ein wahres Paradies f\u00fcr die Sinne sind. Finden Sie das entsprechende Zimmer f\u00fcr sich, das Ihr pers\u00f6nlicher Zufluchtsort voller raffiniertem Geschmack und einzigartigem Charakter sein wird.<\/p>\n<p>Tauchen Sie ein in die Welt des Luxus und der au\u00dfergew\u00f6hnlichen Eleganz, in der jedes Detail seine eigene Geschichte erz\u00e4hlt. Lassen Sie Ihre Sinne verzaubern und Ihr Herz mit Freude und Entz\u00fccken erf\u00fcllen.<\/p>\n<p>Im Hotel Europeum ist<strong> jedes Zimmer nicht nur ein Ort zum Schlafen, sondern auch ein Ort zum Tr\u00e4umen und Planen gro\u00dfer Dinge<\/strong>. Bequeme Kingsize-Betten laden zum Ausruhen ein und ger\u00e4umige Zimmer schaffen eine Atmosph\u00e4re der Erholung und Entspannung.<\/p>\n<p>Wir bieten <strong>36 komfortable Einzel-, Doppel- und Dreibettzimmer sowie eine Junior Suite<\/strong> mit hohem Ausstattungsstandard. Alle Zimmer sind mit einer individuellen Klimaanlage ausgestattet und verf\u00fcgen \u00fcber bequeme Kingsize-Betten und ger\u00e4umige Badezimmer mit Duschkabine oder Badewanne. Das einzigartige Innendesign, erg\u00e4nzt durch dekorative und angewandte Kunst, garantiert ein unvergessliches Erlebnis.<\/p>\n","protected":false},"excerpt":{"rendered":"<p>Erkunden Sie unsere R\u00e4ume, die ein wahres Paradies f\u00fcr die Sinne sind. Finden Sie das entsprechende Zimmer f\u00fcr sich, das Ihr pers\u00f6nlicher Zufluchtsort voller raffiniertem Geschmack und einzigartigem Charakter sein wird. Tauchen Sie ein in die Welt des Luxus und der au\u00dfergew\u00f6hnlichen Eleganz, in der jedes Detail seine eigene Geschichte erz\u00e4hlt. Lassen Sie Ihre Sinne [&hellip;]<\/p>\n","protected":false},"author":12,"featured_media":0,"parent":0,"menu_order":10,"comment_status":"closed","ping_status":"closed","template":"template-rooms.php","meta":{"footnotes":""},"yoast_head":"<!-- This site is optimized with the Yoast SEO plugin v22.3 - https:\/\/yoast.com\/wordpress\/plugins\/seo\/ -->\n<title>Unterkunft und \u00dcbernachtung in Breslau | Europeum Hotel<\/title>\n<meta name=\"description\" content=\"Entdecken Sie die 36 Unterk\u00fcnfte im Boutique-Hotel Europeum in Breslau, darunter 2 Suiten und ein Familienzimmer mit eleganter Ausstattung f\u00fcr einen luxuri\u00f6sen Aufenthalt.\" \/>\n<meta name=\"robots\" content=\"index, follow, max-snippet:-1, max-image-preview:large, max-video-preview:-1\" \/>\n<link rel=\"canonical\" href=\"https:\/\/europeum.pl\/de\/zimmer\/\" \/>\n<meta property=\"og:locale\" content=\"de_DE\" \/>\n<meta property=\"og:type\" content=\"article\" \/>\n<meta property=\"og:title\" content=\"Unterkunft und \u00dcbernachtung in Breslau | Europeum Hotel\" \/>\n<meta property=\"og:description\" content=\"Entdecken Sie die 36 Unterk\u00fcnfte im Boutique-Hotel Europeum in Breslau, darunter 2 Suiten und ein Familienzimmer mit eleganter Ausstattung f\u00fcr einen luxuri\u00f6sen Aufenthalt.\" \/>\n<meta property=\"og:url\" content=\"https:\/\/europeum.pl\/de\/zimmer\/\" \/>\n<meta property=\"og:site_name\" content=\"Europeum Hotel\" \/>\n<meta property=\"article:publisher\" content=\"https:\/\/www.facebook.com\/europeum\" \/>\n<meta property=\"article:modified_time\" content=\"2024-12-27T14:25:47+00:00\" \/>\n<meta property=\"og:image\" content=\"https:\/\/europeum.pl\/wp-content\/uploads\/sites\/68\/2024\/06\/5.jpg\" \/>\n\t<meta property=\"og:image:width\" content=\"1920\" \/>\n\t<meta property=\"og:image:height\" content=\"1080\" \/>\n\t<meta property=\"og:image:type\" content=\"image\/jpeg\" \/>\n<meta name=\"twitter:card\" content=\"summary_large_image\" \/>\n<meta name=\"twitter:label1\" content=\"Gesch\u00e4tzte Lesezeit\" \/>\n\t<meta name=\"twitter:data1\" content=\"1 Minute\" \/>\n<script type=\"application\/ld+json\" class=\"yoast-schema-graph\">{\"@context\":\"https:\/\/schema.org\",\"@graph\":[{\"@type\":\"WebPage\",\"@id\":\"https:\/\/europeum.pl\/de\/zimmer\/\",\"url\":\"https:\/\/europeum.pl\/de\/zimmer\/\",\"name\":\"Unterkunft und \u00dcbernachtung in Breslau | Europeum Hotel\",\"isPartOf\":{\"@id\":\"https:\/\/europeum.pl\/de\/#website\"},\"datePublished\":\"2023-10-09T13:13:48+00:00\",\"dateModified\":\"2024-12-27T14:25:47+00:00\",\"description\":\"Entdecken Sie die 36 Unterk\u00fcnfte im Boutique-Hotel Europeum in Breslau, darunter 2 Suiten und ein Familienzimmer mit eleganter Ausstattung f\u00fcr einen luxuri\u00f6sen Aufenthalt.\",\"breadcrumb\":{\"@id\":\"https:\/\/europeum.pl\/de\/zimmer\/#breadcrumb\"},\"inLanguage\":\"de-DE\",\"potentialAction\":[{\"@type\":\"ReadAction\",\"target\":[\"https:\/\/europeum.pl\/de\/zimmer\/\"]}]},{\"@type\":\"BreadcrumbList\",\"@id\":\"https:\/\/europeum.pl\/de\/zimmer\/#breadcrumb\",\"itemListElement\":[{\"@type\":\"ListItem\",\"position\":1,\"name\":\"Home\",\"item\":\"https:\/\/europeum.pl\/de\/\"},{\"@type\":\"ListItem\",\"position\":2,\"name\":\"Zimmer\"}]},{\"@type\":\"WebSite\",\"@id\":\"https:\/\/europeum.pl\/de\/#website\",\"url\":\"https:\/\/europeum.pl\/de\/\",\"name\":\"Europeum Hotel\",\"description\":\"\",\"publisher\":{\"@id\":\"https:\/\/europeum.pl\/de\/#organization\"},\"alternateName\":\"Europeum Hotel\",\"potentialAction\":[{\"@type\":\"SearchAction\",\"target\":{\"@type\":\"EntryPoint\",\"urlTemplate\":\"https:\/\/europeum.pl\/de\/?s={search_term_string}\"},\"query-input\":\"required name=search_term_string\"}],\"inLanguage\":\"de-DE\"},{\"@type\":\"Organization\",\"@id\":\"https:\/\/europeum.pl\/de\/#organization\",\"name\":\"Europeum Hotel\",\"alternateName\":\"Europeum Hotel\",\"url\":\"https:\/\/europeum.pl\/de\/\",\"logo\":{\"@type\":\"ImageObject\",\"inLanguage\":\"de-DE\",\"@id\":\"https:\/\/europeum.pl\/de\/#\/schema\/logo\/image\/\",\"url\":\"https:\/\/europeum.pl\/wp-content\/uploads\/sites\/68\/2023\/10\/logo_europeum_short_version_grey.png\",\"contentUrl\":\"https:\/\/europeum.pl\/wp-content\/uploads\/sites\/68\/2023\/10\/logo_europeum_short_version_grey.png\",\"width\":3508,\"height\":2480,\"caption\":\"Europeum Hotel\"},\"image\":{\"@id\":\"https:\/\/europeum.pl\/de\/#\/schema\/logo\/image\/\"},\"sameAs\":[\"https:\/\/www.facebook.com\/europeum\",\"https:\/\/www.instagram.com\/europeumhotel\/\"]}]}<\/script>\n<!-- \/ Yoast SEO plugin. -->","yoast_head_json":{"title":"Unterkunft und \u00dcbernachtung in Breslau | Europeum Hotel","description":"Entdecken Sie die 36 Unterk\u00fcnfte im Boutique-Hotel Europeum in Breslau, darunter 2 Suiten und ein Familienzimmer mit eleganter Ausstattung f\u00fcr einen luxuri\u00f6sen Aufenthalt.","robots":{"index":"index","follow":"follow","max-snippet":"max-snippet:-1","max-image-preview":"max-image-preview:large","max-video-preview":"max-video-preview:-1"},"canonical":"https:\/\/europeum.pl\/de\/zimmer\/","og_locale":"de_DE","og_type":"article","og_title":"Unterkunft und \u00dcbernachtung in Breslau | Europeum Hotel","og_description":"Entdecken Sie die 36 Unterk\u00fcnfte im Boutique-Hotel Europeum in Breslau, darunter 2 Suiten und ein Familienzimmer mit eleganter Ausstattung f\u00fcr einen luxuri\u00f6sen Aufenthalt.","og_url":"https:\/\/europeum.pl\/de\/zimmer\/","og_site_name":"Europeum Hotel","article_publisher":"https:\/\/www.facebook.com\/europeum","article_modified_time":"2024-12-27T14:25:47+00:00","og_image":[{"width":1920,"height":1080,"url":"https:\/\/europeum.pl\/wp-content\/uploads\/sites\/68\/2024\/06\/5.jpg","type":"image\/jpeg"}],"twitter_card":"summary_large_image","twitter_misc":{"Gesch\u00e4tzte Lesezeit":"1 Minute"},"schema":{"@context":"https:\/\/schema.org","@graph":[{"@type":"WebPage","@id":"https:\/\/europeum.pl\/de\/zimmer\/","url":"https:\/\/europeum.pl\/de\/zimmer\/","name":"Unterkunft und \u00dcbernachtung in Breslau | Europeum Hotel","isPartOf":{"@id":"https:\/\/europeum.pl\/de\/#website"},"datePublished":"2023-10-09T13:13:48+00:00","dateModified":"2024-12-27T14:25:47+00:00","description":"Entdecken Sie die 36 Unterk\u00fcnfte im Boutique-Hotel Europeum in Breslau, darunter 2 Suiten und ein Familienzimmer mit eleganter Ausstattung f\u00fcr einen luxuri\u00f6sen Aufenthalt.","breadcrumb":{"@id":"https:\/\/europeum.pl\/de\/zimmer\/#breadcrumb"},"inLanguage":"de-DE","potentialAction":[{"@type":"ReadAction","target":["https:\/\/europeum.pl\/de\/zimmer\/"]}]},{"@type":"BreadcrumbList","@id":"https:\/\/europeum.pl\/de\/zimmer\/#breadcrumb","itemListElement":[{"@type":"ListItem","position":1,"name":"Home","item":"https:\/\/europeum.pl\/de\/"},{"@type":"ListItem","position":2,"name":"Zimmer"}]},{"@type":"WebSite","@id":"https:\/\/europeum.pl\/de\/#website","url":"https:\/\/europeum.pl\/de\/","name":"Europeum Hotel","description":"","publisher":{"@id":"https:\/\/europeum.pl\/de\/#organization"},"alternateName":"Europeum Hotel","potentialAction":[{"@type":"SearchAction","target":{"@type":"EntryPoint","urlTemplate":"https:\/\/europeum.pl\/de\/?s={search_term_string}"},"query-input":"required name=search_term_string"}],"inLanguage":"de-DE"},{"@type":"Organization","@id":"https:\/\/europeum.pl\/de\/#organization","name":"Europeum Hotel","alternateName":"Europeum Hotel","url":"https:\/\/europeum.pl\/de\/","logo":{"@type":"ImageObject","inLanguage":"de-DE","@id":"https:\/\/europeum.pl\/de\/#\/schema\/logo\/image\/","url":"https:\/\/europeum.pl\/wp-content\/uploads\/sites\/68\/2023\/10\/logo_europeum_short_version_grey.png","contentUrl":"https:\/\/europeum.pl\/wp-content\/uploads\/sites\/68\/2023\/10\/logo_europeum_short_version_grey.png","width":3508,"height":2480,"caption":"Europeum Hotel"},"image":{"@id":"https:\/\/europeum.pl\/de\/#\/schema\/logo\/image\/"},"sameAs":["https:\/\/www.facebook.com\/europeum","https:\/\/www.instagram.com\/europeumhotel\/"]}]}},"acf":[],"_links":{"self":[{"href":"https:\/\/europeum.pl\/de\/wp-json\/wp\/v2\/pages\/1199"}],"collection":[{"href":"https:\/\/europeum.pl\/de\/wp-json\/wp\/v2\/pages"}],"about":[{"href":"https:\/\/europeum.pl\/de\/wp-json\/wp\/v2\/types\/page"}],"author":[{"embeddable":true,"href":"https:\/\/europeum.pl\/de\/wp-json\/wp\/v2\/users\/12"}],"replies":[{"embeddable":true,"href":"https:\/\/europeum.pl\/de\/wp-json\/wp\/v2\/comments?post=1199"}],"version-history":[{"count":0,"href":"https:\/\/europeum.pl\/de\/wp-json\/wp\/v2\/pages\/1199\/revisions"}],"wp:attachment":[{"href":"https:\/\/europeum.pl\/de\/wp-json\/wp\/v2\/media?parent=1199"}],"curies":[{"name":"wp","href":"https:\/\/api.w.org\/{rel}","templated":true}]}}