{"id":1207,"date":"2023-10-10T14:07:35","date_gmt":"2023-10-10T12:07:35","guid":{"rendered":"https:\/\/europeum-hotel.ms2.decms.eu\/zimmer\/dwuosobowy-superior\/"},"modified":"2025-02-13T15:47:58","modified_gmt":"2025-02-13T14:47:58","slug":"superior-doppelzimmer","status":"publish","type":"page","link":"https:\/\/europeum.pl\/de\/zimmer\/superior-doppelzimmer\/","title":{"rendered":"Superior Doppelzimmer"},"content":{"rendered":"<p>Dieses charmante und elegante Zimmer mit Blick auf den ruhigen Innenhof ist mit einem bequemen Kingsize-Bett und einem Sofa ausgestattet.<\/p>\n<p>Es ist die Oase der Entspannung und des Komforts, die Sie brauchen. Das mit Kunstwerken erg\u00e4nzte Innendesign verbindet auf einzigartige Weise das Erbe der Breslauer Geb\u00e4ude mit dem zeitgen\u00f6ssischen Stil des Hotels.<\/p>\n<p>Das Zimmer ist ger\u00e4umig und hell, mit viel nat\u00fcrlichem Licht, das durch die schallisolierten, nicht zu \u00f6ffnenden Fenster f\u00e4llt. Es ist gut ausgestattet, unter anderem mit einer individuell regulierbaren Klimaanlage und einem gro\u00dfen Badezimmer mit Dusche. Zudem stehen Ihnen eine Kaffeeecke, ein schnelles WLAN, ein gro\u00dfer Kleiderschrank und viel Stauraum zur Verf\u00fcgung. Ein Breitbildfernseher bietet Zugang zu vielen Kan\u00e4len.<\/p>\n","protected":false},"excerpt":{"rendered":"<p>Dieses charmante und elegante Zimmer mit Blick auf den ruhigen Innenhof ist mit einem bequemen Kingsize-Bett und einem Sofa ausgestattet. Es ist die Oase der Entspannung und des Komforts, die Sie brauchen. Das mit Kunstwerken erg\u00e4nzte Innendesign verbindet auf einzigartige Weise das Erbe der Breslauer Geb\u00e4ude mit dem zeitgen\u00f6ssischen Stil des Hotels. Das Zimmer ist [&hellip;]<\/p>\n","protected":false},"author":12,"featured_media":0,"parent":1199,"menu_order":15,"comment_status":"closed","ping_status":"closed","template":"template-single-room.php","meta":{"footnotes":""},"yoast_head":"<!-- This site is optimized with the Yoast SEO plugin v22.3 - https:\/\/yoast.com\/wordpress\/plugins\/seo\/ -->\n<title>Superior Doppelzimmer &#8211; Europeum Hotel<\/title>\n<meta name=\"description\" content=\"Dieses charmante und elegante Zimmer mit Blick auf den ruhigen Innenhof ist mit einem bequemen Kingsize-Bett und einem Sofa ausgestattet.  Es ist die Oase der Entspannung und des Komforts, die Sie brauchen. Das mit Kunstwerken erg\u00e4nzte Innendesign verbindet auf einzigartige Weise das Erbe der Breslauer Geb\u00e4ude mit dem zeitgen\u00f6ssischen Stil des Hotels.  Das Zimmer ist ger\u00e4umig und hell, mit viel nat\u00fcrlichem Licht, das durch die schallisolierten, nicht zu \u00f6ffnenden Fenster f\u00e4llt\" \/>\n<meta name=\"robots\" content=\"index, follow, max-snippet:-1, max-image-preview:large, max-video-preview:-1\" \/>\n<link rel=\"canonical\" href=\"https:\/\/europeum.pl\/de\/zimmer\/superior-doppelzimmer\/\" \/>\n<meta property=\"og:locale\" content=\"de_DE\" \/>\n<meta property=\"og:type\" content=\"article\" \/>\n<meta property=\"og:title\" content=\"Superior Doppelzimmer &#8211; Europeum Hotel\" \/>\n<meta property=\"og:description\" content=\"Dieses charmante und elegante Zimmer mit Blick auf den ruhigen Innenhof ist mit einem bequemen Kingsize-Bett und einem Sofa ausgestattet.  Es ist die Oase der Entspannung und des Komforts, die Sie brauchen. Das mit Kunstwerken erg\u00e4nzte Innendesign verbindet auf einzigartige Weise das Erbe der Breslauer Geb\u00e4ude mit dem zeitgen\u00f6ssischen Stil des Hotels.  Das Zimmer ist ger\u00e4umig und hell, mit viel nat\u00fcrlichem Licht, das durch die schallisolierten, nicht zu \u00f6ffnenden Fenster f\u00e4llt\" \/>\n<meta property=\"og:url\" content=\"https:\/\/europeum.pl\/de\/zimmer\/superior-doppelzimmer\/\" \/>\n<meta property=\"og:site_name\" content=\"Europeum Hotel\" \/>\n<meta property=\"article:publisher\" content=\"https:\/\/www.facebook.com\/europeum\" \/>\n<meta property=\"article:modified_time\" content=\"2025-02-13T14:47:58+00:00\" \/>\n<meta property=\"og:image\" content=\"https:\/\/europeum.pl\/wp-content\/uploads\/sites\/68\/2024\/06\/5.jpg\" \/>\n\t<meta property=\"og:image:width\" content=\"1920\" \/>\n\t<meta property=\"og:image:height\" content=\"1080\" \/>\n\t<meta property=\"og:image:type\" content=\"image\/jpeg\" \/>\n<meta name=\"twitter:card\" content=\"summary_large_image\" \/>\n<meta name=\"twitter:label1\" content=\"Gesch\u00e4tzte Lesezeit\" \/>\n\t<meta name=\"twitter:data1\" content=\"1 Minute\" \/>\n<script type=\"application\/ld+json\" class=\"yoast-schema-graph\">{\"@context\":\"https:\/\/schema.org\",\"@graph\":[{\"@type\":\"WebPage\",\"@id\":\"https:\/\/europeum.pl\/de\/zimmer\/superior-doppelzimmer\/\",\"url\":\"https:\/\/europeum.pl\/de\/zimmer\/superior-doppelzimmer\/\",\"name\":\"Superior Doppelzimmer &#8211; Europeum Hotel\",\"isPartOf\":{\"@id\":\"https:\/\/europeum.pl\/de\/#website\"},\"datePublished\":\"2023-10-10T12:07:35+00:00\",\"dateModified\":\"2025-02-13T14:47:58+00:00\",\"description\":\"Dieses charmante und elegante Zimmer mit Blick auf den ruhigen Innenhof ist mit einem bequemen Kingsize-Bett und einem Sofa ausgestattet. Es ist die Oase der Entspannung und des Komforts, die Sie brauchen. Das mit Kunstwerken erg\u00e4nzte Innendesign verbindet auf einzigartige Weise das Erbe der Breslauer Geb\u00e4ude mit dem zeitgen\u00f6ssischen Stil des Hotels. Das Zimmer ist ger\u00e4umig und hell, mit viel nat\u00fcrlichem Licht, das durch die schallisolierten, nicht zu \u00f6ffnenden Fenster f\u00e4llt\",\"breadcrumb\":{\"@id\":\"https:\/\/europeum.pl\/de\/zimmer\/superior-doppelzimmer\/#breadcrumb\"},\"inLanguage\":\"de-DE\",\"potentialAction\":[{\"@type\":\"ReadAction\",\"target\":[\"https:\/\/europeum.pl\/de\/zimmer\/superior-doppelzimmer\/\"]}]},{\"@type\":\"BreadcrumbList\",\"@id\":\"https:\/\/europeum.pl\/de\/zimmer\/superior-doppelzimmer\/#breadcrumb\",\"itemListElement\":[{\"@type\":\"ListItem\",\"position\":1,\"name\":\"Home\",\"item\":\"https:\/\/europeum.pl\/de\/\"},{\"@type\":\"ListItem\",\"position\":2,\"name\":\"Zimmer\",\"item\":\"https:\/\/europeum.pl\/de\/zimmer\/\"},{\"@type\":\"ListItem\",\"position\":3,\"name\":\"Superior Doppelzimmer\"}]},{\"@type\":\"WebSite\",\"@id\":\"https:\/\/europeum.pl\/de\/#website\",\"url\":\"https:\/\/europeum.pl\/de\/\",\"name\":\"Europeum Hotel\",\"description\":\"\",\"publisher\":{\"@id\":\"https:\/\/europeum.pl\/de\/#organization\"},\"alternateName\":\"Europeum Hotel\",\"potentialAction\":[{\"@type\":\"SearchAction\",\"target\":{\"@type\":\"EntryPoint\",\"urlTemplate\":\"https:\/\/europeum.pl\/de\/?s={search_term_string}\"},\"query-input\":\"required name=search_term_string\"}],\"inLanguage\":\"de-DE\"},{\"@type\":\"Organization\",\"@id\":\"https:\/\/europeum.pl\/de\/#organization\",\"name\":\"Europeum Hotel\",\"alternateName\":\"Europeum Hotel\",\"url\":\"https:\/\/europeum.pl\/de\/\",\"logo\":{\"@type\":\"ImageObject\",\"inLanguage\":\"de-DE\",\"@id\":\"https:\/\/europeum.pl\/de\/#\/schema\/logo\/image\/\",\"url\":\"https:\/\/europeum.pl\/wp-content\/uploads\/sites\/68\/2023\/10\/logo_europeum_short_version_grey.png\",\"contentUrl\":\"https:\/\/europeum.pl\/wp-content\/uploads\/sites\/68\/2023\/10\/logo_europeum_short_version_grey.png\",\"width\":3508,\"height\":2480,\"caption\":\"Europeum Hotel\"},\"image\":{\"@id\":\"https:\/\/europeum.pl\/de\/#\/schema\/logo\/image\/\"},\"sameAs\":[\"https:\/\/www.facebook.com\/europeum\",\"https:\/\/www.instagram.com\/europeumhotel\/\"]}]}<\/script>\n<!-- \/ Yoast SEO plugin. -->","yoast_head_json":{"title":"Superior Doppelzimmer &#8211; Europeum Hotel","description":"Dieses charmante und elegante Zimmer mit Blick auf den ruhigen Innenhof ist mit einem bequemen Kingsize-Bett und einem Sofa ausgestattet.  Es ist die Oase der Entspannung und des Komforts, die Sie brauchen. Das mit Kunstwerken erg\u00e4nzte Innendesign verbindet auf einzigartige Weise das Erbe der Breslauer Geb\u00e4ude mit dem zeitgen\u00f6ssischen Stil des Hotels.  Das Zimmer ist ger\u00e4umig und hell, mit viel nat\u00fcrlichem Licht, das durch die schallisolierten, nicht zu \u00f6ffnenden Fenster f\u00e4llt","robots":{"index":"index","follow":"follow","max-snippet":"max-snippet:-1","max-image-preview":"max-image-preview:large","max-video-preview":"max-video-preview:-1"},"canonical":"https:\/\/europeum.pl\/de\/zimmer\/superior-doppelzimmer\/","og_locale":"de_DE","og_type":"article","og_title":"Superior Doppelzimmer &#8211; Europeum Hotel","og_description":"Dieses charmante und elegante Zimmer mit Blick auf den ruhigen Innenhof ist mit einem bequemen Kingsize-Bett und einem Sofa ausgestattet.  Es ist die Oase der Entspannung und des Komforts, die Sie brauchen. Das mit Kunstwerken erg\u00e4nzte Innendesign verbindet auf einzigartige Weise das Erbe der Breslauer Geb\u00e4ude mit dem zeitgen\u00f6ssischen Stil des Hotels.  Das Zimmer ist ger\u00e4umig und hell, mit viel nat\u00fcrlichem Licht, das durch die schallisolierten, nicht zu \u00f6ffnenden Fenster f\u00e4llt","og_url":"https:\/\/europeum.pl\/de\/zimmer\/superior-doppelzimmer\/","og_site_name":"Europeum Hotel","article_publisher":"https:\/\/www.facebook.com\/europeum","article_modified_time":"2025-02-13T14:47:58+00:00","og_image":[{"width":1920,"height":1080,"url":"https:\/\/europeum.pl\/wp-content\/uploads\/sites\/68\/2024\/06\/5.jpg","type":"image\/jpeg"}],"twitter_card":"summary_large_image","twitter_misc":{"Gesch\u00e4tzte Lesezeit":"1 Minute"},"schema":{"@context":"https:\/\/schema.org","@graph":[{"@type":"WebPage","@id":"https:\/\/europeum.pl\/de\/zimmer\/superior-doppelzimmer\/","url":"https:\/\/europeum.pl\/de\/zimmer\/superior-doppelzimmer\/","name":"Superior Doppelzimmer &#8211; Europeum Hotel","isPartOf":{"@id":"https:\/\/europeum.pl\/de\/#website"},"datePublished":"2023-10-10T12:07:35+00:00","dateModified":"2025-02-13T14:47:58+00:00","description":"Dieses charmante und elegante Zimmer mit Blick auf den ruhigen Innenhof ist mit einem bequemen Kingsize-Bett und einem Sofa ausgestattet. Es ist die Oase der Entspannung und des Komforts, die Sie brauchen. Das mit Kunstwerken erg\u00e4nzte Innendesign verbindet auf einzigartige Weise das Erbe der Breslauer Geb\u00e4ude mit dem zeitgen\u00f6ssischen Stil des Hotels. Das Zimmer ist ger\u00e4umig und hell, mit viel nat\u00fcrlichem Licht, das durch die schallisolierten, nicht zu \u00f6ffnenden Fenster f\u00e4llt","breadcrumb":{"@id":"https:\/\/europeum.pl\/de\/zimmer\/superior-doppelzimmer\/#breadcrumb"},"inLanguage":"de-DE","potentialAction":[{"@type":"ReadAction","target":["https:\/\/europeum.pl\/de\/zimmer\/superior-doppelzimmer\/"]}]},{"@type":"BreadcrumbList","@id":"https:\/\/europeum.pl\/de\/zimmer\/superior-doppelzimmer\/#breadcrumb","itemListElement":[{"@type":"ListItem","position":1,"name":"Home","item":"https:\/\/europeum.pl\/de\/"},{"@type":"ListItem","position":2,"name":"Zimmer","item":"https:\/\/europeum.pl\/de\/zimmer\/"},{"@type":"ListItem","position":3,"name":"Superior Doppelzimmer"}]},{"@type":"WebSite","@id":"https:\/\/europeum.pl\/de\/#website","url":"https:\/\/europeum.pl\/de\/","name":"Europeum Hotel","description":"","publisher":{"@id":"https:\/\/europeum.pl\/de\/#organization"},"alternateName":"Europeum Hotel","potentialAction":[{"@type":"SearchAction","target":{"@type":"EntryPoint","urlTemplate":"https:\/\/europeum.pl\/de\/?s={search_term_string}"},"query-input":"required name=search_term_string"}],"inLanguage":"de-DE"},{"@type":"Organization","@id":"https:\/\/europeum.pl\/de\/#organization","name":"Europeum Hotel","alternateName":"Europeum Hotel","url":"https:\/\/europeum.pl\/de\/","logo":{"@type":"ImageObject","inLanguage":"de-DE","@id":"https:\/\/europeum.pl\/de\/#\/schema\/logo\/image\/","url":"https:\/\/europeum.pl\/wp-content\/uploads\/sites\/68\/2023\/10\/logo_europeum_short_version_grey.png","contentUrl":"https:\/\/europeum.pl\/wp-content\/uploads\/sites\/68\/2023\/10\/logo_europeum_short_version_grey.png","width":3508,"height":2480,"caption":"Europeum Hotel"},"image":{"@id":"https:\/\/europeum.pl\/de\/#\/schema\/logo\/image\/"},"sameAs":["https:\/\/www.facebook.com\/europeum","https:\/\/www.instagram.com\/europeumhotel\/"]}]}},"acf":[],"_links":{"self":[{"href":"https:\/\/europeum.pl\/de\/wp-json\/wp\/v2\/pages\/1207"}],"collection":[{"href":"https:\/\/europeum.pl\/de\/wp-json\/wp\/v2\/pages"}],"about":[{"href":"https:\/\/europeum.pl\/de\/wp-json\/wp\/v2\/types\/page"}],"author":[{"embeddable":true,"href":"https:\/\/europeum.pl\/de\/wp-json\/wp\/v2\/users\/12"}],"replies":[{"embeddable":true,"href":"https:\/\/europeum.pl\/de\/wp-json\/wp\/v2\/comments?post=1207"}],"version-history":[{"count":0,"href":"https:\/\/europeum.pl\/de\/wp-json\/wp\/v2\/pages\/1207\/revisions"}],"up":[{"embeddable":true,"href":"https:\/\/europeum.pl\/de\/wp-json\/wp\/v2\/pages\/1199"}],"wp:attachment":[{"href":"https:\/\/europeum.pl\/de\/wp-json\/wp\/v2\/media?parent=1207"}],"curies":[{"name":"wp","href":"https:\/\/api.w.org\/{rel}","templated":true}]}}