{"id":1209,"date":"2024-08-08T11:21:19","date_gmt":"2024-08-08T09:21:19","guid":{"rendered":"https:\/\/europeum-hotel.ms2.decms.eu\/polska-szkola-plakatu\/"},"modified":"2024-08-22T15:30:11","modified_gmt":"2024-08-22T13:30:11","slug":"polnisch-poster-schule","status":"publish","type":"page","link":"https:\/\/europeum.pl\/de\/polnisch-poster-schule\/","title":{"rendered":"Polnisch Poster Schule"},"content":{"rendered":"<p>Wenn Sie durch die G\u00e4nge des Europeums schlendern, sollten Sie sich unbedingt etwas Zeit nehmen, um die herausragenden Werke der Polnischen Plakatschule zu bewundern.<\/p>\n<p>Der Begriff wurde in den 1960er Jahren gepr\u00e4gt, um eine Gruppe polnischer Plakatk\u00fcnstler zu beschreiben, die einzigartige, stilistisch vielf\u00e4ltige Plakate zu politischen, kulturellen und sozialen Themen schufen und auf der ganzen Welt gro\u00dfe Anerkennung fanden.<\/p>\n<p>Polnische Kunstplakate erschienen erstmals 1899 mit Sonderdrucken wie \u201eInterior\u201c von Stanis\u0142aw Wyspia\u0144ski. Diese Plakate zeichneten sich durch Pr\u00e4gnanz, Ironie, formale \u00d6konomie und innovative Beschriftung aus.<\/p>\n<p>Die Plakate sind interessant, da sie die politischen und sozialen Themen der Zeit widerspiegeln, in der sie erstellt wurden, und auch heute noch relevant sind.<\/p>\n<p>Das Erbe der Polnischen Plakatschule lebt weiter als Beweis f\u00fcr die Kraft \u00e4sthetischen, skurrilen Designs und seine F\u00e4higkeit, wichtige Botschaften zu vermitteln.<\/p>\n","protected":false},"excerpt":{"rendered":"<p>Wenn Sie durch die G\u00e4nge des Europeums schlendern, sollten Sie sich unbedingt etwas Zeit nehmen, um die herausragenden Werke der Polnischen Plakatschule zu bewundern. Der Begriff wurde in den 1960er Jahren gepr\u00e4gt, um eine Gruppe polnischer Plakatk\u00fcnstler zu beschreiben, die einzigartige, stilistisch vielf\u00e4ltige Plakate zu politischen, kulturellen und sozialen Themen schufen und auf der ganzen [&hellip;]<\/p>\n","protected":false},"author":12,"featured_media":0,"parent":0,"menu_order":6,"comment_status":"closed","ping_status":"closed","template":"template-default-4.php","meta":{"footnotes":""},"yoast_head":"<!-- This site is optimized with the Yoast SEO plugin v22.3 - https:\/\/yoast.com\/wordpress\/plugins\/seo\/ -->\n<title>Polnisch Poster Schule &#8211; Europeum Hotel<\/title>\n<meta name=\"description\" content=\"Wenn Sie durch die G\u00e4nge des Europeums schlendern, sollten Sie sich unbedingt etwas Zeit nehmen, um die herausragenden Werke der Polnischen Plakatschule zu bewundern.  Der Begriff wurde in den 1960er Jahren gepr\u00e4gt, um eine Gruppe polnischer Plakatk\u00fcnstler zu beschreiben, die einzigartige, stilistisch vielf\u00e4ltige Plakate zu politischen, kulturellen und sozialen Themen schufen und auf der ganzen Welt gro\u00dfe Anerkennung fanden.  Polnische Kunstplakate erschienen erstmals 1899 mit Sonderdrucken wie \u201eInterior\u201c von Stanis\u0142aw Wyspia\u0144ski. Diese Plakate zeichneten sich durch Pr\u00e4gnanz, Ironie, formale \u00d6konomie und innovative Beschriftung aus.  Die Plakate sind interessant, da sie die politischen und sozialen Themen der Zeit widerspiegeln, in der sie erstellt wurden, und auch heute noch relevant sind.  Das Erbe der Polnischen Plakatschule lebt weiter als Beweis f\u00fcr die Kraft \u00e4sthetischen, skurrilen Designs und seine F\u00e4higkeit, wichtige Botschaften zu vermitteln.\" \/>\n<meta name=\"robots\" content=\"index, follow, max-snippet:-1, max-image-preview:large, max-video-preview:-1\" \/>\n<link rel=\"canonical\" href=\"https:\/\/europeum.pl\/de\/polnisch-poster-schule\/\" \/>\n<meta property=\"og:locale\" content=\"de_DE\" \/>\n<meta property=\"og:type\" content=\"article\" \/>\n<meta property=\"og:title\" content=\"Polnisch Poster Schule &#8211; Europeum Hotel\" \/>\n<meta property=\"og:description\" content=\"Wenn Sie durch die G\u00e4nge des Europeums schlendern, sollten Sie sich unbedingt etwas Zeit nehmen, um die herausragenden Werke der Polnischen Plakatschule zu bewundern.  Der Begriff wurde in den 1960er Jahren gepr\u00e4gt, um eine Gruppe polnischer Plakatk\u00fcnstler zu beschreiben, die einzigartige, stilistisch vielf\u00e4ltige Plakate zu politischen, kulturellen und sozialen Themen schufen und auf der ganzen Welt gro\u00dfe Anerkennung fanden.  Polnische Kunstplakate erschienen erstmals 1899 mit Sonderdrucken wie \u201eInterior\u201c von Stanis\u0142aw Wyspia\u0144ski. Diese Plakate zeichneten sich durch Pr\u00e4gnanz, Ironie, formale \u00d6konomie und innovative Beschriftung aus.  Die Plakate sind interessant, da sie die politischen und sozialen Themen der Zeit widerspiegeln, in der sie erstellt wurden, und auch heute noch relevant sind.  Das Erbe der Polnischen Plakatschule lebt weiter als Beweis f\u00fcr die Kraft \u00e4sthetischen, skurrilen Designs und seine F\u00e4higkeit, wichtige Botschaften zu vermitteln.\" \/>\n<meta property=\"og:url\" content=\"https:\/\/europeum.pl\/de\/polnisch-poster-schule\/\" \/>\n<meta property=\"og:site_name\" content=\"Europeum Hotel\" \/>\n<meta property=\"article:publisher\" content=\"https:\/\/www.facebook.com\/europeum\" \/>\n<meta property=\"article:modified_time\" content=\"2024-08-22T13:30:11+00:00\" \/>\n<meta property=\"og:image\" content=\"https:\/\/europeum.pl\/wp-content\/uploads\/sites\/68\/2024\/06\/5.jpg\" \/>\n\t<meta property=\"og:image:width\" content=\"1920\" \/>\n\t<meta property=\"og:image:height\" content=\"1080\" \/>\n\t<meta property=\"og:image:type\" content=\"image\/jpeg\" \/>\n<meta name=\"twitter:card\" content=\"summary_large_image\" \/>\n<meta name=\"twitter:label1\" content=\"Gesch\u00e4tzte Lesezeit\" \/>\n\t<meta name=\"twitter:data1\" content=\"1 Minute\" \/>\n<script type=\"application\/ld+json\" class=\"yoast-schema-graph\">{\"@context\":\"https:\/\/schema.org\",\"@graph\":[{\"@type\":\"WebPage\",\"@id\":\"https:\/\/europeum.pl\/de\/polnisch-poster-schule\/\",\"url\":\"https:\/\/europeum.pl\/de\/polnisch-poster-schule\/\",\"name\":\"Polnisch Poster Schule &#8211; Europeum Hotel\",\"isPartOf\":{\"@id\":\"https:\/\/europeum.pl\/de\/#website\"},\"datePublished\":\"2024-08-08T09:21:19+00:00\",\"dateModified\":\"2024-08-22T13:30:11+00:00\",\"description\":\"Wenn Sie durch die G\u00e4nge des Europeums schlendern, sollten Sie sich unbedingt etwas Zeit nehmen, um die herausragenden Werke der Polnischen Plakatschule zu bewundern. Der Begriff wurde in den 1960er Jahren gepr\u00e4gt, um eine Gruppe polnischer Plakatk\u00fcnstler zu beschreiben, die einzigartige, stilistisch vielf\u00e4ltige Plakate zu politischen, kulturellen und sozialen Themen schufen und auf der ganzen Welt gro\u00dfe Anerkennung fanden. Polnische Kunstplakate erschienen erstmals 1899 mit Sonderdrucken wie \u201eInterior\u201c von Stanis\u0142aw Wyspia\u0144ski. Diese Plakate zeichneten sich durch Pr\u00e4gnanz, Ironie, formale \u00d6konomie und innovative Beschriftung aus. Die Plakate sind interessant, da sie die politischen und sozialen Themen der Zeit widerspiegeln, in der sie erstellt wurden, und auch heute noch relevant sind. Das Erbe der Polnischen Plakatschule lebt weiter als Beweis f\u00fcr die Kraft \u00e4sthetischen, skurrilen Designs und seine F\u00e4higkeit, wichtige Botschaften zu vermitteln.\",\"breadcrumb\":{\"@id\":\"https:\/\/europeum.pl\/de\/polnisch-poster-schule\/#breadcrumb\"},\"inLanguage\":\"de-DE\",\"potentialAction\":[{\"@type\":\"ReadAction\",\"target\":[\"https:\/\/europeum.pl\/de\/polnisch-poster-schule\/\"]}]},{\"@type\":\"BreadcrumbList\",\"@id\":\"https:\/\/europeum.pl\/de\/polnisch-poster-schule\/#breadcrumb\",\"itemListElement\":[{\"@type\":\"ListItem\",\"position\":1,\"name\":\"Home\",\"item\":\"https:\/\/europeum.pl\/de\/\"},{\"@type\":\"ListItem\",\"position\":2,\"name\":\"Polnisch Poster Schule\"}]},{\"@type\":\"WebSite\",\"@id\":\"https:\/\/europeum.pl\/de\/#website\",\"url\":\"https:\/\/europeum.pl\/de\/\",\"name\":\"Europeum Hotel\",\"description\":\"\",\"publisher\":{\"@id\":\"https:\/\/europeum.pl\/de\/#organization\"},\"alternateName\":\"Europeum Hotel\",\"potentialAction\":[{\"@type\":\"SearchAction\",\"target\":{\"@type\":\"EntryPoint\",\"urlTemplate\":\"https:\/\/europeum.pl\/de\/?s={search_term_string}\"},\"query-input\":\"required name=search_term_string\"}],\"inLanguage\":\"de-DE\"},{\"@type\":\"Organization\",\"@id\":\"https:\/\/europeum.pl\/de\/#organization\",\"name\":\"Europeum Hotel\",\"alternateName\":\"Europeum Hotel\",\"url\":\"https:\/\/europeum.pl\/de\/\",\"logo\":{\"@type\":\"ImageObject\",\"inLanguage\":\"de-DE\",\"@id\":\"https:\/\/europeum.pl\/de\/#\/schema\/logo\/image\/\",\"url\":\"https:\/\/europeum.pl\/wp-content\/uploads\/sites\/68\/2023\/10\/logo_europeum_short_version_grey.png\",\"contentUrl\":\"https:\/\/europeum.pl\/wp-content\/uploads\/sites\/68\/2023\/10\/logo_europeum_short_version_grey.png\",\"width\":3508,\"height\":2480,\"caption\":\"Europeum Hotel\"},\"image\":{\"@id\":\"https:\/\/europeum.pl\/de\/#\/schema\/logo\/image\/\"},\"sameAs\":[\"https:\/\/www.facebook.com\/europeum\",\"https:\/\/www.instagram.com\/europeumhotel\/\"]}]}<\/script>\n<!-- \/ Yoast SEO plugin. -->","yoast_head_json":{"title":"Polnisch Poster Schule &#8211; Europeum Hotel","description":"Wenn Sie durch die G\u00e4nge des Europeums schlendern, sollten Sie sich unbedingt etwas Zeit nehmen, um die herausragenden Werke der Polnischen Plakatschule zu bewundern.  Der Begriff wurde in den 1960er Jahren gepr\u00e4gt, um eine Gruppe polnischer Plakatk\u00fcnstler zu beschreiben, die einzigartige, stilistisch vielf\u00e4ltige Plakate zu politischen, kulturellen und sozialen Themen schufen und auf der ganzen Welt gro\u00dfe Anerkennung fanden.  Polnische Kunstplakate erschienen erstmals 1899 mit Sonderdrucken wie \u201eInterior\u201c von Stanis\u0142aw Wyspia\u0144ski. Diese Plakate zeichneten sich durch Pr\u00e4gnanz, Ironie, formale \u00d6konomie und innovative Beschriftung aus.  Die Plakate sind interessant, da sie die politischen und sozialen Themen der Zeit widerspiegeln, in der sie erstellt wurden, und auch heute noch relevant sind.  Das Erbe der Polnischen Plakatschule lebt weiter als Beweis f\u00fcr die Kraft \u00e4sthetischen, skurrilen Designs und seine F\u00e4higkeit, wichtige Botschaften zu vermitteln.","robots":{"index":"index","follow":"follow","max-snippet":"max-snippet:-1","max-image-preview":"max-image-preview:large","max-video-preview":"max-video-preview:-1"},"canonical":"https:\/\/europeum.pl\/de\/polnisch-poster-schule\/","og_locale":"de_DE","og_type":"article","og_title":"Polnisch Poster Schule &#8211; Europeum Hotel","og_description":"Wenn Sie durch die G\u00e4nge des Europeums schlendern, sollten Sie sich unbedingt etwas Zeit nehmen, um die herausragenden Werke der Polnischen Plakatschule zu bewundern.  Der Begriff wurde in den 1960er Jahren gepr\u00e4gt, um eine Gruppe polnischer Plakatk\u00fcnstler zu beschreiben, die einzigartige, stilistisch vielf\u00e4ltige Plakate zu politischen, kulturellen und sozialen Themen schufen und auf der ganzen Welt gro\u00dfe Anerkennung fanden.  Polnische Kunstplakate erschienen erstmals 1899 mit Sonderdrucken wie \u201eInterior\u201c von Stanis\u0142aw Wyspia\u0144ski. Diese Plakate zeichneten sich durch Pr\u00e4gnanz, Ironie, formale \u00d6konomie und innovative Beschriftung aus.  Die Plakate sind interessant, da sie die politischen und sozialen Themen der Zeit widerspiegeln, in der sie erstellt wurden, und auch heute noch relevant sind.  Das Erbe der Polnischen Plakatschule lebt weiter als Beweis f\u00fcr die Kraft \u00e4sthetischen, skurrilen Designs und seine F\u00e4higkeit, wichtige Botschaften zu vermitteln.","og_url":"https:\/\/europeum.pl\/de\/polnisch-poster-schule\/","og_site_name":"Europeum Hotel","article_publisher":"https:\/\/www.facebook.com\/europeum","article_modified_time":"2024-08-22T13:30:11+00:00","og_image":[{"width":1920,"height":1080,"url":"https:\/\/europeum.pl\/wp-content\/uploads\/sites\/68\/2024\/06\/5.jpg","type":"image\/jpeg"}],"twitter_card":"summary_large_image","twitter_misc":{"Gesch\u00e4tzte Lesezeit":"1 Minute"},"schema":{"@context":"https:\/\/schema.org","@graph":[{"@type":"WebPage","@id":"https:\/\/europeum.pl\/de\/polnisch-poster-schule\/","url":"https:\/\/europeum.pl\/de\/polnisch-poster-schule\/","name":"Polnisch Poster Schule &#8211; Europeum Hotel","isPartOf":{"@id":"https:\/\/europeum.pl\/de\/#website"},"datePublished":"2024-08-08T09:21:19+00:00","dateModified":"2024-08-22T13:30:11+00:00","description":"Wenn Sie durch die G\u00e4nge des Europeums schlendern, sollten Sie sich unbedingt etwas Zeit nehmen, um die herausragenden Werke der Polnischen Plakatschule zu bewundern. Der Begriff wurde in den 1960er Jahren gepr\u00e4gt, um eine Gruppe polnischer Plakatk\u00fcnstler zu beschreiben, die einzigartige, stilistisch vielf\u00e4ltige Plakate zu politischen, kulturellen und sozialen Themen schufen und auf der ganzen Welt gro\u00dfe Anerkennung fanden. Polnische Kunstplakate erschienen erstmals 1899 mit Sonderdrucken wie \u201eInterior\u201c von Stanis\u0142aw Wyspia\u0144ski. Diese Plakate zeichneten sich durch Pr\u00e4gnanz, Ironie, formale \u00d6konomie und innovative Beschriftung aus. Die Plakate sind interessant, da sie die politischen und sozialen Themen der Zeit widerspiegeln, in der sie erstellt wurden, und auch heute noch relevant sind. Das Erbe der Polnischen Plakatschule lebt weiter als Beweis f\u00fcr die Kraft \u00e4sthetischen, skurrilen Designs und seine F\u00e4higkeit, wichtige Botschaften zu vermitteln.","breadcrumb":{"@id":"https:\/\/europeum.pl\/de\/polnisch-poster-schule\/#breadcrumb"},"inLanguage":"de-DE","potentialAction":[{"@type":"ReadAction","target":["https:\/\/europeum.pl\/de\/polnisch-poster-schule\/"]}]},{"@type":"BreadcrumbList","@id":"https:\/\/europeum.pl\/de\/polnisch-poster-schule\/#breadcrumb","itemListElement":[{"@type":"ListItem","position":1,"name":"Home","item":"https:\/\/europeum.pl\/de\/"},{"@type":"ListItem","position":2,"name":"Polnisch Poster Schule"}]},{"@type":"WebSite","@id":"https:\/\/europeum.pl\/de\/#website","url":"https:\/\/europeum.pl\/de\/","name":"Europeum Hotel","description":"","publisher":{"@id":"https:\/\/europeum.pl\/de\/#organization"},"alternateName":"Europeum Hotel","potentialAction":[{"@type":"SearchAction","target":{"@type":"EntryPoint","urlTemplate":"https:\/\/europeum.pl\/de\/?s={search_term_string}"},"query-input":"required name=search_term_string"}],"inLanguage":"de-DE"},{"@type":"Organization","@id":"https:\/\/europeum.pl\/de\/#organization","name":"Europeum Hotel","alternateName":"Europeum Hotel","url":"https:\/\/europeum.pl\/de\/","logo":{"@type":"ImageObject","inLanguage":"de-DE","@id":"https:\/\/europeum.pl\/de\/#\/schema\/logo\/image\/","url":"https:\/\/europeum.pl\/wp-content\/uploads\/sites\/68\/2023\/10\/logo_europeum_short_version_grey.png","contentUrl":"https:\/\/europeum.pl\/wp-content\/uploads\/sites\/68\/2023\/10\/logo_europeum_short_version_grey.png","width":3508,"height":2480,"caption":"Europeum Hotel"},"image":{"@id":"https:\/\/europeum.pl\/de\/#\/schema\/logo\/image\/"},"sameAs":["https:\/\/www.facebook.com\/europeum","https:\/\/www.instagram.com\/europeumhotel\/"]}]}},"acf":[],"_links":{"self":[{"href":"https:\/\/europeum.pl\/de\/wp-json\/wp\/v2\/pages\/1209"}],"collection":[{"href":"https:\/\/europeum.pl\/de\/wp-json\/wp\/v2\/pages"}],"about":[{"href":"https:\/\/europeum.pl\/de\/wp-json\/wp\/v2\/types\/page"}],"author":[{"embeddable":true,"href":"https:\/\/europeum.pl\/de\/wp-json\/wp\/v2\/users\/12"}],"replies":[{"embeddable":true,"href":"https:\/\/europeum.pl\/de\/wp-json\/wp\/v2\/comments?post=1209"}],"version-history":[{"count":0,"href":"https:\/\/europeum.pl\/de\/wp-json\/wp\/v2\/pages\/1209\/revisions"}],"wp:attachment":[{"href":"https:\/\/europeum.pl\/de\/wp-json\/wp\/v2\/media?parent=1209"}],"curies":[{"name":"wp","href":"https:\/\/api.w.org\/{rel}","templated":true}]}}