{"id":1210,"date":"2023-10-10T14:07:49","date_gmt":"2023-10-10T12:07:49","guid":{"rendered":"https:\/\/europeum-hotel.ms2.decms.eu\/zimmer\/junior-suite\/"},"modified":"2024-09-04T15:17:20","modified_gmt":"2024-09-04T13:17:20","slug":"junior-suite","status":"publish","type":"page","link":"https:\/\/europeum.pl\/de\/zimmer\/junior-suite\/","title":{"rendered":"Junior Suite"},"content":{"rendered":"<p>Entdecken Sie die Essenz von Komfort und Eleganz in unserem pr\u00e4chtigen Junior Suite Appartement. Ger\u00e4umige Zimmer mit ruhiger Aussicht auf den Innenhof bringen die Majest\u00e4t der historischen Stadt Wroc\u0142aw mit sorgf\u00e4ltig ausgew\u00e4hlten Details und Vintage-M\u00f6beln in ihre hellen R\u00e4ume.<\/p>\n<p>Der Wohnbereich ist ausgestattet mit einem Sofa, zwei Ledersesseln, einem Tisch und einem Fernseher. In dem ger\u00e4umigen Badezimmer stehen Ihnen eine Badewanne oder eine Duschkabine, aber auch ein Kosmetikartikel-Set und ein flauschiger Bademantel zur Verf\u00fcgung.<\/p>\n<p>Genie\u00dfen Sie Annehmlichkeiten wie Klimaanlage, Breitbild-TV mit mehreren Kan\u00e4len, Kaffeeecke sowie WLAN in der gesamten Hotelanlage. Zwei Schreibtische und ein Schrank bieten Ihnen viel Stauraum.<\/p>\n<p>Alle Fenster sind schallisoliert und nicht zu \u00f6ffnen, um Ruhe und Stille w\u00e4hrend Ihres Aufenthaltes zu gew\u00e4hrleisten.<\/p>\n","protected":false},"excerpt":{"rendered":"<p>Entdecken Sie die Essenz von Komfort und Eleganz in unserem pr\u00e4chtigen Junior Suite Appartement. Ger\u00e4umige Zimmer mit ruhiger Aussicht auf den Innenhof bringen die Majest\u00e4t der historischen Stadt Wroc\u0142aw mit sorgf\u00e4ltig ausgew\u00e4hlten Details und Vintage-M\u00f6beln in ihre hellen R\u00e4ume. Der Wohnbereich ist ausgestattet mit einem Sofa, zwei Ledersesseln, einem Tisch und einem Fernseher. In dem [&hellip;]<\/p>\n","protected":false},"author":12,"featured_media":0,"parent":1199,"menu_order":16,"comment_status":"closed","ping_status":"closed","template":"template-single-room.php","meta":{"footnotes":""},"yoast_head":"<!-- This site is optimized with the Yoast SEO plugin v22.3 - https:\/\/yoast.com\/wordpress\/plugins\/seo\/ -->\n<title>Junior Suite &#8211; Europeum Hotel<\/title>\n<meta name=\"description\" content=\"Entdecken Sie die Essenz von Komfort und Eleganz in unserem pr\u00e4chtigen Junior Suite Appartement. Ger\u00e4umige Zimmer mit ruhiger Aussicht auf den Innenhof bringen die Majest\u00e4t der historischen Stadt Wroc\u0142aw mit sorgf\u00e4ltig ausgew\u00e4hlten Details und Vintage-M\u00f6beln in ihre hellen R\u00e4ume.  Der Wohnbereich ist ausgestattet mit einem Sofa, zwei Ledersesseln, einem Tisch und einem Fernseher\" \/>\n<meta name=\"robots\" content=\"index, follow, max-snippet:-1, max-image-preview:large, max-video-preview:-1\" \/>\n<link rel=\"canonical\" href=\"https:\/\/europeum.pl\/de\/zimmer\/junior-suite\/\" \/>\n<meta property=\"og:locale\" content=\"de_DE\" \/>\n<meta property=\"og:type\" content=\"article\" \/>\n<meta property=\"og:title\" content=\"Junior Suite &#8211; Europeum Hotel\" \/>\n<meta property=\"og:description\" content=\"Entdecken Sie die Essenz von Komfort und Eleganz in unserem pr\u00e4chtigen Junior Suite Appartement. Ger\u00e4umige Zimmer mit ruhiger Aussicht auf den Innenhof bringen die Majest\u00e4t der historischen Stadt Wroc\u0142aw mit sorgf\u00e4ltig ausgew\u00e4hlten Details und Vintage-M\u00f6beln in ihre hellen R\u00e4ume.  Der Wohnbereich ist ausgestattet mit einem Sofa, zwei Ledersesseln, einem Tisch und einem Fernseher\" \/>\n<meta property=\"og:url\" content=\"https:\/\/europeum.pl\/de\/zimmer\/junior-suite\/\" \/>\n<meta property=\"og:site_name\" content=\"Europeum Hotel\" \/>\n<meta property=\"article:publisher\" content=\"https:\/\/www.facebook.com\/europeum\" \/>\n<meta property=\"article:modified_time\" content=\"2024-09-04T13:17:20+00:00\" \/>\n<meta property=\"og:image\" content=\"https:\/\/europeum.pl\/wp-content\/uploads\/sites\/68\/2024\/06\/5.jpg\" \/>\n\t<meta property=\"og:image:width\" content=\"1920\" \/>\n\t<meta property=\"og:image:height\" content=\"1080\" \/>\n\t<meta property=\"og:image:type\" content=\"image\/jpeg\" \/>\n<meta name=\"twitter:card\" content=\"summary_large_image\" \/>\n<meta name=\"twitter:label1\" content=\"Gesch\u00e4tzte Lesezeit\" \/>\n\t<meta name=\"twitter:data1\" content=\"1 Minute\" \/>\n<script type=\"application\/ld+json\" class=\"yoast-schema-graph\">{\"@context\":\"https:\/\/schema.org\",\"@graph\":[{\"@type\":\"WebPage\",\"@id\":\"https:\/\/europeum.pl\/de\/zimmer\/junior-suite\/\",\"url\":\"https:\/\/europeum.pl\/de\/zimmer\/junior-suite\/\",\"name\":\"Junior Suite &#8211; Europeum Hotel\",\"isPartOf\":{\"@id\":\"https:\/\/europeum.pl\/de\/#website\"},\"datePublished\":\"2023-10-10T12:07:49+00:00\",\"dateModified\":\"2024-09-04T13:17:20+00:00\",\"description\":\"Entdecken Sie die Essenz von Komfort und Eleganz in unserem pr\u00e4chtigen Junior Suite Appartement. Ger\u00e4umige Zimmer mit ruhiger Aussicht auf den Innenhof bringen die Majest\u00e4t der historischen Stadt Wroc\u0142aw mit sorgf\u00e4ltig ausgew\u00e4hlten Details und Vintage-M\u00f6beln in ihre hellen R\u00e4ume. Der Wohnbereich ist ausgestattet mit einem Sofa, zwei Ledersesseln, einem Tisch und einem Fernseher\",\"breadcrumb\":{\"@id\":\"https:\/\/europeum.pl\/de\/zimmer\/junior-suite\/#breadcrumb\"},\"inLanguage\":\"de-DE\",\"potentialAction\":[{\"@type\":\"ReadAction\",\"target\":[\"https:\/\/europeum.pl\/de\/zimmer\/junior-suite\/\"]}]},{\"@type\":\"BreadcrumbList\",\"@id\":\"https:\/\/europeum.pl\/de\/zimmer\/junior-suite\/#breadcrumb\",\"itemListElement\":[{\"@type\":\"ListItem\",\"position\":1,\"name\":\"Home\",\"item\":\"https:\/\/europeum.pl\/de\/\"},{\"@type\":\"ListItem\",\"position\":2,\"name\":\"Zimmer\",\"item\":\"https:\/\/europeum.pl\/de\/zimmer\/\"},{\"@type\":\"ListItem\",\"position\":3,\"name\":\"Junior Suite\"}]},{\"@type\":\"WebSite\",\"@id\":\"https:\/\/europeum.pl\/de\/#website\",\"url\":\"https:\/\/europeum.pl\/de\/\",\"name\":\"Europeum Hotel\",\"description\":\"\",\"publisher\":{\"@id\":\"https:\/\/europeum.pl\/de\/#organization\"},\"alternateName\":\"Europeum Hotel\",\"potentialAction\":[{\"@type\":\"SearchAction\",\"target\":{\"@type\":\"EntryPoint\",\"urlTemplate\":\"https:\/\/europeum.pl\/de\/?s={search_term_string}\"},\"query-input\":\"required name=search_term_string\"}],\"inLanguage\":\"de-DE\"},{\"@type\":\"Organization\",\"@id\":\"https:\/\/europeum.pl\/de\/#organization\",\"name\":\"Europeum Hotel\",\"alternateName\":\"Europeum Hotel\",\"url\":\"https:\/\/europeum.pl\/de\/\",\"logo\":{\"@type\":\"ImageObject\",\"inLanguage\":\"de-DE\",\"@id\":\"https:\/\/europeum.pl\/de\/#\/schema\/logo\/image\/\",\"url\":\"https:\/\/europeum.pl\/wp-content\/uploads\/sites\/68\/2023\/10\/logo_europeum_short_version_grey.png\",\"contentUrl\":\"https:\/\/europeum.pl\/wp-content\/uploads\/sites\/68\/2023\/10\/logo_europeum_short_version_grey.png\",\"width\":3508,\"height\":2480,\"caption\":\"Europeum Hotel\"},\"image\":{\"@id\":\"https:\/\/europeum.pl\/de\/#\/schema\/logo\/image\/\"},\"sameAs\":[\"https:\/\/www.facebook.com\/europeum\",\"https:\/\/www.instagram.com\/europeumhotel\/\"]}]}<\/script>\n<!-- \/ Yoast SEO plugin. -->","yoast_head_json":{"title":"Junior Suite &#8211; Europeum Hotel","description":"Entdecken Sie die Essenz von Komfort und Eleganz in unserem pr\u00e4chtigen Junior Suite Appartement. Ger\u00e4umige Zimmer mit ruhiger Aussicht auf den Innenhof bringen die Majest\u00e4t der historischen Stadt Wroc\u0142aw mit sorgf\u00e4ltig ausgew\u00e4hlten Details und Vintage-M\u00f6beln in ihre hellen R\u00e4ume.  Der Wohnbereich ist ausgestattet mit einem Sofa, zwei Ledersesseln, einem Tisch und einem Fernseher","robots":{"index":"index","follow":"follow","max-snippet":"max-snippet:-1","max-image-preview":"max-image-preview:large","max-video-preview":"max-video-preview:-1"},"canonical":"https:\/\/europeum.pl\/de\/zimmer\/junior-suite\/","og_locale":"de_DE","og_type":"article","og_title":"Junior Suite &#8211; Europeum Hotel","og_description":"Entdecken Sie die Essenz von Komfort und Eleganz in unserem pr\u00e4chtigen Junior Suite Appartement. Ger\u00e4umige Zimmer mit ruhiger Aussicht auf den Innenhof bringen die Majest\u00e4t der historischen Stadt Wroc\u0142aw mit sorgf\u00e4ltig ausgew\u00e4hlten Details und Vintage-M\u00f6beln in ihre hellen R\u00e4ume.  Der Wohnbereich ist ausgestattet mit einem Sofa, zwei Ledersesseln, einem Tisch und einem Fernseher","og_url":"https:\/\/europeum.pl\/de\/zimmer\/junior-suite\/","og_site_name":"Europeum Hotel","article_publisher":"https:\/\/www.facebook.com\/europeum","article_modified_time":"2024-09-04T13:17:20+00:00","og_image":[{"width":1920,"height":1080,"url":"https:\/\/europeum.pl\/wp-content\/uploads\/sites\/68\/2024\/06\/5.jpg","type":"image\/jpeg"}],"twitter_card":"summary_large_image","twitter_misc":{"Gesch\u00e4tzte Lesezeit":"1 Minute"},"schema":{"@context":"https:\/\/schema.org","@graph":[{"@type":"WebPage","@id":"https:\/\/europeum.pl\/de\/zimmer\/junior-suite\/","url":"https:\/\/europeum.pl\/de\/zimmer\/junior-suite\/","name":"Junior Suite &#8211; Europeum Hotel","isPartOf":{"@id":"https:\/\/europeum.pl\/de\/#website"},"datePublished":"2023-10-10T12:07:49+00:00","dateModified":"2024-09-04T13:17:20+00:00","description":"Entdecken Sie die Essenz von Komfort und Eleganz in unserem pr\u00e4chtigen Junior Suite Appartement. Ger\u00e4umige Zimmer mit ruhiger Aussicht auf den Innenhof bringen die Majest\u00e4t der historischen Stadt Wroc\u0142aw mit sorgf\u00e4ltig ausgew\u00e4hlten Details und Vintage-M\u00f6beln in ihre hellen R\u00e4ume. Der Wohnbereich ist ausgestattet mit einem Sofa, zwei Ledersesseln, einem Tisch und einem Fernseher","breadcrumb":{"@id":"https:\/\/europeum.pl\/de\/zimmer\/junior-suite\/#breadcrumb"},"inLanguage":"de-DE","potentialAction":[{"@type":"ReadAction","target":["https:\/\/europeum.pl\/de\/zimmer\/junior-suite\/"]}]},{"@type":"BreadcrumbList","@id":"https:\/\/europeum.pl\/de\/zimmer\/junior-suite\/#breadcrumb","itemListElement":[{"@type":"ListItem","position":1,"name":"Home","item":"https:\/\/europeum.pl\/de\/"},{"@type":"ListItem","position":2,"name":"Zimmer","item":"https:\/\/europeum.pl\/de\/zimmer\/"},{"@type":"ListItem","position":3,"name":"Junior Suite"}]},{"@type":"WebSite","@id":"https:\/\/europeum.pl\/de\/#website","url":"https:\/\/europeum.pl\/de\/","name":"Europeum Hotel","description":"","publisher":{"@id":"https:\/\/europeum.pl\/de\/#organization"},"alternateName":"Europeum Hotel","potentialAction":[{"@type":"SearchAction","target":{"@type":"EntryPoint","urlTemplate":"https:\/\/europeum.pl\/de\/?s={search_term_string}"},"query-input":"required name=search_term_string"}],"inLanguage":"de-DE"},{"@type":"Organization","@id":"https:\/\/europeum.pl\/de\/#organization","name":"Europeum Hotel","alternateName":"Europeum Hotel","url":"https:\/\/europeum.pl\/de\/","logo":{"@type":"ImageObject","inLanguage":"de-DE","@id":"https:\/\/europeum.pl\/de\/#\/schema\/logo\/image\/","url":"https:\/\/europeum.pl\/wp-content\/uploads\/sites\/68\/2023\/10\/logo_europeum_short_version_grey.png","contentUrl":"https:\/\/europeum.pl\/wp-content\/uploads\/sites\/68\/2023\/10\/logo_europeum_short_version_grey.png","width":3508,"height":2480,"caption":"Europeum Hotel"},"image":{"@id":"https:\/\/europeum.pl\/de\/#\/schema\/logo\/image\/"},"sameAs":["https:\/\/www.facebook.com\/europeum","https:\/\/www.instagram.com\/europeumhotel\/"]}]}},"acf":[],"_links":{"self":[{"href":"https:\/\/europeum.pl\/de\/wp-json\/wp\/v2\/pages\/1210"}],"collection":[{"href":"https:\/\/europeum.pl\/de\/wp-json\/wp\/v2\/pages"}],"about":[{"href":"https:\/\/europeum.pl\/de\/wp-json\/wp\/v2\/types\/page"}],"author":[{"embeddable":true,"href":"https:\/\/europeum.pl\/de\/wp-json\/wp\/v2\/users\/12"}],"replies":[{"embeddable":true,"href":"https:\/\/europeum.pl\/de\/wp-json\/wp\/v2\/comments?post=1210"}],"version-history":[{"count":0,"href":"https:\/\/europeum.pl\/de\/wp-json\/wp\/v2\/pages\/1210\/revisions"}],"up":[{"embeddable":true,"href":"https:\/\/europeum.pl\/de\/wp-json\/wp\/v2\/pages\/1199"}],"wp:attachment":[{"href":"https:\/\/europeum.pl\/de\/wp-json\/wp\/v2\/media?parent=1210"}],"curies":[{"name":"wp","href":"https:\/\/api.w.org\/{rel}","templated":true}]}}