{"id":1212,"date":"2023-10-09T15:25:02","date_gmt":"2023-10-09T13:25:02","guid":{"rendered":"https:\/\/europeum-hotel.ms2.decms.eu\/zimmer\/jednosobowy-classic\/"},"modified":"2024-09-04T15:30:57","modified_gmt":"2024-09-04T13:30:57","slug":"classic-einzelzimmer","status":"publish","type":"page","link":"https:\/\/europeum.pl\/de\/zimmer\/classic-einzelzimmer\/","title":{"rendered":"Classic Einzelzimmer"},"content":{"rendered":"<p>\u00dcbernachten Sie in einem gem\u00fctlichen Zimmer mit Einzelbett und malerischer Aussicht auf die wunderbare Universit\u00e4tsbibliothek in Wroc\u0142aw.<\/p>\n<p>Es ist ein moderner und komfortabler Raum, den Sie auf Reisen brauchen. Durch die gro\u00dfen, schallisolierten Fenster, die nicht zu \u00f6ffnend sind, wird der Raum mit viel nat\u00fcrlichem Licht durchflutet.<\/p>\n<p>Zur Ausstattung geh\u00f6ren ein gro\u00dfer Flachbild-TV mit Zugang zu vielen Kan\u00e4len, ein Kaffeezubereitungsset, ein Badezimmer mit Duschkabine, ein Schrank und andere ger\u00e4umige Ablagef\u00e4cher. Sie k\u00f6nnen zudem eine schnelle und zuverl\u00e4ssige WLAN-Verbindung und eine individuell regulierbare Klimaanlage nutzen.<\/p>\n","protected":false},"excerpt":{"rendered":"<p>\u00dcbernachten Sie in einem gem\u00fctlichen Zimmer mit Einzelbett und malerischer Aussicht auf die wunderbare Universit\u00e4tsbibliothek in Wroc\u0142aw. Es ist ein moderner und komfortabler Raum, den Sie auf Reisen brauchen. Durch die gro\u00dfen, schallisolierten Fenster, die nicht zu \u00f6ffnend sind, wird der Raum mit viel nat\u00fcrlichem Licht durchflutet. Zur Ausstattung geh\u00f6ren ein gro\u00dfer Flachbild-TV mit Zugang [&hellip;]<\/p>\n","protected":false},"author":12,"featured_media":0,"parent":1199,"menu_order":17,"comment_status":"closed","ping_status":"closed","template":"template-single-room.php","meta":{"footnotes":""},"yoast_head":"<!-- This site is optimized with the Yoast SEO plugin v22.3 - https:\/\/yoast.com\/wordpress\/plugins\/seo\/ -->\n<title>Classic Einzelzimmer &#8211; Europeum Hotel<\/title>\n<meta name=\"description\" content=\"\u00dcbernachten Sie in einem gem\u00fctlichen Zimmer mit Einzelbett und malerischer Aussicht auf die wunderbare Universit\u00e4tsbibliothek in Wroc\u0142aw.  Es ist ein moderner und komfortabler Raum, den Sie auf Reisen brauchen. Durch die gro\u00dfen, schallisolierten Fenster, die nicht zu \u00f6ffnend sind, wird der Raum mit viel nat\u00fcrlichem Licht durchflutet.  Zur Ausstattung geh\u00f6ren ein gro\u00dfer Flachbild-TV mit Zugang zu vielen Kan\u00e4len, ein Kaffeezubereitungsset, ein Badezimmer mit Duschkabine, ein Schrank und andere ger\u00e4umige Ablagef\u00e4cher\" \/>\n<meta name=\"robots\" content=\"index, follow, max-snippet:-1, max-image-preview:large, max-video-preview:-1\" \/>\n<link rel=\"canonical\" href=\"https:\/\/europeum.pl\/de\/zimmer\/classic-einzelzimmer\/\" \/>\n<meta property=\"og:locale\" content=\"de_DE\" \/>\n<meta property=\"og:type\" content=\"article\" \/>\n<meta property=\"og:title\" content=\"Classic Einzelzimmer &#8211; Europeum Hotel\" \/>\n<meta property=\"og:description\" content=\"\u00dcbernachten Sie in einem gem\u00fctlichen Zimmer mit Einzelbett und malerischer Aussicht auf die wunderbare Universit\u00e4tsbibliothek in Wroc\u0142aw.  Es ist ein moderner und komfortabler Raum, den Sie auf Reisen brauchen. Durch die gro\u00dfen, schallisolierten Fenster, die nicht zu \u00f6ffnend sind, wird der Raum mit viel nat\u00fcrlichem Licht durchflutet.  Zur Ausstattung geh\u00f6ren ein gro\u00dfer Flachbild-TV mit Zugang zu vielen Kan\u00e4len, ein Kaffeezubereitungsset, ein Badezimmer mit Duschkabine, ein Schrank und andere ger\u00e4umige Ablagef\u00e4cher\" \/>\n<meta property=\"og:url\" content=\"https:\/\/europeum.pl\/de\/zimmer\/classic-einzelzimmer\/\" \/>\n<meta property=\"og:site_name\" content=\"Europeum Hotel\" \/>\n<meta property=\"article:publisher\" content=\"https:\/\/www.facebook.com\/europeum\" \/>\n<meta property=\"article:modified_time\" content=\"2024-09-04T13:30:57+00:00\" \/>\n<meta property=\"og:image\" content=\"https:\/\/europeum.pl\/wp-content\/uploads\/sites\/68\/2024\/06\/5.jpg\" \/>\n\t<meta property=\"og:image:width\" content=\"1920\" \/>\n\t<meta property=\"og:image:height\" content=\"1080\" \/>\n\t<meta property=\"og:image:type\" content=\"image\/jpeg\" \/>\n<meta name=\"twitter:card\" content=\"summary_large_image\" \/>\n<meta name=\"twitter:label1\" content=\"Gesch\u00e4tzte Lesezeit\" \/>\n\t<meta name=\"twitter:data1\" content=\"1 Minute\" \/>\n<script type=\"application\/ld+json\" class=\"yoast-schema-graph\">{\"@context\":\"https:\/\/schema.org\",\"@graph\":[{\"@type\":\"WebPage\",\"@id\":\"https:\/\/europeum.pl\/de\/zimmer\/classic-einzelzimmer\/\",\"url\":\"https:\/\/europeum.pl\/de\/zimmer\/classic-einzelzimmer\/\",\"name\":\"Classic Einzelzimmer &#8211; Europeum Hotel\",\"isPartOf\":{\"@id\":\"https:\/\/europeum.pl\/de\/#website\"},\"datePublished\":\"2023-10-09T13:25:02+00:00\",\"dateModified\":\"2024-09-04T13:30:57+00:00\",\"description\":\"\u00dcbernachten Sie in einem gem\u00fctlichen Zimmer mit Einzelbett und malerischer Aussicht auf die wunderbare Universit\u00e4tsbibliothek in Wroc\u0142aw. Es ist ein moderner und komfortabler Raum, den Sie auf Reisen brauchen. Durch die gro\u00dfen, schallisolierten Fenster, die nicht zu \u00f6ffnend sind, wird der Raum mit viel nat\u00fcrlichem Licht durchflutet. Zur Ausstattung geh\u00f6ren ein gro\u00dfer Flachbild-TV mit Zugang zu vielen Kan\u00e4len, ein Kaffeezubereitungsset, ein Badezimmer mit Duschkabine, ein Schrank und andere ger\u00e4umige Ablagef\u00e4cher\",\"breadcrumb\":{\"@id\":\"https:\/\/europeum.pl\/de\/zimmer\/classic-einzelzimmer\/#breadcrumb\"},\"inLanguage\":\"de-DE\",\"potentialAction\":[{\"@type\":\"ReadAction\",\"target\":[\"https:\/\/europeum.pl\/de\/zimmer\/classic-einzelzimmer\/\"]}]},{\"@type\":\"BreadcrumbList\",\"@id\":\"https:\/\/europeum.pl\/de\/zimmer\/classic-einzelzimmer\/#breadcrumb\",\"itemListElement\":[{\"@type\":\"ListItem\",\"position\":1,\"name\":\"Home\",\"item\":\"https:\/\/europeum.pl\/de\/\"},{\"@type\":\"ListItem\",\"position\":2,\"name\":\"Zimmer\",\"item\":\"https:\/\/europeum.pl\/de\/zimmer\/\"},{\"@type\":\"ListItem\",\"position\":3,\"name\":\"Classic Einzelzimmer\"}]},{\"@type\":\"WebSite\",\"@id\":\"https:\/\/europeum.pl\/de\/#website\",\"url\":\"https:\/\/europeum.pl\/de\/\",\"name\":\"Europeum Hotel\",\"description\":\"\",\"publisher\":{\"@id\":\"https:\/\/europeum.pl\/de\/#organization\"},\"alternateName\":\"Europeum Hotel\",\"potentialAction\":[{\"@type\":\"SearchAction\",\"target\":{\"@type\":\"EntryPoint\",\"urlTemplate\":\"https:\/\/europeum.pl\/de\/?s={search_term_string}\"},\"query-input\":\"required name=search_term_string\"}],\"inLanguage\":\"de-DE\"},{\"@type\":\"Organization\",\"@id\":\"https:\/\/europeum.pl\/de\/#organization\",\"name\":\"Europeum Hotel\",\"alternateName\":\"Europeum Hotel\",\"url\":\"https:\/\/europeum.pl\/de\/\",\"logo\":{\"@type\":\"ImageObject\",\"inLanguage\":\"de-DE\",\"@id\":\"https:\/\/europeum.pl\/de\/#\/schema\/logo\/image\/\",\"url\":\"https:\/\/europeum.pl\/wp-content\/uploads\/sites\/68\/2023\/10\/logo_europeum_short_version_grey.png\",\"contentUrl\":\"https:\/\/europeum.pl\/wp-content\/uploads\/sites\/68\/2023\/10\/logo_europeum_short_version_grey.png\",\"width\":3508,\"height\":2480,\"caption\":\"Europeum Hotel\"},\"image\":{\"@id\":\"https:\/\/europeum.pl\/de\/#\/schema\/logo\/image\/\"},\"sameAs\":[\"https:\/\/www.facebook.com\/europeum\",\"https:\/\/www.instagram.com\/europeumhotel\/\"]}]}<\/script>\n<!-- \/ Yoast SEO plugin. -->","yoast_head_json":{"title":"Classic Einzelzimmer &#8211; Europeum Hotel","description":"\u00dcbernachten Sie in einem gem\u00fctlichen Zimmer mit Einzelbett und malerischer Aussicht auf die wunderbare Universit\u00e4tsbibliothek in Wroc\u0142aw.  Es ist ein moderner und komfortabler Raum, den Sie auf Reisen brauchen. Durch die gro\u00dfen, schallisolierten Fenster, die nicht zu \u00f6ffnend sind, wird der Raum mit viel nat\u00fcrlichem Licht durchflutet.  Zur Ausstattung geh\u00f6ren ein gro\u00dfer Flachbild-TV mit Zugang zu vielen Kan\u00e4len, ein Kaffeezubereitungsset, ein Badezimmer mit Duschkabine, ein Schrank und andere ger\u00e4umige Ablagef\u00e4cher","robots":{"index":"index","follow":"follow","max-snippet":"max-snippet:-1","max-image-preview":"max-image-preview:large","max-video-preview":"max-video-preview:-1"},"canonical":"https:\/\/europeum.pl\/de\/zimmer\/classic-einzelzimmer\/","og_locale":"de_DE","og_type":"article","og_title":"Classic Einzelzimmer &#8211; Europeum Hotel","og_description":"\u00dcbernachten Sie in einem gem\u00fctlichen Zimmer mit Einzelbett und malerischer Aussicht auf die wunderbare Universit\u00e4tsbibliothek in Wroc\u0142aw.  Es ist ein moderner und komfortabler Raum, den Sie auf Reisen brauchen. Durch die gro\u00dfen, schallisolierten Fenster, die nicht zu \u00f6ffnend sind, wird der Raum mit viel nat\u00fcrlichem Licht durchflutet.  Zur Ausstattung geh\u00f6ren ein gro\u00dfer Flachbild-TV mit Zugang zu vielen Kan\u00e4len, ein Kaffeezubereitungsset, ein Badezimmer mit Duschkabine, ein Schrank und andere ger\u00e4umige Ablagef\u00e4cher","og_url":"https:\/\/europeum.pl\/de\/zimmer\/classic-einzelzimmer\/","og_site_name":"Europeum Hotel","article_publisher":"https:\/\/www.facebook.com\/europeum","article_modified_time":"2024-09-04T13:30:57+00:00","og_image":[{"width":1920,"height":1080,"url":"https:\/\/europeum.pl\/wp-content\/uploads\/sites\/68\/2024\/06\/5.jpg","type":"image\/jpeg"}],"twitter_card":"summary_large_image","twitter_misc":{"Gesch\u00e4tzte Lesezeit":"1 Minute"},"schema":{"@context":"https:\/\/schema.org","@graph":[{"@type":"WebPage","@id":"https:\/\/europeum.pl\/de\/zimmer\/classic-einzelzimmer\/","url":"https:\/\/europeum.pl\/de\/zimmer\/classic-einzelzimmer\/","name":"Classic Einzelzimmer &#8211; Europeum Hotel","isPartOf":{"@id":"https:\/\/europeum.pl\/de\/#website"},"datePublished":"2023-10-09T13:25:02+00:00","dateModified":"2024-09-04T13:30:57+00:00","description":"\u00dcbernachten Sie in einem gem\u00fctlichen Zimmer mit Einzelbett und malerischer Aussicht auf die wunderbare Universit\u00e4tsbibliothek in Wroc\u0142aw. Es ist ein moderner und komfortabler Raum, den Sie auf Reisen brauchen. Durch die gro\u00dfen, schallisolierten Fenster, die nicht zu \u00f6ffnend sind, wird der Raum mit viel nat\u00fcrlichem Licht durchflutet. Zur Ausstattung geh\u00f6ren ein gro\u00dfer Flachbild-TV mit Zugang zu vielen Kan\u00e4len, ein Kaffeezubereitungsset, ein Badezimmer mit Duschkabine, ein Schrank und andere ger\u00e4umige Ablagef\u00e4cher","breadcrumb":{"@id":"https:\/\/europeum.pl\/de\/zimmer\/classic-einzelzimmer\/#breadcrumb"},"inLanguage":"de-DE","potentialAction":[{"@type":"ReadAction","target":["https:\/\/europeum.pl\/de\/zimmer\/classic-einzelzimmer\/"]}]},{"@type":"BreadcrumbList","@id":"https:\/\/europeum.pl\/de\/zimmer\/classic-einzelzimmer\/#breadcrumb","itemListElement":[{"@type":"ListItem","position":1,"name":"Home","item":"https:\/\/europeum.pl\/de\/"},{"@type":"ListItem","position":2,"name":"Zimmer","item":"https:\/\/europeum.pl\/de\/zimmer\/"},{"@type":"ListItem","position":3,"name":"Classic Einzelzimmer"}]},{"@type":"WebSite","@id":"https:\/\/europeum.pl\/de\/#website","url":"https:\/\/europeum.pl\/de\/","name":"Europeum Hotel","description":"","publisher":{"@id":"https:\/\/europeum.pl\/de\/#organization"},"alternateName":"Europeum Hotel","potentialAction":[{"@type":"SearchAction","target":{"@type":"EntryPoint","urlTemplate":"https:\/\/europeum.pl\/de\/?s={search_term_string}"},"query-input":"required name=search_term_string"}],"inLanguage":"de-DE"},{"@type":"Organization","@id":"https:\/\/europeum.pl\/de\/#organization","name":"Europeum Hotel","alternateName":"Europeum Hotel","url":"https:\/\/europeum.pl\/de\/","logo":{"@type":"ImageObject","inLanguage":"de-DE","@id":"https:\/\/europeum.pl\/de\/#\/schema\/logo\/image\/","url":"https:\/\/europeum.pl\/wp-content\/uploads\/sites\/68\/2023\/10\/logo_europeum_short_version_grey.png","contentUrl":"https:\/\/europeum.pl\/wp-content\/uploads\/sites\/68\/2023\/10\/logo_europeum_short_version_grey.png","width":3508,"height":2480,"caption":"Europeum Hotel"},"image":{"@id":"https:\/\/europeum.pl\/de\/#\/schema\/logo\/image\/"},"sameAs":["https:\/\/www.facebook.com\/europeum","https:\/\/www.instagram.com\/europeumhotel\/"]}]}},"acf":[],"_links":{"self":[{"href":"https:\/\/europeum.pl\/de\/wp-json\/wp\/v2\/pages\/1212"}],"collection":[{"href":"https:\/\/europeum.pl\/de\/wp-json\/wp\/v2\/pages"}],"about":[{"href":"https:\/\/europeum.pl\/de\/wp-json\/wp\/v2\/types\/page"}],"author":[{"embeddable":true,"href":"https:\/\/europeum.pl\/de\/wp-json\/wp\/v2\/users\/12"}],"replies":[{"embeddable":true,"href":"https:\/\/europeum.pl\/de\/wp-json\/wp\/v2\/comments?post=1212"}],"version-history":[{"count":0,"href":"https:\/\/europeum.pl\/de\/wp-json\/wp\/v2\/pages\/1212\/revisions"}],"up":[{"embeddable":true,"href":"https:\/\/europeum.pl\/de\/wp-json\/wp\/v2\/pages\/1199"}],"wp:attachment":[{"href":"https:\/\/europeum.pl\/de\/wp-json\/wp\/v2\/media?parent=1212"}],"curies":[{"name":"wp","href":"https:\/\/api.w.org\/{rel}","templated":true}]}}