{"id":1215,"date":"2023-10-05T12:19:32","date_gmt":"2023-10-05T10:19:32","guid":{"rendered":"https:\/\/europeum-hotel.ms2.decms.eu\/faq\/"},"modified":"2025-02-24T09:56:04","modified_gmt":"2025-02-24T08:56:04","slug":"faq","status":"publish","type":"page","link":"https:\/\/europeum.pl\/de\/faq\/","title":{"rendered":"FAQ"},"content":{"rendered":"<p>&nbsp;<\/p>\n<h2 class=\"basic__title t-section-title\" style=\"text-align: center\">HOTEL<\/h2>\n<p><strong>Wie weit ist das Hotel vom Zentrum entfernt?<\/strong><br \/>\nDas Hotel liegt im Stadtzentrum, 250 m vom Marktplatz entfernt.<\/p>\n<p><strong>Wann muss ich ein- und auschecken?<\/strong><br \/>\nDer Check-in ist ab 14:00 Uhr und der Check-out bis 11:00 Uhr m\u00f6glich.<\/p>\n<p><strong>Was sind die Zahlungsm\u00f6glichkeiten im Hotel?<\/strong><br \/>\nDie G\u00e4ste k\u00f6nnen mit Kreditkarte (die meisten akzeptieren wir) oder in bar (die polnischen Zloty und Euro akzeptieren wir, f\u00fcr Zahlungen in Euro geben wir den Rest in Zloty aus) bezahlen<\/p>\n<p><strong>Ich werde mit einem kleinen Kind reisen. Welche Annehmlichkeiten kann ich vom Hotel erwarten?<\/strong><br \/>\nWir bieten Kinderbetten, Bettw\u00e4sche, Decken, T\u00f6pfchen, Babywannen, Toiletten\u00fcberz\u00fcge, Kinderwagen und vieles mehr. Bitte erkundigen Sie sich vor der Buchung an der Rezeption nach der Verf\u00fcgbarkeit der oben genannten Annehmlichkeiten.<\/p>\n<p><strong>Gibt es eine W\u00e4scherei im Hotel?<\/strong><br \/>\nDas Hotel bietet einen W\u00e4sche- und B\u00fcgelservice, der an eine externe Firma vergeben wird.<\/p>\n<p><strong>Akzeptiert das Hotel Haustiere?<\/strong><br \/>\nDas Hotel akzeptiert keine Tiere.<\/p>\n<p><strong>Gibt es einen Parkplatz am Hotel? Wird er extra bezahlt?<\/strong><br \/>\nDas Hotel verf\u00fcgt \u00fcber eine Tiefgarage und Stellpl\u00e4tze, die 50 PLN pro Nacht kostet.<\/p>\n<p><strong>Wie komme ich auf den Parkplatz?<\/strong><br \/>\nUm auf den Parkplatz zu gelangen, m\u00fcssen Sie direkt hinter unserem Hotelrestaurant rechts abbiegen und dann wieder durch den Tunnel fahren, in einem Bogen wieder leicht rechts abbiegen, der zur Parkausfahrt f\u00fchrt. Die Einfahrt ist nur m\u00f6glich, wenn die gr\u00fcne Ampel leuchtet. Bitte achten Sie auf die Steilheit der Einfahrt zum Parkplatz. Fahrzeugen mit tiefer Federung wird empfohlen, auf dem Au\u00dfenparkplatz zu parken.<\/p>\n<p><strong>Gibt es Bus- und Stra\u00dfenbahnhaltestellen in der N\u00e4he des Hotels?<\/strong><br \/>\nIn der N\u00e4he des Hotels befinden sich 3 Stra\u00dfenbahnhaltestellen und eine Bushaltestelle, die Sie in maximal 3 Minuten erreichen.<\/p>\n<p><strong>Kann ich im Hotel Fahrr\u00e4der mieten?<\/strong><br \/>\nJa, wir bieten die M\u00f6glichkeit Fahrr\u00e4der zu mieten.<\/p>\n<p><strong>Ich bin allergisch, ist das Hotel f\u00fcr mich?<\/strong><br \/>\nJa. Das Hotel ist f\u00fcr Personen mit besonderen Allergiebed\u00fcrfnissen geeignet. Keine Haustiere zu nehmen, verhindert die Ausbreitung von Tierallergenen. Unsere Bettw\u00e4sche und Matratzen sowie die im Hotelzimmer erh\u00e4ltlichen Kosmetika erf\u00fcllen antiallergische Kriterien. Unsere K\u00fcche kann auf Anfrage Mahlzeiten ohne bestimmte Zutaten \/ Allergene zubereiten. Bitte informieren Sie das Restaurant immer \u00fcber Ihre Vorlieben oder Ern\u00e4hrungsbed\u00fcrfnisse. Wenn m\u00f6glich, werden wir versuchen, Ihre Erwartungen zu erf\u00fcllen.<\/p>\n<p><strong>Wie weit ist der n\u00e4chste Geldautomat vom Hotel entfernt?<\/strong><br \/>\nDer n\u00e4chste Geldautomat ist 10 m entfernt und unterst\u00fctzt die meisten Karten.<\/p>\n<p><strong>Kann ich im Hotel Geld wechseln?<\/strong><br \/>\nGeldwechsel ist nicht unm\u00f6glich. Die n\u00e4chste Wechselstube befindet sich 6 Minuten vom Hotel entfernt in der \u015awidnicka Stra\u00dfe.<\/p>\n<p><strong>Ich habe etwas in meinem Zimmer gelassen. Wie kann ich mein Eigentum zur\u00fcckerhalten?<\/strong><br \/>\nDer Gast wird informiert, wenn der Gegenstand gefunden wurde, um die R\u00fcckgabemethode zu bestimmen. Wenn der Gast die Versandkosten akzeptiert, wird das Paket an den Kurier weitergeleitet oder auf eine beliebige Weise versendet.<\/p>\n<p><strong>Ist die Rezeption auch nachts ge\u00f6ffnet?<\/strong><br \/>\nDie Rezeption ist rund um die Uhr besetzt, damit unsere G\u00e4ste jederzeit ein- und auschecken k\u00f6nnen.<\/p>\n<p><strong>Gibt es im Hotel einen Gep\u00e4ckraum?<\/strong><br \/>\nDer Gep\u00e4ckraum befindet sich im ersten Stock, direkt an der Rezeption des Konferenzzentrums. Er ist kostenlos und rund um die Uhr verf\u00fcgbar.<\/p>\n<p><strong>Wie komme ich vom Flughafen zum Hotel?<\/strong><br \/>\nEs gibt zwei M\u00f6glichkeiten, um vom Flughafen zum Hotel zu gelangen. Die erste ist mit dem Taxi, die zweite mit der Stra\u00dfenbahn oder dem Bus in Richtung Marktplatz oder \u015awidnicka Stra\u00dfe.<\/p>\n<p><strong>Wie komme ich vom Bahnhof zum Hotel?<\/strong><br \/>\nEs gibt zwei M\u00f6glichkeiten, um vom Busbahnhof zum Hotel zu gelangen. Die erste ist mit dem Taxi, die zweite mit der Stra\u00dfenbahn oder dem Bus in Richtung Marktplatz oder \u015awidnicka Stra\u00dfe.<\/p>\n<p><strong>Wie komme ich vom Busbahnhof zum Hotel?<\/strong><br \/>\nEs gibt zwei M\u00f6glichkeiten, um vom Busbahnhof zum Hotel zu gelangen. Die erste &#8211; mit dem Taxi, die zweite &#8211; k\u00f6nnen Sie die Stra\u00dfenbahnlinie 15 oder 32 an der Haltestelle Hauptbahnhof nehmen. Um zum Hotel zu gelangen, m\u00fcssen Sie an der 4. Haltestelle, dem Nationalen Musikforum, aussteigen und zur Universit\u00e4tsbibliothek aus charakteristischem rotem Backstein gehen. Das Hotel befindet sich auf der rechten Seite.<\/p>\n<p><strong>Kann ich ein Taxi vom Hotel bestellen?<\/strong><br \/>\nNat\u00fcrlich k\u00f6nnen Sie ein Taxi bestellen. Bitte informieren Sie uns vorab \u00fcber eine solche Anfrage.<\/p>\n<p><strong>Gibt es ein SPA im Hotel?<\/strong><br \/>\nDas Hotel hat kein SPA. Trotzdem k\u00f6nnen unsere G\u00e4ste die finnische Sauna und den Fitnessraum nutzen. Die Sauna ist t\u00e4glich von 8:00 bis 22:00 Uhr ge\u00f6ffnet, w\u00e4hrend das Fitnessstudio von Montag bis Freitag von 8:00 bis 22:00 Uhr und am Wochenende von 9:00 bis 22:00 Uhr ge\u00f6ffnet ist. Es ist auch m\u00f6glich, eine Massage zu bestellen.<\/p>\n<p><strong>Kann ich im Hotel Flug- \/ Bahntickets ausdrucken?<\/strong><br \/>\nJa. Sie k\u00f6nnen Tickets an die Rezeption senden, wo sie gedruckt werden.<\/p>\n<p><strong>Gibt es eine Apotheke in der N\u00e4he des Hotels?<\/strong><br \/>\nJa. Die n\u00e4chste Apotheke befindet sich 270 m entfernt.<\/p>\n<p>&nbsp;<\/p>\n<h2 class=\"basic__title t-section-title\" style=\"text-align: center\">RESERVIERUNGEN<\/h2>\n<p><strong>Ben\u00f6tigt das Hotel nach der Buchung zus\u00e4tzliche Zahlungen?<\/strong><br \/>\nAlle zus\u00e4tzlichen Geb\u00fchren k\u00f6nnen sich aus der Inanspruchnahme von Zusatzleistungen wie W\u00e4scherei, Fr\u00fchst\u00fcck (falls nicht im Zimmerpreis enthalten), Restaurantbestellungen und Parkm\u00f6glichkeiten ergeben. Sie k\u00f6nnen beim Check-out bezahlen. In diesem Fall wird die G\u00e4stekarte vorautorisiert.<\/p>\n<p><strong>Ich werde am sp\u00e4ten Nachmittag im Hotel ankommen. Wie kann ich meine Buchung sichern?<\/strong><br \/>\nAls Hotel empfehlen wir Ihnen, Ihre Kartendaten zu hinterlassen, um Ihre Reservierung zu garantieren. Eine weitere L\u00f6sung ist die Vorauszahlung auf Basis einer Proforma-Rechnung.<\/p>\n<p><strong>Kann ich fr\u00fch einchecken?<\/strong><br \/>\nJa, aber es h\u00e4ngt von der Verf\u00fcgbarkeit ab. Die Geb\u00fchr f\u00fcr den fr\u00fchen Check-in betr\u00e4gt 100 PLN.<\/p>\n<p><strong>Gibt es eine Option zum sp\u00e4ten Auschecken?<\/strong><br \/>\nJa, aber es h\u00e4ngt von der Verf\u00fcgbarkeit ab. Die Geb\u00fchr f\u00fcr den sp\u00e4ten Check-out betr\u00e4gt 100 PLN.<\/p>\n<p>&nbsp;<\/p>\n<h2 class=\"basic__title t-section-title\" style=\"text-align: center\">RESTAURANT<\/h2>\n<p><strong>Wann wird das Fr\u00fchst\u00fcck im Restaurant serviert?<\/strong><br \/>\nUnser Fr\u00fchst\u00fcck wird an Wochentagen von 7 Uhr bis 10.00 Uhr und am Wochenende von 7 Uhr bis 11 Uhr serviert. Um das Fr\u00fchst\u00fcck auf Ihrem Zimmer zu bestellen, kontaktieren Sie bitte das Restaurant unter der Nummer 4471.<\/p>\n<p><strong>Zu welchen Zeiten werden die Mahlzeiten im Restaurant serviert?<\/strong><br \/>\nDas Hotelrestaurant ist bis auf weiteres geschlossen.<\/p>\n<p><strong>Wir fahren sehr fr\u00fch ab und k\u00f6nnen im Restaurant nicht fr\u00fchst\u00fccken. Was kann uns das Hotel bieten?<\/strong><br \/>\nF\u00fcr G\u00e4ste, die nicht an unserem Fr\u00fchst\u00fcck teilnehmen k\u00f6nnen, bereiten wir ein spezielles &#8222;Take-away-Fr\u00fchst\u00fcckspaket&#8220; vor. Bitte melden Sie eine solche Anfrage vorab an unserer Rezeption.<\/p>\n<p>&nbsp;<\/p>\n<h2 class=\"basic__title t-section-title\" style=\"text-align: center\">ZIMMER<\/h2>\n<p><strong>Ich werde mit wertvollen Gegenst\u00e4nden reisen &#8211; kann ich sie sicher in meinem Zimmer aufbewahren?<\/strong><br \/>\nJedes Zimmer ist mit einem abschlie\u00dfbaren Safe ausgestattet, zu dem der Gast den Zugangscode selbst eingibt. Sie k\u00f6nnen auch Wertsachen im Safe der Rezeption aufbewahren.<\/p>\n<p><strong>Ist es m\u00f6glich, Fenster in den Zimmern zu \u00f6ffnen?<\/strong><br \/>\nNein. Es ist nicht m\u00f6glich, die Fenster zu \u00f6ffnen.<\/p>\n<p><strong>Ist es m\u00f6glich in den Zimmern zu rauchen?<\/strong><br \/>\nDas Hotel ist komplett rauchfrei (Tabakprodukte und elektronische Zigaretten). Ein Versto\u00df gegen diese Regel f\u00fchrt zu einer Geldstrafe von 500 PLN.<\/p>\n<p><strong>Sind die Zimmer behindertengerecht eingerichtet?<\/strong><br \/>\nDas Hotel verf\u00fcgt \u00fcber ein behindertengerechtes Zimmer. Das Zimmer bietet viel Platz und ein ger\u00e4umiges Badezimmer mit einem speziellen Duschsitz. Das Waschbecken und die Toilette sind ebenfalls entsprechend angepasst.<\/p>\n<p><strong>Gibt es eine Minibar im Zimmer?<\/strong><br \/>\nNein. Es gibt nur einen Minibar-K\u00fchlschrank im Zimmer. Er ist jedoch nicht mit Produkten zum Verzehr best\u00fcckt.<\/p>\n<p><strong>Gibt es einen K\u00fchlschrank im Zimmer?<\/strong><br \/>\nEs gibt einen Minibar-K\u00fchlschrank auf dem Zimmer.<\/p>\n<p><strong>Befindet sich ein B\u00fcgeleisen im Raum?<\/strong><br \/>\nApartments und Superior-Zimmer sind mit B\u00fcgeleisen und B\u00fcgelbrett ausgestattet. B\u00fcgeleisen und B\u00fcgelbrett sind auf Anfrage f\u00fcr andere Zimmer erh\u00e4ltlich.<\/p>\n<p><strong>Ist im Zimmer Internet verf\u00fcgbar?<\/strong><br \/>\nJedes Zimmer ist \u00fcber Wi-Fi mit dem Internet verbunden.<\/p>\n","protected":false},"excerpt":{"rendered":"<p>&nbsp; HOTEL Wie weit ist das Hotel vom Zentrum entfernt? Das Hotel liegt im Stadtzentrum, 250 m vom Marktplatz entfernt. Wann muss ich ein- und auschecken? Der Check-in ist ab 14:00 Uhr und der Check-out bis 11:00 Uhr m\u00f6glich. Was sind die Zahlungsm\u00f6glichkeiten im Hotel? Die G\u00e4ste k\u00f6nnen mit Kreditkarte (die meisten akzeptieren wir) oder [&hellip;]<\/p>\n","protected":false},"author":12,"featured_media":0,"parent":0,"menu_order":250,"comment_status":"closed","ping_status":"closed","template":"template-faq.php","meta":{"footnotes":""},"yoast_head":"<!-- This site is optimized with the Yoast SEO plugin v22.3 - https:\/\/yoast.com\/wordpress\/plugins\/seo\/ -->\n<title>FAQ &#8211; Europeum Hotel<\/title>\n<meta name=\"description\" content=\"&nbsp; HOTEL Wie weit ist das Hotel vom Zentrum entfernt? Das Hotel liegt im Stadtzentrum, 250 m vom Marktplatz entfernt.  Wann muss ich ein- und auschecken? Der Check-in ist ab 14:00 Uhr und der Check-out bis 11:00 Uhr m\u00f6glich.  Was sind die Zahlungsm\u00f6glichkeiten im Hotel? Die G\u00e4ste k\u00f6nnen mit Kreditkarte (die meisten akzeptieren wir) oder in bar (die polnischen Zloty und Euro akzeptieren wir, f\u00fcr Zahlungen in Euro geben wir den Rest in Zloty aus) bezahlen  Ich werde mit einem kleinen Kind reisen. Welche Annehmlichkeiten kann ich vom Hotel erwarten? Wir bieten Kinderbetten, Bettw\u00e4sche, Decken, T\u00f6pfchen, Babywannen, Toiletten\u00fcberz\u00fcge, Kinderwagen und vieles mehr\" \/>\n<meta name=\"robots\" content=\"index, follow, max-snippet:-1, max-image-preview:large, max-video-preview:-1\" \/>\n<link rel=\"canonical\" href=\"https:\/\/europeum.pl\/de\/faq\/\" \/>\n<meta property=\"og:locale\" content=\"de_DE\" \/>\n<meta property=\"og:type\" content=\"article\" \/>\n<meta property=\"og:title\" content=\"FAQ &#8211; Europeum Hotel\" \/>\n<meta property=\"og:description\" content=\"&nbsp; HOTEL Wie weit ist das Hotel vom Zentrum entfernt? Das Hotel liegt im Stadtzentrum, 250 m vom Marktplatz entfernt.  Wann muss ich ein- und auschecken? Der Check-in ist ab 14:00 Uhr und der Check-out bis 11:00 Uhr m\u00f6glich.  Was sind die Zahlungsm\u00f6glichkeiten im Hotel? Die G\u00e4ste k\u00f6nnen mit Kreditkarte (die meisten akzeptieren wir) oder in bar (die polnischen Zloty und Euro akzeptieren wir, f\u00fcr Zahlungen in Euro geben wir den Rest in Zloty aus) bezahlen  Ich werde mit einem kleinen Kind reisen. Welche Annehmlichkeiten kann ich vom Hotel erwarten? Wir bieten Kinderbetten, Bettw\u00e4sche, Decken, T\u00f6pfchen, Babywannen, Toiletten\u00fcberz\u00fcge, Kinderwagen und vieles mehr\" \/>\n<meta property=\"og:url\" content=\"https:\/\/europeum.pl\/de\/faq\/\" \/>\n<meta property=\"og:site_name\" content=\"Europeum Hotel\" \/>\n<meta property=\"article:publisher\" content=\"https:\/\/www.facebook.com\/europeum\" \/>\n<meta property=\"article:modified_time\" content=\"2025-02-24T08:56:04+00:00\" \/>\n<meta property=\"og:image\" content=\"https:\/\/europeum.pl\/wp-content\/uploads\/sites\/68\/2024\/06\/5.jpg\" \/>\n\t<meta property=\"og:image:width\" content=\"1920\" \/>\n\t<meta property=\"og:image:height\" content=\"1080\" \/>\n\t<meta property=\"og:image:type\" content=\"image\/jpeg\" \/>\n<meta name=\"twitter:card\" content=\"summary_large_image\" \/>\n<meta name=\"twitter:label1\" content=\"Gesch\u00e4tzte Lesezeit\" \/>\n\t<meta name=\"twitter:data1\" content=\"6 Minuten\" \/>\n<script type=\"application\/ld+json\" class=\"yoast-schema-graph\">{\"@context\":\"https:\/\/schema.org\",\"@graph\":[{\"@type\":\"WebPage\",\"@id\":\"https:\/\/europeum.pl\/de\/faq\/\",\"url\":\"https:\/\/europeum.pl\/de\/faq\/\",\"name\":\"FAQ &#8211; Europeum Hotel\",\"isPartOf\":{\"@id\":\"https:\/\/europeum.pl\/de\/#website\"},\"datePublished\":\"2023-10-05T10:19:32+00:00\",\"dateModified\":\"2025-02-24T08:56:04+00:00\",\"description\":\"&nbsp; HOTEL Wie weit ist das Hotel vom Zentrum entfernt? Das Hotel liegt im Stadtzentrum, 250 m vom Marktplatz entfernt. Wann muss ich ein- und auschecken? Der Check-in ist ab 14:00 Uhr und der Check-out bis 11:00 Uhr m\u00f6glich. Was sind die Zahlungsm\u00f6glichkeiten im Hotel? Die G\u00e4ste k\u00f6nnen mit Kreditkarte (die meisten akzeptieren wir) oder in bar (die polnischen Zloty und Euro akzeptieren wir, f\u00fcr Zahlungen in Euro geben wir den Rest in Zloty aus) bezahlen Ich werde mit einem kleinen Kind reisen. Welche Annehmlichkeiten kann ich vom Hotel erwarten? Wir bieten Kinderbetten, Bettw\u00e4sche, Decken, T\u00f6pfchen, Babywannen, Toiletten\u00fcberz\u00fcge, Kinderwagen und vieles mehr\",\"breadcrumb\":{\"@id\":\"https:\/\/europeum.pl\/de\/faq\/#breadcrumb\"},\"inLanguage\":\"de-DE\",\"potentialAction\":[{\"@type\":\"ReadAction\",\"target\":[\"https:\/\/europeum.pl\/de\/faq\/\"]}]},{\"@type\":\"BreadcrumbList\",\"@id\":\"https:\/\/europeum.pl\/de\/faq\/#breadcrumb\",\"itemListElement\":[{\"@type\":\"ListItem\",\"position\":1,\"name\":\"Home\",\"item\":\"https:\/\/europeum.pl\/de\/\"},{\"@type\":\"ListItem\",\"position\":2,\"name\":\"FAQ\"}]},{\"@type\":\"WebSite\",\"@id\":\"https:\/\/europeum.pl\/de\/#website\",\"url\":\"https:\/\/europeum.pl\/de\/\",\"name\":\"Europeum Hotel\",\"description\":\"\",\"publisher\":{\"@id\":\"https:\/\/europeum.pl\/de\/#organization\"},\"alternateName\":\"Europeum Hotel\",\"potentialAction\":[{\"@type\":\"SearchAction\",\"target\":{\"@type\":\"EntryPoint\",\"urlTemplate\":\"https:\/\/europeum.pl\/de\/?s={search_term_string}\"},\"query-input\":\"required name=search_term_string\"}],\"inLanguage\":\"de-DE\"},{\"@type\":\"Organization\",\"@id\":\"https:\/\/europeum.pl\/de\/#organization\",\"name\":\"Europeum Hotel\",\"alternateName\":\"Europeum Hotel\",\"url\":\"https:\/\/europeum.pl\/de\/\",\"logo\":{\"@type\":\"ImageObject\",\"inLanguage\":\"de-DE\",\"@id\":\"https:\/\/europeum.pl\/de\/#\/schema\/logo\/image\/\",\"url\":\"https:\/\/europeum.pl\/wp-content\/uploads\/sites\/68\/2023\/10\/logo_europeum_short_version_grey.png\",\"contentUrl\":\"https:\/\/europeum.pl\/wp-content\/uploads\/sites\/68\/2023\/10\/logo_europeum_short_version_grey.png\",\"width\":3508,\"height\":2480,\"caption\":\"Europeum Hotel\"},\"image\":{\"@id\":\"https:\/\/europeum.pl\/de\/#\/schema\/logo\/image\/\"},\"sameAs\":[\"https:\/\/www.facebook.com\/europeum\",\"https:\/\/www.instagram.com\/europeumhotel\/\"]}]}<\/script>\n<!-- \/ Yoast SEO plugin. -->","yoast_head_json":{"title":"FAQ &#8211; Europeum Hotel","description":"&nbsp; HOTEL Wie weit ist das Hotel vom Zentrum entfernt? Das Hotel liegt im Stadtzentrum, 250 m vom Marktplatz entfernt.  Wann muss ich ein- und auschecken? Der Check-in ist ab 14:00 Uhr und der Check-out bis 11:00 Uhr m\u00f6glich.  Was sind die Zahlungsm\u00f6glichkeiten im Hotel? Die G\u00e4ste k\u00f6nnen mit Kreditkarte (die meisten akzeptieren wir) oder in bar (die polnischen Zloty und Euro akzeptieren wir, f\u00fcr Zahlungen in Euro geben wir den Rest in Zloty aus) bezahlen  Ich werde mit einem kleinen Kind reisen. Welche Annehmlichkeiten kann ich vom Hotel erwarten? Wir bieten Kinderbetten, Bettw\u00e4sche, Decken, T\u00f6pfchen, Babywannen, Toiletten\u00fcberz\u00fcge, Kinderwagen und vieles mehr","robots":{"index":"index","follow":"follow","max-snippet":"max-snippet:-1","max-image-preview":"max-image-preview:large","max-video-preview":"max-video-preview:-1"},"canonical":"https:\/\/europeum.pl\/de\/faq\/","og_locale":"de_DE","og_type":"article","og_title":"FAQ &#8211; Europeum Hotel","og_description":"&nbsp; HOTEL Wie weit ist das Hotel vom Zentrum entfernt? Das Hotel liegt im Stadtzentrum, 250 m vom Marktplatz entfernt.  Wann muss ich ein- und auschecken? Der Check-in ist ab 14:00 Uhr und der Check-out bis 11:00 Uhr m\u00f6glich.  Was sind die Zahlungsm\u00f6glichkeiten im Hotel? Die G\u00e4ste k\u00f6nnen mit Kreditkarte (die meisten akzeptieren wir) oder in bar (die polnischen Zloty und Euro akzeptieren wir, f\u00fcr Zahlungen in Euro geben wir den Rest in Zloty aus) bezahlen  Ich werde mit einem kleinen Kind reisen. Welche Annehmlichkeiten kann ich vom Hotel erwarten? Wir bieten Kinderbetten, Bettw\u00e4sche, Decken, T\u00f6pfchen, Babywannen, Toiletten\u00fcberz\u00fcge, Kinderwagen und vieles mehr","og_url":"https:\/\/europeum.pl\/de\/faq\/","og_site_name":"Europeum Hotel","article_publisher":"https:\/\/www.facebook.com\/europeum","article_modified_time":"2025-02-24T08:56:04+00:00","og_image":[{"width":1920,"height":1080,"url":"https:\/\/europeum.pl\/wp-content\/uploads\/sites\/68\/2024\/06\/5.jpg","type":"image\/jpeg"}],"twitter_card":"summary_large_image","twitter_misc":{"Gesch\u00e4tzte Lesezeit":"6 Minuten"},"schema":{"@context":"https:\/\/schema.org","@graph":[{"@type":"WebPage","@id":"https:\/\/europeum.pl\/de\/faq\/","url":"https:\/\/europeum.pl\/de\/faq\/","name":"FAQ &#8211; Europeum Hotel","isPartOf":{"@id":"https:\/\/europeum.pl\/de\/#website"},"datePublished":"2023-10-05T10:19:32+00:00","dateModified":"2025-02-24T08:56:04+00:00","description":"&nbsp; HOTEL Wie weit ist das Hotel vom Zentrum entfernt? Das Hotel liegt im Stadtzentrum, 250 m vom Marktplatz entfernt. Wann muss ich ein- und auschecken? Der Check-in ist ab 14:00 Uhr und der Check-out bis 11:00 Uhr m\u00f6glich. Was sind die Zahlungsm\u00f6glichkeiten im Hotel? Die G\u00e4ste k\u00f6nnen mit Kreditkarte (die meisten akzeptieren wir) oder in bar (die polnischen Zloty und Euro akzeptieren wir, f\u00fcr Zahlungen in Euro geben wir den Rest in Zloty aus) bezahlen Ich werde mit einem kleinen Kind reisen. Welche Annehmlichkeiten kann ich vom Hotel erwarten? Wir bieten Kinderbetten, Bettw\u00e4sche, Decken, T\u00f6pfchen, Babywannen, Toiletten\u00fcberz\u00fcge, Kinderwagen und vieles mehr","breadcrumb":{"@id":"https:\/\/europeum.pl\/de\/faq\/#breadcrumb"},"inLanguage":"de-DE","potentialAction":[{"@type":"ReadAction","target":["https:\/\/europeum.pl\/de\/faq\/"]}]},{"@type":"BreadcrumbList","@id":"https:\/\/europeum.pl\/de\/faq\/#breadcrumb","itemListElement":[{"@type":"ListItem","position":1,"name":"Home","item":"https:\/\/europeum.pl\/de\/"},{"@type":"ListItem","position":2,"name":"FAQ"}]},{"@type":"WebSite","@id":"https:\/\/europeum.pl\/de\/#website","url":"https:\/\/europeum.pl\/de\/","name":"Europeum Hotel","description":"","publisher":{"@id":"https:\/\/europeum.pl\/de\/#organization"},"alternateName":"Europeum Hotel","potentialAction":[{"@type":"SearchAction","target":{"@type":"EntryPoint","urlTemplate":"https:\/\/europeum.pl\/de\/?s={search_term_string}"},"query-input":"required name=search_term_string"}],"inLanguage":"de-DE"},{"@type":"Organization","@id":"https:\/\/europeum.pl\/de\/#organization","name":"Europeum Hotel","alternateName":"Europeum Hotel","url":"https:\/\/europeum.pl\/de\/","logo":{"@type":"ImageObject","inLanguage":"de-DE","@id":"https:\/\/europeum.pl\/de\/#\/schema\/logo\/image\/","url":"https:\/\/europeum.pl\/wp-content\/uploads\/sites\/68\/2023\/10\/logo_europeum_short_version_grey.png","contentUrl":"https:\/\/europeum.pl\/wp-content\/uploads\/sites\/68\/2023\/10\/logo_europeum_short_version_grey.png","width":3508,"height":2480,"caption":"Europeum Hotel"},"image":{"@id":"https:\/\/europeum.pl\/de\/#\/schema\/logo\/image\/"},"sameAs":["https:\/\/www.facebook.com\/europeum","https:\/\/www.instagram.com\/europeumhotel\/"]}]}},"acf":[],"_links":{"self":[{"href":"https:\/\/europeum.pl\/de\/wp-json\/wp\/v2\/pages\/1215"}],"collection":[{"href":"https:\/\/europeum.pl\/de\/wp-json\/wp\/v2\/pages"}],"about":[{"href":"https:\/\/europeum.pl\/de\/wp-json\/wp\/v2\/types\/page"}],"author":[{"embeddable":true,"href":"https:\/\/europeum.pl\/de\/wp-json\/wp\/v2\/users\/12"}],"replies":[{"embeddable":true,"href":"https:\/\/europeum.pl\/de\/wp-json\/wp\/v2\/comments?post=1215"}],"version-history":[{"count":0,"href":"https:\/\/europeum.pl\/de\/wp-json\/wp\/v2\/pages\/1215\/revisions"}],"wp:attachment":[{"href":"https:\/\/europeum.pl\/de\/wp-json\/wp\/v2\/media?parent=1215"}],"curies":[{"name":"wp","href":"https:\/\/api.w.org\/{rel}","templated":true}]}}