{"id":1271,"date":"2023-10-13T11:19:00","date_gmt":"2023-10-13T09:19:00","guid":{"rendered":"https:\/\/europeum-hotel.ms2.decms.eu\/lokalizacja\/"},"modified":"2024-12-27T15:44:52","modified_gmt":"2024-12-27T14:44:52","slug":"lage","status":"publish","type":"page","link":"https:\/\/europeum.pl\/de\/lage\/","title":{"rendered":"Standort"},"content":{"rendered":"<h5>Wir stehen gerne im Zentrum des Geschehens, deshalb befindet sich unser Hotel im Herzen von Breslau, nur 300 Meter vom belebten Marktplatz entfernt.<\/h5>\n<p>Das Hotel grenzt an das Vier-Tempel-Viertel, einen historischen und malerischen Stadtteil, dessen Highlights historische Kirchen, Opern, Theater und das Nationale Forum der Musik sind. In der N\u00e4he befinden sich gem\u00fctliche Caf\u00e9s, Bars und Restaurants sowie viele Touristenattraktionen und Einkaufszentren, in denen Sie Ihre Freizeit verbringen k\u00f6nnen.<\/p>\n<p>Wroc\u0142aw steht nicht nur f\u00fcr die Dominsel Ostr\u00f3w Tumski, den Zoo und den Gro\u00dfen Ring, sondern ist auch eine Stadt, die nie schl\u00e4ft. Unser f\u00fcrsorgliches und qualifiziertes Personal hilft Ihnen gerne bei der Planung Ihrer Freizeitbesch\u00e4ftigung und zeigt Ihnen einzigartige Touristenattraktionen auf.<\/p>\n","protected":false},"excerpt":{"rendered":"<p>Wir stehen gerne im Zentrum des Geschehens, deshalb befindet sich unser Hotel im Herzen von Breslau, nur 300 Meter vom belebten Marktplatz entfernt. Das Hotel grenzt an das Vier-Tempel-Viertel, einen historischen und malerischen Stadtteil, dessen Highlights historische Kirchen, Opern, Theater und das Nationale Forum der Musik sind. In der N\u00e4he befinden sich gem\u00fctliche Caf\u00e9s, Bars [&hellip;]<\/p>\n","protected":false},"author":12,"featured_media":0,"parent":0,"menu_order":100,"comment_status":"closed","ping_status":"closed","template":"template-location.php","meta":{"footnotes":""},"class_list":["post-1271","page","type-page","status-publish","hentry"],"yoast_head":"<!-- This site is optimized with the Yoast SEO plugin v27.3 - https:\/\/yoast.com\/product\/yoast-seo-wordpress\/ -->\n<title>Tagesausfl\u00fcge in Breslau - Hotel in der N\u00e4he des Marktplatzes | Europeum Hotel<\/title>\n<meta name=\"description\" content=\"Entdecken Sie das Boutique-Hotel Europeum in der N\u00e4he des Marktplatzes und genie\u00dfen Sie Ihren 3-Sterne-Tagesausflug in Breslau\" \/>\n<meta name=\"robots\" content=\"index, follow, max-snippet:-1, max-image-preview:large, max-video-preview:-1\" \/>\n<link rel=\"canonical\" href=\"https:\/\/europeum.pl\/de\/lage\/\" \/>\n<meta property=\"og:locale\" content=\"de_DE\" \/>\n<meta property=\"og:type\" content=\"article\" \/>\n<meta property=\"og:title\" content=\"Tagesausfl\u00fcge in Breslau - Hotel in der N\u00e4he des Marktplatzes | Europeum Hotel\" \/>\n<meta property=\"og:description\" content=\"Entdecken Sie das Boutique-Hotel Europeum in der N\u00e4he des Marktplatzes und genie\u00dfen Sie Ihren 3-Sterne-Tagesausflug in Breslau\" \/>\n<meta property=\"og:url\" content=\"https:\/\/europeum.pl\/de\/lage\/\" \/>\n<meta property=\"og:site_name\" content=\"Europeum Hotel\" \/>\n<meta property=\"article:publisher\" content=\"https:\/\/www.facebook.com\/europeum\" \/>\n<meta property=\"article:modified_time\" content=\"2024-12-27T14:44:52+00:00\" \/>\n<meta property=\"og:image\" content=\"https:\/\/europeum.pl\/wp-content\/uploads\/sites\/68\/2024\/06\/5.jpg\" \/>\n\t<meta property=\"og:image:width\" content=\"1920\" \/>\n\t<meta property=\"og:image:height\" content=\"1080\" \/>\n\t<meta property=\"og:image:type\" content=\"image\/jpeg\" \/>\n<meta name=\"twitter:card\" content=\"summary_large_image\" \/>\n<meta name=\"twitter:label1\" content=\"Gesch\u00e4tzte Lesezeit\" \/>\n\t<meta name=\"twitter:data1\" content=\"1 Minute\" \/>\n<script type=\"application\/ld+json\" class=\"yoast-schema-graph\">{\"@context\":\"https:\\\/\\\/schema.org\",\"@graph\":[{\"@type\":\"WebPage\",\"@id\":\"https:\\\/\\\/europeum.pl\\\/de\\\/lage\\\/\",\"url\":\"https:\\\/\\\/europeum.pl\\\/de\\\/lage\\\/\",\"name\":\"Tagesausfl\u00fcge in Breslau - Hotel in der N\u00e4he des Marktplatzes | Europeum Hotel\",\"isPartOf\":{\"@id\":\"https:\\\/\\\/europeum.pl\\\/de\\\/#website\"},\"datePublished\":\"2023-10-13T09:19:00+00:00\",\"dateModified\":\"2024-12-27T14:44:52+00:00\",\"description\":\"Entdecken Sie das Boutique-Hotel Europeum in der N\u00e4he des Marktplatzes und genie\u00dfen Sie Ihren 3-Sterne-Tagesausflug in Breslau\",\"breadcrumb\":{\"@id\":\"https:\\\/\\\/europeum.pl\\\/de\\\/lage\\\/#breadcrumb\"},\"inLanguage\":\"de-DE\",\"potentialAction\":[{\"@type\":\"ReadAction\",\"target\":[\"https:\\\/\\\/europeum.pl\\\/de\\\/lage\\\/\"]}]},{\"@type\":\"BreadcrumbList\",\"@id\":\"https:\\\/\\\/europeum.pl\\\/de\\\/lage\\\/#breadcrumb\",\"itemListElement\":[{\"@type\":\"ListItem\",\"position\":1,\"name\":\"Home\",\"item\":\"https:\\\/\\\/europeum.pl\\\/de\\\/\"},{\"@type\":\"ListItem\",\"position\":2,\"name\":\"Standort\"}]},{\"@type\":\"WebSite\",\"@id\":\"https:\\\/\\\/europeum.pl\\\/de\\\/#website\",\"url\":\"https:\\\/\\\/europeum.pl\\\/de\\\/\",\"name\":\"Europeum Hotel\",\"description\":\"\",\"publisher\":{\"@id\":\"https:\\\/\\\/europeum.pl\\\/de\\\/#organization\"},\"alternateName\":\"Europeum Hotel\",\"potentialAction\":[{\"@type\":\"SearchAction\",\"target\":{\"@type\":\"EntryPoint\",\"urlTemplate\":\"https:\\\/\\\/europeum.pl\\\/de\\\/?s={search_term_string}\"},\"query-input\":{\"@type\":\"PropertyValueSpecification\",\"valueRequired\":true,\"valueName\":\"search_term_string\"}}],\"inLanguage\":\"de-DE\"},{\"@type\":\"Organization\",\"@id\":\"https:\\\/\\\/europeum.pl\\\/de\\\/#organization\",\"name\":\"Europeum Hotel\",\"alternateName\":\"Europeum Hotel\",\"url\":\"https:\\\/\\\/europeum.pl\\\/de\\\/\",\"logo\":{\"@type\":\"ImageObject\",\"inLanguage\":\"de-DE\",\"@id\":\"https:\\\/\\\/europeum.pl\\\/de\\\/#\\\/schema\\\/logo\\\/image\\\/\",\"url\":\"https:\\\/\\\/europeum.pl\\\/wp-content\\\/uploads\\\/sites\\\/68\\\/2023\\\/10\\\/logo_europeum_short_version_grey.png\",\"contentUrl\":\"https:\\\/\\\/europeum.pl\\\/wp-content\\\/uploads\\\/sites\\\/68\\\/2023\\\/10\\\/logo_europeum_short_version_grey.png\",\"width\":3508,\"height\":2480,\"caption\":\"Europeum Hotel\"},\"image\":{\"@id\":\"https:\\\/\\\/europeum.pl\\\/de\\\/#\\\/schema\\\/logo\\\/image\\\/\"},\"sameAs\":[\"https:\\\/\\\/www.facebook.com\\\/europeum\",\"https:\\\/\\\/www.instagram.com\\\/europeumhotel\\\/\"]}]}<\/script>\n<!-- \/ Yoast SEO plugin. -->","yoast_head_json":{"title":"Tagesausfl\u00fcge in Breslau - Hotel in der N\u00e4he des Marktplatzes | Europeum Hotel","description":"Entdecken Sie das Boutique-Hotel Europeum in der N\u00e4he des Marktplatzes und genie\u00dfen Sie Ihren 3-Sterne-Tagesausflug in Breslau","robots":{"index":"index","follow":"follow","max-snippet":"max-snippet:-1","max-image-preview":"max-image-preview:large","max-video-preview":"max-video-preview:-1"},"canonical":"https:\/\/europeum.pl\/de\/lage\/","og_locale":"de_DE","og_type":"article","og_title":"Tagesausfl\u00fcge in Breslau - Hotel in der N\u00e4he des Marktplatzes | Europeum Hotel","og_description":"Entdecken Sie das Boutique-Hotel Europeum in der N\u00e4he des Marktplatzes und genie\u00dfen Sie Ihren 3-Sterne-Tagesausflug in Breslau","og_url":"https:\/\/europeum.pl\/de\/lage\/","og_site_name":"Europeum Hotel","article_publisher":"https:\/\/www.facebook.com\/europeum","article_modified_time":"2024-12-27T14:44:52+00:00","og_image":[{"width":1920,"height":1080,"url":"https:\/\/europeum.pl\/wp-content\/uploads\/sites\/68\/2024\/06\/5.jpg","type":"image\/jpeg"}],"twitter_card":"summary_large_image","twitter_misc":{"Gesch\u00e4tzte Lesezeit":"1 Minute"},"schema":{"@context":"https:\/\/schema.org","@graph":[{"@type":"WebPage","@id":"https:\/\/europeum.pl\/de\/lage\/","url":"https:\/\/europeum.pl\/de\/lage\/","name":"Tagesausfl\u00fcge in Breslau - Hotel in der N\u00e4he des Marktplatzes | Europeum Hotel","isPartOf":{"@id":"https:\/\/europeum.pl\/de\/#website"},"datePublished":"2023-10-13T09:19:00+00:00","dateModified":"2024-12-27T14:44:52+00:00","description":"Entdecken Sie das Boutique-Hotel Europeum in der N\u00e4he des Marktplatzes und genie\u00dfen Sie Ihren 3-Sterne-Tagesausflug in Breslau","breadcrumb":{"@id":"https:\/\/europeum.pl\/de\/lage\/#breadcrumb"},"inLanguage":"de-DE","potentialAction":[{"@type":"ReadAction","target":["https:\/\/europeum.pl\/de\/lage\/"]}]},{"@type":"BreadcrumbList","@id":"https:\/\/europeum.pl\/de\/lage\/#breadcrumb","itemListElement":[{"@type":"ListItem","position":1,"name":"Home","item":"https:\/\/europeum.pl\/de\/"},{"@type":"ListItem","position":2,"name":"Standort"}]},{"@type":"WebSite","@id":"https:\/\/europeum.pl\/de\/#website","url":"https:\/\/europeum.pl\/de\/","name":"Europeum Hotel","description":"","publisher":{"@id":"https:\/\/europeum.pl\/de\/#organization"},"alternateName":"Europeum Hotel","potentialAction":[{"@type":"SearchAction","target":{"@type":"EntryPoint","urlTemplate":"https:\/\/europeum.pl\/de\/?s={search_term_string}"},"query-input":{"@type":"PropertyValueSpecification","valueRequired":true,"valueName":"search_term_string"}}],"inLanguage":"de-DE"},{"@type":"Organization","@id":"https:\/\/europeum.pl\/de\/#organization","name":"Europeum Hotel","alternateName":"Europeum Hotel","url":"https:\/\/europeum.pl\/de\/","logo":{"@type":"ImageObject","inLanguage":"de-DE","@id":"https:\/\/europeum.pl\/de\/#\/schema\/logo\/image\/","url":"https:\/\/europeum.pl\/wp-content\/uploads\/sites\/68\/2023\/10\/logo_europeum_short_version_grey.png","contentUrl":"https:\/\/europeum.pl\/wp-content\/uploads\/sites\/68\/2023\/10\/logo_europeum_short_version_grey.png","width":3508,"height":2480,"caption":"Europeum Hotel"},"image":{"@id":"https:\/\/europeum.pl\/de\/#\/schema\/logo\/image\/"},"sameAs":["https:\/\/www.facebook.com\/europeum","https:\/\/www.instagram.com\/europeumhotel\/"]}]}},"acf":[],"_links":{"self":[{"href":"https:\/\/europeum.pl\/de\/wp-json\/wp\/v2\/pages\/1271","targetHints":{"allow":["GET"]}}],"collection":[{"href":"https:\/\/europeum.pl\/de\/wp-json\/wp\/v2\/pages"}],"about":[{"href":"https:\/\/europeum.pl\/de\/wp-json\/wp\/v2\/types\/page"}],"author":[{"embeddable":true,"href":"https:\/\/europeum.pl\/de\/wp-json\/wp\/v2\/users\/12"}],"replies":[{"embeddable":true,"href":"https:\/\/europeum.pl\/de\/wp-json\/wp\/v2\/comments?post=1271"}],"version-history":[{"count":0,"href":"https:\/\/europeum.pl\/de\/wp-json\/wp\/v2\/pages\/1271\/revisions"}],"wp:attachment":[{"href":"https:\/\/europeum.pl\/de\/wp-json\/wp\/v2\/media?parent=1271"}],"curies":[{"name":"wp","href":"https:\/\/api.w.org\/{rel}","templated":true}]}}