{"id":1273,"date":"2024-05-03T11:16:13","date_gmt":"2024-05-03T09:16:13","guid":{"rendered":"https:\/\/europeum-hotel.ms2.decms.eu\/europeum-jest-sztuka\/"},"modified":"2024-12-27T15:37:59","modified_gmt":"2024-12-27T14:37:59","slug":"kunst-und-design-im-europeum-page","status":"publish","type":"page","link":"https:\/\/europeum.pl\/de\/kunst-und-design-im-europeum-page\/","title":{"rendered":"Kunst und Design im Europeum"},"content":{"rendered":"<p>Entdecken Sie <strong>moderne dekorative und angewandte Kunst<\/strong>, die in unseren Innenr\u00e4umen allgegenw\u00e4rtig ist.<\/p>\n<p>Bei einem Spaziergang durch die Lobby, die Korridore und die Zimmer im Europeum werden Sie auf Kunstwerke sto\u00dfen, sowohl restaurierte klassische Vintage-M\u00f6bel als auch moderne, die von ber\u00fchmten polnischen K\u00fcnstlern speziell f\u00fcr Europeum entworfen und hergestellt wurden. Sie werden sich wie in einer echten Kunstgalerie f\u00fchlen.<\/p>\n<p>Durch die Verwendung nat\u00fcrlicher Materialien wie Eiche, Messing und Leder bei der Restaurierung historischer und neu gestalteter Gegenst\u00e4nde schaffen wir eine einzigartige \u00c4sthetik, die jeden fasziniert und begeistert, der Kunst und Handwerk, aber auch sch\u00f6ne Dinge sch\u00e4tzt.<\/p>\n<p>Sp\u00fcren Sie die einzigartige Atmosph\u00e4re und entdecken Sie die k\u00fcnstlerische Seele des Hotels Europeum!<\/p>\n","protected":false},"excerpt":{"rendered":"<p>Entdecken Sie moderne dekorative und angewandte Kunst, die in unseren Innenr\u00e4umen allgegenw\u00e4rtig ist. Bei einem Spaziergang durch die Lobby, die Korridore und die Zimmer im Europeum werden Sie auf Kunstwerke sto\u00dfen, sowohl restaurierte klassische Vintage-M\u00f6bel als auch moderne, die von ber\u00fchmten polnischen K\u00fcnstlern speziell f\u00fcr Europeum entworfen und hergestellt wurden. Sie werden sich wie in [&hellip;]<\/p>\n","protected":false},"author":12,"featured_media":0,"parent":0,"menu_order":5,"comment_status":"closed","ping_status":"closed","template":"template-job.php","meta":{"footnotes":""},"yoast_head":"<!-- This site is optimized with the Yoast SEO plugin v22.3 - https:\/\/yoast.com\/wordpress\/plugins\/seo\/ -->\n<title>Kunst- und Design-Hotel in Breslau | Europeum Hotel<\/title>\n<meta name=\"description\" content=\"Entdecken Sie den Luxus und die Eleganz des Europeum-Hotels mit seinen Ausstellungen von Kunstwerken und seinen Design- und Vintage-M\u00f6beln. Der Ort f\u00fcr Kunst in Breslau\" \/>\n<meta name=\"robots\" content=\"index, follow, max-snippet:-1, max-image-preview:large, max-video-preview:-1\" \/>\n<link rel=\"canonical\" href=\"https:\/\/europeum.pl\/de\/kunst-und-design-im-europeum-page\/\" \/>\n<meta property=\"og:locale\" content=\"de_DE\" \/>\n<meta property=\"og:type\" content=\"article\" \/>\n<meta property=\"og:title\" content=\"Kunst- und Design-Hotel in Breslau | Europeum Hotel\" \/>\n<meta property=\"og:description\" content=\"Entdecken Sie den Luxus und die Eleganz des Europeum-Hotels mit seinen Ausstellungen von Kunstwerken und seinen Design- und Vintage-M\u00f6beln. Der Ort f\u00fcr Kunst in Breslau\" \/>\n<meta property=\"og:url\" content=\"https:\/\/europeum.pl\/de\/kunst-und-design-im-europeum-page\/\" \/>\n<meta property=\"og:site_name\" content=\"Europeum Hotel\" \/>\n<meta property=\"article:publisher\" content=\"https:\/\/www.facebook.com\/europeum\" \/>\n<meta property=\"article:modified_time\" content=\"2024-12-27T14:37:59+00:00\" \/>\n<meta property=\"og:image\" content=\"https:\/\/europeum.pl\/wp-content\/uploads\/sites\/68\/2024\/06\/5.jpg\" \/>\n\t<meta property=\"og:image:width\" content=\"1920\" \/>\n\t<meta property=\"og:image:height\" content=\"1080\" \/>\n\t<meta property=\"og:image:type\" content=\"image\/jpeg\" \/>\n<meta name=\"twitter:card\" content=\"summary_large_image\" \/>\n<meta name=\"twitter:label1\" content=\"Gesch\u00e4tzte Lesezeit\" \/>\n\t<meta name=\"twitter:data1\" content=\"1 Minute\" \/>\n<script type=\"application\/ld+json\" class=\"yoast-schema-graph\">{\"@context\":\"https:\/\/schema.org\",\"@graph\":[{\"@type\":\"WebPage\",\"@id\":\"https:\/\/europeum.pl\/de\/kunst-und-design-im-europeum-page\/\",\"url\":\"https:\/\/europeum.pl\/de\/kunst-und-design-im-europeum-page\/\",\"name\":\"Kunst- und Design-Hotel in Breslau | Europeum Hotel\",\"isPartOf\":{\"@id\":\"https:\/\/europeum.pl\/de\/#website\"},\"datePublished\":\"2024-05-03T09:16:13+00:00\",\"dateModified\":\"2024-12-27T14:37:59+00:00\",\"description\":\"Entdecken Sie den Luxus und die Eleganz des Europeum-Hotels mit seinen Ausstellungen von Kunstwerken und seinen Design- und Vintage-M\u00f6beln. Der Ort f\u00fcr Kunst in Breslau\",\"breadcrumb\":{\"@id\":\"https:\/\/europeum.pl\/de\/kunst-und-design-im-europeum-page\/#breadcrumb\"},\"inLanguage\":\"de-DE\",\"potentialAction\":[{\"@type\":\"ReadAction\",\"target\":[\"https:\/\/europeum.pl\/de\/kunst-und-design-im-europeum-page\/\"]}]},{\"@type\":\"BreadcrumbList\",\"@id\":\"https:\/\/europeum.pl\/de\/kunst-und-design-im-europeum-page\/#breadcrumb\",\"itemListElement\":[{\"@type\":\"ListItem\",\"position\":1,\"name\":\"Home\",\"item\":\"https:\/\/europeum.pl\/de\/\"},{\"@type\":\"ListItem\",\"position\":2,\"name\":\"Kunst und Design im Europeum\"}]},{\"@type\":\"WebSite\",\"@id\":\"https:\/\/europeum.pl\/de\/#website\",\"url\":\"https:\/\/europeum.pl\/de\/\",\"name\":\"Europeum Hotel\",\"description\":\"\",\"publisher\":{\"@id\":\"https:\/\/europeum.pl\/de\/#organization\"},\"alternateName\":\"Europeum Hotel\",\"potentialAction\":[{\"@type\":\"SearchAction\",\"target\":{\"@type\":\"EntryPoint\",\"urlTemplate\":\"https:\/\/europeum.pl\/de\/?s={search_term_string}\"},\"query-input\":\"required name=search_term_string\"}],\"inLanguage\":\"de-DE\"},{\"@type\":\"Organization\",\"@id\":\"https:\/\/europeum.pl\/de\/#organization\",\"name\":\"Europeum Hotel\",\"alternateName\":\"Europeum Hotel\",\"url\":\"https:\/\/europeum.pl\/de\/\",\"logo\":{\"@type\":\"ImageObject\",\"inLanguage\":\"de-DE\",\"@id\":\"https:\/\/europeum.pl\/de\/#\/schema\/logo\/image\/\",\"url\":\"https:\/\/europeum.pl\/wp-content\/uploads\/sites\/68\/2023\/10\/logo_europeum_short_version_grey.png\",\"contentUrl\":\"https:\/\/europeum.pl\/wp-content\/uploads\/sites\/68\/2023\/10\/logo_europeum_short_version_grey.png\",\"width\":3508,\"height\":2480,\"caption\":\"Europeum Hotel\"},\"image\":{\"@id\":\"https:\/\/europeum.pl\/de\/#\/schema\/logo\/image\/\"},\"sameAs\":[\"https:\/\/www.facebook.com\/europeum\",\"https:\/\/www.instagram.com\/europeumhotel\/\"]}]}<\/script>\n<!-- \/ Yoast SEO plugin. -->","yoast_head_json":{"title":"Kunst- und Design-Hotel in Breslau | Europeum Hotel","description":"Entdecken Sie den Luxus und die Eleganz des Europeum-Hotels mit seinen Ausstellungen von Kunstwerken und seinen Design- und Vintage-M\u00f6beln. Der Ort f\u00fcr Kunst in Breslau","robots":{"index":"index","follow":"follow","max-snippet":"max-snippet:-1","max-image-preview":"max-image-preview:large","max-video-preview":"max-video-preview:-1"},"canonical":"https:\/\/europeum.pl\/de\/kunst-und-design-im-europeum-page\/","og_locale":"de_DE","og_type":"article","og_title":"Kunst- und Design-Hotel in Breslau | Europeum Hotel","og_description":"Entdecken Sie den Luxus und die Eleganz des Europeum-Hotels mit seinen Ausstellungen von Kunstwerken und seinen Design- und Vintage-M\u00f6beln. Der Ort f\u00fcr Kunst in Breslau","og_url":"https:\/\/europeum.pl\/de\/kunst-und-design-im-europeum-page\/","og_site_name":"Europeum Hotel","article_publisher":"https:\/\/www.facebook.com\/europeum","article_modified_time":"2024-12-27T14:37:59+00:00","og_image":[{"width":1920,"height":1080,"url":"https:\/\/europeum.pl\/wp-content\/uploads\/sites\/68\/2024\/06\/5.jpg","type":"image\/jpeg"}],"twitter_card":"summary_large_image","twitter_misc":{"Gesch\u00e4tzte Lesezeit":"1 Minute"},"schema":{"@context":"https:\/\/schema.org","@graph":[{"@type":"WebPage","@id":"https:\/\/europeum.pl\/de\/kunst-und-design-im-europeum-page\/","url":"https:\/\/europeum.pl\/de\/kunst-und-design-im-europeum-page\/","name":"Kunst- und Design-Hotel in Breslau | Europeum Hotel","isPartOf":{"@id":"https:\/\/europeum.pl\/de\/#website"},"datePublished":"2024-05-03T09:16:13+00:00","dateModified":"2024-12-27T14:37:59+00:00","description":"Entdecken Sie den Luxus und die Eleganz des Europeum-Hotels mit seinen Ausstellungen von Kunstwerken und seinen Design- und Vintage-M\u00f6beln. Der Ort f\u00fcr Kunst in Breslau","breadcrumb":{"@id":"https:\/\/europeum.pl\/de\/kunst-und-design-im-europeum-page\/#breadcrumb"},"inLanguage":"de-DE","potentialAction":[{"@type":"ReadAction","target":["https:\/\/europeum.pl\/de\/kunst-und-design-im-europeum-page\/"]}]},{"@type":"BreadcrumbList","@id":"https:\/\/europeum.pl\/de\/kunst-und-design-im-europeum-page\/#breadcrumb","itemListElement":[{"@type":"ListItem","position":1,"name":"Home","item":"https:\/\/europeum.pl\/de\/"},{"@type":"ListItem","position":2,"name":"Kunst und Design im Europeum"}]},{"@type":"WebSite","@id":"https:\/\/europeum.pl\/de\/#website","url":"https:\/\/europeum.pl\/de\/","name":"Europeum Hotel","description":"","publisher":{"@id":"https:\/\/europeum.pl\/de\/#organization"},"alternateName":"Europeum Hotel","potentialAction":[{"@type":"SearchAction","target":{"@type":"EntryPoint","urlTemplate":"https:\/\/europeum.pl\/de\/?s={search_term_string}"},"query-input":"required name=search_term_string"}],"inLanguage":"de-DE"},{"@type":"Organization","@id":"https:\/\/europeum.pl\/de\/#organization","name":"Europeum Hotel","alternateName":"Europeum Hotel","url":"https:\/\/europeum.pl\/de\/","logo":{"@type":"ImageObject","inLanguage":"de-DE","@id":"https:\/\/europeum.pl\/de\/#\/schema\/logo\/image\/","url":"https:\/\/europeum.pl\/wp-content\/uploads\/sites\/68\/2023\/10\/logo_europeum_short_version_grey.png","contentUrl":"https:\/\/europeum.pl\/wp-content\/uploads\/sites\/68\/2023\/10\/logo_europeum_short_version_grey.png","width":3508,"height":2480,"caption":"Europeum Hotel"},"image":{"@id":"https:\/\/europeum.pl\/de\/#\/schema\/logo\/image\/"},"sameAs":["https:\/\/www.facebook.com\/europeum","https:\/\/www.instagram.com\/europeumhotel\/"]}]}},"acf":[],"_links":{"self":[{"href":"https:\/\/europeum.pl\/de\/wp-json\/wp\/v2\/pages\/1273"}],"collection":[{"href":"https:\/\/europeum.pl\/de\/wp-json\/wp\/v2\/pages"}],"about":[{"href":"https:\/\/europeum.pl\/de\/wp-json\/wp\/v2\/types\/page"}],"author":[{"embeddable":true,"href":"https:\/\/europeum.pl\/de\/wp-json\/wp\/v2\/users\/12"}],"replies":[{"embeddable":true,"href":"https:\/\/europeum.pl\/de\/wp-json\/wp\/v2\/comments?post=1273"}],"version-history":[{"count":0,"href":"https:\/\/europeum.pl\/de\/wp-json\/wp\/v2\/pages\/1273\/revisions"}],"wp:attachment":[{"href":"https:\/\/europeum.pl\/de\/wp-json\/wp\/v2\/media?parent=1273"}],"curies":[{"name":"wp","href":"https:\/\/api.w.org\/{rel}","templated":true}]}}