{"id":1656,"date":"2025-03-12T14:33:37","date_gmt":"2025-03-12T13:33:37","guid":{"rendered":"https:\/\/europeum.pl\/?page_id=1656"},"modified":"2025-03-13T14:44:58","modified_gmt":"2025-03-13T13:44:58","slug":"angebot-fuer-familien-mit-kindern","status":"publish","type":"page","link":"https:\/\/europeum.pl\/de\/angebote\/angebot-fuer-familien-mit-kindern\/","title":{"rendered":"Angebot f\u00fcr Familien mit Kindern"},"content":{"rendered":"<p>Bei Familienbuchungen erhalten Sie 10 % Rabatt auf die Unterkunft und 50 % Rabatt auf das Parken. Au\u00dferdem haben wir ein Paket mit Attraktionen f\u00fcr die J\u00fcngsten geschn\u00fcrt, das u. a. eine Karte der Zwerge von Wroc\u0142aw oder Erm\u00e4\u00dfigungen bei unseren Partnern beinhaltet. F\u00fcr Eltern gibt es unbegrenzten Zugang zum Fitnessbereich und zur finnischen Sauna sowie einen kostenlosen Fahrradverleih.<\/p>\n<p>Im Rahmen des Angebots bieten wir:<\/p>\n<ul>\n<li>Einen komfortablen Aufenthalt in einem unserer eleganten Zimmer oder Junior-Suiten<\/li>\n<li>Ein ger\u00e4umiges Badezimmer mit einer komfortablen Dusche<\/li>\n<li>Eine Auswahl an Kissen f\u00fcr eine perfekte Nachtruhe<\/li>\n<li>High-Speed-Internetzugang im gesamten Hotel<\/li>\n<li>M\u00f6glichkeit, ein komplettes Fr\u00fchst\u00fccksbuffet im Restaurant Europeum zu bestellen<\/li>\n<\/ul>\n<p>Attraktionen f\u00fcr Kinder:<\/p>\n<ul>\n<li>Karte der Zwerge<\/li>\n<li>15% Erm\u00e4\u00dfigung im Movie Gate<\/li>\n<li>10% Erm\u00e4\u00dfigung f\u00fcr das Museum der Illusionen<\/li>\n<li>Kostenlose Einladung in das Museum der Pharmazie<\/li>\n<li>10% Erm\u00e4\u00dfigung auf eine Kreuzfahrt mit Cityboats<\/li>\n<\/ul>\n<p>Zus\u00e4tzliche Annehmlichkeiten:<\/p>\n<ul>\n<li>Kinderbett f\u00fcr die kleinsten G\u00e4ste<\/li>\n<li>Badewanne und Wickeltisch f\u00fcr Ihren Komfort &#8211; w\u00e4hrend Ihres Aufenthalts<\/li>\n<li>Fl\u00e4schchenw\u00e4rmer<\/li>\n<li>Babymatte<\/li>\n<li>Schlafsessel<\/li>\n<li>Zelt mit Spielzeug<\/li>\n<li>Kreativ-Kit f\u00fcr Kinder &#8211; Malutensilien, Puzzles und Wroc\u0142aw-Legenden<\/li>\n<\/ul>\n<h2>Erh\u00e4ltlich ab 234 PLN<\/h2>\n","protected":false},"excerpt":{"rendered":"<p>Bei Familienbuchungen erhalten Sie 10 % Rabatt auf die Unterkunft und 50 % Rabatt auf das Parken. Au\u00dferdem haben wir ein Paket mit Attraktionen f\u00fcr die J\u00fcngsten geschn\u00fcrt, das u. a. eine Karte der Zwerge von Wroc\u0142aw oder Erm\u00e4\u00dfigungen bei unseren Partnern beinhaltet. F\u00fcr Eltern gibt es unbegrenzten Zugang zum Fitnessbereich und zur finnischen Sauna [&hellip;]<\/p>\n","protected":false},"author":158,"featured_media":1640,"parent":1214,"menu_order":56,"comment_status":"closed","ping_status":"closed","template":"template-default-2.php","meta":{"footnotes":""},"yoast_head":"<!-- This site is optimized with the Yoast SEO plugin v22.3 - https:\/\/yoast.com\/wordpress\/plugins\/seo\/ -->\n<title>Angebot f\u00fcr Familien mit Kindern &#8211; Europeum Hotel<\/title>\n<meta name=\"description\" content=\"Bei Familienbuchungen erhalten Sie 10 % Rabatt auf die Unterkunft und 50 % Rabatt auf das Parken. Au\u00dferdem haben wir ein Paket mit Attraktionen f\u00fcr die J\u00fcngsten geschn\u00fcrt, das u\" \/>\n<meta name=\"robots\" content=\"index, follow, max-snippet:-1, max-image-preview:large, max-video-preview:-1\" \/>\n<link rel=\"canonical\" href=\"https:\/\/europeum.pl\/de\/angebote\/angebot-fuer-familien-mit-kindern\/\" \/>\n<meta property=\"og:locale\" content=\"de_DE\" \/>\n<meta property=\"og:type\" content=\"article\" \/>\n<meta property=\"og:title\" content=\"Angebot f\u00fcr Familien mit Kindern &#8211; Europeum Hotel\" \/>\n<meta property=\"og:description\" content=\"Bei Familienbuchungen erhalten Sie 10 % Rabatt auf die Unterkunft und 50 % Rabatt auf das Parken. Au\u00dferdem haben wir ein Paket mit Attraktionen f\u00fcr die J\u00fcngsten geschn\u00fcrt, das u\" \/>\n<meta property=\"og:url\" content=\"https:\/\/europeum.pl\/de\/angebote\/angebot-fuer-familien-mit-kindern\/\" \/>\n<meta property=\"og:site_name\" content=\"Europeum Hotel\" \/>\n<meta property=\"article:publisher\" content=\"https:\/\/www.facebook.com\/europeum\" \/>\n<meta property=\"article:modified_time\" content=\"2025-03-13T13:44:58+00:00\" \/>\n<meta property=\"og:image\" content=\"https:\/\/europeum.pl\/wp-content\/uploads\/sites\/68\/2025\/03\/934cc48d-b017-4494-aa63-2991157d8212-e1741786653872.jpg\" \/>\n\t<meta property=\"og:image:width\" content=\"735\" \/>\n\t<meta property=\"og:image:height\" content=\"400\" \/>\n\t<meta property=\"og:image:type\" content=\"image\/jpeg\" \/>\n<meta name=\"twitter:card\" content=\"summary_large_image\" \/>\n<meta name=\"twitter:label1\" content=\"Gesch\u00e4tzte Lesezeit\" \/>\n\t<meta name=\"twitter:data1\" content=\"1 Minute\" \/>\n<script type=\"application\/ld+json\" class=\"yoast-schema-graph\">{\"@context\":\"https:\/\/schema.org\",\"@graph\":[{\"@type\":\"WebPage\",\"@id\":\"https:\/\/europeum.pl\/de\/angebote\/angebot-fuer-familien-mit-kindern\/\",\"url\":\"https:\/\/europeum.pl\/de\/angebote\/angebot-fuer-familien-mit-kindern\/\",\"name\":\"Angebot f\u00fcr Familien mit Kindern &#8211; Europeum Hotel\",\"isPartOf\":{\"@id\":\"https:\/\/europeum.pl\/de\/#website\"},\"primaryImageOfPage\":{\"@id\":\"https:\/\/europeum.pl\/de\/angebote\/angebot-fuer-familien-mit-kindern\/#primaryimage\"},\"image\":{\"@id\":\"https:\/\/europeum.pl\/de\/angebote\/angebot-fuer-familien-mit-kindern\/#primaryimage\"},\"thumbnailUrl\":\"https:\/\/europeum.pl\/wp-content\/uploads\/sites\/68\/2025\/03\/934cc48d-b017-4494-aa63-2991157d8212-e1741786653872.jpg\",\"datePublished\":\"2025-03-12T13:33:37+00:00\",\"dateModified\":\"2025-03-13T13:44:58+00:00\",\"description\":\"Bei Familienbuchungen erhalten Sie 10 % Rabatt auf die Unterkunft und 50 % Rabatt auf das Parken. Au\u00dferdem haben wir ein Paket mit Attraktionen f\u00fcr die J\u00fcngsten geschn\u00fcrt, das u\",\"breadcrumb\":{\"@id\":\"https:\/\/europeum.pl\/de\/angebote\/angebot-fuer-familien-mit-kindern\/#breadcrumb\"},\"inLanguage\":\"de-DE\",\"potentialAction\":[{\"@type\":\"ReadAction\",\"target\":[\"https:\/\/europeum.pl\/de\/angebote\/angebot-fuer-familien-mit-kindern\/\"]}]},{\"@type\":\"ImageObject\",\"inLanguage\":\"de-DE\",\"@id\":\"https:\/\/europeum.pl\/de\/angebote\/angebot-fuer-familien-mit-kindern\/#primaryimage\",\"url\":\"https:\/\/europeum.pl\/wp-content\/uploads\/sites\/68\/2025\/03\/934cc48d-b017-4494-aa63-2991157d8212-e1741786653872.jpg\",\"contentUrl\":\"https:\/\/europeum.pl\/wp-content\/uploads\/sites\/68\/2025\/03\/934cc48d-b017-4494-aa63-2991157d8212-e1741786653872.jpg\",\"width\":735,\"height\":400},{\"@type\":\"BreadcrumbList\",\"@id\":\"https:\/\/europeum.pl\/de\/angebote\/angebot-fuer-familien-mit-kindern\/#breadcrumb\",\"itemListElement\":[{\"@type\":\"ListItem\",\"position\":1,\"name\":\"Home\",\"item\":\"https:\/\/europeum.pl\/de\/\"},{\"@type\":\"ListItem\",\"position\":2,\"name\":\"Angebote\",\"item\":\"https:\/\/europeum.pl\/de\/angebote\/\"},{\"@type\":\"ListItem\",\"position\":3,\"name\":\"Angebot f\u00fcr Familien mit Kindern\"}]},{\"@type\":\"WebSite\",\"@id\":\"https:\/\/europeum.pl\/de\/#website\",\"url\":\"https:\/\/europeum.pl\/de\/\",\"name\":\"Europeum Hotel\",\"description\":\"\",\"publisher\":{\"@id\":\"https:\/\/europeum.pl\/de\/#organization\"},\"alternateName\":\"Europeum Hotel\",\"potentialAction\":[{\"@type\":\"SearchAction\",\"target\":{\"@type\":\"EntryPoint\",\"urlTemplate\":\"https:\/\/europeum.pl\/de\/?s={search_term_string}\"},\"query-input\":\"required name=search_term_string\"}],\"inLanguage\":\"de-DE\"},{\"@type\":\"Organization\",\"@id\":\"https:\/\/europeum.pl\/de\/#organization\",\"name\":\"Europeum Hotel\",\"alternateName\":\"Europeum Hotel\",\"url\":\"https:\/\/europeum.pl\/de\/\",\"logo\":{\"@type\":\"ImageObject\",\"inLanguage\":\"de-DE\",\"@id\":\"https:\/\/europeum.pl\/de\/#\/schema\/logo\/image\/\",\"url\":\"https:\/\/europeum.pl\/wp-content\/uploads\/sites\/68\/2023\/10\/logo_europeum_short_version_grey.png\",\"contentUrl\":\"https:\/\/europeum.pl\/wp-content\/uploads\/sites\/68\/2023\/10\/logo_europeum_short_version_grey.png\",\"width\":3508,\"height\":2480,\"caption\":\"Europeum Hotel\"},\"image\":{\"@id\":\"https:\/\/europeum.pl\/de\/#\/schema\/logo\/image\/\"},\"sameAs\":[\"https:\/\/www.facebook.com\/europeum\",\"https:\/\/www.instagram.com\/europeumhotel\/\"]}]}<\/script>\n<!-- \/ Yoast SEO plugin. -->","yoast_head_json":{"title":"Angebot f\u00fcr Familien mit Kindern &#8211; Europeum Hotel","description":"Bei Familienbuchungen erhalten Sie 10 % Rabatt auf die Unterkunft und 50 % Rabatt auf das Parken. Au\u00dferdem haben wir ein Paket mit Attraktionen f\u00fcr die J\u00fcngsten geschn\u00fcrt, das u","robots":{"index":"index","follow":"follow","max-snippet":"max-snippet:-1","max-image-preview":"max-image-preview:large","max-video-preview":"max-video-preview:-1"},"canonical":"https:\/\/europeum.pl\/de\/angebote\/angebot-fuer-familien-mit-kindern\/","og_locale":"de_DE","og_type":"article","og_title":"Angebot f\u00fcr Familien mit Kindern &#8211; Europeum Hotel","og_description":"Bei Familienbuchungen erhalten Sie 10 % Rabatt auf die Unterkunft und 50 % Rabatt auf das Parken. Au\u00dferdem haben wir ein Paket mit Attraktionen f\u00fcr die J\u00fcngsten geschn\u00fcrt, das u","og_url":"https:\/\/europeum.pl\/de\/angebote\/angebot-fuer-familien-mit-kindern\/","og_site_name":"Europeum Hotel","article_publisher":"https:\/\/www.facebook.com\/europeum","article_modified_time":"2025-03-13T13:44:58+00:00","og_image":[{"width":735,"height":400,"url":"https:\/\/europeum.pl\/wp-content\/uploads\/sites\/68\/2025\/03\/934cc48d-b017-4494-aa63-2991157d8212-e1741786653872.jpg","type":"image\/jpeg"}],"twitter_card":"summary_large_image","twitter_misc":{"Gesch\u00e4tzte Lesezeit":"1 Minute"},"schema":{"@context":"https:\/\/schema.org","@graph":[{"@type":"WebPage","@id":"https:\/\/europeum.pl\/de\/angebote\/angebot-fuer-familien-mit-kindern\/","url":"https:\/\/europeum.pl\/de\/angebote\/angebot-fuer-familien-mit-kindern\/","name":"Angebot f\u00fcr Familien mit Kindern &#8211; Europeum Hotel","isPartOf":{"@id":"https:\/\/europeum.pl\/de\/#website"},"primaryImageOfPage":{"@id":"https:\/\/europeum.pl\/de\/angebote\/angebot-fuer-familien-mit-kindern\/#primaryimage"},"image":{"@id":"https:\/\/europeum.pl\/de\/angebote\/angebot-fuer-familien-mit-kindern\/#primaryimage"},"thumbnailUrl":"https:\/\/europeum.pl\/wp-content\/uploads\/sites\/68\/2025\/03\/934cc48d-b017-4494-aa63-2991157d8212-e1741786653872.jpg","datePublished":"2025-03-12T13:33:37+00:00","dateModified":"2025-03-13T13:44:58+00:00","description":"Bei Familienbuchungen erhalten Sie 10 % Rabatt auf die Unterkunft und 50 % Rabatt auf das Parken. Au\u00dferdem haben wir ein Paket mit Attraktionen f\u00fcr die J\u00fcngsten geschn\u00fcrt, das u","breadcrumb":{"@id":"https:\/\/europeum.pl\/de\/angebote\/angebot-fuer-familien-mit-kindern\/#breadcrumb"},"inLanguage":"de-DE","potentialAction":[{"@type":"ReadAction","target":["https:\/\/europeum.pl\/de\/angebote\/angebot-fuer-familien-mit-kindern\/"]}]},{"@type":"ImageObject","inLanguage":"de-DE","@id":"https:\/\/europeum.pl\/de\/angebote\/angebot-fuer-familien-mit-kindern\/#primaryimage","url":"https:\/\/europeum.pl\/wp-content\/uploads\/sites\/68\/2025\/03\/934cc48d-b017-4494-aa63-2991157d8212-e1741786653872.jpg","contentUrl":"https:\/\/europeum.pl\/wp-content\/uploads\/sites\/68\/2025\/03\/934cc48d-b017-4494-aa63-2991157d8212-e1741786653872.jpg","width":735,"height":400},{"@type":"BreadcrumbList","@id":"https:\/\/europeum.pl\/de\/angebote\/angebot-fuer-familien-mit-kindern\/#breadcrumb","itemListElement":[{"@type":"ListItem","position":1,"name":"Home","item":"https:\/\/europeum.pl\/de\/"},{"@type":"ListItem","position":2,"name":"Angebote","item":"https:\/\/europeum.pl\/de\/angebote\/"},{"@type":"ListItem","position":3,"name":"Angebot f\u00fcr Familien mit Kindern"}]},{"@type":"WebSite","@id":"https:\/\/europeum.pl\/de\/#website","url":"https:\/\/europeum.pl\/de\/","name":"Europeum Hotel","description":"","publisher":{"@id":"https:\/\/europeum.pl\/de\/#organization"},"alternateName":"Europeum Hotel","potentialAction":[{"@type":"SearchAction","target":{"@type":"EntryPoint","urlTemplate":"https:\/\/europeum.pl\/de\/?s={search_term_string}"},"query-input":"required name=search_term_string"}],"inLanguage":"de-DE"},{"@type":"Organization","@id":"https:\/\/europeum.pl\/de\/#organization","name":"Europeum Hotel","alternateName":"Europeum Hotel","url":"https:\/\/europeum.pl\/de\/","logo":{"@type":"ImageObject","inLanguage":"de-DE","@id":"https:\/\/europeum.pl\/de\/#\/schema\/logo\/image\/","url":"https:\/\/europeum.pl\/wp-content\/uploads\/sites\/68\/2023\/10\/logo_europeum_short_version_grey.png","contentUrl":"https:\/\/europeum.pl\/wp-content\/uploads\/sites\/68\/2023\/10\/logo_europeum_short_version_grey.png","width":3508,"height":2480,"caption":"Europeum Hotel"},"image":{"@id":"https:\/\/europeum.pl\/de\/#\/schema\/logo\/image\/"},"sameAs":["https:\/\/www.facebook.com\/europeum","https:\/\/www.instagram.com\/europeumhotel\/"]}]}},"acf":[],"_links":{"self":[{"href":"https:\/\/europeum.pl\/de\/wp-json\/wp\/v2\/pages\/1656"}],"collection":[{"href":"https:\/\/europeum.pl\/de\/wp-json\/wp\/v2\/pages"}],"about":[{"href":"https:\/\/europeum.pl\/de\/wp-json\/wp\/v2\/types\/page"}],"author":[{"embeddable":true,"href":"https:\/\/europeum.pl\/de\/wp-json\/wp\/v2\/users\/158"}],"replies":[{"embeddable":true,"href":"https:\/\/europeum.pl\/de\/wp-json\/wp\/v2\/comments?post=1656"}],"version-history":[{"count":0,"href":"https:\/\/europeum.pl\/de\/wp-json\/wp\/v2\/pages\/1656\/revisions"}],"up":[{"embeddable":true,"href":"https:\/\/europeum.pl\/de\/wp-json\/wp\/v2\/pages\/1214"}],"wp:featuredmedia":[{"embeddable":true,"href":"https:\/\/europeum.pl\/de\/wp-json\/wp\/v2\/media\/1640"}],"wp:attachment":[{"href":"https:\/\/europeum.pl\/de\/wp-json\/wp\/v2\/media?parent=1656"}],"curies":[{"name":"wp","href":"https:\/\/api.w.org\/{rel}","templated":true}]}}