{"id":1665,"date":"2025-03-12T14:40:41","date_gmt":"2025-03-12T13:40:41","guid":{"rendered":"https:\/\/europeum.pl\/angebote\/oferta-standardowa\/"},"modified":"2025-03-13T14:47:43","modified_gmt":"2025-03-13T13:47:43","slug":"oferta-standardowa","status":"publish","type":"page","link":"https:\/\/europeum.pl\/de\/angebote\/oferta-standardowa\/","title":{"rendered":"Standardangebot"},"content":{"rendered":"<p>Flexibles Angebot mit kostenloser Stornierung. Auf dem Weg nach Wroc\u0142aw? Ein Hotel im Herzen des Stadtzentrums ist der ideale Ausgangspunkt sowohl f\u00fcr Sightseeing als auch f\u00fcr Gesch\u00e4ftsreisende. Wir stellen uns auf Sie und Ihre Pl\u00e4ne ein.<\/p>\n<p>Zus\u00e4tzlich im Angebot:<\/p>\n<ul>\n<li>Freier Zugang zur finnischen Sauna und zum Fitnessbereich<\/li>\n<li>Kostenloser Fahrradverleih<\/li>\n<li>Breitband-Internetzugang im gesamten Geb\u00e4ude<\/li>\n<\/ul>\n<h2>Verf\u00fcgbar ab 260 PLN<\/h2>\n","protected":false},"excerpt":{"rendered":"<p>Flexibles Angebot mit kostenloser Stornierung. Auf dem Weg nach Wroc\u0142aw? Ein Hotel im Herzen des Stadtzentrums ist der ideale Ausgangspunkt sowohl f\u00fcr Sightseeing als auch f\u00fcr Gesch\u00e4ftsreisende. Wir stellen uns auf Sie und Ihre Pl\u00e4ne ein. Zus\u00e4tzlich im Angebot: Freier Zugang zur finnischen Sauna und zum Fitnessbereich Kostenloser Fahrradverleih Breitband-Internetzugang im gesamten Geb\u00e4ude Verf\u00fcgbar ab [&hellip;]<\/p>\n","protected":false},"author":199,"featured_media":1642,"parent":1214,"menu_order":57,"comment_status":"closed","ping_status":"closed","template":"template-default-2.php","meta":{"footnotes":""},"yoast_head":"<!-- This site is optimized with the Yoast SEO plugin v22.3 - https:\/\/yoast.com\/wordpress\/plugins\/seo\/ -->\n<title>Standardangebot &#8211; Europeum Hotel<\/title>\n<meta name=\"description\" content=\"Flexibles Angebot mit kostenloser Stornierung. Auf dem Weg nach Wroc\u0142aw? Ein Hotel im Herzen des Stadtzentrums ist der ideale Ausgangspunkt sowohl f\u00fcr Sightseeing als auch f\u00fcr Gesch\u00e4ftsreisende\" \/>\n<meta name=\"robots\" content=\"index, follow, max-snippet:-1, max-image-preview:large, max-video-preview:-1\" \/>\n<link rel=\"canonical\" href=\"https:\/\/europeum.pl\/de\/angebote\/oferta-standardowa\/\" \/>\n<meta property=\"og:locale\" content=\"de_DE\" \/>\n<meta property=\"og:type\" content=\"article\" \/>\n<meta property=\"og:title\" content=\"Standardangebot &#8211; Europeum Hotel\" \/>\n<meta property=\"og:description\" content=\"Flexibles Angebot mit kostenloser Stornierung. Auf dem Weg nach Wroc\u0142aw? Ein Hotel im Herzen des Stadtzentrums ist der ideale Ausgangspunkt sowohl f\u00fcr Sightseeing als auch f\u00fcr Gesch\u00e4ftsreisende\" \/>\n<meta property=\"og:url\" content=\"https:\/\/europeum.pl\/de\/angebote\/oferta-standardowa\/\" \/>\n<meta property=\"og:site_name\" content=\"Europeum Hotel\" \/>\n<meta property=\"article:publisher\" content=\"https:\/\/www.facebook.com\/europeum\" \/>\n<meta property=\"article:modified_time\" content=\"2025-03-13T13:47:43+00:00\" \/>\n<meta property=\"og:image\" content=\"https:\/\/europeum.pl\/wp-content\/uploads\/sites\/68\/2025\/03\/e1215c9e-c41b-4f6f-99fa-d783bd1414d4.jpg\" \/>\n\t<meta property=\"og:image:width\" content=\"735\" \/>\n\t<meta property=\"og:image:height\" content=\"400\" \/>\n\t<meta property=\"og:image:type\" content=\"image\/jpeg\" \/>\n<meta name=\"twitter:card\" content=\"summary_large_image\" \/>\n<meta name=\"twitter:label1\" content=\"Gesch\u00e4tzte Lesezeit\" \/>\n\t<meta name=\"twitter:data1\" content=\"1 Minute\" \/>\n<script type=\"application\/ld+json\" class=\"yoast-schema-graph\">{\"@context\":\"https:\/\/schema.org\",\"@graph\":[{\"@type\":\"WebPage\",\"@id\":\"https:\/\/europeum.pl\/de\/angebote\/oferta-standardowa\/\",\"url\":\"https:\/\/europeum.pl\/de\/angebote\/oferta-standardowa\/\",\"name\":\"Standardangebot &#8211; Europeum Hotel\",\"isPartOf\":{\"@id\":\"https:\/\/europeum.pl\/de\/#website\"},\"primaryImageOfPage\":{\"@id\":\"https:\/\/europeum.pl\/de\/angebote\/oferta-standardowa\/#primaryimage\"},\"image\":{\"@id\":\"https:\/\/europeum.pl\/de\/angebote\/oferta-standardowa\/#primaryimage\"},\"thumbnailUrl\":\"https:\/\/europeum.pl\/wp-content\/uploads\/sites\/68\/2025\/03\/e1215c9e-c41b-4f6f-99fa-d783bd1414d4.jpg\",\"datePublished\":\"2025-03-12T13:40:41+00:00\",\"dateModified\":\"2025-03-13T13:47:43+00:00\",\"description\":\"Flexibles Angebot mit kostenloser Stornierung. Auf dem Weg nach Wroc\u0142aw? Ein Hotel im Herzen des Stadtzentrums ist der ideale Ausgangspunkt sowohl f\u00fcr Sightseeing als auch f\u00fcr Gesch\u00e4ftsreisende\",\"breadcrumb\":{\"@id\":\"https:\/\/europeum.pl\/de\/angebote\/oferta-standardowa\/#breadcrumb\"},\"inLanguage\":\"de-DE\",\"potentialAction\":[{\"@type\":\"ReadAction\",\"target\":[\"https:\/\/europeum.pl\/de\/angebote\/oferta-standardowa\/\"]}]},{\"@type\":\"ImageObject\",\"inLanguage\":\"de-DE\",\"@id\":\"https:\/\/europeum.pl\/de\/angebote\/oferta-standardowa\/#primaryimage\",\"url\":\"https:\/\/europeum.pl\/wp-content\/uploads\/sites\/68\/2025\/03\/e1215c9e-c41b-4f6f-99fa-d783bd1414d4.jpg\",\"contentUrl\":\"https:\/\/europeum.pl\/wp-content\/uploads\/sites\/68\/2025\/03\/e1215c9e-c41b-4f6f-99fa-d783bd1414d4.jpg\",\"width\":735,\"height\":400},{\"@type\":\"BreadcrumbList\",\"@id\":\"https:\/\/europeum.pl\/de\/angebote\/oferta-standardowa\/#breadcrumb\",\"itemListElement\":[{\"@type\":\"ListItem\",\"position\":1,\"name\":\"Home\",\"item\":\"https:\/\/europeum.pl\/de\/\"},{\"@type\":\"ListItem\",\"position\":2,\"name\":\"Angebote\",\"item\":\"https:\/\/europeum.pl\/de\/angebote\/\"},{\"@type\":\"ListItem\",\"position\":3,\"name\":\"Standardangebot\"}]},{\"@type\":\"WebSite\",\"@id\":\"https:\/\/europeum.pl\/de\/#website\",\"url\":\"https:\/\/europeum.pl\/de\/\",\"name\":\"Europeum Hotel\",\"description\":\"\",\"publisher\":{\"@id\":\"https:\/\/europeum.pl\/de\/#organization\"},\"alternateName\":\"Europeum Hotel\",\"potentialAction\":[{\"@type\":\"SearchAction\",\"target\":{\"@type\":\"EntryPoint\",\"urlTemplate\":\"https:\/\/europeum.pl\/de\/?s={search_term_string}\"},\"query-input\":\"required name=search_term_string\"}],\"inLanguage\":\"de-DE\"},{\"@type\":\"Organization\",\"@id\":\"https:\/\/europeum.pl\/de\/#organization\",\"name\":\"Europeum Hotel\",\"alternateName\":\"Europeum Hotel\",\"url\":\"https:\/\/europeum.pl\/de\/\",\"logo\":{\"@type\":\"ImageObject\",\"inLanguage\":\"de-DE\",\"@id\":\"https:\/\/europeum.pl\/de\/#\/schema\/logo\/image\/\",\"url\":\"https:\/\/europeum.pl\/wp-content\/uploads\/sites\/68\/2023\/10\/logo_europeum_short_version_grey.png\",\"contentUrl\":\"https:\/\/europeum.pl\/wp-content\/uploads\/sites\/68\/2023\/10\/logo_europeum_short_version_grey.png\",\"width\":3508,\"height\":2480,\"caption\":\"Europeum Hotel\"},\"image\":{\"@id\":\"https:\/\/europeum.pl\/de\/#\/schema\/logo\/image\/\"},\"sameAs\":[\"https:\/\/www.facebook.com\/europeum\",\"https:\/\/www.instagram.com\/europeumhotel\/\"]}]}<\/script>\n<!-- \/ Yoast SEO plugin. -->","yoast_head_json":{"title":"Standardangebot &#8211; Europeum Hotel","description":"Flexibles Angebot mit kostenloser Stornierung. Auf dem Weg nach Wroc\u0142aw? Ein Hotel im Herzen des Stadtzentrums ist der ideale Ausgangspunkt sowohl f\u00fcr Sightseeing als auch f\u00fcr Gesch\u00e4ftsreisende","robots":{"index":"index","follow":"follow","max-snippet":"max-snippet:-1","max-image-preview":"max-image-preview:large","max-video-preview":"max-video-preview:-1"},"canonical":"https:\/\/europeum.pl\/de\/angebote\/oferta-standardowa\/","og_locale":"de_DE","og_type":"article","og_title":"Standardangebot &#8211; Europeum Hotel","og_description":"Flexibles Angebot mit kostenloser Stornierung. Auf dem Weg nach Wroc\u0142aw? Ein Hotel im Herzen des Stadtzentrums ist der ideale Ausgangspunkt sowohl f\u00fcr Sightseeing als auch f\u00fcr Gesch\u00e4ftsreisende","og_url":"https:\/\/europeum.pl\/de\/angebote\/oferta-standardowa\/","og_site_name":"Europeum Hotel","article_publisher":"https:\/\/www.facebook.com\/europeum","article_modified_time":"2025-03-13T13:47:43+00:00","og_image":[{"width":735,"height":400,"url":"https:\/\/europeum.pl\/wp-content\/uploads\/sites\/68\/2025\/03\/e1215c9e-c41b-4f6f-99fa-d783bd1414d4.jpg","type":"image\/jpeg"}],"twitter_card":"summary_large_image","twitter_misc":{"Gesch\u00e4tzte Lesezeit":"1 Minute"},"schema":{"@context":"https:\/\/schema.org","@graph":[{"@type":"WebPage","@id":"https:\/\/europeum.pl\/de\/angebote\/oferta-standardowa\/","url":"https:\/\/europeum.pl\/de\/angebote\/oferta-standardowa\/","name":"Standardangebot &#8211; Europeum Hotel","isPartOf":{"@id":"https:\/\/europeum.pl\/de\/#website"},"primaryImageOfPage":{"@id":"https:\/\/europeum.pl\/de\/angebote\/oferta-standardowa\/#primaryimage"},"image":{"@id":"https:\/\/europeum.pl\/de\/angebote\/oferta-standardowa\/#primaryimage"},"thumbnailUrl":"https:\/\/europeum.pl\/wp-content\/uploads\/sites\/68\/2025\/03\/e1215c9e-c41b-4f6f-99fa-d783bd1414d4.jpg","datePublished":"2025-03-12T13:40:41+00:00","dateModified":"2025-03-13T13:47:43+00:00","description":"Flexibles Angebot mit kostenloser Stornierung. Auf dem Weg nach Wroc\u0142aw? Ein Hotel im Herzen des Stadtzentrums ist der ideale Ausgangspunkt sowohl f\u00fcr Sightseeing als auch f\u00fcr Gesch\u00e4ftsreisende","breadcrumb":{"@id":"https:\/\/europeum.pl\/de\/angebote\/oferta-standardowa\/#breadcrumb"},"inLanguage":"de-DE","potentialAction":[{"@type":"ReadAction","target":["https:\/\/europeum.pl\/de\/angebote\/oferta-standardowa\/"]}]},{"@type":"ImageObject","inLanguage":"de-DE","@id":"https:\/\/europeum.pl\/de\/angebote\/oferta-standardowa\/#primaryimage","url":"https:\/\/europeum.pl\/wp-content\/uploads\/sites\/68\/2025\/03\/e1215c9e-c41b-4f6f-99fa-d783bd1414d4.jpg","contentUrl":"https:\/\/europeum.pl\/wp-content\/uploads\/sites\/68\/2025\/03\/e1215c9e-c41b-4f6f-99fa-d783bd1414d4.jpg","width":735,"height":400},{"@type":"BreadcrumbList","@id":"https:\/\/europeum.pl\/de\/angebote\/oferta-standardowa\/#breadcrumb","itemListElement":[{"@type":"ListItem","position":1,"name":"Home","item":"https:\/\/europeum.pl\/de\/"},{"@type":"ListItem","position":2,"name":"Angebote","item":"https:\/\/europeum.pl\/de\/angebote\/"},{"@type":"ListItem","position":3,"name":"Standardangebot"}]},{"@type":"WebSite","@id":"https:\/\/europeum.pl\/de\/#website","url":"https:\/\/europeum.pl\/de\/","name":"Europeum Hotel","description":"","publisher":{"@id":"https:\/\/europeum.pl\/de\/#organization"},"alternateName":"Europeum Hotel","potentialAction":[{"@type":"SearchAction","target":{"@type":"EntryPoint","urlTemplate":"https:\/\/europeum.pl\/de\/?s={search_term_string}"},"query-input":"required name=search_term_string"}],"inLanguage":"de-DE"},{"@type":"Organization","@id":"https:\/\/europeum.pl\/de\/#organization","name":"Europeum Hotel","alternateName":"Europeum Hotel","url":"https:\/\/europeum.pl\/de\/","logo":{"@type":"ImageObject","inLanguage":"de-DE","@id":"https:\/\/europeum.pl\/de\/#\/schema\/logo\/image\/","url":"https:\/\/europeum.pl\/wp-content\/uploads\/sites\/68\/2023\/10\/logo_europeum_short_version_grey.png","contentUrl":"https:\/\/europeum.pl\/wp-content\/uploads\/sites\/68\/2023\/10\/logo_europeum_short_version_grey.png","width":3508,"height":2480,"caption":"Europeum Hotel"},"image":{"@id":"https:\/\/europeum.pl\/de\/#\/schema\/logo\/image\/"},"sameAs":["https:\/\/www.facebook.com\/europeum","https:\/\/www.instagram.com\/europeumhotel\/"]}]}},"acf":[],"_links":{"self":[{"href":"https:\/\/europeum.pl\/de\/wp-json\/wp\/v2\/pages\/1665"}],"collection":[{"href":"https:\/\/europeum.pl\/de\/wp-json\/wp\/v2\/pages"}],"about":[{"href":"https:\/\/europeum.pl\/de\/wp-json\/wp\/v2\/types\/page"}],"author":[{"embeddable":true,"href":"https:\/\/europeum.pl\/de\/wp-json\/wp\/v2\/users\/199"}],"replies":[{"embeddable":true,"href":"https:\/\/europeum.pl\/de\/wp-json\/wp\/v2\/comments?post=1665"}],"version-history":[{"count":0,"href":"https:\/\/europeum.pl\/de\/wp-json\/wp\/v2\/pages\/1665\/revisions"}],"up":[{"embeddable":true,"href":"https:\/\/europeum.pl\/de\/wp-json\/wp\/v2\/pages\/1214"}],"wp:featuredmedia":[{"embeddable":true,"href":"https:\/\/europeum.pl\/de\/wp-json\/wp\/v2\/media\/1642"}],"wp:attachment":[{"href":"https:\/\/europeum.pl\/de\/wp-json\/wp\/v2\/media?parent=1665"}],"curies":[{"name":"wp","href":"https:\/\/api.w.org\/{rel}","templated":true}]}}