{"id":1691,"date":"2025-03-12T14:50:55","date_gmt":"2025-03-12T13:50:55","guid":{"rendered":"https:\/\/europeum.pl\/angebote\/oferta-business-time-ze-sniadaniem\/"},"modified":"2025-03-13T14:56:29","modified_gmt":"2025-03-13T13:56:29","slug":"oferta-business-time-ze-sniadaniem","status":"publish","type":"page","link":"https:\/\/europeum.pl\/de\/angebote\/oferta-business-time-ze-sniadaniem\/","title":{"rendered":"Business Time Angebot mit Fr\u00fchst\u00fcck"},"content":{"rendered":"<p>Ein Angebot, das speziell f\u00fcr vielbesch\u00e4ftigte Menschen entwickelt wurde! Wenn Sie von Sonntag bis Freitag* gesch\u00e4ftlich unterwegs sind, k\u00f6nnen Sie unabh\u00e4ngig von der Dauer Ihres Aufenthalts das Business Time-Paket in Anspruch nehmen, das Ihnen sicher gefallen wird. F\u00fcr einen guten Start bieten wir Ihnen 13 % Rabatt auf die \u00dcbernachtung. Das Angebot beinhaltet ein leckeres Fr\u00fchst\u00fcck, das Sie mit ins B\u00fcro nehmen k\u00f6nnen. Nach einem anstrengenden Arbeitstag k\u00f6nnen Sie sich in unserem Fitnessbereich entspannen oder in der finnischen Sauna die Seele baumeln lassen.<\/p>\n<p>Zus\u00e4tzlich im Angebot:<\/p>\n<ul>\n<li>M\u00f6glichkeit, kostenlos Fahrr\u00e4der zu mieten<\/li>\n<li>Breitband-Internet im gesamten Haus<\/li>\n<\/ul>\n<p>Zus\u00e4tzliche Dienstleistungen:<\/p>\n<ul>\n<li>M\u00f6glichkeit zur Nutzung des Konferenzraums**.<\/li>\n<li>M\u00f6glichkeit der Nutzung des Parkplatzes***<\/li>\n<li>W\u00e4sche- und B\u00fcgelservice***<\/li>\n<li>Fr\u00fches Einchecken m\u00f6glich** ***<\/li>\n<li>M\u00f6glichkeit zum sp\u00e4ten Check-out**<\/li>\n<\/ul>\n<p>*Freitag\/Samstag und Samstag\/Sonntag Buchungen unterliegen nicht der Promotion<br \/>\n**Dienstleistungen je nach Verf\u00fcgbarkeit verf\u00fcgbar<br \/>\n***Dienstleistungen gegen Aufpreis<\/p>\n<h2>Verf\u00fcgbar ab 346 PLN<\/h2>\n","protected":false},"excerpt":{"rendered":"<p>Ein Angebot, das speziell f\u00fcr vielbesch\u00e4ftigte Menschen entwickelt wurde! Wenn Sie von Sonntag bis Freitag* gesch\u00e4ftlich unterwegs sind, k\u00f6nnen Sie unabh\u00e4ngig von der Dauer Ihres Aufenthalts das Business Time-Paket in Anspruch nehmen, das Ihnen sicher gefallen wird. F\u00fcr einen guten Start bieten wir Ihnen 13 % Rabatt auf die \u00dcbernachtung. Das Angebot beinhaltet ein leckeres [&hellip;]<\/p>\n","protected":false},"author":199,"featured_media":1648,"parent":1214,"menu_order":60,"comment_status":"closed","ping_status":"closed","template":"template-default-2.php","meta":{"footnotes":""},"yoast_head":"<!-- This site is optimized with the Yoast SEO plugin v22.3 - https:\/\/yoast.com\/wordpress\/plugins\/seo\/ -->\n<title>Business Time Angebot mit Fr\u00fchst\u00fcck &#8211; Europeum Hotel<\/title>\n<meta name=\"description\" content=\"Ein Angebot, das speziell f\u00fcr vielbesch\u00e4ftigte Menschen entwickelt wurde! Wenn Sie von Sonntag bis Freitag* gesch\u00e4ftlich unterwegs sind, k\u00f6nnen Sie unabh\u00e4ngig von der Dauer Ihres Aufenthalts das Business Time-Paket in Anspruch nehmen, das Ihnen sicher gefallen wird. F\u00fcr einen guten Start bieten wir Ihnen 13 % Rabatt auf die \u00dcbernachtung\" \/>\n<meta name=\"robots\" content=\"index, follow, max-snippet:-1, max-image-preview:large, max-video-preview:-1\" \/>\n<link rel=\"canonical\" href=\"https:\/\/europeum.pl\/de\/angebote\/oferta-business-time-ze-sniadaniem\/\" \/>\n<meta property=\"og:locale\" content=\"de_DE\" \/>\n<meta property=\"og:type\" content=\"article\" \/>\n<meta property=\"og:title\" content=\"Business Time Angebot mit Fr\u00fchst\u00fcck &#8211; Europeum Hotel\" \/>\n<meta property=\"og:description\" content=\"Ein Angebot, das speziell f\u00fcr vielbesch\u00e4ftigte Menschen entwickelt wurde! Wenn Sie von Sonntag bis Freitag* gesch\u00e4ftlich unterwegs sind, k\u00f6nnen Sie unabh\u00e4ngig von der Dauer Ihres Aufenthalts das Business Time-Paket in Anspruch nehmen, das Ihnen sicher gefallen wird. F\u00fcr einen guten Start bieten wir Ihnen 13 % Rabatt auf die \u00dcbernachtung\" \/>\n<meta property=\"og:url\" content=\"https:\/\/europeum.pl\/de\/angebote\/oferta-business-time-ze-sniadaniem\/\" \/>\n<meta property=\"og:site_name\" content=\"Europeum Hotel\" \/>\n<meta property=\"article:publisher\" content=\"https:\/\/www.facebook.com\/europeum\" \/>\n<meta property=\"article:modified_time\" content=\"2025-03-13T13:56:29+00:00\" \/>\n<meta property=\"og:image\" content=\"https:\/\/europeum.pl\/wp-content\/uploads\/sites\/68\/2025\/03\/5569355c-5d60-47e7-bee7-ea29af3829ce.jpg\" \/>\n\t<meta property=\"og:image:width\" content=\"735\" \/>\n\t<meta property=\"og:image:height\" content=\"400\" \/>\n\t<meta property=\"og:image:type\" content=\"image\/jpeg\" \/>\n<meta name=\"twitter:card\" content=\"summary_large_image\" \/>\n<meta name=\"twitter:label1\" content=\"Gesch\u00e4tzte Lesezeit\" \/>\n\t<meta name=\"twitter:data1\" content=\"1 Minute\" \/>\n<script type=\"application\/ld+json\" class=\"yoast-schema-graph\">{\"@context\":\"https:\/\/schema.org\",\"@graph\":[{\"@type\":\"WebPage\",\"@id\":\"https:\/\/europeum.pl\/de\/angebote\/oferta-business-time-ze-sniadaniem\/\",\"url\":\"https:\/\/europeum.pl\/de\/angebote\/oferta-business-time-ze-sniadaniem\/\",\"name\":\"Business Time Angebot mit Fr\u00fchst\u00fcck &#8211; Europeum Hotel\",\"isPartOf\":{\"@id\":\"https:\/\/europeum.pl\/de\/#website\"},\"primaryImageOfPage\":{\"@id\":\"https:\/\/europeum.pl\/de\/angebote\/oferta-business-time-ze-sniadaniem\/#primaryimage\"},\"image\":{\"@id\":\"https:\/\/europeum.pl\/de\/angebote\/oferta-business-time-ze-sniadaniem\/#primaryimage\"},\"thumbnailUrl\":\"https:\/\/europeum.pl\/wp-content\/uploads\/sites\/68\/2025\/03\/5569355c-5d60-47e7-bee7-ea29af3829ce.jpg\",\"datePublished\":\"2025-03-12T13:50:55+00:00\",\"dateModified\":\"2025-03-13T13:56:29+00:00\",\"description\":\"Ein Angebot, das speziell f\u00fcr vielbesch\u00e4ftigte Menschen entwickelt wurde! Wenn Sie von Sonntag bis Freitag* gesch\u00e4ftlich unterwegs sind, k\u00f6nnen Sie unabh\u00e4ngig von der Dauer Ihres Aufenthalts das Business Time-Paket in Anspruch nehmen, das Ihnen sicher gefallen wird. F\u00fcr einen guten Start bieten wir Ihnen 13 % Rabatt auf die \u00dcbernachtung\",\"breadcrumb\":{\"@id\":\"https:\/\/europeum.pl\/de\/angebote\/oferta-business-time-ze-sniadaniem\/#breadcrumb\"},\"inLanguage\":\"de-DE\",\"potentialAction\":[{\"@type\":\"ReadAction\",\"target\":[\"https:\/\/europeum.pl\/de\/angebote\/oferta-business-time-ze-sniadaniem\/\"]}]},{\"@type\":\"ImageObject\",\"inLanguage\":\"de-DE\",\"@id\":\"https:\/\/europeum.pl\/de\/angebote\/oferta-business-time-ze-sniadaniem\/#primaryimage\",\"url\":\"https:\/\/europeum.pl\/wp-content\/uploads\/sites\/68\/2025\/03\/5569355c-5d60-47e7-bee7-ea29af3829ce.jpg\",\"contentUrl\":\"https:\/\/europeum.pl\/wp-content\/uploads\/sites\/68\/2025\/03\/5569355c-5d60-47e7-bee7-ea29af3829ce.jpg\",\"width\":735,\"height\":400},{\"@type\":\"BreadcrumbList\",\"@id\":\"https:\/\/europeum.pl\/de\/angebote\/oferta-business-time-ze-sniadaniem\/#breadcrumb\",\"itemListElement\":[{\"@type\":\"ListItem\",\"position\":1,\"name\":\"Home\",\"item\":\"https:\/\/europeum.pl\/de\/\"},{\"@type\":\"ListItem\",\"position\":2,\"name\":\"Angebote\",\"item\":\"https:\/\/europeum.pl\/de\/angebote\/\"},{\"@type\":\"ListItem\",\"position\":3,\"name\":\"Business Time Angebot mit Fr\u00fchst\u00fcck\"}]},{\"@type\":\"WebSite\",\"@id\":\"https:\/\/europeum.pl\/de\/#website\",\"url\":\"https:\/\/europeum.pl\/de\/\",\"name\":\"Europeum Hotel\",\"description\":\"\",\"publisher\":{\"@id\":\"https:\/\/europeum.pl\/de\/#organization\"},\"alternateName\":\"Europeum Hotel\",\"potentialAction\":[{\"@type\":\"SearchAction\",\"target\":{\"@type\":\"EntryPoint\",\"urlTemplate\":\"https:\/\/europeum.pl\/de\/?s={search_term_string}\"},\"query-input\":\"required name=search_term_string\"}],\"inLanguage\":\"de-DE\"},{\"@type\":\"Organization\",\"@id\":\"https:\/\/europeum.pl\/de\/#organization\",\"name\":\"Europeum Hotel\",\"alternateName\":\"Europeum Hotel\",\"url\":\"https:\/\/europeum.pl\/de\/\",\"logo\":{\"@type\":\"ImageObject\",\"inLanguage\":\"de-DE\",\"@id\":\"https:\/\/europeum.pl\/de\/#\/schema\/logo\/image\/\",\"url\":\"https:\/\/europeum.pl\/wp-content\/uploads\/sites\/68\/2023\/10\/logo_europeum_short_version_grey.png\",\"contentUrl\":\"https:\/\/europeum.pl\/wp-content\/uploads\/sites\/68\/2023\/10\/logo_europeum_short_version_grey.png\",\"width\":3508,\"height\":2480,\"caption\":\"Europeum Hotel\"},\"image\":{\"@id\":\"https:\/\/europeum.pl\/de\/#\/schema\/logo\/image\/\"},\"sameAs\":[\"https:\/\/www.facebook.com\/europeum\",\"https:\/\/www.instagram.com\/europeumhotel\/\"]}]}<\/script>\n<!-- \/ Yoast SEO plugin. -->","yoast_head_json":{"title":"Business Time Angebot mit Fr\u00fchst\u00fcck &#8211; Europeum Hotel","description":"Ein Angebot, das speziell f\u00fcr vielbesch\u00e4ftigte Menschen entwickelt wurde! Wenn Sie von Sonntag bis Freitag* gesch\u00e4ftlich unterwegs sind, k\u00f6nnen Sie unabh\u00e4ngig von der Dauer Ihres Aufenthalts das Business Time-Paket in Anspruch nehmen, das Ihnen sicher gefallen wird. F\u00fcr einen guten Start bieten wir Ihnen 13 % Rabatt auf die \u00dcbernachtung","robots":{"index":"index","follow":"follow","max-snippet":"max-snippet:-1","max-image-preview":"max-image-preview:large","max-video-preview":"max-video-preview:-1"},"canonical":"https:\/\/europeum.pl\/de\/angebote\/oferta-business-time-ze-sniadaniem\/","og_locale":"de_DE","og_type":"article","og_title":"Business Time Angebot mit Fr\u00fchst\u00fcck &#8211; Europeum Hotel","og_description":"Ein Angebot, das speziell f\u00fcr vielbesch\u00e4ftigte Menschen entwickelt wurde! Wenn Sie von Sonntag bis Freitag* gesch\u00e4ftlich unterwegs sind, k\u00f6nnen Sie unabh\u00e4ngig von der Dauer Ihres Aufenthalts das Business Time-Paket in Anspruch nehmen, das Ihnen sicher gefallen wird. F\u00fcr einen guten Start bieten wir Ihnen 13 % Rabatt auf die \u00dcbernachtung","og_url":"https:\/\/europeum.pl\/de\/angebote\/oferta-business-time-ze-sniadaniem\/","og_site_name":"Europeum Hotel","article_publisher":"https:\/\/www.facebook.com\/europeum","article_modified_time":"2025-03-13T13:56:29+00:00","og_image":[{"width":735,"height":400,"url":"https:\/\/europeum.pl\/wp-content\/uploads\/sites\/68\/2025\/03\/5569355c-5d60-47e7-bee7-ea29af3829ce.jpg","type":"image\/jpeg"}],"twitter_card":"summary_large_image","twitter_misc":{"Gesch\u00e4tzte Lesezeit":"1 Minute"},"schema":{"@context":"https:\/\/schema.org","@graph":[{"@type":"WebPage","@id":"https:\/\/europeum.pl\/de\/angebote\/oferta-business-time-ze-sniadaniem\/","url":"https:\/\/europeum.pl\/de\/angebote\/oferta-business-time-ze-sniadaniem\/","name":"Business Time Angebot mit Fr\u00fchst\u00fcck &#8211; Europeum Hotel","isPartOf":{"@id":"https:\/\/europeum.pl\/de\/#website"},"primaryImageOfPage":{"@id":"https:\/\/europeum.pl\/de\/angebote\/oferta-business-time-ze-sniadaniem\/#primaryimage"},"image":{"@id":"https:\/\/europeum.pl\/de\/angebote\/oferta-business-time-ze-sniadaniem\/#primaryimage"},"thumbnailUrl":"https:\/\/europeum.pl\/wp-content\/uploads\/sites\/68\/2025\/03\/5569355c-5d60-47e7-bee7-ea29af3829ce.jpg","datePublished":"2025-03-12T13:50:55+00:00","dateModified":"2025-03-13T13:56:29+00:00","description":"Ein Angebot, das speziell f\u00fcr vielbesch\u00e4ftigte Menschen entwickelt wurde! Wenn Sie von Sonntag bis Freitag* gesch\u00e4ftlich unterwegs sind, k\u00f6nnen Sie unabh\u00e4ngig von der Dauer Ihres Aufenthalts das Business Time-Paket in Anspruch nehmen, das Ihnen sicher gefallen wird. F\u00fcr einen guten Start bieten wir Ihnen 13 % Rabatt auf die \u00dcbernachtung","breadcrumb":{"@id":"https:\/\/europeum.pl\/de\/angebote\/oferta-business-time-ze-sniadaniem\/#breadcrumb"},"inLanguage":"de-DE","potentialAction":[{"@type":"ReadAction","target":["https:\/\/europeum.pl\/de\/angebote\/oferta-business-time-ze-sniadaniem\/"]}]},{"@type":"ImageObject","inLanguage":"de-DE","@id":"https:\/\/europeum.pl\/de\/angebote\/oferta-business-time-ze-sniadaniem\/#primaryimage","url":"https:\/\/europeum.pl\/wp-content\/uploads\/sites\/68\/2025\/03\/5569355c-5d60-47e7-bee7-ea29af3829ce.jpg","contentUrl":"https:\/\/europeum.pl\/wp-content\/uploads\/sites\/68\/2025\/03\/5569355c-5d60-47e7-bee7-ea29af3829ce.jpg","width":735,"height":400},{"@type":"BreadcrumbList","@id":"https:\/\/europeum.pl\/de\/angebote\/oferta-business-time-ze-sniadaniem\/#breadcrumb","itemListElement":[{"@type":"ListItem","position":1,"name":"Home","item":"https:\/\/europeum.pl\/de\/"},{"@type":"ListItem","position":2,"name":"Angebote","item":"https:\/\/europeum.pl\/de\/angebote\/"},{"@type":"ListItem","position":3,"name":"Business Time Angebot mit Fr\u00fchst\u00fcck"}]},{"@type":"WebSite","@id":"https:\/\/europeum.pl\/de\/#website","url":"https:\/\/europeum.pl\/de\/","name":"Europeum Hotel","description":"","publisher":{"@id":"https:\/\/europeum.pl\/de\/#organization"},"alternateName":"Europeum Hotel","potentialAction":[{"@type":"SearchAction","target":{"@type":"EntryPoint","urlTemplate":"https:\/\/europeum.pl\/de\/?s={search_term_string}"},"query-input":"required name=search_term_string"}],"inLanguage":"de-DE"},{"@type":"Organization","@id":"https:\/\/europeum.pl\/de\/#organization","name":"Europeum Hotel","alternateName":"Europeum Hotel","url":"https:\/\/europeum.pl\/de\/","logo":{"@type":"ImageObject","inLanguage":"de-DE","@id":"https:\/\/europeum.pl\/de\/#\/schema\/logo\/image\/","url":"https:\/\/europeum.pl\/wp-content\/uploads\/sites\/68\/2023\/10\/logo_europeum_short_version_grey.png","contentUrl":"https:\/\/europeum.pl\/wp-content\/uploads\/sites\/68\/2023\/10\/logo_europeum_short_version_grey.png","width":3508,"height":2480,"caption":"Europeum Hotel"},"image":{"@id":"https:\/\/europeum.pl\/de\/#\/schema\/logo\/image\/"},"sameAs":["https:\/\/www.facebook.com\/europeum","https:\/\/www.instagram.com\/europeumhotel\/"]}]}},"acf":[],"_links":{"self":[{"href":"https:\/\/europeum.pl\/de\/wp-json\/wp\/v2\/pages\/1691"}],"collection":[{"href":"https:\/\/europeum.pl\/de\/wp-json\/wp\/v2\/pages"}],"about":[{"href":"https:\/\/europeum.pl\/de\/wp-json\/wp\/v2\/types\/page"}],"author":[{"embeddable":true,"href":"https:\/\/europeum.pl\/de\/wp-json\/wp\/v2\/users\/199"}],"replies":[{"embeddable":true,"href":"https:\/\/europeum.pl\/de\/wp-json\/wp\/v2\/comments?post=1691"}],"version-history":[{"count":0,"href":"https:\/\/europeum.pl\/de\/wp-json\/wp\/v2\/pages\/1691\/revisions"}],"up":[{"embeddable":true,"href":"https:\/\/europeum.pl\/de\/wp-json\/wp\/v2\/pages\/1214"}],"wp:featuredmedia":[{"embeddable":true,"href":"https:\/\/europeum.pl\/de\/wp-json\/wp\/v2\/media\/1648"}],"wp:attachment":[{"href":"https:\/\/europeum.pl\/de\/wp-json\/wp\/v2\/media?parent=1691"}],"curies":[{"name":"wp","href":"https:\/\/api.w.org\/{rel}","templated":true}]}}