{"id":111,"date":"2023-10-09T15:25:02","date_gmt":"2023-10-09T13:25:02","guid":{"rendered":"https:\/\/europeum-hotel.ms2.decms.eu\/?page_id=111"},"modified":"2024-09-04T15:30:28","modified_gmt":"2024-09-04T13:30:28","slug":"classic-single-room","status":"publish","type":"page","link":"https:\/\/europeum.pl\/en\/rooms\/classic-single-room\/","title":{"rendered":"Classic Single Room"},"content":{"rendered":"<p>Experience a comfortable stay in a cozy single room with a picturesque view of the magnificent Wroclaw University Library.<\/p>\n<p>The room is designed to provide you with a modern and comfortable space for your travels. The large soundproof windows do not open, but they allow plenty of natural light to enter the room.<\/p>\n<p>The amenities in the room include a large flat-screen TV with access to numerous channels, coffee-making facilities, an en-suite bathroom with shower, a wardrobe, and spacious storage. Additionally, you can enjoy a fast and reliable Wi-Fi connection and individually adjustable air conditioning.<\/p>\n","protected":false},"excerpt":{"rendered":"<p>Experience a comfortable stay in a cozy single room with a picturesque view of the magnificent Wroclaw University Library. The room is designed to provide you with a modern and comfortable space for your travels. The large soundproof windows do not open, but they allow plenty of natural light to enter the room. The amenities [&hellip;]<\/p>\n","protected":false},"author":12,"featured_media":761,"parent":110,"menu_order":17,"comment_status":"closed","ping_status":"closed","template":"template-single-room.php","meta":{"footnotes":""},"class_list":["post-111","page","type-page","status-publish","has-post-thumbnail","hentry"],"yoast_head":"<!-- This site is optimized with the Yoast SEO plugin v27.3 - https:\/\/yoast.com\/product\/yoast-seo-wordpress\/ -->\n<title>Classic Single Room &#8211; Europeum Hotel<\/title>\n<meta name=\"description\" content=\"Experience a comfortable stay in a cozy single room with a picturesque view of the magnificent Wroclaw University Library.  The room is designed to provide you with a modern and comfortable space for your travels. The large soundproof windows do not open, but they allow plenty of natural light to enter the room.  The amenities in the room include a large flat-screen TV with access to numerous channels, coffee-making facilities, an en-suite bathroom with shower, a wardrobe, and spacious storage\" \/>\n<meta name=\"robots\" content=\"index, follow, max-snippet:-1, max-image-preview:large, max-video-preview:-1\" \/>\n<link rel=\"canonical\" href=\"https:\/\/europeum.pl\/en\/rooms\/classic-single-room\/\" \/>\n<meta property=\"og:locale\" content=\"en_US\" \/>\n<meta property=\"og:type\" content=\"article\" \/>\n<meta property=\"og:title\" content=\"Classic Single Room &#8211; Europeum Hotel\" \/>\n<meta property=\"og:description\" content=\"Experience a comfortable stay in a cozy single room with a picturesque view of the magnificent Wroclaw University Library.  The room is designed to provide you with a modern and comfortable space for your travels. The large soundproof windows do not open, but they allow plenty of natural light to enter the room.  The amenities in the room include a large flat-screen TV with access to numerous channels, coffee-making facilities, an en-suite bathroom with shower, a wardrobe, and spacious storage\" \/>\n<meta property=\"og:url\" content=\"https:\/\/europeum.pl\/en\/rooms\/classic-single-room\/\" \/>\n<meta property=\"og:site_name\" content=\"Europeum Hotel\" \/>\n<meta property=\"article:publisher\" content=\"https:\/\/www.facebook.com\/europeum\" \/>\n<meta property=\"article:modified_time\" content=\"2024-09-04T13:30:28+00:00\" \/>\n<meta property=\"og:image\" content=\"https:\/\/europeum.pl\/wp-content\/uploads\/sites\/68\/2024\/03\/Single_classic_v3.jpg\" \/>\n\t<meta property=\"og:image:width\" content=\"1353\" \/>\n\t<meta property=\"og:image:height\" content=\"600\" \/>\n\t<meta property=\"og:image:type\" content=\"image\/jpeg\" \/>\n<meta name=\"twitter:card\" content=\"summary_large_image\" \/>\n<meta name=\"twitter:label1\" content=\"Est. reading time\" \/>\n\t<meta name=\"twitter:data1\" content=\"1 minute\" \/>\n<script type=\"application\/ld+json\" class=\"yoast-schema-graph\">{\"@context\":\"https:\\\/\\\/schema.org\",\"@graph\":[{\"@type\":\"WebPage\",\"@id\":\"https:\\\/\\\/europeum.pl\\\/en\\\/rooms\\\/classic-single-room\\\/\",\"url\":\"https:\\\/\\\/europeum.pl\\\/en\\\/rooms\\\/classic-single-room\\\/\",\"name\":\"Classic Single Room &#8211; Europeum Hotel\",\"isPartOf\":{\"@id\":\"https:\\\/\\\/europeum.pl\\\/en\\\/#website\"},\"primaryImageOfPage\":{\"@id\":\"https:\\\/\\\/europeum.pl\\\/en\\\/rooms\\\/classic-single-room\\\/#primaryimage\"},\"image\":{\"@id\":\"https:\\\/\\\/europeum.pl\\\/en\\\/rooms\\\/classic-single-room\\\/#primaryimage\"},\"thumbnailUrl\":\"https:\\\/\\\/europeum.pl\\\/wp-content\\\/uploads\\\/sites\\\/68\\\/2024\\\/03\\\/Single_classic_v3.jpg\",\"datePublished\":\"2023-10-09T13:25:02+00:00\",\"dateModified\":\"2024-09-04T13:30:28+00:00\",\"description\":\"Experience a comfortable stay in a cozy single room with a picturesque view of the magnificent Wroclaw University Library. The room is designed to provide you with a modern and comfortable space for your travels. The large soundproof windows do not open, but they allow plenty of natural light to enter the room. The amenities in the room include a large flat-screen TV with access to numerous channels, coffee-making facilities, an en-suite bathroom with shower, a wardrobe, and spacious storage\",\"breadcrumb\":{\"@id\":\"https:\\\/\\\/europeum.pl\\\/en\\\/rooms\\\/classic-single-room\\\/#breadcrumb\"},\"inLanguage\":\"en-US\",\"potentialAction\":[{\"@type\":\"ReadAction\",\"target\":[\"https:\\\/\\\/europeum.pl\\\/en\\\/rooms\\\/classic-single-room\\\/\"]}]},{\"@type\":\"ImageObject\",\"inLanguage\":\"en-US\",\"@id\":\"https:\\\/\\\/europeum.pl\\\/en\\\/rooms\\\/classic-single-room\\\/#primaryimage\",\"url\":\"https:\\\/\\\/europeum.pl\\\/wp-content\\\/uploads\\\/sites\\\/68\\\/2024\\\/03\\\/Single_classic_v3.jpg\",\"contentUrl\":\"https:\\\/\\\/europeum.pl\\\/wp-content\\\/uploads\\\/sites\\\/68\\\/2024\\\/03\\\/Single_classic_v3.jpg\",\"width\":1353,\"height\":600,\"caption\":\"en::single bed with a colorful bedspread and pillow, large window letting in light, and a painted artwork on the wall|de::Einzelbett mit buntem Bett\u00fcberwurf und Kissen, gro\u00dfes Fenster, das Licht hereinl\u00e4sst, und ein gemaltes Kunstwerk an der Wand|pl::pojedyncze \u0142\u00f3\u017cko z kolorow\u0105 narzut\u0105 i poduszk\u0105, du\u017ce okno wpuszczaj\u0105ce \u015bwiat\u0142o oraz malowid\u0142o na \u015bcianie|cz::jednol\u016f\u017ekov\u00e1 postel s barevnou p\u0159ikr\u00fdvkou a pol\u0161t\u00e1\u0159em, velk\u00e9 okno propou\u0161t\u011bj\u00edc\u00ed sv\u011btlo a malovan\u00e9 um\u011bleck\u00e9 d\u00edlo na st\u011bn\u011b|\"},{\"@type\":\"BreadcrumbList\",\"@id\":\"https:\\\/\\\/europeum.pl\\\/en\\\/rooms\\\/classic-single-room\\\/#breadcrumb\",\"itemListElement\":[{\"@type\":\"ListItem\",\"position\":1,\"name\":\"Home\",\"item\":\"https:\\\/\\\/europeum.pl\\\/en\\\/\"},{\"@type\":\"ListItem\",\"position\":2,\"name\":\"Rooms\",\"item\":\"https:\\\/\\\/europeum.pl\\\/en\\\/rooms\\\/\"},{\"@type\":\"ListItem\",\"position\":3,\"name\":\"Classic Single Room\"}]},{\"@type\":\"WebSite\",\"@id\":\"https:\\\/\\\/europeum.pl\\\/en\\\/#website\",\"url\":\"https:\\\/\\\/europeum.pl\\\/en\\\/\",\"name\":\"Europeum Hotel\",\"description\":\"\",\"publisher\":{\"@id\":\"https:\\\/\\\/europeum.pl\\\/en\\\/#organization\"},\"alternateName\":\"Europeum Hotel\",\"potentialAction\":[{\"@type\":\"SearchAction\",\"target\":{\"@type\":\"EntryPoint\",\"urlTemplate\":\"https:\\\/\\\/europeum.pl\\\/en\\\/?s={search_term_string}\"},\"query-input\":{\"@type\":\"PropertyValueSpecification\",\"valueRequired\":true,\"valueName\":\"search_term_string\"}}],\"inLanguage\":\"en-US\"},{\"@type\":\"Organization\",\"@id\":\"https:\\\/\\\/europeum.pl\\\/en\\\/#organization\",\"name\":\"Europeum Hotel\",\"alternateName\":\"Europeum Hotel\",\"url\":\"https:\\\/\\\/europeum.pl\\\/en\\\/\",\"logo\":{\"@type\":\"ImageObject\",\"inLanguage\":\"en-US\",\"@id\":\"https:\\\/\\\/europeum.pl\\\/en\\\/#\\\/schema\\\/logo\\\/image\\\/\",\"url\":\"https:\\\/\\\/europeum.pl\\\/wp-content\\\/uploads\\\/sites\\\/68\\\/2023\\\/10\\\/logo_europeum_short_version_grey.png\",\"contentUrl\":\"https:\\\/\\\/europeum.pl\\\/wp-content\\\/uploads\\\/sites\\\/68\\\/2023\\\/10\\\/logo_europeum_short_version_grey.png\",\"width\":3508,\"height\":2480,\"caption\":\"Europeum Hotel\"},\"image\":{\"@id\":\"https:\\\/\\\/europeum.pl\\\/en\\\/#\\\/schema\\\/logo\\\/image\\\/\"},\"sameAs\":[\"https:\\\/\\\/www.facebook.com\\\/europeum\",\"https:\\\/\\\/www.instagram.com\\\/europeumhotel\\\/\"]}]}<\/script>\n<!-- \/ Yoast SEO plugin. -->","yoast_head_json":{"title":"Classic Single Room &#8211; Europeum Hotel","description":"Experience a comfortable stay in a cozy single room with a picturesque view of the magnificent Wroclaw University Library.  The room is designed to provide you with a modern and comfortable space for your travels. The large soundproof windows do not open, but they allow plenty of natural light to enter the room.  The amenities in the room include a large flat-screen TV with access to numerous channels, coffee-making facilities, an en-suite bathroom with shower, a wardrobe, and spacious storage","robots":{"index":"index","follow":"follow","max-snippet":"max-snippet:-1","max-image-preview":"max-image-preview:large","max-video-preview":"max-video-preview:-1"},"canonical":"https:\/\/europeum.pl\/en\/rooms\/classic-single-room\/","og_locale":"en_US","og_type":"article","og_title":"Classic Single Room &#8211; Europeum Hotel","og_description":"Experience a comfortable stay in a cozy single room with a picturesque view of the magnificent Wroclaw University Library.  The room is designed to provide you with a modern and comfortable space for your travels. The large soundproof windows do not open, but they allow plenty of natural light to enter the room.  The amenities in the room include a large flat-screen TV with access to numerous channels, coffee-making facilities, an en-suite bathroom with shower, a wardrobe, and spacious storage","og_url":"https:\/\/europeum.pl\/en\/rooms\/classic-single-room\/","og_site_name":"Europeum Hotel","article_publisher":"https:\/\/www.facebook.com\/europeum","article_modified_time":"2024-09-04T13:30:28+00:00","og_image":[{"width":1353,"height":600,"url":"https:\/\/europeum.pl\/wp-content\/uploads\/sites\/68\/2024\/03\/Single_classic_v3.jpg","type":"image\/jpeg"}],"twitter_card":"summary_large_image","twitter_misc":{"Est. reading time":"1 minute"},"schema":{"@context":"https:\/\/schema.org","@graph":[{"@type":"WebPage","@id":"https:\/\/europeum.pl\/en\/rooms\/classic-single-room\/","url":"https:\/\/europeum.pl\/en\/rooms\/classic-single-room\/","name":"Classic Single Room &#8211; Europeum Hotel","isPartOf":{"@id":"https:\/\/europeum.pl\/en\/#website"},"primaryImageOfPage":{"@id":"https:\/\/europeum.pl\/en\/rooms\/classic-single-room\/#primaryimage"},"image":{"@id":"https:\/\/europeum.pl\/en\/rooms\/classic-single-room\/#primaryimage"},"thumbnailUrl":"https:\/\/europeum.pl\/wp-content\/uploads\/sites\/68\/2024\/03\/Single_classic_v3.jpg","datePublished":"2023-10-09T13:25:02+00:00","dateModified":"2024-09-04T13:30:28+00:00","description":"Experience a comfortable stay in a cozy single room with a picturesque view of the magnificent Wroclaw University Library. The room is designed to provide you with a modern and comfortable space for your travels. The large soundproof windows do not open, but they allow plenty of natural light to enter the room. The amenities in the room include a large flat-screen TV with access to numerous channels, coffee-making facilities, an en-suite bathroom with shower, a wardrobe, and spacious storage","breadcrumb":{"@id":"https:\/\/europeum.pl\/en\/rooms\/classic-single-room\/#breadcrumb"},"inLanguage":"en-US","potentialAction":[{"@type":"ReadAction","target":["https:\/\/europeum.pl\/en\/rooms\/classic-single-room\/"]}]},{"@type":"ImageObject","inLanguage":"en-US","@id":"https:\/\/europeum.pl\/en\/rooms\/classic-single-room\/#primaryimage","url":"https:\/\/europeum.pl\/wp-content\/uploads\/sites\/68\/2024\/03\/Single_classic_v3.jpg","contentUrl":"https:\/\/europeum.pl\/wp-content\/uploads\/sites\/68\/2024\/03\/Single_classic_v3.jpg","width":1353,"height":600,"caption":"en::single bed with a colorful bedspread and pillow, large window letting in light, and a painted artwork on the wall|de::Einzelbett mit buntem Bett\u00fcberwurf und Kissen, gro\u00dfes Fenster, das Licht hereinl\u00e4sst, und ein gemaltes Kunstwerk an der Wand|pl::pojedyncze \u0142\u00f3\u017cko z kolorow\u0105 narzut\u0105 i poduszk\u0105, du\u017ce okno wpuszczaj\u0105ce \u015bwiat\u0142o oraz malowid\u0142o na \u015bcianie|cz::jednol\u016f\u017ekov\u00e1 postel s barevnou p\u0159ikr\u00fdvkou a pol\u0161t\u00e1\u0159em, velk\u00e9 okno propou\u0161t\u011bj\u00edc\u00ed sv\u011btlo a malovan\u00e9 um\u011bleck\u00e9 d\u00edlo na st\u011bn\u011b|"},{"@type":"BreadcrumbList","@id":"https:\/\/europeum.pl\/en\/rooms\/classic-single-room\/#breadcrumb","itemListElement":[{"@type":"ListItem","position":1,"name":"Home","item":"https:\/\/europeum.pl\/en\/"},{"@type":"ListItem","position":2,"name":"Rooms","item":"https:\/\/europeum.pl\/en\/rooms\/"},{"@type":"ListItem","position":3,"name":"Classic Single Room"}]},{"@type":"WebSite","@id":"https:\/\/europeum.pl\/en\/#website","url":"https:\/\/europeum.pl\/en\/","name":"Europeum Hotel","description":"","publisher":{"@id":"https:\/\/europeum.pl\/en\/#organization"},"alternateName":"Europeum Hotel","potentialAction":[{"@type":"SearchAction","target":{"@type":"EntryPoint","urlTemplate":"https:\/\/europeum.pl\/en\/?s={search_term_string}"},"query-input":{"@type":"PropertyValueSpecification","valueRequired":true,"valueName":"search_term_string"}}],"inLanguage":"en-US"},{"@type":"Organization","@id":"https:\/\/europeum.pl\/en\/#organization","name":"Europeum Hotel","alternateName":"Europeum Hotel","url":"https:\/\/europeum.pl\/en\/","logo":{"@type":"ImageObject","inLanguage":"en-US","@id":"https:\/\/europeum.pl\/en\/#\/schema\/logo\/image\/","url":"https:\/\/europeum.pl\/wp-content\/uploads\/sites\/68\/2023\/10\/logo_europeum_short_version_grey.png","contentUrl":"https:\/\/europeum.pl\/wp-content\/uploads\/sites\/68\/2023\/10\/logo_europeum_short_version_grey.png","width":3508,"height":2480,"caption":"Europeum Hotel"},"image":{"@id":"https:\/\/europeum.pl\/en\/#\/schema\/logo\/image\/"},"sameAs":["https:\/\/www.facebook.com\/europeum","https:\/\/www.instagram.com\/europeumhotel\/"]}]}},"acf":[],"_links":{"self":[{"href":"https:\/\/europeum.pl\/en\/wp-json\/wp\/v2\/pages\/111","targetHints":{"allow":["GET"]}}],"collection":[{"href":"https:\/\/europeum.pl\/en\/wp-json\/wp\/v2\/pages"}],"about":[{"href":"https:\/\/europeum.pl\/en\/wp-json\/wp\/v2\/types\/page"}],"author":[{"embeddable":true,"href":"https:\/\/europeum.pl\/en\/wp-json\/wp\/v2\/users\/12"}],"replies":[{"embeddable":true,"href":"https:\/\/europeum.pl\/en\/wp-json\/wp\/v2\/comments?post=111"}],"version-history":[{"count":0,"href":"https:\/\/europeum.pl\/en\/wp-json\/wp\/v2\/pages\/111\/revisions"}],"up":[{"embeddable":true,"href":"https:\/\/europeum.pl\/en\/wp-json\/wp\/v2\/pages\/110"}],"wp:featuredmedia":[{"embeddable":true,"href":"https:\/\/europeum.pl\/en\/wp-json\/wp\/v2\/media\/761"}],"wp:attachment":[{"href":"https:\/\/europeum.pl\/en\/wp-json\/wp\/v2\/media?parent=111"}],"curies":[{"name":"wp","href":"https:\/\/api.w.org\/{rel}","templated":true}]}}