{"id":118,"date":"2023-10-10T12:28:26","date_gmt":"2023-10-10T10:28:26","guid":{"rendered":"https:\/\/europeum-hotel.ms2.decms.eu\/?page_id=118"},"modified":"2024-09-04T13:50:45","modified_gmt":"2024-09-04T11:50:45","slug":"classic-double-room","status":"publish","type":"page","link":"https:\/\/europeum.pl\/en\/rooms\/classic-double-room\/","title":{"rendered":"Classic Double Room"},"content":{"rendered":"<p>This room is both comfortable and elegant, perfect for one or two people to enjoy a pleasant stay. Room is equipped with soundproof, non-opening windows.<\/p>\n<p>There&#8217;s a dedicated work area where you can concentrate on your work, and you can take advantage of the wireless high-speed internet access. After a tiring day, you can relax in front of the TV and choose from a variety of channels. You can also brew yourself a coffee or tea and make yourself at home.<\/p>\n","protected":false},"excerpt":{"rendered":"<p>This room is both comfortable and elegant, perfect for one or two people to enjoy a pleasant stay. Room is equipped with soundproof, non-opening windows. There&#8217;s a dedicated work area where you can concentrate on your work, and you can take advantage of the wireless high-speed internet access. After a tiring day, you can relax [&hellip;]<\/p>\n","protected":false},"author":12,"featured_media":609,"parent":110,"menu_order":12,"comment_status":"closed","ping_status":"closed","template":"template-single-room.php","meta":{"footnotes":""},"yoast_head":"<!-- This site is optimized with the Yoast SEO plugin v22.3 - https:\/\/yoast.com\/wordpress\/plugins\/seo\/ -->\n<title>Classic Double Room &#8211; Europeum Hotel<\/title>\n<meta name=\"description\" content=\"This room is both comfortable and elegant, perfect for one or two people to enjoy a pleasant stay. Room is equipped with soundproof, non-opening windows.  There&#039;s a dedicated work area where you can concentrate on your work, and you can take advantage of the wireless high-speed internet access\" \/>\n<meta name=\"robots\" content=\"index, follow, max-snippet:-1, max-image-preview:large, max-video-preview:-1\" \/>\n<link rel=\"canonical\" href=\"https:\/\/europeum.pl\/en\/rooms\/classic-double-room\/\" \/>\n<meta property=\"og:locale\" content=\"en_US\" \/>\n<meta property=\"og:type\" content=\"article\" \/>\n<meta property=\"og:title\" content=\"Classic Double Room &#8211; Europeum Hotel\" \/>\n<meta property=\"og:description\" content=\"This room is both comfortable and elegant, perfect for one or two people to enjoy a pleasant stay. Room is equipped with soundproof, non-opening windows.  There&#039;s a dedicated work area where you can concentrate on your work, and you can take advantage of the wireless high-speed internet access\" \/>\n<meta property=\"og:url\" content=\"https:\/\/europeum.pl\/en\/rooms\/classic-double-room\/\" \/>\n<meta property=\"og:site_name\" content=\"Europeum Hotel\" \/>\n<meta property=\"article:publisher\" content=\"https:\/\/www.facebook.com\/europeum\" \/>\n<meta property=\"article:modified_time\" content=\"2024-09-04T11:50:45+00:00\" \/>\n<meta property=\"og:image\" content=\"https:\/\/europeum.pl\/wp-content\/uploads\/sites\/68\/2023\/11\/Twin_v4.jpg\" \/>\n\t<meta property=\"og:image:width\" content=\"1920\" \/>\n\t<meta property=\"og:image:height\" content=\"1080\" \/>\n\t<meta property=\"og:image:type\" content=\"image\/jpeg\" \/>\n<meta name=\"twitter:card\" content=\"summary_large_image\" \/>\n<meta name=\"twitter:label1\" content=\"Est. reading time\" \/>\n\t<meta name=\"twitter:data1\" content=\"1 minute\" \/>\n<script type=\"application\/ld+json\" class=\"yoast-schema-graph\">{\"@context\":\"https:\/\/schema.org\",\"@graph\":[{\"@type\":\"WebPage\",\"@id\":\"https:\/\/europeum.pl\/en\/rooms\/classic-double-room\/\",\"url\":\"https:\/\/europeum.pl\/en\/rooms\/classic-double-room\/\",\"name\":\"Classic Double Room &#8211; Europeum Hotel\",\"isPartOf\":{\"@id\":\"https:\/\/europeum.pl\/en\/#website\"},\"primaryImageOfPage\":{\"@id\":\"https:\/\/europeum.pl\/en\/rooms\/classic-double-room\/#primaryimage\"},\"image\":{\"@id\":\"https:\/\/europeum.pl\/en\/rooms\/classic-double-room\/#primaryimage\"},\"thumbnailUrl\":\"https:\/\/europeum.pl\/wp-content\/uploads\/sites\/68\/2023\/11\/Twin_v4.jpg\",\"datePublished\":\"2023-10-10T10:28:26+00:00\",\"dateModified\":\"2024-09-04T11:50:45+00:00\",\"description\":\"This room is both comfortable and elegant, perfect for one or two people to enjoy a pleasant stay. Room is equipped with soundproof, non-opening windows. There's a dedicated work area where you can concentrate on your work, and you can take advantage of the wireless high-speed internet access\",\"breadcrumb\":{\"@id\":\"https:\/\/europeum.pl\/en\/rooms\/classic-double-room\/#breadcrumb\"},\"inLanguage\":\"en-US\",\"potentialAction\":[{\"@type\":\"ReadAction\",\"target\":[\"https:\/\/europeum.pl\/en\/rooms\/classic-double-room\/\"]}]},{\"@type\":\"ImageObject\",\"inLanguage\":\"en-US\",\"@id\":\"https:\/\/europeum.pl\/en\/rooms\/classic-double-room\/#primaryimage\",\"url\":\"https:\/\/europeum.pl\/wp-content\/uploads\/sites\/68\/2023\/11\/Twin_v4.jpg\",\"contentUrl\":\"https:\/\/europeum.pl\/wp-content\/uploads\/sites\/68\/2023\/11\/Twin_v4.jpg\",\"width\":1920,\"height\":1080,\"caption\":\"en::double bed with colorful cushions, hanging pictures, and toiletries above the bed| de::Doppelbett mit bunten Kissen, h\u00e4ngenden Bildern und Toilettenartikeln \u00fcber dem Bett| pl::\u0142\u00f3\u017cko dwuosobowe z kolorowymi poduszkami, wisz\u0105cymi obrazami i artyku\u0142ami toaletowymi nad \u0142\u00f3\u017ckiem| cz::man\u017eelsk\u00e1 postel s barevn\u00fdmi pol\u0161t\u00e1\u0159i, vis\u00edc\u00edmi obr\u00e1zky a toaletn\u00edmi pot\u0159ebami nad postel\u00ed|\"},{\"@type\":\"BreadcrumbList\",\"@id\":\"https:\/\/europeum.pl\/en\/rooms\/classic-double-room\/#breadcrumb\",\"itemListElement\":[{\"@type\":\"ListItem\",\"position\":1,\"name\":\"Home\",\"item\":\"https:\/\/europeum.pl\/en\/\"},{\"@type\":\"ListItem\",\"position\":2,\"name\":\"Rooms\",\"item\":\"https:\/\/europeum.pl\/en\/rooms\/\"},{\"@type\":\"ListItem\",\"position\":3,\"name\":\"Classic Double Room\"}]},{\"@type\":\"WebSite\",\"@id\":\"https:\/\/europeum.pl\/en\/#website\",\"url\":\"https:\/\/europeum.pl\/en\/\",\"name\":\"Europeum Hotel\",\"description\":\"\",\"publisher\":{\"@id\":\"https:\/\/europeum.pl\/en\/#organization\"},\"alternateName\":\"Europeum Hotel\",\"potentialAction\":[{\"@type\":\"SearchAction\",\"target\":{\"@type\":\"EntryPoint\",\"urlTemplate\":\"https:\/\/europeum.pl\/en\/?s={search_term_string}\"},\"query-input\":\"required name=search_term_string\"}],\"inLanguage\":\"en-US\"},{\"@type\":\"Organization\",\"@id\":\"https:\/\/europeum.pl\/en\/#organization\",\"name\":\"Europeum Hotel\",\"alternateName\":\"Europeum Hotel\",\"url\":\"https:\/\/europeum.pl\/en\/\",\"logo\":{\"@type\":\"ImageObject\",\"inLanguage\":\"en-US\",\"@id\":\"https:\/\/europeum.pl\/en\/#\/schema\/logo\/image\/\",\"url\":\"https:\/\/europeum.pl\/wp-content\/uploads\/sites\/68\/2023\/10\/logo_europeum_short_version_grey.png\",\"contentUrl\":\"https:\/\/europeum.pl\/wp-content\/uploads\/sites\/68\/2023\/10\/logo_europeum_short_version_grey.png\",\"width\":3508,\"height\":2480,\"caption\":\"Europeum Hotel\"},\"image\":{\"@id\":\"https:\/\/europeum.pl\/en\/#\/schema\/logo\/image\/\"},\"sameAs\":[\"https:\/\/www.facebook.com\/europeum\",\"https:\/\/www.instagram.com\/europeumhotel\/\"]}]}<\/script>\n<!-- \/ Yoast SEO plugin. -->","yoast_head_json":{"title":"Classic Double Room &#8211; Europeum Hotel","description":"This room is both comfortable and elegant, perfect for one or two people to enjoy a pleasant stay. Room is equipped with soundproof, non-opening windows.  There's a dedicated work area where you can concentrate on your work, and you can take advantage of the wireless high-speed internet access","robots":{"index":"index","follow":"follow","max-snippet":"max-snippet:-1","max-image-preview":"max-image-preview:large","max-video-preview":"max-video-preview:-1"},"canonical":"https:\/\/europeum.pl\/en\/rooms\/classic-double-room\/","og_locale":"en_US","og_type":"article","og_title":"Classic Double Room &#8211; Europeum Hotel","og_description":"This room is both comfortable and elegant, perfect for one or two people to enjoy a pleasant stay. Room is equipped with soundproof, non-opening windows.  There's a dedicated work area where you can concentrate on your work, and you can take advantage of the wireless high-speed internet access","og_url":"https:\/\/europeum.pl\/en\/rooms\/classic-double-room\/","og_site_name":"Europeum Hotel","article_publisher":"https:\/\/www.facebook.com\/europeum","article_modified_time":"2024-09-04T11:50:45+00:00","og_image":[{"width":1920,"height":1080,"url":"https:\/\/europeum.pl\/wp-content\/uploads\/sites\/68\/2023\/11\/Twin_v4.jpg","type":"image\/jpeg"}],"twitter_card":"summary_large_image","twitter_misc":{"Est. reading time":"1 minute"},"schema":{"@context":"https:\/\/schema.org","@graph":[{"@type":"WebPage","@id":"https:\/\/europeum.pl\/en\/rooms\/classic-double-room\/","url":"https:\/\/europeum.pl\/en\/rooms\/classic-double-room\/","name":"Classic Double Room &#8211; Europeum Hotel","isPartOf":{"@id":"https:\/\/europeum.pl\/en\/#website"},"primaryImageOfPage":{"@id":"https:\/\/europeum.pl\/en\/rooms\/classic-double-room\/#primaryimage"},"image":{"@id":"https:\/\/europeum.pl\/en\/rooms\/classic-double-room\/#primaryimage"},"thumbnailUrl":"https:\/\/europeum.pl\/wp-content\/uploads\/sites\/68\/2023\/11\/Twin_v4.jpg","datePublished":"2023-10-10T10:28:26+00:00","dateModified":"2024-09-04T11:50:45+00:00","description":"This room is both comfortable and elegant, perfect for one or two people to enjoy a pleasant stay. Room is equipped with soundproof, non-opening windows. There's a dedicated work area where you can concentrate on your work, and you can take advantage of the wireless high-speed internet access","breadcrumb":{"@id":"https:\/\/europeum.pl\/en\/rooms\/classic-double-room\/#breadcrumb"},"inLanguage":"en-US","potentialAction":[{"@type":"ReadAction","target":["https:\/\/europeum.pl\/en\/rooms\/classic-double-room\/"]}]},{"@type":"ImageObject","inLanguage":"en-US","@id":"https:\/\/europeum.pl\/en\/rooms\/classic-double-room\/#primaryimage","url":"https:\/\/europeum.pl\/wp-content\/uploads\/sites\/68\/2023\/11\/Twin_v4.jpg","contentUrl":"https:\/\/europeum.pl\/wp-content\/uploads\/sites\/68\/2023\/11\/Twin_v4.jpg","width":1920,"height":1080,"caption":"en::double bed with colorful cushions, hanging pictures, and toiletries above the bed| de::Doppelbett mit bunten Kissen, h\u00e4ngenden Bildern und Toilettenartikeln \u00fcber dem Bett| pl::\u0142\u00f3\u017cko dwuosobowe z kolorowymi poduszkami, wisz\u0105cymi obrazami i artyku\u0142ami toaletowymi nad \u0142\u00f3\u017ckiem| cz::man\u017eelsk\u00e1 postel s barevn\u00fdmi pol\u0161t\u00e1\u0159i, vis\u00edc\u00edmi obr\u00e1zky a toaletn\u00edmi pot\u0159ebami nad postel\u00ed|"},{"@type":"BreadcrumbList","@id":"https:\/\/europeum.pl\/en\/rooms\/classic-double-room\/#breadcrumb","itemListElement":[{"@type":"ListItem","position":1,"name":"Home","item":"https:\/\/europeum.pl\/en\/"},{"@type":"ListItem","position":2,"name":"Rooms","item":"https:\/\/europeum.pl\/en\/rooms\/"},{"@type":"ListItem","position":3,"name":"Classic Double Room"}]},{"@type":"WebSite","@id":"https:\/\/europeum.pl\/en\/#website","url":"https:\/\/europeum.pl\/en\/","name":"Europeum Hotel","description":"","publisher":{"@id":"https:\/\/europeum.pl\/en\/#organization"},"alternateName":"Europeum Hotel","potentialAction":[{"@type":"SearchAction","target":{"@type":"EntryPoint","urlTemplate":"https:\/\/europeum.pl\/en\/?s={search_term_string}"},"query-input":"required name=search_term_string"}],"inLanguage":"en-US"},{"@type":"Organization","@id":"https:\/\/europeum.pl\/en\/#organization","name":"Europeum Hotel","alternateName":"Europeum Hotel","url":"https:\/\/europeum.pl\/en\/","logo":{"@type":"ImageObject","inLanguage":"en-US","@id":"https:\/\/europeum.pl\/en\/#\/schema\/logo\/image\/","url":"https:\/\/europeum.pl\/wp-content\/uploads\/sites\/68\/2023\/10\/logo_europeum_short_version_grey.png","contentUrl":"https:\/\/europeum.pl\/wp-content\/uploads\/sites\/68\/2023\/10\/logo_europeum_short_version_grey.png","width":3508,"height":2480,"caption":"Europeum Hotel"},"image":{"@id":"https:\/\/europeum.pl\/en\/#\/schema\/logo\/image\/"},"sameAs":["https:\/\/www.facebook.com\/europeum","https:\/\/www.instagram.com\/europeumhotel\/"]}]}},"acf":[],"_links":{"self":[{"href":"https:\/\/europeum.pl\/en\/wp-json\/wp\/v2\/pages\/118"}],"collection":[{"href":"https:\/\/europeum.pl\/en\/wp-json\/wp\/v2\/pages"}],"about":[{"href":"https:\/\/europeum.pl\/en\/wp-json\/wp\/v2\/types\/page"}],"author":[{"embeddable":true,"href":"https:\/\/europeum.pl\/en\/wp-json\/wp\/v2\/users\/12"}],"replies":[{"embeddable":true,"href":"https:\/\/europeum.pl\/en\/wp-json\/wp\/v2\/comments?post=118"}],"version-history":[{"count":0,"href":"https:\/\/europeum.pl\/en\/wp-json\/wp\/v2\/pages\/118\/revisions"}],"up":[{"embeddable":true,"href":"https:\/\/europeum.pl\/en\/wp-json\/wp\/v2\/pages\/110"}],"wp:featuredmedia":[{"embeddable":true,"href":"https:\/\/europeum.pl\/en\/wp-json\/wp\/v2\/media\/609"}],"wp:attachment":[{"href":"https:\/\/europeum.pl\/en\/wp-json\/wp\/v2\/media?parent=118"}],"curies":[{"name":"wp","href":"https:\/\/api.w.org\/{rel}","templated":true}]}}