{"id":123,"date":"2023-10-10T14:07:22","date_gmt":"2023-10-10T12:07:22","guid":{"rendered":"https:\/\/europeum-hotel.ms2.decms.eu\/?page_id=123"},"modified":"2024-09-04T15:19:52","modified_gmt":"2024-09-04T13:19:52","slug":"classic-triple-room","status":"publish","type":"page","link":"https:\/\/europeum.pl\/en\/rooms\/classic-triple-room\/","title":{"rendered":"Classic Triple Room"},"content":{"rendered":"<p>Our Classic Triple Room is perfect for those who want to enjoy a beautiful view of Wroc\u0142aw&#8217;s historic Old Town.<\/p>\n<p>Depending on your preferences, you can choose between one double bed and one single bed or three single beds. We assure you a good rest in a comfortable bed and an unforgettable experience in our perfectly prepared interiors.<\/p>\n<p>We have taken special care to select high-quality natural materials such as marble, brass, wood, and glass to create an elegant and inviting atmosphere. Relax in front of the large widescreen TV and enjoy access to multiple channels. You can also take advantage of the coffee corner to make your afternoon more enjoyable.<\/p>\n<p>In addition, we provide a comfortable wardrobe and additional storage space for your belongings.<\/p>\n","protected":false},"excerpt":{"rendered":"<p>Our Classic Triple Room is perfect for those who want to enjoy a beautiful view of Wroc\u0142aw&#8217;s historic Old Town. Depending on your preferences, you can choose between one double bed and one single bed or three single beds. We assure you a good rest in a comfortable bed and an unforgettable experience in our [&hellip;]<\/p>\n","protected":false},"author":12,"featured_media":759,"parent":110,"menu_order":14,"comment_status":"closed","ping_status":"closed","template":"template-single-room.php","meta":{"footnotes":""},"yoast_head":"<!-- This site is optimized with the Yoast SEO plugin v22.3 - https:\/\/yoast.com\/wordpress\/plugins\/seo\/ -->\n<title>Classic Triple Room &#8211; Europeum Hotel<\/title>\n<meta name=\"description\" content=\"Our Classic Triple Room is perfect for those who want to enjoy a beautiful view of Wroc\u0142aw&#039;s historic Old Town.  Depending on your preferences, you can choose between one double bed and one single bed or three single beds. We assure you a good rest in a comfortable bed and an unforgettable experience in our perfectly prepared interiors.  We have taken special care to select high-quality natural materials such as marble, brass, wood, and glass to create an elegant and inviting atmosphere\" \/>\n<meta name=\"robots\" content=\"index, follow, max-snippet:-1, max-image-preview:large, max-video-preview:-1\" \/>\n<link rel=\"canonical\" href=\"https:\/\/europeum.pl\/en\/rooms\/classic-triple-room\/\" \/>\n<meta property=\"og:locale\" content=\"en_US\" \/>\n<meta property=\"og:type\" content=\"article\" \/>\n<meta property=\"og:title\" content=\"Classic Triple Room &#8211; Europeum Hotel\" \/>\n<meta property=\"og:description\" content=\"Our Classic Triple Room is perfect for those who want to enjoy a beautiful view of Wroc\u0142aw&#039;s historic Old Town.  Depending on your preferences, you can choose between one double bed and one single bed or three single beds. We assure you a good rest in a comfortable bed and an unforgettable experience in our perfectly prepared interiors.  We have taken special care to select high-quality natural materials such as marble, brass, wood, and glass to create an elegant and inviting atmosphere\" \/>\n<meta property=\"og:url\" content=\"https:\/\/europeum.pl\/en\/rooms\/classic-triple-room\/\" \/>\n<meta property=\"og:site_name\" content=\"Europeum Hotel\" \/>\n<meta property=\"article:publisher\" content=\"https:\/\/www.facebook.com\/europeum\" \/>\n<meta property=\"article:modified_time\" content=\"2024-09-04T13:19:52+00:00\" \/>\n<meta property=\"og:image\" content=\"https:\/\/europeum.pl\/wp-content\/uploads\/sites\/68\/2024\/03\/Triple_v1.jpg\" \/>\n\t<meta property=\"og:image:width\" content=\"1353\" \/>\n\t<meta property=\"og:image:height\" content=\"600\" \/>\n\t<meta property=\"og:image:type\" content=\"image\/jpeg\" \/>\n<meta name=\"twitter:card\" content=\"summary_large_image\" \/>\n<meta name=\"twitter:label1\" content=\"Est. reading time\" \/>\n\t<meta name=\"twitter:data1\" content=\"1 minute\" \/>\n<script type=\"application\/ld+json\" class=\"yoast-schema-graph\">{\"@context\":\"https:\/\/schema.org\",\"@graph\":[{\"@type\":\"WebPage\",\"@id\":\"https:\/\/europeum.pl\/en\/rooms\/classic-triple-room\/\",\"url\":\"https:\/\/europeum.pl\/en\/rooms\/classic-triple-room\/\",\"name\":\"Classic Triple Room &#8211; Europeum Hotel\",\"isPartOf\":{\"@id\":\"https:\/\/europeum.pl\/en\/#website\"},\"primaryImageOfPage\":{\"@id\":\"https:\/\/europeum.pl\/en\/rooms\/classic-triple-room\/#primaryimage\"},\"image\":{\"@id\":\"https:\/\/europeum.pl\/en\/rooms\/classic-triple-room\/#primaryimage\"},\"thumbnailUrl\":\"https:\/\/europeum.pl\/wp-content\/uploads\/sites\/68\/2024\/03\/Triple_v1.jpg\",\"datePublished\":\"2023-10-10T12:07:22+00:00\",\"dateModified\":\"2024-09-04T13:19:52+00:00\",\"description\":\"Our Classic Triple Room is perfect for those who want to enjoy a beautiful view of Wroc\u0142aw's historic Old Town. Depending on your preferences, you can choose between one double bed and one single bed or three single beds. We assure you a good rest in a comfortable bed and an unforgettable experience in our perfectly prepared interiors. We have taken special care to select high-quality natural materials such as marble, brass, wood, and glass to create an elegant and inviting atmosphere\",\"breadcrumb\":{\"@id\":\"https:\/\/europeum.pl\/en\/rooms\/classic-triple-room\/#breadcrumb\"},\"inLanguage\":\"en-US\",\"potentialAction\":[{\"@type\":\"ReadAction\",\"target\":[\"https:\/\/europeum.pl\/en\/rooms\/classic-triple-room\/\"]}]},{\"@type\":\"ImageObject\",\"inLanguage\":\"en-US\",\"@id\":\"https:\/\/europeum.pl\/en\/rooms\/classic-triple-room\/#primaryimage\",\"url\":\"https:\/\/europeum.pl\/wp-content\/uploads\/sites\/68\/2024\/03\/Triple_v1.jpg\",\"contentUrl\":\"https:\/\/europeum.pl\/wp-content\/uploads\/sites\/68\/2024\/03\/Triple_v1.jpg\",\"width\":1353,\"height\":600,\"caption\":\"en::bright triple room with a double bed and a single bed, with a window with curtains, a small table, and hanging pictures|pl::jasny pok\u00f3j trzyosobowy z \u0142\u00f3\u017ckiem dwuosobowym i \u0142\u00f3\u017ckiem pojedynczym, z oknem z zas\u0142onami, stolikiem i powieszonymi obrazami|de::elles Dreibettzimmer mit einem Doppelbett und einem Einzelbett, mit einem Fenster mit Vorh\u00e4ngen, einem kleinen Tisch und h\u00e4ngenden Bildern|cz::sv\u011btl\u00fd t\u0159\u00edl\u016f\u017ekov\u00fd pokoj s man\u017eelskou postel\u00ed a jednol\u016f\u017ekem, s oknem se z\u00e1v\u011bsy, mal\u00fdm stolkem a zav\u011b\u0161en\u00fdmi obr\u00e1zky|\"},{\"@type\":\"BreadcrumbList\",\"@id\":\"https:\/\/europeum.pl\/en\/rooms\/classic-triple-room\/#breadcrumb\",\"itemListElement\":[{\"@type\":\"ListItem\",\"position\":1,\"name\":\"Home\",\"item\":\"https:\/\/europeum.pl\/en\/\"},{\"@type\":\"ListItem\",\"position\":2,\"name\":\"Rooms\",\"item\":\"https:\/\/europeum.pl\/en\/rooms\/\"},{\"@type\":\"ListItem\",\"position\":3,\"name\":\"Classic Triple Room\"}]},{\"@type\":\"WebSite\",\"@id\":\"https:\/\/europeum.pl\/en\/#website\",\"url\":\"https:\/\/europeum.pl\/en\/\",\"name\":\"Europeum Hotel\",\"description\":\"\",\"publisher\":{\"@id\":\"https:\/\/europeum.pl\/en\/#organization\"},\"alternateName\":\"Europeum Hotel\",\"potentialAction\":[{\"@type\":\"SearchAction\",\"target\":{\"@type\":\"EntryPoint\",\"urlTemplate\":\"https:\/\/europeum.pl\/en\/?s={search_term_string}\"},\"query-input\":\"required name=search_term_string\"}],\"inLanguage\":\"en-US\"},{\"@type\":\"Organization\",\"@id\":\"https:\/\/europeum.pl\/en\/#organization\",\"name\":\"Europeum Hotel\",\"alternateName\":\"Europeum Hotel\",\"url\":\"https:\/\/europeum.pl\/en\/\",\"logo\":{\"@type\":\"ImageObject\",\"inLanguage\":\"en-US\",\"@id\":\"https:\/\/europeum.pl\/en\/#\/schema\/logo\/image\/\",\"url\":\"https:\/\/europeum.pl\/wp-content\/uploads\/sites\/68\/2023\/10\/logo_europeum_short_version_grey.png\",\"contentUrl\":\"https:\/\/europeum.pl\/wp-content\/uploads\/sites\/68\/2023\/10\/logo_europeum_short_version_grey.png\",\"width\":3508,\"height\":2480,\"caption\":\"Europeum Hotel\"},\"image\":{\"@id\":\"https:\/\/europeum.pl\/en\/#\/schema\/logo\/image\/\"},\"sameAs\":[\"https:\/\/www.facebook.com\/europeum\",\"https:\/\/www.instagram.com\/europeumhotel\/\"]}]}<\/script>\n<!-- \/ Yoast SEO plugin. -->","yoast_head_json":{"title":"Classic Triple Room &#8211; Europeum Hotel","description":"Our Classic Triple Room is perfect for those who want to enjoy a beautiful view of Wroc\u0142aw's historic Old Town.  Depending on your preferences, you can choose between one double bed and one single bed or three single beds. We assure you a good rest in a comfortable bed and an unforgettable experience in our perfectly prepared interiors.  We have taken special care to select high-quality natural materials such as marble, brass, wood, and glass to create an elegant and inviting atmosphere","robots":{"index":"index","follow":"follow","max-snippet":"max-snippet:-1","max-image-preview":"max-image-preview:large","max-video-preview":"max-video-preview:-1"},"canonical":"https:\/\/europeum.pl\/en\/rooms\/classic-triple-room\/","og_locale":"en_US","og_type":"article","og_title":"Classic Triple Room &#8211; Europeum Hotel","og_description":"Our Classic Triple Room is perfect for those who want to enjoy a beautiful view of Wroc\u0142aw's historic Old Town.  Depending on your preferences, you can choose between one double bed and one single bed or three single beds. We assure you a good rest in a comfortable bed and an unforgettable experience in our perfectly prepared interiors.  We have taken special care to select high-quality natural materials such as marble, brass, wood, and glass to create an elegant and inviting atmosphere","og_url":"https:\/\/europeum.pl\/en\/rooms\/classic-triple-room\/","og_site_name":"Europeum Hotel","article_publisher":"https:\/\/www.facebook.com\/europeum","article_modified_time":"2024-09-04T13:19:52+00:00","og_image":[{"width":1353,"height":600,"url":"https:\/\/europeum.pl\/wp-content\/uploads\/sites\/68\/2024\/03\/Triple_v1.jpg","type":"image\/jpeg"}],"twitter_card":"summary_large_image","twitter_misc":{"Est. reading time":"1 minute"},"schema":{"@context":"https:\/\/schema.org","@graph":[{"@type":"WebPage","@id":"https:\/\/europeum.pl\/en\/rooms\/classic-triple-room\/","url":"https:\/\/europeum.pl\/en\/rooms\/classic-triple-room\/","name":"Classic Triple Room &#8211; Europeum Hotel","isPartOf":{"@id":"https:\/\/europeum.pl\/en\/#website"},"primaryImageOfPage":{"@id":"https:\/\/europeum.pl\/en\/rooms\/classic-triple-room\/#primaryimage"},"image":{"@id":"https:\/\/europeum.pl\/en\/rooms\/classic-triple-room\/#primaryimage"},"thumbnailUrl":"https:\/\/europeum.pl\/wp-content\/uploads\/sites\/68\/2024\/03\/Triple_v1.jpg","datePublished":"2023-10-10T12:07:22+00:00","dateModified":"2024-09-04T13:19:52+00:00","description":"Our Classic Triple Room is perfect for those who want to enjoy a beautiful view of Wroc\u0142aw's historic Old Town. Depending on your preferences, you can choose between one double bed and one single bed or three single beds. We assure you a good rest in a comfortable bed and an unforgettable experience in our perfectly prepared interiors. We have taken special care to select high-quality natural materials such as marble, brass, wood, and glass to create an elegant and inviting atmosphere","breadcrumb":{"@id":"https:\/\/europeum.pl\/en\/rooms\/classic-triple-room\/#breadcrumb"},"inLanguage":"en-US","potentialAction":[{"@type":"ReadAction","target":["https:\/\/europeum.pl\/en\/rooms\/classic-triple-room\/"]}]},{"@type":"ImageObject","inLanguage":"en-US","@id":"https:\/\/europeum.pl\/en\/rooms\/classic-triple-room\/#primaryimage","url":"https:\/\/europeum.pl\/wp-content\/uploads\/sites\/68\/2024\/03\/Triple_v1.jpg","contentUrl":"https:\/\/europeum.pl\/wp-content\/uploads\/sites\/68\/2024\/03\/Triple_v1.jpg","width":1353,"height":600,"caption":"en::bright triple room with a double bed and a single bed, with a window with curtains, a small table, and hanging pictures|pl::jasny pok\u00f3j trzyosobowy z \u0142\u00f3\u017ckiem dwuosobowym i \u0142\u00f3\u017ckiem pojedynczym, z oknem z zas\u0142onami, stolikiem i powieszonymi obrazami|de::elles Dreibettzimmer mit einem Doppelbett und einem Einzelbett, mit einem Fenster mit Vorh\u00e4ngen, einem kleinen Tisch und h\u00e4ngenden Bildern|cz::sv\u011btl\u00fd t\u0159\u00edl\u016f\u017ekov\u00fd pokoj s man\u017eelskou postel\u00ed a jednol\u016f\u017ekem, s oknem se z\u00e1v\u011bsy, mal\u00fdm stolkem a zav\u011b\u0161en\u00fdmi obr\u00e1zky|"},{"@type":"BreadcrumbList","@id":"https:\/\/europeum.pl\/en\/rooms\/classic-triple-room\/#breadcrumb","itemListElement":[{"@type":"ListItem","position":1,"name":"Home","item":"https:\/\/europeum.pl\/en\/"},{"@type":"ListItem","position":2,"name":"Rooms","item":"https:\/\/europeum.pl\/en\/rooms\/"},{"@type":"ListItem","position":3,"name":"Classic Triple Room"}]},{"@type":"WebSite","@id":"https:\/\/europeum.pl\/en\/#website","url":"https:\/\/europeum.pl\/en\/","name":"Europeum Hotel","description":"","publisher":{"@id":"https:\/\/europeum.pl\/en\/#organization"},"alternateName":"Europeum Hotel","potentialAction":[{"@type":"SearchAction","target":{"@type":"EntryPoint","urlTemplate":"https:\/\/europeum.pl\/en\/?s={search_term_string}"},"query-input":"required name=search_term_string"}],"inLanguage":"en-US"},{"@type":"Organization","@id":"https:\/\/europeum.pl\/en\/#organization","name":"Europeum Hotel","alternateName":"Europeum Hotel","url":"https:\/\/europeum.pl\/en\/","logo":{"@type":"ImageObject","inLanguage":"en-US","@id":"https:\/\/europeum.pl\/en\/#\/schema\/logo\/image\/","url":"https:\/\/europeum.pl\/wp-content\/uploads\/sites\/68\/2023\/10\/logo_europeum_short_version_grey.png","contentUrl":"https:\/\/europeum.pl\/wp-content\/uploads\/sites\/68\/2023\/10\/logo_europeum_short_version_grey.png","width":3508,"height":2480,"caption":"Europeum Hotel"},"image":{"@id":"https:\/\/europeum.pl\/en\/#\/schema\/logo\/image\/"},"sameAs":["https:\/\/www.facebook.com\/europeum","https:\/\/www.instagram.com\/europeumhotel\/"]}]}},"acf":[],"_links":{"self":[{"href":"https:\/\/europeum.pl\/en\/wp-json\/wp\/v2\/pages\/123"}],"collection":[{"href":"https:\/\/europeum.pl\/en\/wp-json\/wp\/v2\/pages"}],"about":[{"href":"https:\/\/europeum.pl\/en\/wp-json\/wp\/v2\/types\/page"}],"author":[{"embeddable":true,"href":"https:\/\/europeum.pl\/en\/wp-json\/wp\/v2\/users\/12"}],"replies":[{"embeddable":true,"href":"https:\/\/europeum.pl\/en\/wp-json\/wp\/v2\/comments?post=123"}],"version-history":[{"count":0,"href":"https:\/\/europeum.pl\/en\/wp-json\/wp\/v2\/pages\/123\/revisions"}],"up":[{"embeddable":true,"href":"https:\/\/europeum.pl\/en\/wp-json\/wp\/v2\/pages\/110"}],"wp:featuredmedia":[{"embeddable":true,"href":"https:\/\/europeum.pl\/en\/wp-json\/wp\/v2\/media\/759"}],"wp:attachment":[{"href":"https:\/\/europeum.pl\/en\/wp-json\/wp\/v2\/media?parent=123"}],"curies":[{"name":"wp","href":"https:\/\/api.w.org\/{rel}","templated":true}]}}