{"id":127,"date":"2023-10-10T14:07:49","date_gmt":"2023-10-10T12:07:49","guid":{"rendered":"https:\/\/europeum-hotel.ms2.decms.eu\/?page_id=127"},"modified":"2024-09-06T09:42:54","modified_gmt":"2024-09-06T07:42:54","slug":"junior-suite","status":"publish","type":"page","link":"https:\/\/europeum.pl\/en\/rooms\/junior-suite\/","title":{"rendered":"Junior Suite"},"content":{"rendered":"<p>Experience the perfect blend of luxury and comfort in our lavish junior suites. These spacious rooms offer stunning views of the courtyard and feature carefully selected vintage-style furniture and intricate details that showcase the grandeur of historic Wroc\u0142aw.<\/p>\n<p>The living area is equipped with a sofa, two leather armchairs, a table and a TV to ensure your comfort. The bathroom is furnished with either a bathtub or shower cubicle, plush bathrobes, and toiletries for your convenience.<\/p>\n<p>Enjoy modern amenities such as air conditioning, a widescreen TV with multiple channels, a coffee corner and wireless internet access throughout the property. The suite is also furnished with two desks and a wardrobe to provide you with ample storage space.<\/p>\n<p>To ensure a peaceful and relaxing stay, all windows are soundproofed, but they cannot be opened.<\/p>\n","protected":false},"excerpt":{"rendered":"<p>Experience the perfect blend of luxury and comfort in our lavish junior suites. These spacious rooms offer stunning views of the courtyard and feature carefully selected vintage-style furniture and intricate details that showcase the grandeur of historic Wroc\u0142aw. The living area is equipped with a sofa, two leather armchairs, a table and a TV to [&hellip;]<\/p>\n","protected":false},"author":12,"featured_media":186,"parent":110,"menu_order":16,"comment_status":"closed","ping_status":"closed","template":"template-single-room.php","meta":{"footnotes":""},"yoast_head":"<!-- This site is optimized with the Yoast SEO plugin v22.3 - https:\/\/yoast.com\/wordpress\/plugins\/seo\/ -->\n<title>Junior Suite &#8211; Europeum Hotel<\/title>\n<meta name=\"description\" content=\"Experience the perfect blend of luxury and comfort in our lavish junior suites. These spacious rooms offer stunning views of the courtyard and feature carefully selected vintage-style furniture and intricate details that showcase the grandeur of historic Wroc\u0142aw.  The living area is equipped with a sofa, two leather armchairs, a table and a TV to ensure your comfort\" \/>\n<meta name=\"robots\" content=\"index, follow, max-snippet:-1, max-image-preview:large, max-video-preview:-1\" \/>\n<link rel=\"canonical\" href=\"https:\/\/europeum.pl\/en\/rooms\/junior-suite\/\" \/>\n<meta property=\"og:locale\" content=\"en_US\" \/>\n<meta property=\"og:type\" content=\"article\" \/>\n<meta property=\"og:title\" content=\"Junior Suite &#8211; Europeum Hotel\" \/>\n<meta property=\"og:description\" content=\"Experience the perfect blend of luxury and comfort in our lavish junior suites. These spacious rooms offer stunning views of the courtyard and feature carefully selected vintage-style furniture and intricate details that showcase the grandeur of historic Wroc\u0142aw.  The living area is equipped with a sofa, two leather armchairs, a table and a TV to ensure your comfort\" \/>\n<meta property=\"og:url\" content=\"https:\/\/europeum.pl\/en\/rooms\/junior-suite\/\" \/>\n<meta property=\"og:site_name\" content=\"Europeum Hotel\" \/>\n<meta property=\"article:publisher\" content=\"https:\/\/www.facebook.com\/europeum\" \/>\n<meta property=\"article:modified_time\" content=\"2024-09-06T07:42:54+00:00\" \/>\n<meta property=\"og:image\" content=\"https:\/\/europeum.pl\/wp-content\/uploads\/sites\/68\/2023\/10\/D07_0044-1024x683.jpg\" \/>\n\t<meta property=\"og:image:width\" content=\"1024\" \/>\n\t<meta property=\"og:image:height\" content=\"683\" \/>\n\t<meta property=\"og:image:type\" content=\"image\/jpeg\" \/>\n<meta name=\"twitter:card\" content=\"summary_large_image\" \/>\n<meta name=\"twitter:label1\" content=\"Est. reading time\" \/>\n\t<meta name=\"twitter:data1\" content=\"1 minute\" \/>\n<script type=\"application\/ld+json\" class=\"yoast-schema-graph\">{\"@context\":\"https:\/\/schema.org\",\"@graph\":[{\"@type\":\"WebPage\",\"@id\":\"https:\/\/europeum.pl\/en\/rooms\/junior-suite\/\",\"url\":\"https:\/\/europeum.pl\/en\/rooms\/junior-suite\/\",\"name\":\"Junior Suite &#8211; Europeum Hotel\",\"isPartOf\":{\"@id\":\"https:\/\/europeum.pl\/en\/#website\"},\"primaryImageOfPage\":{\"@id\":\"https:\/\/europeum.pl\/en\/rooms\/junior-suite\/#primaryimage\"},\"image\":{\"@id\":\"https:\/\/europeum.pl\/en\/rooms\/junior-suite\/#primaryimage\"},\"thumbnailUrl\":\"https:\/\/europeum.pl\/wp-content\/uploads\/sites\/68\/2023\/10\/D07_0044.jpg\",\"datePublished\":\"2023-10-10T12:07:49+00:00\",\"dateModified\":\"2024-09-06T07:42:54+00:00\",\"description\":\"Experience the perfect blend of luxury and comfort in our lavish junior suites. These spacious rooms offer stunning views of the courtyard and feature carefully selected vintage-style furniture and intricate details that showcase the grandeur of historic Wroc\u0142aw. The living area is equipped with a sofa, two leather armchairs, a table and a TV to ensure your comfort\",\"breadcrumb\":{\"@id\":\"https:\/\/europeum.pl\/en\/rooms\/junior-suite\/#breadcrumb\"},\"inLanguage\":\"en-US\",\"potentialAction\":[{\"@type\":\"ReadAction\",\"target\":[\"https:\/\/europeum.pl\/en\/rooms\/junior-suite\/\"]}]},{\"@type\":\"ImageObject\",\"inLanguage\":\"en-US\",\"@id\":\"https:\/\/europeum.pl\/en\/rooms\/junior-suite\/#primaryimage\",\"url\":\"https:\/\/europeum.pl\/wp-content\/uploads\/sites\/68\/2023\/10\/D07_0044.jpg\",\"contentUrl\":\"https:\/\/europeum.pl\/wp-content\/uploads\/sites\/68\/2023\/10\/D07_0044.jpg\",\"width\":8256,\"height\":5504,\"caption\":\"en::double bed with colorful cushions and bedspread, artworks hanging on the walls, and a large window with curtains|de::Doppelbett mit bunten Kissen und Bett\u00fcberwurf, Kunstwerken an den W\u00e4nden und einem gro\u00dfen Fenster mit Vorh\u00e4ngen|pl::\u0142\u00f3\u017cko dwuosobowe z kolorowymi poduszkami i narzut\u0105, dzie\u0142ami sztuki wisz\u0105cymi na \u015bcianach oraz du\u017cym oknem z zas\u0142onami|cz::man\u017eelsk\u00e1 postel s barevn\u00fdmi pol\u0161t\u00e1\u0159i a p\u0159ikr\u00fdvkou, um\u011bleck\u00fdmi d\u00edly na st\u011bn\u00e1ch a velk\u00fdm oknem se z\u00e1v\u011bsy|\"},{\"@type\":\"BreadcrumbList\",\"@id\":\"https:\/\/europeum.pl\/en\/rooms\/junior-suite\/#breadcrumb\",\"itemListElement\":[{\"@type\":\"ListItem\",\"position\":1,\"name\":\"Home\",\"item\":\"https:\/\/europeum.pl\/en\/\"},{\"@type\":\"ListItem\",\"position\":2,\"name\":\"Rooms\",\"item\":\"https:\/\/europeum.pl\/en\/rooms\/\"},{\"@type\":\"ListItem\",\"position\":3,\"name\":\"Junior Suite\"}]},{\"@type\":\"WebSite\",\"@id\":\"https:\/\/europeum.pl\/en\/#website\",\"url\":\"https:\/\/europeum.pl\/en\/\",\"name\":\"Europeum Hotel\",\"description\":\"\",\"publisher\":{\"@id\":\"https:\/\/europeum.pl\/en\/#organization\"},\"alternateName\":\"Europeum Hotel\",\"potentialAction\":[{\"@type\":\"SearchAction\",\"target\":{\"@type\":\"EntryPoint\",\"urlTemplate\":\"https:\/\/europeum.pl\/en\/?s={search_term_string}\"},\"query-input\":\"required name=search_term_string\"}],\"inLanguage\":\"en-US\"},{\"@type\":\"Organization\",\"@id\":\"https:\/\/europeum.pl\/en\/#organization\",\"name\":\"Europeum Hotel\",\"alternateName\":\"Europeum Hotel\",\"url\":\"https:\/\/europeum.pl\/en\/\",\"logo\":{\"@type\":\"ImageObject\",\"inLanguage\":\"en-US\",\"@id\":\"https:\/\/europeum.pl\/en\/#\/schema\/logo\/image\/\",\"url\":\"https:\/\/europeum.pl\/wp-content\/uploads\/sites\/68\/2023\/10\/logo_europeum_short_version_grey.png\",\"contentUrl\":\"https:\/\/europeum.pl\/wp-content\/uploads\/sites\/68\/2023\/10\/logo_europeum_short_version_grey.png\",\"width\":3508,\"height\":2480,\"caption\":\"Europeum Hotel\"},\"image\":{\"@id\":\"https:\/\/europeum.pl\/en\/#\/schema\/logo\/image\/\"},\"sameAs\":[\"https:\/\/www.facebook.com\/europeum\",\"https:\/\/www.instagram.com\/europeumhotel\/\"]}]}<\/script>\n<!-- \/ Yoast SEO plugin. -->","yoast_head_json":{"title":"Junior Suite &#8211; Europeum Hotel","description":"Experience the perfect blend of luxury and comfort in our lavish junior suites. These spacious rooms offer stunning views of the courtyard and feature carefully selected vintage-style furniture and intricate details that showcase the grandeur of historic Wroc\u0142aw.  The living area is equipped with a sofa, two leather armchairs, a table and a TV to ensure your comfort","robots":{"index":"index","follow":"follow","max-snippet":"max-snippet:-1","max-image-preview":"max-image-preview:large","max-video-preview":"max-video-preview:-1"},"canonical":"https:\/\/europeum.pl\/en\/rooms\/junior-suite\/","og_locale":"en_US","og_type":"article","og_title":"Junior Suite &#8211; Europeum Hotel","og_description":"Experience the perfect blend of luxury and comfort in our lavish junior suites. These spacious rooms offer stunning views of the courtyard and feature carefully selected vintage-style furniture and intricate details that showcase the grandeur of historic Wroc\u0142aw.  The living area is equipped with a sofa, two leather armchairs, a table and a TV to ensure your comfort","og_url":"https:\/\/europeum.pl\/en\/rooms\/junior-suite\/","og_site_name":"Europeum Hotel","article_publisher":"https:\/\/www.facebook.com\/europeum","article_modified_time":"2024-09-06T07:42:54+00:00","og_image":[{"width":1024,"height":683,"url":"https:\/\/europeum.pl\/wp-content\/uploads\/sites\/68\/2023\/10\/D07_0044-1024x683.jpg","type":"image\/jpeg"}],"twitter_card":"summary_large_image","twitter_misc":{"Est. reading time":"1 minute"},"schema":{"@context":"https:\/\/schema.org","@graph":[{"@type":"WebPage","@id":"https:\/\/europeum.pl\/en\/rooms\/junior-suite\/","url":"https:\/\/europeum.pl\/en\/rooms\/junior-suite\/","name":"Junior Suite &#8211; Europeum Hotel","isPartOf":{"@id":"https:\/\/europeum.pl\/en\/#website"},"primaryImageOfPage":{"@id":"https:\/\/europeum.pl\/en\/rooms\/junior-suite\/#primaryimage"},"image":{"@id":"https:\/\/europeum.pl\/en\/rooms\/junior-suite\/#primaryimage"},"thumbnailUrl":"https:\/\/europeum.pl\/wp-content\/uploads\/sites\/68\/2023\/10\/D07_0044.jpg","datePublished":"2023-10-10T12:07:49+00:00","dateModified":"2024-09-06T07:42:54+00:00","description":"Experience the perfect blend of luxury and comfort in our lavish junior suites. These spacious rooms offer stunning views of the courtyard and feature carefully selected vintage-style furniture and intricate details that showcase the grandeur of historic Wroc\u0142aw. The living area is equipped with a sofa, two leather armchairs, a table and a TV to ensure your comfort","breadcrumb":{"@id":"https:\/\/europeum.pl\/en\/rooms\/junior-suite\/#breadcrumb"},"inLanguage":"en-US","potentialAction":[{"@type":"ReadAction","target":["https:\/\/europeum.pl\/en\/rooms\/junior-suite\/"]}]},{"@type":"ImageObject","inLanguage":"en-US","@id":"https:\/\/europeum.pl\/en\/rooms\/junior-suite\/#primaryimage","url":"https:\/\/europeum.pl\/wp-content\/uploads\/sites\/68\/2023\/10\/D07_0044.jpg","contentUrl":"https:\/\/europeum.pl\/wp-content\/uploads\/sites\/68\/2023\/10\/D07_0044.jpg","width":8256,"height":5504,"caption":"en::double bed with colorful cushions and bedspread, artworks hanging on the walls, and a large window with curtains|de::Doppelbett mit bunten Kissen und Bett\u00fcberwurf, Kunstwerken an den W\u00e4nden und einem gro\u00dfen Fenster mit Vorh\u00e4ngen|pl::\u0142\u00f3\u017cko dwuosobowe z kolorowymi poduszkami i narzut\u0105, dzie\u0142ami sztuki wisz\u0105cymi na \u015bcianach oraz du\u017cym oknem z zas\u0142onami|cz::man\u017eelsk\u00e1 postel s barevn\u00fdmi pol\u0161t\u00e1\u0159i a p\u0159ikr\u00fdvkou, um\u011bleck\u00fdmi d\u00edly na st\u011bn\u00e1ch a velk\u00fdm oknem se z\u00e1v\u011bsy|"},{"@type":"BreadcrumbList","@id":"https:\/\/europeum.pl\/en\/rooms\/junior-suite\/#breadcrumb","itemListElement":[{"@type":"ListItem","position":1,"name":"Home","item":"https:\/\/europeum.pl\/en\/"},{"@type":"ListItem","position":2,"name":"Rooms","item":"https:\/\/europeum.pl\/en\/rooms\/"},{"@type":"ListItem","position":3,"name":"Junior Suite"}]},{"@type":"WebSite","@id":"https:\/\/europeum.pl\/en\/#website","url":"https:\/\/europeum.pl\/en\/","name":"Europeum Hotel","description":"","publisher":{"@id":"https:\/\/europeum.pl\/en\/#organization"},"alternateName":"Europeum Hotel","potentialAction":[{"@type":"SearchAction","target":{"@type":"EntryPoint","urlTemplate":"https:\/\/europeum.pl\/en\/?s={search_term_string}"},"query-input":"required name=search_term_string"}],"inLanguage":"en-US"},{"@type":"Organization","@id":"https:\/\/europeum.pl\/en\/#organization","name":"Europeum Hotel","alternateName":"Europeum Hotel","url":"https:\/\/europeum.pl\/en\/","logo":{"@type":"ImageObject","inLanguage":"en-US","@id":"https:\/\/europeum.pl\/en\/#\/schema\/logo\/image\/","url":"https:\/\/europeum.pl\/wp-content\/uploads\/sites\/68\/2023\/10\/logo_europeum_short_version_grey.png","contentUrl":"https:\/\/europeum.pl\/wp-content\/uploads\/sites\/68\/2023\/10\/logo_europeum_short_version_grey.png","width":3508,"height":2480,"caption":"Europeum Hotel"},"image":{"@id":"https:\/\/europeum.pl\/en\/#\/schema\/logo\/image\/"},"sameAs":["https:\/\/www.facebook.com\/europeum","https:\/\/www.instagram.com\/europeumhotel\/"]}]}},"acf":[],"_links":{"self":[{"href":"https:\/\/europeum.pl\/en\/wp-json\/wp\/v2\/pages\/127"}],"collection":[{"href":"https:\/\/europeum.pl\/en\/wp-json\/wp\/v2\/pages"}],"about":[{"href":"https:\/\/europeum.pl\/en\/wp-json\/wp\/v2\/types\/page"}],"author":[{"embeddable":true,"href":"https:\/\/europeum.pl\/en\/wp-json\/wp\/v2\/users\/12"}],"replies":[{"embeddable":true,"href":"https:\/\/europeum.pl\/en\/wp-json\/wp\/v2\/comments?post=127"}],"version-history":[{"count":0,"href":"https:\/\/europeum.pl\/en\/wp-json\/wp\/v2\/pages\/127\/revisions"}],"up":[{"embeddable":true,"href":"https:\/\/europeum.pl\/en\/wp-json\/wp\/v2\/pages\/110"}],"wp:featuredmedia":[{"embeddable":true,"href":"https:\/\/europeum.pl\/en\/wp-json\/wp\/v2\/media\/186"}],"wp:attachment":[{"href":"https:\/\/europeum.pl\/en\/wp-json\/wp\/v2\/media?parent=127"}],"curies":[{"name":"wp","href":"https:\/\/api.w.org\/{rel}","templated":true}]}}