{"id":198,"date":"2023-10-10T18:11:04","date_gmt":"2023-10-10T16:11:04","guid":{"rendered":"https:\/\/europeum-hotel.ms2.decms.eu\/?page_id=198"},"modified":"2025-02-27T08:26:35","modified_gmt":"2025-02-27T07:26:35","slug":"breakfast","status":"publish","type":"page","link":"https:\/\/europeum.pl\/en\/breakfast\/","title":{"rendered":"Breakfast"},"content":{"rendered":"<p class=\"xmsonormal\">At Europeum, we believe that breakfast is more than just the first meal of the day\u2014it\u2019s a moment of comfort, indulgence, and a perfect start to whatever lies ahead. That\u2019s why we go beyond simply serving food\u2014we create a morning ritual filled with warmth, flavor, and the highest quality ingredients.<\/p>\n","protected":false},"excerpt":{"rendered":"<p>At Europeum, we believe that breakfast is more than just the first meal of the day\u2014it\u2019s a moment of comfort, indulgence, and a perfect start to whatever lies ahead. That\u2019s why we go beyond simply serving food\u2014we create a morning ritual filled with warmth, flavor, and the highest quality ingredients.<\/p>\n","protected":false},"author":12,"featured_media":199,"parent":0,"menu_order":30,"comment_status":"closed","ping_status":"closed","template":"template-single-restaurant.php","meta":{"footnotes":""},"yoast_head":"<!-- This site is optimized with the Yoast SEO plugin v22.3 - https:\/\/yoast.com\/wordpress\/plugins\/seo\/ -->\n<title>Hotel with breakfast | Europeum Hotel<\/title>\n<meta name=\"description\" content=\"Discover the boutique-hotel Europeum in Wroclaw and enjoy the 3-star breakfast of our luxury hotel in Poland, a delightful experience served in a beautiful designed atmosphere.\" \/>\n<meta name=\"robots\" content=\"index, follow, max-snippet:-1, max-image-preview:large, max-video-preview:-1\" \/>\n<link rel=\"canonical\" href=\"https:\/\/europeum.pl\/en\/breakfast\/\" \/>\n<meta property=\"og:locale\" content=\"en_US\" \/>\n<meta property=\"og:type\" content=\"article\" \/>\n<meta property=\"og:title\" content=\"Hotel with breakfast | Europeum Hotel\" \/>\n<meta property=\"og:description\" content=\"Discover the boutique-hotel Europeum in Wroclaw and enjoy the 3-star breakfast of our luxury hotel in Poland, a delightful experience served in a beautiful designed atmosphere.\" \/>\n<meta property=\"og:url\" content=\"https:\/\/europeum.pl\/en\/breakfast\/\" \/>\n<meta property=\"og:site_name\" content=\"Europeum Hotel\" \/>\n<meta property=\"article:publisher\" content=\"https:\/\/www.facebook.com\/europeum\" \/>\n<meta property=\"article:modified_time\" content=\"2025-02-27T07:26:35+00:00\" \/>\n<meta property=\"og:image\" content=\"https:\/\/europeum.pl\/wp-content\/uploads\/sites\/68\/2023\/10\/D07_0491.jpg\" \/>\n\t<meta property=\"og:image:width\" content=\"2200\" \/>\n\t<meta property=\"og:image:height\" content=\"1183\" \/>\n\t<meta property=\"og:image:type\" content=\"image\/jpeg\" \/>\n<meta name=\"twitter:card\" content=\"summary_large_image\" \/>\n<meta name=\"twitter:label1\" content=\"Est. reading time\" \/>\n\t<meta name=\"twitter:data1\" content=\"1 minute\" \/>\n<script type=\"application\/ld+json\" class=\"yoast-schema-graph\">{\"@context\":\"https:\/\/schema.org\",\"@graph\":[{\"@type\":\"WebPage\",\"@id\":\"https:\/\/europeum.pl\/en\/breakfast\/\",\"url\":\"https:\/\/europeum.pl\/en\/breakfast\/\",\"name\":\"Hotel with breakfast | Europeum Hotel\",\"isPartOf\":{\"@id\":\"https:\/\/europeum.pl\/en\/#website\"},\"primaryImageOfPage\":{\"@id\":\"https:\/\/europeum.pl\/en\/breakfast\/#primaryimage\"},\"image\":{\"@id\":\"https:\/\/europeum.pl\/en\/breakfast\/#primaryimage\"},\"thumbnailUrl\":\"https:\/\/europeum.pl\/wp-content\/uploads\/sites\/68\/2023\/10\/D07_0491.jpg\",\"datePublished\":\"2023-10-10T16:11:04+00:00\",\"dateModified\":\"2025-02-27T07:26:35+00:00\",\"description\":\"Discover the boutique-hotel Europeum in Wroclaw and enjoy the 3-star breakfast of our luxury hotel in Poland, a delightful experience served in a beautiful designed atmosphere.\",\"breadcrumb\":{\"@id\":\"https:\/\/europeum.pl\/en\/breakfast\/#breadcrumb\"},\"inLanguage\":\"en-US\",\"potentialAction\":[{\"@type\":\"ReadAction\",\"target\":[\"https:\/\/europeum.pl\/en\/breakfast\/\"]}]},{\"@type\":\"ImageObject\",\"inLanguage\":\"en-US\",\"@id\":\"https:\/\/europeum.pl\/en\/breakfast\/#primaryimage\",\"url\":\"https:\/\/europeum.pl\/wp-content\/uploads\/sites\/68\/2023\/10\/D07_0491.jpg\",\"contentUrl\":\"https:\/\/europeum.pl\/wp-content\/uploads\/sites\/68\/2023\/10\/D07_0491.jpg\",\"width\":2200,\"height\":1183,\"caption\":\"en::A modern, sunlit restaurant interior with wooden floors and tables. The space features elegant, minimalist decor, with pendant lights hanging from the ceiling, a brick accent wall, and a buffet table on the right. Large windows on the left allow natural light to flood in, enhancing the warm and inviting atmosphere.|de::Ein modernes, sonnendurchflutetes Restaurant mit Holzb\u00f6den und Tischen. Der Raum ist elegant und minimalistisch dekoriert, mit Pendelleuchten an der Decke, einer Ziegelakzentwand und einem Buffet auf der rechten Seite. Gro\u00dfe Fenster auf der linken Seite lassen viel Tageslicht herein, was die warme und einladende Atmosph\u00e4re verst\u00e4rkt.|pl::Nowoczesne, s\u0142oneczne wn\u0119trze restauracji z drewnianymi pod\u0142ogami i sto\u0142ami. Przestrze\u0144 charakteryzuje si\u0119 eleganckim, minimalistycznym wystrojem, z wisz\u0105cymi lampami sufitowymi, ceglan\u0105 \u015bcian\u0105 akcentuj\u0105c\u0105 i bufetem po prawej stronie. Du\u017ce okna po lewej stronie wpuszczaj\u0105 naturalne \u015bwiat\u0142o, pot\u0119guj\u0105c ciep\u0142\u0105 i przyjazn\u0105 atmosfer\u0119.|cz::Modern\u00ed, sluncem zalit\u00fd interi\u00e9r restaurace s d\u0159ev\u011bn\u00fdmi podlahami a stoly. Prostor je elegantn\u011b a minimalisticky za\u0159\u00edzen\u00fd, s p\u0159\u00edv\u011bsn\u00fdmi sv\u011btly vis\u00edc\u00edmi ze stropu, cihlovou akcentn\u00ed st\u011bnou a bufetov\u00fdm stolem vpravo. Velk\u00e1 okna vlevo umo\u017e\u0148uj\u00ed p\u0159irozen\u00e9mu sv\u011btlu zaplavit prostor, co\u017e zvy\u0161uje teplou a p\u0159\u00edv\u011btivou atmosf\u00e9ru.|\"},{\"@type\":\"BreadcrumbList\",\"@id\":\"https:\/\/europeum.pl\/en\/breakfast\/#breadcrumb\",\"itemListElement\":[{\"@type\":\"ListItem\",\"position\":1,\"name\":\"Home\",\"item\":\"https:\/\/europeum.pl\/en\/\"},{\"@type\":\"ListItem\",\"position\":2,\"name\":\"Breakfast\"}]},{\"@type\":\"WebSite\",\"@id\":\"https:\/\/europeum.pl\/en\/#website\",\"url\":\"https:\/\/europeum.pl\/en\/\",\"name\":\"Europeum Hotel\",\"description\":\"\",\"publisher\":{\"@id\":\"https:\/\/europeum.pl\/en\/#organization\"},\"alternateName\":\"Europeum Hotel\",\"potentialAction\":[{\"@type\":\"SearchAction\",\"target\":{\"@type\":\"EntryPoint\",\"urlTemplate\":\"https:\/\/europeum.pl\/en\/?s={search_term_string}\"},\"query-input\":\"required name=search_term_string\"}],\"inLanguage\":\"en-US\"},{\"@type\":\"Organization\",\"@id\":\"https:\/\/europeum.pl\/en\/#organization\",\"name\":\"Europeum Hotel\",\"alternateName\":\"Europeum Hotel\",\"url\":\"https:\/\/europeum.pl\/en\/\",\"logo\":{\"@type\":\"ImageObject\",\"inLanguage\":\"en-US\",\"@id\":\"https:\/\/europeum.pl\/en\/#\/schema\/logo\/image\/\",\"url\":\"https:\/\/europeum.pl\/wp-content\/uploads\/sites\/68\/2023\/10\/logo_europeum_short_version_grey.png\",\"contentUrl\":\"https:\/\/europeum.pl\/wp-content\/uploads\/sites\/68\/2023\/10\/logo_europeum_short_version_grey.png\",\"width\":3508,\"height\":2480,\"caption\":\"Europeum Hotel\"},\"image\":{\"@id\":\"https:\/\/europeum.pl\/en\/#\/schema\/logo\/image\/\"},\"sameAs\":[\"https:\/\/www.facebook.com\/europeum\",\"https:\/\/www.instagram.com\/europeumhotel\/\"]}]}<\/script>\n<!-- \/ Yoast SEO plugin. -->","yoast_head_json":{"title":"Hotel with breakfast | Europeum Hotel","description":"Discover the boutique-hotel Europeum in Wroclaw and enjoy the 3-star breakfast of our luxury hotel in Poland, a delightful experience served in a beautiful designed atmosphere.","robots":{"index":"index","follow":"follow","max-snippet":"max-snippet:-1","max-image-preview":"max-image-preview:large","max-video-preview":"max-video-preview:-1"},"canonical":"https:\/\/europeum.pl\/en\/breakfast\/","og_locale":"en_US","og_type":"article","og_title":"Hotel with breakfast | Europeum Hotel","og_description":"Discover the boutique-hotel Europeum in Wroclaw and enjoy the 3-star breakfast of our luxury hotel in Poland, a delightful experience served in a beautiful designed atmosphere.","og_url":"https:\/\/europeum.pl\/en\/breakfast\/","og_site_name":"Europeum Hotel","article_publisher":"https:\/\/www.facebook.com\/europeum","article_modified_time":"2025-02-27T07:26:35+00:00","og_image":[{"width":2200,"height":1183,"url":"https:\/\/europeum.pl\/wp-content\/uploads\/sites\/68\/2023\/10\/D07_0491.jpg","type":"image\/jpeg"}],"twitter_card":"summary_large_image","twitter_misc":{"Est. reading time":"1 minute"},"schema":{"@context":"https:\/\/schema.org","@graph":[{"@type":"WebPage","@id":"https:\/\/europeum.pl\/en\/breakfast\/","url":"https:\/\/europeum.pl\/en\/breakfast\/","name":"Hotel with breakfast | Europeum Hotel","isPartOf":{"@id":"https:\/\/europeum.pl\/en\/#website"},"primaryImageOfPage":{"@id":"https:\/\/europeum.pl\/en\/breakfast\/#primaryimage"},"image":{"@id":"https:\/\/europeum.pl\/en\/breakfast\/#primaryimage"},"thumbnailUrl":"https:\/\/europeum.pl\/wp-content\/uploads\/sites\/68\/2023\/10\/D07_0491.jpg","datePublished":"2023-10-10T16:11:04+00:00","dateModified":"2025-02-27T07:26:35+00:00","description":"Discover the boutique-hotel Europeum in Wroclaw and enjoy the 3-star breakfast of our luxury hotel in Poland, a delightful experience served in a beautiful designed atmosphere.","breadcrumb":{"@id":"https:\/\/europeum.pl\/en\/breakfast\/#breadcrumb"},"inLanguage":"en-US","potentialAction":[{"@type":"ReadAction","target":["https:\/\/europeum.pl\/en\/breakfast\/"]}]},{"@type":"ImageObject","inLanguage":"en-US","@id":"https:\/\/europeum.pl\/en\/breakfast\/#primaryimage","url":"https:\/\/europeum.pl\/wp-content\/uploads\/sites\/68\/2023\/10\/D07_0491.jpg","contentUrl":"https:\/\/europeum.pl\/wp-content\/uploads\/sites\/68\/2023\/10\/D07_0491.jpg","width":2200,"height":1183,"caption":"en::A modern, sunlit restaurant interior with wooden floors and tables. The space features elegant, minimalist decor, with pendant lights hanging from the ceiling, a brick accent wall, and a buffet table on the right. Large windows on the left allow natural light to flood in, enhancing the warm and inviting atmosphere.|de::Ein modernes, sonnendurchflutetes Restaurant mit Holzb\u00f6den und Tischen. Der Raum ist elegant und minimalistisch dekoriert, mit Pendelleuchten an der Decke, einer Ziegelakzentwand und einem Buffet auf der rechten Seite. Gro\u00dfe Fenster auf der linken Seite lassen viel Tageslicht herein, was die warme und einladende Atmosph\u00e4re verst\u00e4rkt.|pl::Nowoczesne, s\u0142oneczne wn\u0119trze restauracji z drewnianymi pod\u0142ogami i sto\u0142ami. Przestrze\u0144 charakteryzuje si\u0119 eleganckim, minimalistycznym wystrojem, z wisz\u0105cymi lampami sufitowymi, ceglan\u0105 \u015bcian\u0105 akcentuj\u0105c\u0105 i bufetem po prawej stronie. Du\u017ce okna po lewej stronie wpuszczaj\u0105 naturalne \u015bwiat\u0142o, pot\u0119guj\u0105c ciep\u0142\u0105 i przyjazn\u0105 atmosfer\u0119.|cz::Modern\u00ed, sluncem zalit\u00fd interi\u00e9r restaurace s d\u0159ev\u011bn\u00fdmi podlahami a stoly. Prostor je elegantn\u011b a minimalisticky za\u0159\u00edzen\u00fd, s p\u0159\u00edv\u011bsn\u00fdmi sv\u011btly vis\u00edc\u00edmi ze stropu, cihlovou akcentn\u00ed st\u011bnou a bufetov\u00fdm stolem vpravo. Velk\u00e1 okna vlevo umo\u017e\u0148uj\u00ed p\u0159irozen\u00e9mu sv\u011btlu zaplavit prostor, co\u017e zvy\u0161uje teplou a p\u0159\u00edv\u011btivou atmosf\u00e9ru.|"},{"@type":"BreadcrumbList","@id":"https:\/\/europeum.pl\/en\/breakfast\/#breadcrumb","itemListElement":[{"@type":"ListItem","position":1,"name":"Home","item":"https:\/\/europeum.pl\/en\/"},{"@type":"ListItem","position":2,"name":"Breakfast"}]},{"@type":"WebSite","@id":"https:\/\/europeum.pl\/en\/#website","url":"https:\/\/europeum.pl\/en\/","name":"Europeum Hotel","description":"","publisher":{"@id":"https:\/\/europeum.pl\/en\/#organization"},"alternateName":"Europeum Hotel","potentialAction":[{"@type":"SearchAction","target":{"@type":"EntryPoint","urlTemplate":"https:\/\/europeum.pl\/en\/?s={search_term_string}"},"query-input":"required name=search_term_string"}],"inLanguage":"en-US"},{"@type":"Organization","@id":"https:\/\/europeum.pl\/en\/#organization","name":"Europeum Hotel","alternateName":"Europeum Hotel","url":"https:\/\/europeum.pl\/en\/","logo":{"@type":"ImageObject","inLanguage":"en-US","@id":"https:\/\/europeum.pl\/en\/#\/schema\/logo\/image\/","url":"https:\/\/europeum.pl\/wp-content\/uploads\/sites\/68\/2023\/10\/logo_europeum_short_version_grey.png","contentUrl":"https:\/\/europeum.pl\/wp-content\/uploads\/sites\/68\/2023\/10\/logo_europeum_short_version_grey.png","width":3508,"height":2480,"caption":"Europeum Hotel"},"image":{"@id":"https:\/\/europeum.pl\/en\/#\/schema\/logo\/image\/"},"sameAs":["https:\/\/www.facebook.com\/europeum","https:\/\/www.instagram.com\/europeumhotel\/"]}]}},"acf":[],"_links":{"self":[{"href":"https:\/\/europeum.pl\/en\/wp-json\/wp\/v2\/pages\/198"}],"collection":[{"href":"https:\/\/europeum.pl\/en\/wp-json\/wp\/v2\/pages"}],"about":[{"href":"https:\/\/europeum.pl\/en\/wp-json\/wp\/v2\/types\/page"}],"author":[{"embeddable":true,"href":"https:\/\/europeum.pl\/en\/wp-json\/wp\/v2\/users\/12"}],"replies":[{"embeddable":true,"href":"https:\/\/europeum.pl\/en\/wp-json\/wp\/v2\/comments?post=198"}],"version-history":[{"count":0,"href":"https:\/\/europeum.pl\/en\/wp-json\/wp\/v2\/pages\/198\/revisions"}],"wp:featuredmedia":[{"embeddable":true,"href":"https:\/\/europeum.pl\/en\/wp-json\/wp\/v2\/media\/199"}],"wp:attachment":[{"href":"https:\/\/europeum.pl\/en\/wp-json\/wp\/v2\/media?parent=198"}],"curies":[{"name":"wp","href":"https:\/\/api.w.org\/{rel}","templated":true}]}}